{"id":1723,"date":"2023-02-16T14:43:03","date_gmt":"2023-02-16T11:43:03","guid":{"rendered":"https:\/\/bestmedicalpackages.com\/acibadem-krankenhaus-fulya\/"},"modified":"2023-02-27T12:29:40","modified_gmt":"2023-02-27T12:29:40","slug":"acibadem-krankenhaus-fulya","status":"publish","type":"page","link":"https:\/\/bestmedicalpackages.com\/de\/acibadem-krankenhaus-fulya\/","title":{"rendered":"Ac\u0131badem Krankenhaus Fulya"},"content":{"rendered":"\n\n  <div class=\"banner has-hover\" id=\"banner-428400845\">\n          <div class=\"banner-inner fill\">\n        <div class=\"banner-bg fill\" >\n            <img loading=\"lazy\" decoding=\"async\" width=\"1020\" height=\"638\" src=\"https:\/\/bestmedical.b-cdn.net\/wp-content\/uploads\/2023\/02\/fulya-acibadem-1280x800.jpeg\" class=\"bg attachment-large size-large\" alt=\"fulya acibadem\" \/>                        <div class=\"overlay\"><\/div>            \n                    <\/div>\n\t\t\n        <div class=\"banner-layers container\">\n            <div class=\"fill banner-link\"><\/div>            \n\n   <div id=\"text-box-1715237955\" class=\"text-box banner-layer x50 md-x5 lg-x5 y50 md-y50 lg-y50 res-text\">\n                                <div class=\"text-box-content text dark\">\n              \n              <div class=\"text-inner text-center\">\n                  \n\n\t<div id=\"text-1789453898\" class=\"text\">\n\t\t\n\n<h3 class=\"uppercase\">Ac\u0131badem hosp\u0131tal fulya<\/h3>\n<p>Die Ac\u0131badem Health Group wurde 1991 als Kreiskrankenhaus gegr\u00fcndet und hat sich erfolgreich zu einem Echo-System im Gesundheitswesen entwickelt. Die Ac\u0131badem Health Group bietet Gesundheitsdienstleistungen in 23 Krankenh\u00e4usern und 14 medizinischen Zentren in 5 L\u00e4ndern an und verfolgt einen &#8222;360-Grad&#8220;-Dienstleistungsansatz in allen Aspekten des Gesundheitswesens durch angeschlossene Unternehmen f\u00fcr unterst\u00fctzende Dienstleistungen und die Ac\u0131badem University.<\/p>\n\t\t\n<style>\n#text-1789453898 {\n  font-size: 1rem;\n}\n<\/style>\n\t<\/div>\n\t\n\n              <\/div>\n           <\/div>\n                            \n<style>\n#text-box-1715237955 .text-box-content {\n  background-color: rgba(0, 0, 0, 0.576);\n  font-size: 100%;\n}\n#text-box-1715237955 .text-inner {\n  padding: 20px 20px 20px 20px;\n}\n#text-box-1715237955 {\n  width: 92%;\n}\n@media (min-width:550px) {\n  #text-box-1715237955 {\n    width: 40%;\n  }\n}\n<\/style>\n    <\/div>\n \n\n        <\/div>\n      <\/div>\n\n            \n<style>\n#banner-428400845 {\n  padding-top: 500px;\n}\n#banner-428400845 .overlay {\n  background-color: rgba(0, 0, 0, 0.31);\n}\n<\/style>\n  <\/div>\n\n\n<div class=\"row\"  id=\"row-1418098898\">\n\n\n\t<div id=\"col-1651608872\" class=\"col medium-8 small-12 large-8\"  >\n\t\t\t\t<div class=\"col-inner\"  >\n\t\t\t\n\t\t\t\n\n<div>Das Ac\u0131badem Fulya Hospital versorgt seit 2010 Patienten in allen medizinischen Fachbereichen in Be\u015fikta\u015f, einem der bev\u00f6lkerungsreichsten Stadtteile Istanbuls.<\/div>\n<div> <\/div>\n<h3>7 Operationss\u00e4le und 16 Intensivpflegestationen  <\/h3>\n<div>Das Ac\u0131badem Fulya-Krankenhaus umfasst 124 station\u00e4re Behandlungseinheiten, 7 Operationss\u00e4le und 16 Intensivstationen auf einer \u00fcberdachten Fl\u00e4che von 22.000 m2. Das Krankenhaus unternimmt angemessene Anstrengungen, um die Privatsph\u00e4re von Patienten und Familienmitgliedern bei Arztbesuchen zu sch\u00fctzen.  <\/div>\n<div> <\/div>\n<div>\n<h3>Warnungen<\/h3>\n<p><strong>Blumen: <\/strong>In den Patientenzimmern und auf den Fu\u00dfb\u00f6den sind keine Blumen erlaubt, um ein Infektionsrisiko zu vermeiden. Die Blumen werden zun\u00e4chst von unserem Personal entgegengenommen und bei der Entlassung an Sie \u00fcbergeben.  <br><strong>Besuchszeiten: <\/strong>Die Besuchszeiten sind t\u00e4glich von 10.00 bis 22.00 Uhr. Bitte nehmen Sie keine Kinder unter 6 Jahren an, da dies ein Gesundheitsrisiko darstellen k\u00f6nnte.  <br><strong>Begleitperson: <\/strong>Die Patienten k\u00f6nnen nur einen Begleiter haben. Die Besucher, die sich nach 22.00 Uhr in den Patientenzimmern aufhalten, werden als Begleiter akzeptiert.  <br><strong>Rauchen: <\/strong>In den Innenbereichen unseres Krankenhauses ist das Rauchen verboten.<\/p>\n<\/div>\n<div> <\/div>\n<div> <\/div>\n<a href=\"https:\/\/www.acibadem.com.tr\/en\/\" target=\"_blank\" class=\"button primary\" rel=\"noopener\" >\n\t\t<span>Klicken Sie hier f\u00fcr ac\u0131badem webs\u0131te<\/span>\n\t<i class=\"icon-angle-right\" aria-hidden=\"true\"><\/i><\/a>\n\n\n\n\t\t<\/div>\n\t\t\t\t\t<\/div>\n\n\t\n\n\t<div id=\"col-26540549\" class=\"col medium-4 small-12 large-4\"  >\n\t\t\t\t<div class=\"col-inner\"  >\n\t\t\t\n\t\t\t\n\n\t<div class=\"img has-hover x md-x lg-x y md-y lg-y\" id=\"image_589420637\">\n\t\t\t\t\t\t\t\t<div class=\"img-inner dark\" >\n\t\t\t<img loading=\"lazy\" decoding=\"async\" width=\"1020\" height=\"638\" src=\"https:\/\/bestmedical.b-cdn.net\/wp-content\/uploads\/2023\/02\/acibadem-fulya-hastanesi-180220191058510489757.png\" class=\"attachment-large size-large\" alt=\"acibadem fulya hastanesi 180220191058510489757\" srcset=\"https:\/\/bestmedical.b-cdn.net\/wp-content\/uploads\/2023\/02\/acibadem-fulya-hastanesi-180220191058510489757.png 1096w, https:\/\/bestmedical.b-cdn.net\/wp-content\/uploads\/2023\/02\/acibadem-fulya-hastanesi-180220191058510489757-1027x642.png 1027w, https:\/\/bestmedical.b-cdn.net\/wp-content\/uploads\/2023\/02\/acibadem-fulya-hastanesi-180220191058510489757-640x400.png 640w, https:\/\/bestmedical.b-cdn.net\/wp-content\/uploads\/2023\/02\/acibadem-fulya-hastanesi-180220191058510489757-768x480.png 768w\" sizes=\"auto, (max-width: 1020px) 100vw, 1020px\" \/>\t\t\t\t\t\t\n\t\t\t\t\t<\/div>\n\t\t\t\t\t\t\t\t\n<style>\n#image_589420637 {\n  width: 100%;\n}\n<\/style>\n\t<\/div>\n\t\n\n\t<div class=\"img has-hover x md-x lg-x y md-y lg-y\" id=\"image_433013339\">\n\t\t\t\t\t\t\t\t<div class=\"img-inner dark\" >\n\t\t\t<img loading=\"lazy\" decoding=\"async\" width=\"1020\" height=\"638\" src=\"https:\/\/bestmedical.b-cdn.net\/wp-content\/uploads\/2023\/02\/acibadem-fulya-hastanesi-180220191058578830228.png\" class=\"attachment-large size-large\" alt=\"acibadem fulya hastanesi 180220191058578830228\" srcset=\"https:\/\/bestmedical.b-cdn.net\/wp-content\/uploads\/2023\/02\/acibadem-fulya-hastanesi-180220191058578830228.png 1096w, https:\/\/bestmedical.b-cdn.net\/wp-content\/uploads\/2023\/02\/acibadem-fulya-hastanesi-180220191058578830228-1027x642.png 1027w, https:\/\/bestmedical.b-cdn.net\/wp-content\/uploads\/2023\/02\/acibadem-fulya-hastanesi-180220191058578830228-640x400.png 640w, https:\/\/bestmedical.b-cdn.net\/wp-content\/uploads\/2023\/02\/acibadem-fulya-hastanesi-180220191058578830228-768x480.png 768w\" sizes=\"auto, (max-width: 1020px) 100vw, 1020px\" \/>\t\t\t\t\t\t\n\t\t\t\t\t<\/div>\n\t\t\t\t\t\t\t\t\n<style>\n#image_433013339 {\n  width: 100%;\n}\n<\/style>\n\t<\/div>\n\t\n\n\t<div class=\"img has-hover x md-x lg-x y md-y lg-y\" id=\"image_2048498883\">\n\t\t\t\t\t\t\t\t<div class=\"img-inner dark\" >\n\t\t\t<img loading=\"lazy\" decoding=\"async\" width=\"720\" height=\"510\" src=\"https:\/\/bestmedical.b-cdn.net\/wp-content\/uploads\/2023\/02\/acibadem-fulya-hastanesi-180220191114230893897.png\" class=\"attachment-large size-large\" alt=\"acibadem fulya hastanesi 180220191114230893897\" srcset=\"https:\/\/bestmedical.b-cdn.net\/wp-content\/uploads\/2023\/02\/acibadem-fulya-hastanesi-180220191114230893897.png 720w, https:\/\/bestmedical.b-cdn.net\/wp-content\/uploads\/2023\/02\/acibadem-fulya-hastanesi-180220191114230893897-600x425.png 600w, https:\/\/bestmedical.b-cdn.net\/wp-content\/uploads\/2023\/02\/acibadem-fulya-hastanesi-180220191114230893897-565x400.png 565w\" sizes=\"auto, (max-width: 720px) 100vw, 720px\" \/>\t\t\t\t\t\t\n\t\t\t\t\t<\/div>\n\t\t\t\t\t\t\t\t\n<style>\n#image_2048498883 {\n  width: 100%;\n}\n<\/style>\n\t<\/div>\n\t\n\n\n\t\t<\/div>\n\t\t\t\t\t<\/div>\n\n\t\n\n<\/div>\n\n","protected":false},"excerpt":{"rendered":"","protected":false},"author":1,"featured_media":0,"parent":0,"menu_order":0,"comment_status":"closed","ping_status":"closed","template":"","meta":{"footnotes":""},"class_list":["post-1723","page","type-page","status-publish","hentry"],"yoast_head":"<!-- This site is optimized with the Yoast SEO Premium plugin v22.1 (Yoast SEO v27.2) - https:\/\/yoast.com\/product\/yoast-seo-premium-wordpress\/ -->\n<title>Ac\u0131badem Krankenhaus Fulya - Best Medical Packages<\/title>\n<meta name=\"robots\" content=\"index, follow, max-snippet:-1, max-image-preview:large, max-video-preview:-1\" \/>\n<link rel=\"canonical\" href=\"https:\/\/bestmedicalpackages.com\/de\/acibadem-krankenhaus-fulya\/\" \/>\n<meta property=\"og:locale\" content=\"de_DE\" \/>\n<meta property=\"og:type\" content=\"article\" \/>\n<meta property=\"og:title\" content=\"Ac\u0131badem Krankenhaus Fulya\" \/>\n<meta property=\"og:url\" content=\"https:\/\/bestmedicalpackages.com\/de\/acibadem-krankenhaus-fulya\/\" \/>\n<meta property=\"og:site_name\" content=\"Best Medical Packages\" \/>\n<meta property=\"article:modified_time\" content=\"2023-02-27T12:29:40+00:00\" \/>\n<meta property=\"og:image\" content=\"https:\/\/bestmedical.b-cdn.net\/wp-content\/uploads\/2023\/02\/slider-new-03-1.jpg\" \/>\n\t<meta property=\"og:image:width\" content=\"1600\" \/>\n\t<meta property=\"og:image:height\" content=\"991\" \/>\n\t<meta property=\"og:image:type\" content=\"image\/jpeg\" \/>\n<meta name=\"twitter:card\" content=\"summary_large_image\" \/>\n<meta name=\"twitter:label1\" content=\"Gesch\u00e4tzte Lesezeit\" \/>\n\t<meta name=\"twitter:data1\" content=\"2\u00a0Minuten\" \/>\n<script type=\"application\/ld+json\" class=\"yoast-schema-graph\">{\"@context\":\"https:\/\/schema.org\",\"@graph\":[{\"@type\":\"WebPage\",\"@id\":\"https:\/\/bestmedicalpackages.com\/de\/acibadem-krankenhaus-fulya\/\",\"url\":\"https:\/\/bestmedicalpackages.com\/de\/acibadem-krankenhaus-fulya\/\",\"name\":\"Ac\u0131badem Krankenhaus Fulya - Best Medical Packages\",\"isPartOf\":{\"@id\":\"https:\/\/bestmedicalpackages.com\/de\/#website\"},\"datePublished\":\"2023-02-16T11:43:03+00:00\",\"dateModified\":\"2023-02-27T12:29:40+00:00\",\"breadcrumb\":{\"@id\":\"https:\/\/bestmedicalpackages.com\/de\/acibadem-krankenhaus-fulya\/#breadcrumb\"},\"inLanguage\":\"de\",\"potentialAction\":[{\"@type\":\"ReadAction\",\"target\":[\"https:\/\/bestmedicalpackages.com\/de\/acibadem-krankenhaus-fulya\/\"]}]},{\"@type\":\"BreadcrumbList\",\"@id\":\"https:\/\/bestmedicalpackages.com\/de\/acibadem-krankenhaus-fulya\/#breadcrumb\",\"itemListElement\":[{\"@type\":\"ListItem\",\"position\":1,\"name\":\"Home of Best Medical Packages\",\"item\":\"https:\/\/bestmedicalpackages.com\/de\/startseite\/\"},{\"@type\":\"ListItem\",\"position\":2,\"name\":\"Ac\u0131badem Krankenhaus Fulya\"}]},{\"@type\":\"WebSite\",\"@id\":\"https:\/\/bestmedicalpackages.com\/de\/#website\",\"url\":\"https:\/\/bestmedicalpackages.com\/de\/\",\"name\":\"Best Medical Packages\",\"description\":\"Best medical packages for male and female patients.\",\"publisher\":{\"@id\":\"https:\/\/bestmedicalpackages.com\/de\/#organization\"},\"potentialAction\":[{\"@type\":\"SearchAction\",\"target\":{\"@type\":\"EntryPoint\",\"urlTemplate\":\"https:\/\/bestmedicalpackages.com\/de\/?s={search_term_string}\"},\"query-input\":{\"@type\":\"PropertyValueSpecification\",\"valueRequired\":true,\"valueName\":\"search_term_string\"}}],\"inLanguage\":\"de\"},{\"@type\":\"Organization\",\"@id\":\"https:\/\/bestmedicalpackages.com\/de\/#organization\",\"name\":\"Best Medical Packages\",\"url\":\"https:\/\/bestmedicalpackages.com\/de\/\",\"logo\":{\"@type\":\"ImageObject\",\"inLanguage\":\"de\",\"@id\":\"https:\/\/bestmedicalpackages.com\/de\/#\/schema\/logo\/image\/\",\"url\":\"https:\/\/bestmedicalpackages.com\/wp-content\/uploads\/2023\/02\/logo.png\",\"contentUrl\":\"https:\/\/bestmedicalpackages.com\/wp-content\/uploads\/2023\/02\/logo.png\",\"width\":308,\"height\":106,\"caption\":\"Best Medical Packages\"},\"image\":{\"@id\":\"https:\/\/bestmedicalpackages.com\/de\/#\/schema\/logo\/image\/\"},\"sameAs\":[\"https:\/\/www.instagram.com\/medicalpackages\/\"]}]}<\/script>\n<!-- \/ Yoast SEO Premium plugin. -->","yoast_head_json":{"title":"Ac\u0131badem Krankenhaus Fulya - Best Medical Packages","robots":{"index":"index","follow":"follow","max-snippet":"max-snippet:-1","max-image-preview":"max-image-preview:large","max-video-preview":"max-video-preview:-1"},"canonical":"https:\/\/bestmedicalpackages.com\/de\/acibadem-krankenhaus-fulya\/","og_locale":"de_DE","og_type":"article","og_title":"Ac\u0131badem Krankenhaus Fulya","og_url":"https:\/\/bestmedicalpackages.com\/de\/acibadem-krankenhaus-fulya\/","og_site_name":"Best Medical Packages","article_modified_time":"2023-02-27T12:29:40+00:00","og_image":[{"width":1600,"height":991,"url":"https:\/\/bestmedical.b-cdn.net\/wp-content\/uploads\/2023\/02\/slider-new-03-1.jpg","type":"image\/jpeg"}],"twitter_card":"summary_large_image","twitter_misc":{"Gesch\u00e4tzte Lesezeit":"2\u00a0Minuten"},"schema":{"@context":"https:\/\/schema.org","@graph":[{"@type":"WebPage","@id":"https:\/\/bestmedicalpackages.com\/de\/acibadem-krankenhaus-fulya\/","url":"https:\/\/bestmedicalpackages.com\/de\/acibadem-krankenhaus-fulya\/","name":"Ac\u0131badem Krankenhaus Fulya - Best Medical Packages","isPartOf":{"@id":"https:\/\/bestmedicalpackages.com\/de\/#website"},"datePublished":"2023-02-16T11:43:03+00:00","dateModified":"2023-02-27T12:29:40+00:00","breadcrumb":{"@id":"https:\/\/bestmedicalpackages.com\/de\/acibadem-krankenhaus-fulya\/#breadcrumb"},"inLanguage":"de","potentialAction":[{"@type":"ReadAction","target":["https:\/\/bestmedicalpackages.com\/de\/acibadem-krankenhaus-fulya\/"]}]},{"@type":"BreadcrumbList","@id":"https:\/\/bestmedicalpackages.com\/de\/acibadem-krankenhaus-fulya\/#breadcrumb","itemListElement":[{"@type":"ListItem","position":1,"name":"Home of Best Medical Packages","item":"https:\/\/bestmedicalpackages.com\/de\/startseite\/"},{"@type":"ListItem","position":2,"name":"Ac\u0131badem Krankenhaus Fulya"}]},{"@type":"WebSite","@id":"https:\/\/bestmedicalpackages.com\/de\/#website","url":"https:\/\/bestmedicalpackages.com\/de\/","name":"Best Medical Packages","description":"Best medical packages for male and female patients.","publisher":{"@id":"https:\/\/bestmedicalpackages.com\/de\/#organization"},"potentialAction":[{"@type":"SearchAction","target":{"@type":"EntryPoint","urlTemplate":"https:\/\/bestmedicalpackages.com\/de\/?s={search_term_string}"},"query-input":{"@type":"PropertyValueSpecification","valueRequired":true,"valueName":"search_term_string"}}],"inLanguage":"de"},{"@type":"Organization","@id":"https:\/\/bestmedicalpackages.com\/de\/#organization","name":"Best Medical Packages","url":"https:\/\/bestmedicalpackages.com\/de\/","logo":{"@type":"ImageObject","inLanguage":"de","@id":"https:\/\/bestmedicalpackages.com\/de\/#\/schema\/logo\/image\/","url":"https:\/\/bestmedicalpackages.com\/wp-content\/uploads\/2023\/02\/logo.png","contentUrl":"https:\/\/bestmedicalpackages.com\/wp-content\/uploads\/2023\/02\/logo.png","width":308,"height":106,"caption":"Best Medical Packages"},"image":{"@id":"https:\/\/bestmedicalpackages.com\/de\/#\/schema\/logo\/image\/"},"sameAs":["https:\/\/www.instagram.com\/medicalpackages\/"]}]}},"_links":{"self":[{"href":"https:\/\/bestmedicalpackages.com\/de\/wp-json\/wp\/v2\/pages\/1723","targetHints":{"allow":["GET"]}}],"collection":[{"href":"https:\/\/bestmedicalpackages.com\/de\/wp-json\/wp\/v2\/pages"}],"about":[{"href":"https:\/\/bestmedicalpackages.com\/de\/wp-json\/wp\/v2\/types\/page"}],"author":[{"embeddable":true,"href":"https:\/\/bestmedicalpackages.com\/de\/wp-json\/wp\/v2\/users\/1"}],"replies":[{"embeddable":true,"href":"https:\/\/bestmedicalpackages.com\/de\/wp-json\/wp\/v2\/comments?post=1723"}],"version-history":[{"count":0,"href":"https:\/\/bestmedicalpackages.com\/de\/wp-json\/wp\/v2\/pages\/1723\/revisions"}],"wp:attachment":[{"href":"https:\/\/bestmedicalpackages.com\/de\/wp-json\/wp\/v2\/media?parent=1723"}],"curies":[{"name":"wp","href":"https:\/\/api.w.org\/{rel}","templated":true}]}}