{"id":1738,"date":"2013-08-11T20:13:42","date_gmt":"2013-08-11T17:13:42","guid":{"rendered":"https:\/\/bestmedicalpackages.com\/faq\/"},"modified":"2025-12-05T12:49:45","modified_gmt":"2025-12-05T09:49:45","slug":"faq","status":"publish","type":"page","link":"https:\/\/bestmedicalpackages.com\/de\/faq\/","title":{"rendered":"FAQ"},"content":{"rendered":"\n<div class=\"container section-title-container\" ><h1 class=\"section-title section-title-normal\"><b aria-hidden=\"true\"><\/b><span class=\"section-title-main\" >FAQ<\/span><b aria-hidden=\"true\"><\/b><\/h1><\/div>\n\n<div class=\"accordion\">\n\n\t<div id=\"accordion-2293418256\" class=\"accordion-item\">\n\t\t<a id=\"accordion-2293418256-label\" class=\"accordion-title plain\" href=\"#accordion-item-was-sind-die-vorteile-von-gesundheitstourismus-paketen?\" aria-expanded=\"false\" aria-controls=\"accordion-2293418256-content\">\n\t\t\t<button class=\"toggle\" aria-label=\"Umschalten\"><i class=\"icon-angle-down\" aria-hidden=\"true\"><\/i><\/button>\n\t\t\t<span>Was sind die Vorteile von Gesundheitstourismus-Paketen?<\/span>\n\t\t<\/a>\n\t\t<div id=\"accordion-2293418256-content\" class=\"accordion-inner\" aria-labelledby=\"accordion-2293418256-label\">\n\t\t\t\n\n<p>Unsere Pakete bieten Kosteneinsparungen, Zugang zu speziellen Behandlungen und die M\u00f6glichkeit, medizinische Versorgung mit einem Urlaub zu verbinden. Diese Pakete k\u00f6nnen auch Zugang zu Behandlungen bieten, die in Ihrem Heimatland nicht verf\u00fcgbar sind.<\/p>\n\n\t\t<\/div>\n\t<\/div>\n\t\n\t<div id=\"accordion-3550842404\" class=\"accordion-item\">\n\t\t<a id=\"accordion-3550842404-label\" class=\"accordion-title plain\" href=\"#accordion-item-welche-arten-von-behandlungen-werden-im-rahmen-von-gesundheitstourismuspaketen-angeboten?\" aria-expanded=\"false\" aria-controls=\"accordion-3550842404-content\">\n\t\t\t<button class=\"toggle\" aria-label=\"Umschalten\"><i class=\"icon-angle-down\" aria-hidden=\"true\"><\/i><\/button>\n\t\t\t<span>Welche Arten von Behandlungen werden im Rahmen von Gesundheitstourismuspaketen angeboten?<\/span>\n\t\t<\/a>\n\t\t<div id=\"accordion-3550842404-content\" class=\"accordion-inner\" aria-labelledby=\"accordion-3550842404-label\">\n\t\t\t\n\n<p>Unsere Pakete k\u00f6nnen eine Vielzahl von Behandlungen umfassen, z. B. kosmetische Chirurgie, Zahnbehandlungen.<\/p>\n\n\t\t<\/div>\n\t<\/div>\n\t\n\t<div id=\"accordion-2741517134\" class=\"accordion-item\">\n\t\t<a id=\"accordion-2741517134-label\" class=\"accordion-title plain\" href=\"#accordion-item-sind-die-mit-den-gesundheitstourismus-paketen-verbundenen-medizinischen-fachkr\u00e4fte-qualifiziert?\" aria-expanded=\"false\" aria-controls=\"accordion-2741517134-content\">\n\t\t\t<button class=\"toggle\" aria-label=\"Umschalten\"><i class=\"icon-angle-down\" aria-hidden=\"true\"><\/i><\/button>\n\t\t\t<span>Sind die mit den Gesundheitstourismus-Paketen verbundenen medizinischen Fachkr\u00e4fte qualifiziert?<\/span>\n\t\t<\/a>\n\t\t<div id=\"accordion-2741517134-content\" class=\"accordion-inner\" aria-labelledby=\"accordion-2741517134-label\">\n\t\t\t\n\n<p>Die medizinischen Fachkr\u00e4fte, die an unseren Angeboten beteiligt sind, sind in der Regel qualifiziert und erfahren. Es ist jedoch wichtig, sich \u00fcber die Qualifikationen der einzelnen Anbieter zu informieren, bevor man sich f\u00fcr ein Paket entscheidet.<\/p>\n\n\t\t<\/div>\n\t<\/div>\n\t\n\t<div id=\"accordion-1241713472\" class=\"accordion-item\">\n\t\t<a id=\"accordion-1241713472-label\" class=\"accordion-title plain\" href=\"#accordion-item-welche-risiken-sind-mit-gesundheitstouristischen-angeboten-verbunden?\" aria-expanded=\"false\" aria-controls=\"accordion-1241713472-content\">\n\t\t\t<button class=\"toggle\" aria-label=\"Umschalten\"><i class=\"icon-angle-down\" aria-hidden=\"true\"><\/i><\/button>\n\t\t\t<span>Welche Risiken sind mit gesundheitstouristischen Angeboten verbunden?<\/span>\n\t\t<\/a>\n\t\t<div id=\"accordion-1241713472-content\" class=\"accordion-inner\" aria-labelledby=\"accordion-1241713472-label\">\n\t\t\t\n\n<p>Gesundheitstourismus-Pakete bergen Risiken wie Sprachbarrieren, Infektionsrisiken und die Qualit\u00e4t der Versorgung. Um das bestm\u00f6gliche Erlebnis zu gew\u00e4hrleisten, sollten Sie sich \u00fcber den Anbieter und das Reiseziel informieren, bevor Sie sich f\u00fcr ein Paket entscheiden.<\/p>\n\n\t\t<\/div>\n\t<\/div>\n\t\n\n<\/div>\n\t<div id=\"text-1906771860\" class=\"text\">\n\t\t\n\n<p class=\"lead\">Wenn Sie hier keine Antwort auf Ihre Frage finden, k\u00f6nnen Sie sich gerne mit uns in Verbindung setzen<\/p>\n\t\t\n<style>\n#text-1906771860 {\n  text-align: center;\n}\n<\/style>\n\t<\/div>\n\t\n<a data-animate=\"fadeInUp\" href=\"tel:00905380814373\" target=\"_blank\" class=\"button primary is-large\" rel=\"noopener\" style=\"border-radius:10px;\">\n\t<i class=\"icon-phone\" aria-hidden=\"true\"><\/i>\t<span>+90 538 081 43 73<\/span>\n\t<\/a>\n\n\n\n","protected":false},"excerpt":{"rendered":"","protected":false},"author":1,"featured_media":0,"parent":0,"menu_order":0,"comment_status":"closed","ping_status":"closed","template":"","meta":{"footnotes":""},"class_list":["post-1738","page","type-page","status-publish","hentry"],"yoast_head":"<!-- This site is optimized with the Yoast SEO Premium plugin v22.1 (Yoast SEO v27.2) - https:\/\/yoast.com\/product\/yoast-seo-premium-wordpress\/ -->\n<title>h\u00e4ufig gestellte Fragen - Best Medical Packages<\/title>\n<meta name=\"robots\" content=\"index, follow, max-snippet:-1, max-image-preview:large, max-video-preview:-1\" \/>\n<link rel=\"canonical\" href=\"https:\/\/bestmedicalpackages.com\/de\/faq\/\" \/>\n<meta property=\"og:locale\" content=\"de_DE\" \/>\n<meta property=\"og:type\" content=\"article\" \/>\n<meta property=\"og:title\" content=\"FAQ\" \/>\n<meta property=\"og:url\" content=\"https:\/\/bestmedicalpackages.com\/de\/faq\/\" \/>\n<meta property=\"og:site_name\" content=\"Best Medical Packages\" \/>\n<meta property=\"article:modified_time\" content=\"2025-12-05T09:49:45+00:00\" \/>\n<meta property=\"og:image\" content=\"https:\/\/bestmedical.b-cdn.net\/wp-content\/uploads\/2023\/02\/slider-new-03-1.jpg\" \/>\n\t<meta property=\"og:image:width\" content=\"1600\" \/>\n\t<meta property=\"og:image:height\" content=\"991\" \/>\n\t<meta property=\"og:image:type\" content=\"image\/jpeg\" \/>\n<meta name=\"twitter:card\" content=\"summary_large_image\" \/>\n<meta name=\"twitter:label1\" content=\"Gesch\u00e4tzte Lesezeit\" \/>\n\t<meta name=\"twitter:data1\" content=\"1\u00a0Minute\" \/>\n<script type=\"application\/ld+json\" class=\"yoast-schema-graph\">{\"@context\":\"https:\/\/schema.org\",\"@graph\":[{\"@type\":\"WebPage\",\"@id\":\"https:\/\/bestmedicalpackages.com\/de\/faq\/\",\"url\":\"https:\/\/bestmedicalpackages.com\/de\/faq\/\",\"name\":\"h\u00e4ufig gestellte Fragen - Best Medical Packages\",\"isPartOf\":{\"@id\":\"https:\/\/bestmedicalpackages.com\/de\/#website\"},\"datePublished\":\"2013-08-11T17:13:42+00:00\",\"dateModified\":\"2025-12-05T09:49:45+00:00\",\"breadcrumb\":{\"@id\":\"https:\/\/bestmedicalpackages.com\/de\/faq\/#breadcrumb\"},\"inLanguage\":\"de\",\"potentialAction\":[{\"@type\":\"ReadAction\",\"target\":[\"https:\/\/bestmedicalpackages.com\/de\/faq\/\"]}]},{\"@type\":\"BreadcrumbList\",\"@id\":\"https:\/\/bestmedicalpackages.com\/de\/faq\/#breadcrumb\",\"itemListElement\":[{\"@type\":\"ListItem\",\"position\":1,\"name\":\"Home of Best Medical Packages\",\"item\":\"https:\/\/bestmedicalpackages.com\/de\/startseite\/\"},{\"@type\":\"ListItem\",\"position\":2,\"name\":\"FAQ\"}]},{\"@type\":\"WebSite\",\"@id\":\"https:\/\/bestmedicalpackages.com\/de\/#website\",\"url\":\"https:\/\/bestmedicalpackages.com\/de\/\",\"name\":\"Best Medical Packages\",\"description\":\"Best medical packages for male and female patients.\",\"publisher\":{\"@id\":\"https:\/\/bestmedicalpackages.com\/de\/#organization\"},\"potentialAction\":[{\"@type\":\"SearchAction\",\"target\":{\"@type\":\"EntryPoint\",\"urlTemplate\":\"https:\/\/bestmedicalpackages.com\/de\/?s={search_term_string}\"},\"query-input\":{\"@type\":\"PropertyValueSpecification\",\"valueRequired\":true,\"valueName\":\"search_term_string\"}}],\"inLanguage\":\"de\"},{\"@type\":\"Organization\",\"@id\":\"https:\/\/bestmedicalpackages.com\/de\/#organization\",\"name\":\"Best Medical Packages\",\"url\":\"https:\/\/bestmedicalpackages.com\/de\/\",\"logo\":{\"@type\":\"ImageObject\",\"inLanguage\":\"de\",\"@id\":\"https:\/\/bestmedicalpackages.com\/de\/#\/schema\/logo\/image\/\",\"url\":\"https:\/\/bestmedicalpackages.com\/wp-content\/uploads\/2023\/02\/logo.png\",\"contentUrl\":\"https:\/\/bestmedicalpackages.com\/wp-content\/uploads\/2023\/02\/logo.png\",\"width\":308,\"height\":106,\"caption\":\"Best Medical Packages\"},\"image\":{\"@id\":\"https:\/\/bestmedicalpackages.com\/de\/#\/schema\/logo\/image\/\"},\"sameAs\":[\"https:\/\/www.instagram.com\/medicalpackages\/\"]}]}<\/script>\n<!-- \/ Yoast SEO Premium plugin. -->","yoast_head_json":{"title":"h\u00e4ufig gestellte Fragen - Best Medical Packages","robots":{"index":"index","follow":"follow","max-snippet":"max-snippet:-1","max-image-preview":"max-image-preview:large","max-video-preview":"max-video-preview:-1"},"canonical":"https:\/\/bestmedicalpackages.com\/de\/faq\/","og_locale":"de_DE","og_type":"article","og_title":"FAQ","og_url":"https:\/\/bestmedicalpackages.com\/de\/faq\/","og_site_name":"Best Medical Packages","article_modified_time":"2025-12-05T09:49:45+00:00","og_image":[{"width":1600,"height":991,"url":"https:\/\/bestmedical.b-cdn.net\/wp-content\/uploads\/2023\/02\/slider-new-03-1.jpg","type":"image\/jpeg"}],"twitter_card":"summary_large_image","twitter_misc":{"Gesch\u00e4tzte Lesezeit":"1\u00a0Minute"},"schema":{"@context":"https:\/\/schema.org","@graph":[{"@type":"WebPage","@id":"https:\/\/bestmedicalpackages.com\/de\/faq\/","url":"https:\/\/bestmedicalpackages.com\/de\/faq\/","name":"h\u00e4ufig gestellte Fragen - Best Medical Packages","isPartOf":{"@id":"https:\/\/bestmedicalpackages.com\/de\/#website"},"datePublished":"2013-08-11T17:13:42+00:00","dateModified":"2025-12-05T09:49:45+00:00","breadcrumb":{"@id":"https:\/\/bestmedicalpackages.com\/de\/faq\/#breadcrumb"},"inLanguage":"de","potentialAction":[{"@type":"ReadAction","target":["https:\/\/bestmedicalpackages.com\/de\/faq\/"]}]},{"@type":"BreadcrumbList","@id":"https:\/\/bestmedicalpackages.com\/de\/faq\/#breadcrumb","itemListElement":[{"@type":"ListItem","position":1,"name":"Home of Best Medical Packages","item":"https:\/\/bestmedicalpackages.com\/de\/startseite\/"},{"@type":"ListItem","position":2,"name":"FAQ"}]},{"@type":"WebSite","@id":"https:\/\/bestmedicalpackages.com\/de\/#website","url":"https:\/\/bestmedicalpackages.com\/de\/","name":"Best Medical Packages","description":"Best medical packages for male and female patients.","publisher":{"@id":"https:\/\/bestmedicalpackages.com\/de\/#organization"},"potentialAction":[{"@type":"SearchAction","target":{"@type":"EntryPoint","urlTemplate":"https:\/\/bestmedicalpackages.com\/de\/?s={search_term_string}"},"query-input":{"@type":"PropertyValueSpecification","valueRequired":true,"valueName":"search_term_string"}}],"inLanguage":"de"},{"@type":"Organization","@id":"https:\/\/bestmedicalpackages.com\/de\/#organization","name":"Best Medical Packages","url":"https:\/\/bestmedicalpackages.com\/de\/","logo":{"@type":"ImageObject","inLanguage":"de","@id":"https:\/\/bestmedicalpackages.com\/de\/#\/schema\/logo\/image\/","url":"https:\/\/bestmedicalpackages.com\/wp-content\/uploads\/2023\/02\/logo.png","contentUrl":"https:\/\/bestmedicalpackages.com\/wp-content\/uploads\/2023\/02\/logo.png","width":308,"height":106,"caption":"Best Medical Packages"},"image":{"@id":"https:\/\/bestmedicalpackages.com\/de\/#\/schema\/logo\/image\/"},"sameAs":["https:\/\/www.instagram.com\/medicalpackages\/"]}]}},"_links":{"self":[{"href":"https:\/\/bestmedicalpackages.com\/de\/wp-json\/wp\/v2\/pages\/1738","targetHints":{"allow":["GET"]}}],"collection":[{"href":"https:\/\/bestmedicalpackages.com\/de\/wp-json\/wp\/v2\/pages"}],"about":[{"href":"https:\/\/bestmedicalpackages.com\/de\/wp-json\/wp\/v2\/types\/page"}],"author":[{"embeddable":true,"href":"https:\/\/bestmedicalpackages.com\/de\/wp-json\/wp\/v2\/users\/1"}],"replies":[{"embeddable":true,"href":"https:\/\/bestmedicalpackages.com\/de\/wp-json\/wp\/v2\/comments?post=1738"}],"version-history":[{"count":4,"href":"https:\/\/bestmedicalpackages.com\/de\/wp-json\/wp\/v2\/pages\/1738\/revisions"}],"predecessor-version":[{"id":8767,"href":"https:\/\/bestmedicalpackages.com\/de\/wp-json\/wp\/v2\/pages\/1738\/revisions\/8767"}],"wp:attachment":[{"href":"https:\/\/bestmedicalpackages.com\/de\/wp-json\/wp\/v2\/media?parent=1738"}],"curies":[{"name":"wp","href":"https:\/\/api.w.org\/{rel}","templated":true}]}}