{"id":2173,"date":"2013-08-11T19:06:15","date_gmt":"2013-08-11T16:06:15","guid":{"rendered":"https:\/\/bestmedicalpackages.com\/ueber-uns\/"},"modified":"2025-12-11T11:28:15","modified_gmt":"2025-12-11T08:28:15","slug":"ueber-uns","status":"publish","type":"page","link":"https:\/\/bestmedicalpackages.com\/de\/ueber-uns\/","title":{"rendered":"\u00dcber uns"},"content":{"rendered":"\n\n  <div class=\"banner has-hover has-parallax\" id=\"banner-1735707168\">\n          <div class=\"banner-inner fill\">\n        <div class=\"banner-bg fill\" data-parallax=\"-3\" data-parallax-container=\".banner\" data-parallax-background>\n            <img loading=\"lazy\" decoding=\"async\" width=\"1020\" height=\"354\" src=\"https:\/\/bestmedical.b-cdn.net\/wp-content\/uploads\/2023\/02\/about-us-1-1400x486.jpg\" class=\"bg attachment-large size-large\" alt=\"about us 1\" \/>                        <div class=\"overlay\"><\/div>            \n                    <\/div>\n\t\t\n        <div class=\"banner-layers container\">\n            <div class=\"fill banner-link\"><\/div>            \n\n   <div id=\"text-box-1048582019\" class=\"text-box banner-layer x50 md-x50 lg-x50 y80 md-y80 lg-y80 res-text\">\n                                <div class=\"text-box-content text dark\">\n              \n              <div class=\"text-inner text-center\">\n                  \n\n<h1 class=\"lead\">\u00dcber uns<\/h1>\n<p class=\"lead\">Wir bieten umfassende medizintouristische Dienstleistungen f\u00fcr diejenigen, die medizinische Behandlungen und Verfahren im Ausland suchen.<\/p>\n\n              <\/div>\n           <\/div>\n                            \n<style>\n#text-box-1048582019 {\n  width: 60%;\n}\n#text-box-1048582019 .text-box-content {\n  font-size: 100%;\n}\n<\/style>\n    <\/div>\n \n\n        <\/div>\n      <\/div>\n\n            \n<style>\n#banner-1735707168 {\n  padding-top: 507px;\n}\n#banner-1735707168 .overlay {\n  background-color: rgba(0, 0, 0, 0.49);\n}\n<\/style>\n  <\/div>\n\n\n<div class=\"row\"  id=\"row-706540195\">\n\n\n\t<div id=\"col-883072065\" class=\"col small-12 large-12\"  >\n\t\t\t\t<div class=\"col-inner\"  >\n\t\t\t\n\t\t\t\n\n<div class=\"text-center\"><div class=\"is-divider divider clearfix\" ><\/div><\/div>\n\n\n\t\t<\/div>\n\t\t\t\t\t<\/div>\n\n\t\n\n<\/div>\n<div class=\"row align-middle\"  id=\"row-1692497802\">\n\n\n\t<div id=\"col-2124856271\" class=\"col medium-7 small-12 large-7\"  >\n\t\t\t\t<div class=\"col-inner\"  >\n\t\t\t\n\t\t\t\n\n\t<div id=\"text-2814327024\" class=\"text\">\n\t\t\n\n<p>Willkommen bei Best Medical Packages, Ihrem zuverl\u00e4ssigen Partner f\u00fcr kosmetische und \u00e4sthetische Chirurgie von Weltklasse in Istanbul, T\u00fcrkei. Wir sind darauf spezialisiert, umfassende medizinische Pakete anzubieten, die auf Ihre individuellen Bed\u00fcrfnisse zugeschnitten sind und modernste Verfahren mit pers\u00f6nlicher Betreuung kombinieren, um eine nahtlose und transformative Erfahrung zu gew\u00e4hrleisten.   <\/p>\n<p>Mit unserem Engagement f\u00fcr Spitzenleistungen bieten wir Ihnen Zugang zu erstklassigen Chirurgen und hochmodernen Einrichtungen f\u00fcr eine breite Palette von Eingriffen, einschlie\u00dflich kosmetischer Chirurgie in Istanbul und \u00e4sthetischer Chirurgie in der T\u00fcrkei. Ganz gleich, ob Sie ein Facelifting, eine Nasenkorrektur, eine Brustvergr\u00f6\u00dferung oder eine K\u00f6rperkonturierung in Erw\u00e4gung ziehen, unsere Pakete helfen Ihnen, Ihre \u00e4sthetischen Ziele zu erreichen, w\u00e4hrend Sie die pulsierende Kultur Istanbuls genie\u00dfen.   <\/p>\n<p>Neben der plastischen Chirurgie bieten wir auch erstklassige Zahnbehandlungen in Istanbul an, darunter das beliebte Hollywood-L\u00e4cheln in der T\u00fcrkei. Unsere Zahnexperten setzen fortschrittliche Techniken und Technologien ein, um atemberaubende Ergebnisse zu erzielen und Ihr Selbstvertrauen durch ein strahlendes L\u00e4cheln zu st\u00e4rken.   <\/p>\n<p>Bei Best Medical Packages hat die Zufriedenheit der Patienten f\u00fcr uns Priorit\u00e4t. Von dem Moment an, in dem Sie sich mit uns in Verbindung setzen, unterst\u00fctzt Sie unser engagiertes Team bei jedem Detail Ihrer Reise &#8211; von der Auswahl des besten Verfahrens bis hin zur Organisation von Reise, Unterkunft und Nachsorge. Wir sind stolz darauf, Ihnen transparente Preise, au\u00dfergew\u00f6hnlichen Service und Ergebnisse zu bieten, die Ihre Erwartungen \u00fcbertreffen.    <\/p>\n<p>Die T\u00fcrkei, insbesondere Istanbul, hat sich aufgrund ihrer anerkannten medizinischen Kompetenz und ihres g\u00fcnstigen Preises zu einem weltweiten Zentrum f\u00fcr kosmetische und \u00e4sthetische Chirurgie entwickelt. Wenn Sie sich f\u00fcr Best Medical Packages entscheiden, investieren Sie nicht nur in eine Behandlung von Weltklasse, sondern auch in eine Reise, die Sch\u00f6nheit, Selbstvertrauen und kulturelle Entdeckungen miteinander verbindet.   <\/p>\n<p>Lassen Sie uns Ihnen helfen, Ihre Tr\u00e4ume in die Realit\u00e4t umzusetzen. Kontaktieren Sie uns noch heute, um mehr \u00fcber unsere ma\u00dfgeschneiderten Pakete f\u00fcr kosmetische Chirurgie in der T\u00fcrkei zu erfahren und Ihre Reise zu mehr Sch\u00f6nheit und Wohlbefinden zu beginnen. <\/p>\n\t\t\n<style>\n#text-2814327024 {\n  text-align: left;\n}\n<\/style>\n\t<\/div>\n\t\n<a href=\"https:\/\/bestmedicalpackages.com\/de\/kontakt\/\" class=\"button primary is-large\" style=\"border-radius:20px;\">\n\t\t<span>Gehen Sie zu Kontakt<\/span>\n\t<\/a>\n\n\n\n\t\t<\/div>\n\t\t\t\t\t<\/div>\n\n\t\n\n<\/div>\n\n","protected":false},"excerpt":{"rendered":"","protected":false},"author":1,"featured_media":492,"parent":0,"menu_order":0,"comment_status":"closed","ping_status":"closed","template":"page-transparent-header-light.php","meta":{"footnotes":""},"class_list":["post-2173","page","type-page","status-publish","has-post-thumbnail","hentry"],"yoast_head":"<!-- This site is optimized with the Yoast SEO Premium plugin v22.1 (Yoast SEO v27.2) - https:\/\/yoast.com\/product\/yoast-seo-premium-wordpress\/ -->\n<title>\u00dcber uns - Best Medical Packages<\/title>\n<meta name=\"description\" content=\"wir sind Ihr zuverl\u00e4ssiger Partner f\u00fcr kosmetische und \u00e4sthetische Operationen von Weltklasse in Istanbul, T\u00fcrkei. Wir bieten umfassende Pakete an.\" \/>\n<meta name=\"robots\" content=\"index, follow, max-snippet:-1, max-image-preview:large, max-video-preview:-1\" \/>\n<link rel=\"canonical\" href=\"https:\/\/bestmedicalpackages.com\/de\/ueber-uns\/\" \/>\n<meta property=\"og:locale\" content=\"de_DE\" \/>\n<meta property=\"og:type\" content=\"article\" \/>\n<meta property=\"og:title\" content=\"\u00dcber uns\" \/>\n<meta property=\"og:description\" content=\"wir sind Ihr zuverl\u00e4ssiger Partner f\u00fcr kosmetische und \u00e4sthetische Operationen von Weltklasse in Istanbul, T\u00fcrkei. Wir bieten umfassende Pakete an.\" \/>\n<meta property=\"og:url\" content=\"https:\/\/bestmedicalpackages.com\/de\/ueber-uns\/\" \/>\n<meta property=\"og:site_name\" content=\"Best Medical Packages\" \/>\n<meta property=\"article:modified_time\" content=\"2025-12-11T08:28:15+00:00\" \/>\n<meta property=\"og:image\" content=\"https:\/\/bestmedical.b-cdn.net\/wp-content\/uploads\/2016\/08\/dummy-1.jpg\" \/>\n\t<meta property=\"og:image:width\" content=\"400\" \/>\n\t<meta property=\"og:image:height\" content=\"260\" \/>\n\t<meta property=\"og:image:type\" content=\"image\/jpeg\" \/>\n<meta name=\"twitter:card\" content=\"summary_large_image\" \/>\n<meta name=\"twitter:label1\" content=\"Gesch\u00e4tzte Lesezeit\" \/>\n\t<meta name=\"twitter:data1\" content=\"2\u00a0Minuten\" \/>\n<script type=\"application\/ld+json\" class=\"yoast-schema-graph\">{\"@context\":\"https:\/\/schema.org\",\"@graph\":[{\"@type\":\"WebPage\",\"@id\":\"https:\/\/bestmedicalpackages.com\/de\/ueber-uns\/\",\"url\":\"https:\/\/bestmedicalpackages.com\/de\/ueber-uns\/\",\"name\":\"\u00dcber uns - Best Medical Packages\",\"isPartOf\":{\"@id\":\"https:\/\/bestmedicalpackages.com\/de\/#website\"},\"primaryImageOfPage\":{\"@id\":\"https:\/\/bestmedicalpackages.com\/de\/ueber-uns\/#primaryimage\"},\"image\":{\"@id\":\"https:\/\/bestmedicalpackages.com\/de\/ueber-uns\/#primaryimage\"},\"thumbnailUrl\":\"https:\/\/bestmedical.b-cdn.net\/wp-content\/uploads\/2016\/08\/dummy-1.jpg\",\"datePublished\":\"2013-08-11T16:06:15+00:00\",\"dateModified\":\"2025-12-11T08:28:15+00:00\",\"description\":\"wir sind Ihr zuverl\u00e4ssiger Partner f\u00fcr kosmetische und \u00e4sthetische Operationen von Weltklasse in Istanbul, T\u00fcrkei. Wir bieten umfassende Pakete an.\",\"breadcrumb\":{\"@id\":\"https:\/\/bestmedicalpackages.com\/de\/ueber-uns\/#breadcrumb\"},\"inLanguage\":\"de\",\"potentialAction\":[{\"@type\":\"ReadAction\",\"target\":[\"https:\/\/bestmedicalpackages.com\/de\/ueber-uns\/\"]}]},{\"@type\":\"ImageObject\",\"inLanguage\":\"de\",\"@id\":\"https:\/\/bestmedicalpackages.com\/de\/ueber-uns\/#primaryimage\",\"url\":\"https:\/\/bestmedical.b-cdn.net\/wp-content\/uploads\/2016\/08\/dummy-1.jpg\",\"contentUrl\":\"https:\/\/bestmedical.b-cdn.net\/wp-content\/uploads\/2016\/08\/dummy-1.jpg\",\"width\":400,\"height\":260,\"caption\":\"dummy 1\"},{\"@type\":\"BreadcrumbList\",\"@id\":\"https:\/\/bestmedicalpackages.com\/de\/ueber-uns\/#breadcrumb\",\"itemListElement\":[{\"@type\":\"ListItem\",\"position\":1,\"name\":\"Home of Best Medical Packages\",\"item\":\"https:\/\/bestmedicalpackages.com\/de\/startseite\/\"},{\"@type\":\"ListItem\",\"position\":2,\"name\":\"\u00dcber uns\"}]},{\"@type\":\"WebSite\",\"@id\":\"https:\/\/bestmedicalpackages.com\/de\/#website\",\"url\":\"https:\/\/bestmedicalpackages.com\/de\/\",\"name\":\"Best Medical Packages\",\"description\":\"Best medical packages for male and female patients.\",\"publisher\":{\"@id\":\"https:\/\/bestmedicalpackages.com\/de\/#organization\"},\"potentialAction\":[{\"@type\":\"SearchAction\",\"target\":{\"@type\":\"EntryPoint\",\"urlTemplate\":\"https:\/\/bestmedicalpackages.com\/de\/?s={search_term_string}\"},\"query-input\":{\"@type\":\"PropertyValueSpecification\",\"valueRequired\":true,\"valueName\":\"search_term_string\"}}],\"inLanguage\":\"de\"},{\"@type\":\"Organization\",\"@id\":\"https:\/\/bestmedicalpackages.com\/de\/#organization\",\"name\":\"Best Medical Packages\",\"url\":\"https:\/\/bestmedicalpackages.com\/de\/\",\"logo\":{\"@type\":\"ImageObject\",\"inLanguage\":\"de\",\"@id\":\"https:\/\/bestmedicalpackages.com\/de\/#\/schema\/logo\/image\/\",\"url\":\"https:\/\/bestmedicalpackages.com\/wp-content\/uploads\/2023\/02\/logo.png\",\"contentUrl\":\"https:\/\/bestmedicalpackages.com\/wp-content\/uploads\/2023\/02\/logo.png\",\"width\":308,\"height\":106,\"caption\":\"Best Medical Packages\"},\"image\":{\"@id\":\"https:\/\/bestmedicalpackages.com\/de\/#\/schema\/logo\/image\/\"},\"sameAs\":[\"https:\/\/www.instagram.com\/medicalpackages\/\"]}]}<\/script>\n<!-- \/ Yoast SEO Premium plugin. -->","yoast_head_json":{"title":"\u00dcber uns - Best Medical Packages","description":"wir sind Ihr zuverl\u00e4ssiger Partner f\u00fcr kosmetische und \u00e4sthetische Operationen von Weltklasse in Istanbul, T\u00fcrkei. Wir bieten umfassende Pakete an.","robots":{"index":"index","follow":"follow","max-snippet":"max-snippet:-1","max-image-preview":"max-image-preview:large","max-video-preview":"max-video-preview:-1"},"canonical":"https:\/\/bestmedicalpackages.com\/de\/ueber-uns\/","og_locale":"de_DE","og_type":"article","og_title":"\u00dcber uns","og_description":"wir sind Ihr zuverl\u00e4ssiger Partner f\u00fcr kosmetische und \u00e4sthetische Operationen von Weltklasse in Istanbul, T\u00fcrkei. Wir bieten umfassende Pakete an.","og_url":"https:\/\/bestmedicalpackages.com\/de\/ueber-uns\/","og_site_name":"Best Medical Packages","article_modified_time":"2025-12-11T08:28:15+00:00","og_image":[{"width":400,"height":260,"url":"https:\/\/bestmedical.b-cdn.net\/wp-content\/uploads\/2016\/08\/dummy-1.jpg","type":"image\/jpeg"}],"twitter_card":"summary_large_image","twitter_misc":{"Gesch\u00e4tzte Lesezeit":"2\u00a0Minuten"},"schema":{"@context":"https:\/\/schema.org","@graph":[{"@type":"WebPage","@id":"https:\/\/bestmedicalpackages.com\/de\/ueber-uns\/","url":"https:\/\/bestmedicalpackages.com\/de\/ueber-uns\/","name":"\u00dcber uns - Best Medical Packages","isPartOf":{"@id":"https:\/\/bestmedicalpackages.com\/de\/#website"},"primaryImageOfPage":{"@id":"https:\/\/bestmedicalpackages.com\/de\/ueber-uns\/#primaryimage"},"image":{"@id":"https:\/\/bestmedicalpackages.com\/de\/ueber-uns\/#primaryimage"},"thumbnailUrl":"https:\/\/bestmedical.b-cdn.net\/wp-content\/uploads\/2016\/08\/dummy-1.jpg","datePublished":"2013-08-11T16:06:15+00:00","dateModified":"2025-12-11T08:28:15+00:00","description":"wir sind Ihr zuverl\u00e4ssiger Partner f\u00fcr kosmetische und \u00e4sthetische Operationen von Weltklasse in Istanbul, T\u00fcrkei. Wir bieten umfassende Pakete an.","breadcrumb":{"@id":"https:\/\/bestmedicalpackages.com\/de\/ueber-uns\/#breadcrumb"},"inLanguage":"de","potentialAction":[{"@type":"ReadAction","target":["https:\/\/bestmedicalpackages.com\/de\/ueber-uns\/"]}]},{"@type":"ImageObject","inLanguage":"de","@id":"https:\/\/bestmedicalpackages.com\/de\/ueber-uns\/#primaryimage","url":"https:\/\/bestmedical.b-cdn.net\/wp-content\/uploads\/2016\/08\/dummy-1.jpg","contentUrl":"https:\/\/bestmedical.b-cdn.net\/wp-content\/uploads\/2016\/08\/dummy-1.jpg","width":400,"height":260,"caption":"dummy 1"},{"@type":"BreadcrumbList","@id":"https:\/\/bestmedicalpackages.com\/de\/ueber-uns\/#breadcrumb","itemListElement":[{"@type":"ListItem","position":1,"name":"Home of Best Medical Packages","item":"https:\/\/bestmedicalpackages.com\/de\/startseite\/"},{"@type":"ListItem","position":2,"name":"\u00dcber uns"}]},{"@type":"WebSite","@id":"https:\/\/bestmedicalpackages.com\/de\/#website","url":"https:\/\/bestmedicalpackages.com\/de\/","name":"Best Medical Packages","description":"Best medical packages for male and female patients.","publisher":{"@id":"https:\/\/bestmedicalpackages.com\/de\/#organization"},"potentialAction":[{"@type":"SearchAction","target":{"@type":"EntryPoint","urlTemplate":"https:\/\/bestmedicalpackages.com\/de\/?s={search_term_string}"},"query-input":{"@type":"PropertyValueSpecification","valueRequired":true,"valueName":"search_term_string"}}],"inLanguage":"de"},{"@type":"Organization","@id":"https:\/\/bestmedicalpackages.com\/de\/#organization","name":"Best Medical Packages","url":"https:\/\/bestmedicalpackages.com\/de\/","logo":{"@type":"ImageObject","inLanguage":"de","@id":"https:\/\/bestmedicalpackages.com\/de\/#\/schema\/logo\/image\/","url":"https:\/\/bestmedicalpackages.com\/wp-content\/uploads\/2023\/02\/logo.png","contentUrl":"https:\/\/bestmedicalpackages.com\/wp-content\/uploads\/2023\/02\/logo.png","width":308,"height":106,"caption":"Best Medical Packages"},"image":{"@id":"https:\/\/bestmedicalpackages.com\/de\/#\/schema\/logo\/image\/"},"sameAs":["https:\/\/www.instagram.com\/medicalpackages\/"]}]}},"_links":{"self":[{"href":"https:\/\/bestmedicalpackages.com\/de\/wp-json\/wp\/v2\/pages\/2173","targetHints":{"allow":["GET"]}}],"collection":[{"href":"https:\/\/bestmedicalpackages.com\/de\/wp-json\/wp\/v2\/pages"}],"about":[{"href":"https:\/\/bestmedicalpackages.com\/de\/wp-json\/wp\/v2\/types\/page"}],"author":[{"embeddable":true,"href":"https:\/\/bestmedicalpackages.com\/de\/wp-json\/wp\/v2\/users\/1"}],"replies":[{"embeddable":true,"href":"https:\/\/bestmedicalpackages.com\/de\/wp-json\/wp\/v2\/comments?post=2173"}],"version-history":[{"count":12,"href":"https:\/\/bestmedicalpackages.com\/de\/wp-json\/wp\/v2\/pages\/2173\/revisions"}],"predecessor-version":[{"id":8789,"href":"https:\/\/bestmedicalpackages.com\/de\/wp-json\/wp\/v2\/pages\/2173\/revisions\/8789"}],"wp:featuredmedia":[{"embeddable":true,"href":"https:\/\/bestmedicalpackages.com\/de\/wp-json\/wp\/v2\/media\/492"}],"wp:attachment":[{"href":"https:\/\/bestmedicalpackages.com\/de\/wp-json\/wp\/v2\/media?parent=2173"}],"curies":[{"name":"wp","href":"https:\/\/api.w.org\/{rel}","templated":true}]}}