{"id":6775,"date":"2025-04-09T13:21:12","date_gmt":"2025-04-09T10:21:12","guid":{"rendered":"https:\/\/new.bestmedicalpackages.com\/package\/allgemeine-zahnmedizin\/"},"modified":"2025-08-26T18:48:12","modified_gmt":"2025-08-26T15:48:12","slug":"allgemeine-zahnmedizin","status":"publish","type":"product","link":"https:\/\/bestmedicalpackages.com\/de\/produkt\/allgemeine-zahnmedizin\/","title":{"rendered":"Allgemeine Zahnmedizin"},"content":{"rendered":"<p>Die <strong>allgemeine Zahnmedizin<\/strong> ist die Grundlage f\u00fcr eine lebenslange Mundgesundheit und konzentriert sich auf die Vorbeugung, Diagnose und Behandlung einer Vielzahl von Zahnerkrankungen. Ihr allgemeiner Zahnarzt ist Ihr prim\u00e4rer zahn\u00e4rztlicher Betreuer, der f\u00fcr <strong>Routinereinigungen, Untersuchungen, F\u00fcllungen und Wurzelbehandlungen<\/strong> zust\u00e4ndig ist und seine Patienten \u00fcber eine effektive h\u00e4usliche Pflege aufkl\u00e4rt. Regelm\u00e4\u00dfige Kontrolluntersuchungen alle sechs Monate sind entscheidend f\u00fcr die Entfernung von Plaque und Zahnstein, die Vorbeugung von Karies und Zahnfleischerkrankungen und die fr\u00fchzeitige Erkennung von Problemen wie Mundkrebs, wenn diese am besten behandelbar sind. Die moderne allgemeine Zahnmedizin stellt den Komfort der Patienten in den Vordergrund und bietet eine Vielzahl von Leistungen &#8211; von Versiegelungen und Fluoridbehandlungen bis hin zu Kronen und Br\u00fccken &#8211; um die Funktion und das Aussehen Ihres L\u00e4chelns zu erhalten und wiederherzustellen.   <\/p>\n","protected":false},"excerpt":{"rendered":"<ul>\n<li>Zahn\u00e4rztin<\/li>\n<li>Online-Beratung vor der Operation<\/li>\n<li>K\u00f6rperliche Beratung<\/li>\n<li>Lokale Bet\u00e4ubung<\/li>\n<li>Postoperative Kontrollen<\/li>\n<li>Ma\u00dfgeschneiderter Patientenservice<\/li>\n<li>(Englisch, Franz\u00f6sisch, Spanisch, Italienisch)<\/li>\n<li>24\/7 Online-Unterst\u00fctzung<\/li>\n<li><strong>Angebot anfordern<\/strong><\/li>\n<\/ul>\n","protected":false},"featured_media":6745,"comment_status":"open","ping_status":"closed","template":"","meta":[],"product_brand":[],"product_cat":[1026],"product_tag":[1041,161,162,1027],"class_list":{"0":"post-6775","1":"product","2":"type-product","3":"status-publish","4":"has-post-thumbnail","6":"product_cat-zahnmedizin","7":"product_tag-allgemeine-zahnmedizin","8":"product_tag-istanbul-de","9":"product_tag-turkei","10":"product_tag-zahnmedizin","12":"first","13":"instock","14":"shipping-taxable","15":"product-type-simple"},"yoast_head":"<!-- This site is optimized with the Yoast SEO Premium plugin v22.1 (Yoast SEO v27.2) - https:\/\/yoast.com\/product\/yoast-seo-premium-wordpress\/ -->\n<title>Allgemeine Zahnmedizin Chirurgie - Best Medical Packages ()<\/title>\n<meta name=\"description\" content=\"Sie k\u00f6nnen Informationen \u00fcber Allgemeine Zahnmedizin - Best Medical Packages () finden.\" \/>\n<meta name=\"robots\" content=\"index, follow, max-snippet:-1, max-image-preview:large, max-video-preview:-1\" \/>\n<link rel=\"canonical\" href=\"https:\/\/bestmedicalpackages.com\/de\/produkt\/allgemeine-zahnmedizin\/\" \/>\n<meta property=\"og:locale\" content=\"de_DE\" \/>\n<meta property=\"og:type\" content=\"article\" \/>\n<meta property=\"og:title\" content=\"Allgemeine Zahnmedizin\" \/>\n<meta property=\"og:description\" content=\"Sie k\u00f6nnen Informationen \u00fcber Allgemeine Zahnmedizin - Best Medical Packages () finden.\" \/>\n<meta property=\"og:url\" content=\"https:\/\/bestmedicalpackages.com\/de\/produkt\/allgemeine-zahnmedizin\/\" \/>\n<meta property=\"og:site_name\" content=\"Best Medical Packages\" \/>\n<meta property=\"article:modified_time\" content=\"2025-08-26T15:48:12+00:00\" \/>\n<meta property=\"og:image\" content=\"https:\/\/bestmedicalpackages.com\/wp-content\/uploads\/2025\/08\/general-dentistry.jpg\" \/>\n\t<meta property=\"og:image:width\" content=\"800\" \/>\n\t<meta property=\"og:image:height\" content=\"800\" \/>\n\t<meta property=\"og:image:type\" content=\"image\/jpeg\" \/>\n<meta name=\"twitter:card\" content=\"summary_large_image\" \/>\n<meta name=\"twitter:label1\" content=\"Preis\" \/>\n\t<meta name=\"twitter:data1\" content=\"\" \/>\n\t<meta name=\"twitter:label2\" content=\"Verf\u00fcgbarkeit\" \/>\n\t<meta name=\"twitter:data2\" content=\"Auf Lager\" \/>\n<script type=\"application\/ld+json\" class=\"yoast-schema-graph\">{\"@context\":\"https:\/\/schema.org\",\"@graph\":[{\"@type\":\"WebPage\",\"@id\":\"https:\/\/bestmedicalpackages.com\/de\/produkt\/allgemeine-zahnmedizin\/\",\"url\":\"https:\/\/bestmedicalpackages.com\/de\/produkt\/allgemeine-zahnmedizin\/\",\"name\":\"Allgemeine Zahnmedizin Chirurgie - Best Medical Packages ()\",\"isPartOf\":{\"@id\":\"https:\/\/bestmedicalpackages.com\/de\/#website\"},\"primaryImageOfPage\":{\"@id\":\"https:\/\/bestmedicalpackages.com\/de\/produkt\/allgemeine-zahnmedizin\/#primaryimage\"},\"image\":{\"@id\":\"https:\/\/bestmedicalpackages.com\/de\/produkt\/allgemeine-zahnmedizin\/#primaryimage\"},\"thumbnailUrl\":\"https:\/\/bestmedical.b-cdn.net\/wp-content\/uploads\/2025\/08\/general-dentistry.jpg\",\"datePublished\":\"2025-04-09T10:21:12+00:00\",\"dateModified\":\"2025-08-26T15:48:12+00:00\",\"description\":\"Sie k\u00f6nnen Informationen \u00fcber Allgemeine Zahnmedizin - Best Medical Packages () finden.\",\"breadcrumb\":{\"@id\":\"https:\/\/bestmedicalpackages.com\/de\/produkt\/allgemeine-zahnmedizin\/#breadcrumb\"},\"inLanguage\":\"de\",\"potentialAction\":[{\"@type\":\"ReadAction\",\"target\":[\"https:\/\/bestmedicalpackages.com\/de\/produkt\/allgemeine-zahnmedizin\/\"]}]},{\"@type\":\"ImageObject\",\"inLanguage\":\"de\",\"@id\":\"https:\/\/bestmedicalpackages.com\/de\/produkt\/allgemeine-zahnmedizin\/#primaryimage\",\"url\":\"https:\/\/bestmedical.b-cdn.net\/wp-content\/uploads\/2025\/08\/general-dentistry.jpg\",\"contentUrl\":\"https:\/\/bestmedical.b-cdn.net\/wp-content\/uploads\/2025\/08\/general-dentistry.jpg\",\"width\":800,\"height\":800,\"caption\":\"general dentistry\"},{\"@type\":\"BreadcrumbList\",\"@id\":\"https:\/\/bestmedicalpackages.com\/de\/produkt\/allgemeine-zahnmedizin\/#breadcrumb\",\"itemListElement\":[{\"@type\":\"ListItem\",\"position\":1,\"name\":\"Home of Best Medical Packages\",\"item\":\"https:\/\/bestmedicalpackages.com\/de\/startseite\/\"},{\"@type\":\"ListItem\",\"position\":2,\"name\":\"Procedures\",\"item\":\"https:\/\/bestmedicalpackages.com\/procedures\/\"},{\"@type\":\"ListItem\",\"position\":3,\"name\":\"Allgemeine Zahnmedizin\"}]},{\"@type\":\"WebSite\",\"@id\":\"https:\/\/bestmedicalpackages.com\/de\/#website\",\"url\":\"https:\/\/bestmedicalpackages.com\/de\/\",\"name\":\"Best Medical Packages\",\"description\":\"Best medical packages for male and female patients.\",\"publisher\":{\"@id\":\"https:\/\/bestmedicalpackages.com\/de\/#organization\"},\"potentialAction\":[{\"@type\":\"SearchAction\",\"target\":{\"@type\":\"EntryPoint\",\"urlTemplate\":\"https:\/\/bestmedicalpackages.com\/de\/?s={search_term_string}\"},\"query-input\":{\"@type\":\"PropertyValueSpecification\",\"valueRequired\":true,\"valueName\":\"search_term_string\"}}],\"inLanguage\":\"de\"},{\"@type\":\"Organization\",\"@id\":\"https:\/\/bestmedicalpackages.com\/de\/#organization\",\"name\":\"Best Medical Packages\",\"url\":\"https:\/\/bestmedicalpackages.com\/de\/\",\"logo\":{\"@type\":\"ImageObject\",\"inLanguage\":\"de\",\"@id\":\"https:\/\/bestmedicalpackages.com\/de\/#\/schema\/logo\/image\/\",\"url\":\"https:\/\/bestmedicalpackages.com\/wp-content\/uploads\/2023\/02\/logo.png\",\"contentUrl\":\"https:\/\/bestmedicalpackages.com\/wp-content\/uploads\/2023\/02\/logo.png\",\"width\":308,\"height\":106,\"caption\":\"Best Medical Packages\"},\"image\":{\"@id\":\"https:\/\/bestmedicalpackages.com\/de\/#\/schema\/logo\/image\/\"},\"sameAs\":[\"https:\/\/www.instagram.com\/medicalpackages\/\"]}]}<\/script>\n<meta property=\"product:price:currency\" content=\"USD\" \/>\n<meta property=\"og:availability\" content=\"instock\" \/>\n<meta property=\"product:availability\" content=\"instock\" \/>\n<meta property=\"product:condition\" content=\"new\" \/>\n<!-- \/ Yoast SEO Premium plugin. -->","yoast_head_json":{"title":"Allgemeine Zahnmedizin Chirurgie - Best Medical Packages ()","description":"Sie k\u00f6nnen Informationen \u00fcber Allgemeine Zahnmedizin - Best Medical Packages () finden.","robots":{"index":"index","follow":"follow","max-snippet":"max-snippet:-1","max-image-preview":"max-image-preview:large","max-video-preview":"max-video-preview:-1"},"canonical":"https:\/\/bestmedicalpackages.com\/de\/produkt\/allgemeine-zahnmedizin\/","og_locale":"de_DE","og_type":"article","og_title":"Allgemeine Zahnmedizin","og_description":"Sie k\u00f6nnen Informationen \u00fcber Allgemeine Zahnmedizin - Best Medical Packages () finden.","og_url":"https:\/\/bestmedicalpackages.com\/de\/produkt\/allgemeine-zahnmedizin\/","og_site_name":"Best Medical Packages","article_modified_time":"2025-08-26T15:48:12+00:00","og_image":[{"width":800,"height":800,"url":"https:\/\/bestmedicalpackages.com\/wp-content\/uploads\/2025\/08\/general-dentistry.jpg","type":"image\/jpeg"}],"twitter_card":"summary_large_image","twitter_misc":{"Preis":"","Verf\u00fcgbarkeit":"Auf Lager"},"schema":{"@context":"https:\/\/schema.org","@graph":[{"@type":"WebPage","@id":"https:\/\/bestmedicalpackages.com\/de\/produkt\/allgemeine-zahnmedizin\/","url":"https:\/\/bestmedicalpackages.com\/de\/produkt\/allgemeine-zahnmedizin\/","name":"Allgemeine Zahnmedizin Chirurgie - Best Medical Packages ()","isPartOf":{"@id":"https:\/\/bestmedicalpackages.com\/de\/#website"},"primaryImageOfPage":{"@id":"https:\/\/bestmedicalpackages.com\/de\/produkt\/allgemeine-zahnmedizin\/#primaryimage"},"image":{"@id":"https:\/\/bestmedicalpackages.com\/de\/produkt\/allgemeine-zahnmedizin\/#primaryimage"},"thumbnailUrl":"https:\/\/bestmedical.b-cdn.net\/wp-content\/uploads\/2025\/08\/general-dentistry.jpg","datePublished":"2025-04-09T10:21:12+00:00","dateModified":"2025-08-26T15:48:12+00:00","description":"Sie k\u00f6nnen Informationen \u00fcber Allgemeine Zahnmedizin - Best Medical Packages () finden.","breadcrumb":{"@id":"https:\/\/bestmedicalpackages.com\/de\/produkt\/allgemeine-zahnmedizin\/#breadcrumb"},"inLanguage":"de","potentialAction":[{"@type":"ReadAction","target":["https:\/\/bestmedicalpackages.com\/de\/produkt\/allgemeine-zahnmedizin\/"]}]},{"@type":"ImageObject","inLanguage":"de","@id":"https:\/\/bestmedicalpackages.com\/de\/produkt\/allgemeine-zahnmedizin\/#primaryimage","url":"https:\/\/bestmedical.b-cdn.net\/wp-content\/uploads\/2025\/08\/general-dentistry.jpg","contentUrl":"https:\/\/bestmedical.b-cdn.net\/wp-content\/uploads\/2025\/08\/general-dentistry.jpg","width":800,"height":800,"caption":"general dentistry"},{"@type":"BreadcrumbList","@id":"https:\/\/bestmedicalpackages.com\/de\/produkt\/allgemeine-zahnmedizin\/#breadcrumb","itemListElement":[{"@type":"ListItem","position":1,"name":"Home of Best Medical Packages","item":"https:\/\/bestmedicalpackages.com\/de\/startseite\/"},{"@type":"ListItem","position":2,"name":"Procedures","item":"https:\/\/bestmedicalpackages.com\/procedures\/"},{"@type":"ListItem","position":3,"name":"Allgemeine Zahnmedizin"}]},{"@type":"WebSite","@id":"https:\/\/bestmedicalpackages.com\/de\/#website","url":"https:\/\/bestmedicalpackages.com\/de\/","name":"Best Medical Packages","description":"Best medical packages for male and female patients.","publisher":{"@id":"https:\/\/bestmedicalpackages.com\/de\/#organization"},"potentialAction":[{"@type":"SearchAction","target":{"@type":"EntryPoint","urlTemplate":"https:\/\/bestmedicalpackages.com\/de\/?s={search_term_string}"},"query-input":{"@type":"PropertyValueSpecification","valueRequired":true,"valueName":"search_term_string"}}],"inLanguage":"de"},{"@type":"Organization","@id":"https:\/\/bestmedicalpackages.com\/de\/#organization","name":"Best Medical Packages","url":"https:\/\/bestmedicalpackages.com\/de\/","logo":{"@type":"ImageObject","inLanguage":"de","@id":"https:\/\/bestmedicalpackages.com\/de\/#\/schema\/logo\/image\/","url":"https:\/\/bestmedicalpackages.com\/wp-content\/uploads\/2023\/02\/logo.png","contentUrl":"https:\/\/bestmedicalpackages.com\/wp-content\/uploads\/2023\/02\/logo.png","width":308,"height":106,"caption":"Best Medical Packages"},"image":{"@id":"https:\/\/bestmedicalpackages.com\/de\/#\/schema\/logo\/image\/"},"sameAs":["https:\/\/www.instagram.com\/medicalpackages\/"]}]},"product_price_currency":"USD","og_availability":"instock","product_availability":"instock","product_condition":"new"},"_links":{"self":[{"href":"https:\/\/bestmedicalpackages.com\/de\/wp-json\/wp\/v2\/product\/6775","targetHints":{"allow":["GET"]}}],"collection":[{"href":"https:\/\/bestmedicalpackages.com\/de\/wp-json\/wp\/v2\/product"}],"about":[{"href":"https:\/\/bestmedicalpackages.com\/de\/wp-json\/wp\/v2\/types\/product"}],"replies":[{"embeddable":true,"href":"https:\/\/bestmedicalpackages.com\/de\/wp-json\/wp\/v2\/comments?post=6775"}],"wp:featuredmedia":[{"embeddable":true,"href":"https:\/\/bestmedicalpackages.com\/de\/wp-json\/wp\/v2\/media\/6745"}],"wp:attachment":[{"href":"https:\/\/bestmedicalpackages.com\/de\/wp-json\/wp\/v2\/media?parent=6775"}],"wp:term":[{"taxonomy":"product_brand","embeddable":true,"href":"https:\/\/bestmedicalpackages.com\/de\/wp-json\/wp\/v2\/product_brand?post=6775"},{"taxonomy":"product_cat","embeddable":true,"href":"https:\/\/bestmedicalpackages.com\/de\/wp-json\/wp\/v2\/product_cat?post=6775"},{"taxonomy":"product_tag","embeddable":true,"href":"https:\/\/bestmedicalpackages.com\/de\/wp-json\/wp\/v2\/product_tag?post=6775"}],"curies":[{"name":"wp","href":"https:\/\/api.w.org\/{rel}","templated":true}]}}