{"id":6786,"date":"2025-04-07T13:12:03","date_gmt":"2025-04-07T10:12:03","guid":{"rendered":"https:\/\/new.bestmedicalpackages.com\/package\/kosmetische-zahnmedizin\/"},"modified":"2025-08-26T18:48:16","modified_gmt":"2025-08-26T15:48:16","slug":"kosmetische-zahnmedizin","status":"publish","type":"product","link":"https:\/\/bestmedicalpackages.com\/de\/produkt\/kosmetische-zahnmedizin\/","title":{"rendered":"Kosmetische Zahnmedizin"},"content":{"rendered":"<p>Die <strong>kosmetische Zahnheilkunde<\/strong> umfasst eine Reihe fortschrittlicher zahnmedizinischer Verfahren, die darauf abzielen, das Erscheinungsbild Ihres L\u00e4chelns zu verbessern, indem Unvollkommenheiten in Farbe, Form, Gr\u00f6\u00dfe oder Ausrichtung Ihrer Z\u00e4hne korrigiert werden. Zu den beliebten Behandlungen geh\u00f6ren das <strong>Aufhellen von<\/strong> Flecken, <strong>Porzellanveneers<\/strong> zur Korrektur von Chips oder L\u00fccken und <strong>Clear Aligner<\/strong> zur diskreten Begradigung der Z\u00e4hne. Ganz gleich, ob Sie nur einen einzelnen Zahn reparieren oder Ihr L\u00e4cheln komplett ver\u00e4ndern m\u00f6chten, diese Behandlungen k\u00f6nnen Ihr Selbstvertrauen deutlich st\u00e4rken und Ihnen ein jugendlicheres, lebendigeres Aussehen verleihen. Moderne Techniken stellen sowohl die \u00c4sthetik als auch die Funktion in den Vordergrund und sorgen daf\u00fcr, dass die Ergebnisse nicht nur sch\u00f6n, sondern auch gesund und dauerhaft sind. Ideale Kandidaten sind Personen mit guter Mundgesundheit, die realistische Erwartungen an die Verbesserung ihres L\u00e4chelns haben.    <\/p>\n","protected":false},"excerpt":{"rendered":"<ul>\n<li>Zahn\u00e4rztin<\/li>\n<li>Online-Beratung vor der Operation<\/li>\n<li>K\u00f6rperliche Beratung<\/li>\n<li>Lokale Bet\u00e4ubung<\/li>\n<li>Postoperative Kontrollen<\/li>\n<li>Ma\u00dfgeschneiderter Patientenservice<\/li>\n<li>(Englisch, Franz\u00f6sisch, Spanisch, Italienisch)<\/li>\n<li>24\/7 Online-Unterst\u00fctzung<\/li>\n<li><strong>Angebot anfordern<\/strong><\/li>\n<\/ul>\n","protected":false},"featured_media":6732,"comment_status":"open","ping_status":"closed","template":"","meta":[],"product_brand":[],"product_cat":[1026],"product_tag":[161,1084,1085,162,1027],"class_list":{"0":"post-6786","1":"product","2":"type-product","3":"status-publish","4":"has-post-thumbnail","6":"product_cat-zahnmedizin","7":"product_tag-istanbul-de","8":"product_tag-kosmetische","9":"product_tag-kosmetische-zahnmedizin","10":"product_tag-turkei","11":"product_tag-zahnmedizin","13":"first","14":"instock","15":"shipping-taxable","16":"product-type-simple"},"yoast_head":"<!-- This site is optimized with the Yoast SEO Premium plugin v22.1 (Yoast SEO v27.2) - https:\/\/yoast.com\/product\/yoast-seo-premium-wordpress\/ -->\n<title>Kosmetische Zahnmedizin Chirurgie - Best Medical Packages ()<\/title>\n<meta name=\"description\" content=\"Sie k\u00f6nnen Informationen \u00fcber Kosmetische Zahnmedizin - Best Medical Packages () finden.\" \/>\n<meta name=\"robots\" content=\"index, follow, max-snippet:-1, max-image-preview:large, max-video-preview:-1\" \/>\n<link rel=\"canonical\" href=\"https:\/\/bestmedicalpackages.com\/de\/produkt\/kosmetische-zahnmedizin\/\" \/>\n<meta property=\"og:locale\" content=\"de_DE\" \/>\n<meta property=\"og:type\" content=\"article\" \/>\n<meta property=\"og:title\" content=\"Kosmetische Zahnmedizin\" \/>\n<meta property=\"og:description\" content=\"Sie k\u00f6nnen Informationen \u00fcber Kosmetische Zahnmedizin - Best Medical Packages () finden.\" \/>\n<meta property=\"og:url\" content=\"https:\/\/bestmedicalpackages.com\/de\/produkt\/kosmetische-zahnmedizin\/\" \/>\n<meta property=\"og:site_name\" content=\"Best Medical Packages\" \/>\n<meta property=\"article:modified_time\" content=\"2025-08-26T15:48:16+00:00\" \/>\n<meta property=\"og:image\" content=\"https:\/\/bestmedicalpackages.com\/wp-content\/uploads\/2025\/08\/cosmetic-dentistry.jpg\" \/>\n\t<meta property=\"og:image:width\" content=\"800\" \/>\n\t<meta property=\"og:image:height\" content=\"800\" \/>\n\t<meta property=\"og:image:type\" content=\"image\/jpeg\" \/>\n<meta name=\"twitter:card\" content=\"summary_large_image\" \/>\n<meta name=\"twitter:label1\" content=\"Preis\" \/>\n\t<meta name=\"twitter:data1\" content=\"\" \/>\n\t<meta name=\"twitter:label2\" content=\"Verf\u00fcgbarkeit\" \/>\n\t<meta name=\"twitter:data2\" content=\"Auf Lager\" \/>\n<script type=\"application\/ld+json\" class=\"yoast-schema-graph\">{\"@context\":\"https:\/\/schema.org\",\"@graph\":[{\"@type\":\"WebPage\",\"@id\":\"https:\/\/bestmedicalpackages.com\/de\/produkt\/kosmetische-zahnmedizin\/\",\"url\":\"https:\/\/bestmedicalpackages.com\/de\/produkt\/kosmetische-zahnmedizin\/\",\"name\":\"Kosmetische Zahnmedizin Chirurgie - Best Medical Packages ()\",\"isPartOf\":{\"@id\":\"https:\/\/bestmedicalpackages.com\/de\/#website\"},\"primaryImageOfPage\":{\"@id\":\"https:\/\/bestmedicalpackages.com\/de\/produkt\/kosmetische-zahnmedizin\/#primaryimage\"},\"image\":{\"@id\":\"https:\/\/bestmedicalpackages.com\/de\/produkt\/kosmetische-zahnmedizin\/#primaryimage\"},\"thumbnailUrl\":\"https:\/\/bestmedical.b-cdn.net\/wp-content\/uploads\/2025\/08\/cosmetic-dentistry.jpg\",\"datePublished\":\"2025-04-07T10:12:03+00:00\",\"dateModified\":\"2025-08-26T15:48:16+00:00\",\"description\":\"Sie k\u00f6nnen Informationen \u00fcber Kosmetische Zahnmedizin - Best Medical Packages () finden.\",\"breadcrumb\":{\"@id\":\"https:\/\/bestmedicalpackages.com\/de\/produkt\/kosmetische-zahnmedizin\/#breadcrumb\"},\"inLanguage\":\"de\",\"potentialAction\":[{\"@type\":\"ReadAction\",\"target\":[\"https:\/\/bestmedicalpackages.com\/de\/produkt\/kosmetische-zahnmedizin\/\"]}]},{\"@type\":\"ImageObject\",\"inLanguage\":\"de\",\"@id\":\"https:\/\/bestmedicalpackages.com\/de\/produkt\/kosmetische-zahnmedizin\/#primaryimage\",\"url\":\"https:\/\/bestmedical.b-cdn.net\/wp-content\/uploads\/2025\/08\/cosmetic-dentistry.jpg\",\"contentUrl\":\"https:\/\/bestmedical.b-cdn.net\/wp-content\/uploads\/2025\/08\/cosmetic-dentistry.jpg\",\"width\":800,\"height\":800,\"caption\":\"cosmetic dentistry\"},{\"@type\":\"BreadcrumbList\",\"@id\":\"https:\/\/bestmedicalpackages.com\/de\/produkt\/kosmetische-zahnmedizin\/#breadcrumb\",\"itemListElement\":[{\"@type\":\"ListItem\",\"position\":1,\"name\":\"Home of Best Medical Packages\",\"item\":\"https:\/\/bestmedicalpackages.com\/de\/startseite\/\"},{\"@type\":\"ListItem\",\"position\":2,\"name\":\"Procedures\",\"item\":\"https:\/\/bestmedicalpackages.com\/procedures\/\"},{\"@type\":\"ListItem\",\"position\":3,\"name\":\"Kosmetische Zahnmedizin\"}]},{\"@type\":\"WebSite\",\"@id\":\"https:\/\/bestmedicalpackages.com\/de\/#website\",\"url\":\"https:\/\/bestmedicalpackages.com\/de\/\",\"name\":\"Best Medical Packages\",\"description\":\"Best medical packages for male and female patients.\",\"publisher\":{\"@id\":\"https:\/\/bestmedicalpackages.com\/de\/#organization\"},\"potentialAction\":[{\"@type\":\"SearchAction\",\"target\":{\"@type\":\"EntryPoint\",\"urlTemplate\":\"https:\/\/bestmedicalpackages.com\/de\/?s={search_term_string}\"},\"query-input\":{\"@type\":\"PropertyValueSpecification\",\"valueRequired\":true,\"valueName\":\"search_term_string\"}}],\"inLanguage\":\"de\"},{\"@type\":\"Organization\",\"@id\":\"https:\/\/bestmedicalpackages.com\/de\/#organization\",\"name\":\"Best Medical Packages\",\"url\":\"https:\/\/bestmedicalpackages.com\/de\/\",\"logo\":{\"@type\":\"ImageObject\",\"inLanguage\":\"de\",\"@id\":\"https:\/\/bestmedicalpackages.com\/de\/#\/schema\/logo\/image\/\",\"url\":\"https:\/\/bestmedicalpackages.com\/wp-content\/uploads\/2023\/02\/logo.png\",\"contentUrl\":\"https:\/\/bestmedicalpackages.com\/wp-content\/uploads\/2023\/02\/logo.png\",\"width\":308,\"height\":106,\"caption\":\"Best Medical Packages\"},\"image\":{\"@id\":\"https:\/\/bestmedicalpackages.com\/de\/#\/schema\/logo\/image\/\"},\"sameAs\":[\"https:\/\/www.instagram.com\/medicalpackages\/\"]}]}<\/script>\n<meta property=\"product:price:currency\" content=\"USD\" \/>\n<meta property=\"og:availability\" content=\"instock\" \/>\n<meta property=\"product:availability\" content=\"instock\" \/>\n<meta property=\"product:condition\" content=\"new\" \/>\n<!-- \/ Yoast SEO Premium plugin. -->","yoast_head_json":{"title":"Kosmetische Zahnmedizin Chirurgie - Best Medical Packages ()","description":"Sie k\u00f6nnen Informationen \u00fcber Kosmetische Zahnmedizin - Best Medical Packages () finden.","robots":{"index":"index","follow":"follow","max-snippet":"max-snippet:-1","max-image-preview":"max-image-preview:large","max-video-preview":"max-video-preview:-1"},"canonical":"https:\/\/bestmedicalpackages.com\/de\/produkt\/kosmetische-zahnmedizin\/","og_locale":"de_DE","og_type":"article","og_title":"Kosmetische Zahnmedizin","og_description":"Sie k\u00f6nnen Informationen \u00fcber Kosmetische Zahnmedizin - Best Medical Packages () finden.","og_url":"https:\/\/bestmedicalpackages.com\/de\/produkt\/kosmetische-zahnmedizin\/","og_site_name":"Best Medical Packages","article_modified_time":"2025-08-26T15:48:16+00:00","og_image":[{"width":800,"height":800,"url":"https:\/\/bestmedicalpackages.com\/wp-content\/uploads\/2025\/08\/cosmetic-dentistry.jpg","type":"image\/jpeg"}],"twitter_card":"summary_large_image","twitter_misc":{"Preis":"","Verf\u00fcgbarkeit":"Auf Lager"},"schema":{"@context":"https:\/\/schema.org","@graph":[{"@type":"WebPage","@id":"https:\/\/bestmedicalpackages.com\/de\/produkt\/kosmetische-zahnmedizin\/","url":"https:\/\/bestmedicalpackages.com\/de\/produkt\/kosmetische-zahnmedizin\/","name":"Kosmetische Zahnmedizin Chirurgie - Best Medical Packages ()","isPartOf":{"@id":"https:\/\/bestmedicalpackages.com\/de\/#website"},"primaryImageOfPage":{"@id":"https:\/\/bestmedicalpackages.com\/de\/produkt\/kosmetische-zahnmedizin\/#primaryimage"},"image":{"@id":"https:\/\/bestmedicalpackages.com\/de\/produkt\/kosmetische-zahnmedizin\/#primaryimage"},"thumbnailUrl":"https:\/\/bestmedical.b-cdn.net\/wp-content\/uploads\/2025\/08\/cosmetic-dentistry.jpg","datePublished":"2025-04-07T10:12:03+00:00","dateModified":"2025-08-26T15:48:16+00:00","description":"Sie k\u00f6nnen Informationen \u00fcber Kosmetische Zahnmedizin - Best Medical Packages () finden.","breadcrumb":{"@id":"https:\/\/bestmedicalpackages.com\/de\/produkt\/kosmetische-zahnmedizin\/#breadcrumb"},"inLanguage":"de","potentialAction":[{"@type":"ReadAction","target":["https:\/\/bestmedicalpackages.com\/de\/produkt\/kosmetische-zahnmedizin\/"]}]},{"@type":"ImageObject","inLanguage":"de","@id":"https:\/\/bestmedicalpackages.com\/de\/produkt\/kosmetische-zahnmedizin\/#primaryimage","url":"https:\/\/bestmedical.b-cdn.net\/wp-content\/uploads\/2025\/08\/cosmetic-dentistry.jpg","contentUrl":"https:\/\/bestmedical.b-cdn.net\/wp-content\/uploads\/2025\/08\/cosmetic-dentistry.jpg","width":800,"height":800,"caption":"cosmetic dentistry"},{"@type":"BreadcrumbList","@id":"https:\/\/bestmedicalpackages.com\/de\/produkt\/kosmetische-zahnmedizin\/#breadcrumb","itemListElement":[{"@type":"ListItem","position":1,"name":"Home of Best Medical Packages","item":"https:\/\/bestmedicalpackages.com\/de\/startseite\/"},{"@type":"ListItem","position":2,"name":"Procedures","item":"https:\/\/bestmedicalpackages.com\/procedures\/"},{"@type":"ListItem","position":3,"name":"Kosmetische Zahnmedizin"}]},{"@type":"WebSite","@id":"https:\/\/bestmedicalpackages.com\/de\/#website","url":"https:\/\/bestmedicalpackages.com\/de\/","name":"Best Medical Packages","description":"Best medical packages for male and female patients.","publisher":{"@id":"https:\/\/bestmedicalpackages.com\/de\/#organization"},"potentialAction":[{"@type":"SearchAction","target":{"@type":"EntryPoint","urlTemplate":"https:\/\/bestmedicalpackages.com\/de\/?s={search_term_string}"},"query-input":{"@type":"PropertyValueSpecification","valueRequired":true,"valueName":"search_term_string"}}],"inLanguage":"de"},{"@type":"Organization","@id":"https:\/\/bestmedicalpackages.com\/de\/#organization","name":"Best Medical Packages","url":"https:\/\/bestmedicalpackages.com\/de\/","logo":{"@type":"ImageObject","inLanguage":"de","@id":"https:\/\/bestmedicalpackages.com\/de\/#\/schema\/logo\/image\/","url":"https:\/\/bestmedicalpackages.com\/wp-content\/uploads\/2023\/02\/logo.png","contentUrl":"https:\/\/bestmedicalpackages.com\/wp-content\/uploads\/2023\/02\/logo.png","width":308,"height":106,"caption":"Best Medical Packages"},"image":{"@id":"https:\/\/bestmedicalpackages.com\/de\/#\/schema\/logo\/image\/"},"sameAs":["https:\/\/www.instagram.com\/medicalpackages\/"]}]},"product_price_currency":"USD","og_availability":"instock","product_availability":"instock","product_condition":"new"},"_links":{"self":[{"href":"https:\/\/bestmedicalpackages.com\/de\/wp-json\/wp\/v2\/product\/6786","targetHints":{"allow":["GET"]}}],"collection":[{"href":"https:\/\/bestmedicalpackages.com\/de\/wp-json\/wp\/v2\/product"}],"about":[{"href":"https:\/\/bestmedicalpackages.com\/de\/wp-json\/wp\/v2\/types\/product"}],"replies":[{"embeddable":true,"href":"https:\/\/bestmedicalpackages.com\/de\/wp-json\/wp\/v2\/comments?post=6786"}],"wp:featuredmedia":[{"embeddable":true,"href":"https:\/\/bestmedicalpackages.com\/de\/wp-json\/wp\/v2\/media\/6732"}],"wp:attachment":[{"href":"https:\/\/bestmedicalpackages.com\/de\/wp-json\/wp\/v2\/media?parent=6786"}],"wp:term":[{"taxonomy":"product_brand","embeddable":true,"href":"https:\/\/bestmedicalpackages.com\/de\/wp-json\/wp\/v2\/product_brand?post=6786"},{"taxonomy":"product_cat","embeddable":true,"href":"https:\/\/bestmedicalpackages.com\/de\/wp-json\/wp\/v2\/product_cat?post=6786"},{"taxonomy":"product_tag","embeddable":true,"href":"https:\/\/bestmedicalpackages.com\/de\/wp-json\/wp\/v2\/product_tag?post=6786"}],"curies":[{"name":"wp","href":"https:\/\/api.w.org\/{rel}","templated":true}]}}