{"id":6853,"date":"2025-06-27T14:40:21","date_gmt":"2025-06-27T11:40:21","guid":{"rendered":"https:\/\/new.bestmedicalpackages.com\/package\/augenbrauen-lifting\/"},"modified":"2025-08-26T18:46:56","modified_gmt":"2025-08-26T15:46:56","slug":"augenbrauen-lifting","status":"publish","type":"product","link":"https:\/\/bestmedicalpackages.com\/de\/produkt\/augenbrauen-lifting\/","title":{"rendered":"Augenbrauen-Lifting"},"content":{"rendered":"<p>Ein Augenbrauenlifting ist ein kosmetischer Eingriff, mit dem Falten, Knitterfalten und die Erschlaffung der Haut im Stirn- und Augenbrauenbereich reduziert werden k\u00f6nnen. Der Eingriff kann auch dazu verwendet werden, die Augenbrauen in eine jugendlichere Position zu bringen. W\u00e4hrend des Eingriffs macht ein plastischer Chirurg kleine Schnitte in der Kopfhaut und manipuliert dann die darunter liegenden Muskeln und Weichteile, um ein glatteres und jugendlicheres Aussehen zu erzielen. In einigen F\u00e4llen kann der Chirurg auch \u00fcbersch\u00fcssige Haut und Fett entfernen.   <\/p>\n","protected":false},"excerpt":{"rendered":"<ul>\n<li>Zertifiziertes Vorstandsmitglied Chirurg<\/li>\n<li>Online-Beratung vor der Operation<\/li>\n<li>K\u00f6rperliche Beratung<\/li>\n<li>Komplettes Blutbild<\/li>\n<li>Vollnarkose<\/li>\n<li>Medikamente<\/li>\n<li>Postoperative Kontrollen, Postoperatives Medizinisches Set<\/li>\n<li>Ma\u00dfgeschneiderter Patientenservice<\/li>\n<li>(Englisch, Franz\u00f6sisch, Spanisch, Italienisch)<\/li>\n<li>24\/7 Online-Unterst\u00fctzung<\/li>\n<\/ul>\n","protected":false},"featured_media":6657,"comment_status":"closed","ping_status":"closed","template":"","meta":[],"product_brand":[],"product_cat":[995],"product_tag":[163,1071,161,162],"class_list":{"0":"post-6853","1":"product","2":"type-product","3":"status-publish","4":"has-post-thumbnail","6":"product_cat-plastische-chirurgie","7":"product_tag-augenbraue","8":"product_tag-augenbrauen-lifting","9":"product_tag-istanbul-de","10":"product_tag-turkei","12":"first","13":"instock","14":"shipping-taxable","15":"product-type-simple"},"yoast_head":"<!-- This site is optimized with the Yoast SEO Premium plugin v22.1 (Yoast SEO v27.2) - https:\/\/yoast.com\/product\/yoast-seo-premium-wordpress\/ -->\n<title>Augenbrauen-Lifting Chirurgie - Best Medical Packages (2.800&#036;)<\/title>\n<meta name=\"description\" content=\"Sie k\u00f6nnen Informationen \u00fcber Augenbrauen-Lifting - Best Medical Packages (2.800&#036;) finden.\" \/>\n<meta name=\"robots\" content=\"index, follow, max-snippet:-1, max-image-preview:large, max-video-preview:-1\" \/>\n<link rel=\"canonical\" href=\"https:\/\/bestmedicalpackages.com\/de\/produkt\/augenbrauen-lifting\/\" \/>\n<meta property=\"og:locale\" content=\"de_DE\" \/>\n<meta property=\"og:type\" content=\"article\" \/>\n<meta property=\"og:title\" content=\"Augenbrauen-Lifting\" \/>\n<meta property=\"og:description\" content=\"Sie k\u00f6nnen Informationen \u00fcber Augenbrauen-Lifting - Best Medical Packages (2.800&#036;) finden.\" \/>\n<meta property=\"og:url\" content=\"https:\/\/bestmedicalpackages.com\/de\/produkt\/augenbrauen-lifting\/\" \/>\n<meta property=\"og:site_name\" content=\"Best Medical Packages\" \/>\n<meta property=\"article:modified_time\" content=\"2025-08-26T15:46:56+00:00\" \/>\n<meta property=\"og:image\" content=\"https:\/\/bestmedicalpackages.com\/wp-content\/uploads\/2023\/03\/brow-lift2.jpg\" \/>\n\t<meta property=\"og:image:width\" content=\"800\" \/>\n\t<meta property=\"og:image:height\" content=\"800\" \/>\n\t<meta property=\"og:image:type\" content=\"image\/jpeg\" \/>\n<meta name=\"twitter:card\" content=\"summary_large_image\" \/>\n<meta name=\"twitter:label1\" content=\"Preis\" \/>\n\t<meta name=\"twitter:data1\" content=\"2.800&#036;\" \/>\n\t<meta name=\"twitter:label2\" content=\"Verf\u00fcgbarkeit\" \/>\n\t<meta name=\"twitter:data2\" content=\"Auf Lager\" \/>\n<script type=\"application\/ld+json\" class=\"yoast-schema-graph\">{\"@context\":\"https:\/\/schema.org\",\"@graph\":[{\"@type\":\"WebPage\",\"@id\":\"https:\/\/bestmedicalpackages.com\/de\/produkt\/augenbrauen-lifting\/\",\"url\":\"https:\/\/bestmedicalpackages.com\/de\/produkt\/augenbrauen-lifting\/\",\"name\":\"Augenbrauen-Lifting Chirurgie - Best Medical Packages (2.800&#36;)\",\"isPartOf\":{\"@id\":\"https:\/\/bestmedicalpackages.com\/de\/#website\"},\"primaryImageOfPage\":{\"@id\":\"https:\/\/bestmedicalpackages.com\/de\/produkt\/augenbrauen-lifting\/#primaryimage\"},\"image\":{\"@id\":\"https:\/\/bestmedicalpackages.com\/de\/produkt\/augenbrauen-lifting\/#primaryimage\"},\"thumbnailUrl\":\"https:\/\/bestmedical.b-cdn.net\/wp-content\/uploads\/2023\/03\/brow-lift2.jpg\",\"datePublished\":\"2025-06-27T11:40:21+00:00\",\"dateModified\":\"2025-08-26T15:46:56+00:00\",\"description\":\"Sie k\u00f6nnen Informationen \u00fcber Augenbrauen-Lifting - Best Medical Packages (2.800&#36;) finden.\",\"breadcrumb\":{\"@id\":\"https:\/\/bestmedicalpackages.com\/de\/produkt\/augenbrauen-lifting\/#breadcrumb\"},\"inLanguage\":\"de\",\"potentialAction\":[{\"@type\":\"ReadAction\",\"target\":[\"https:\/\/bestmedicalpackages.com\/de\/produkt\/augenbrauen-lifting\/\"]}]},{\"@type\":\"ImageObject\",\"inLanguage\":\"de\",\"@id\":\"https:\/\/bestmedicalpackages.com\/de\/produkt\/augenbrauen-lifting\/#primaryimage\",\"url\":\"https:\/\/bestmedical.b-cdn.net\/wp-content\/uploads\/2023\/03\/brow-lift2.jpg\",\"contentUrl\":\"https:\/\/bestmedical.b-cdn.net\/wp-content\/uploads\/2023\/03\/brow-lift2.jpg\",\"width\":800,\"height\":800,\"caption\":\"brow lift2\"},{\"@type\":\"BreadcrumbList\",\"@id\":\"https:\/\/bestmedicalpackages.com\/de\/produkt\/augenbrauen-lifting\/#breadcrumb\",\"itemListElement\":[{\"@type\":\"ListItem\",\"position\":1,\"name\":\"Home of Best Medical Packages\",\"item\":\"https:\/\/bestmedicalpackages.com\/de\/startseite\/\"},{\"@type\":\"ListItem\",\"position\":2,\"name\":\"Procedures\",\"item\":\"https:\/\/bestmedicalpackages.com\/procedures\/\"},{\"@type\":\"ListItem\",\"position\":3,\"name\":\"Augenbrauen-Lifting\"}]},{\"@type\":\"WebSite\",\"@id\":\"https:\/\/bestmedicalpackages.com\/de\/#website\",\"url\":\"https:\/\/bestmedicalpackages.com\/de\/\",\"name\":\"Best Medical Packages\",\"description\":\"Best medical packages for male and female patients.\",\"publisher\":{\"@id\":\"https:\/\/bestmedicalpackages.com\/de\/#organization\"},\"potentialAction\":[{\"@type\":\"SearchAction\",\"target\":{\"@type\":\"EntryPoint\",\"urlTemplate\":\"https:\/\/bestmedicalpackages.com\/de\/?s={search_term_string}\"},\"query-input\":{\"@type\":\"PropertyValueSpecification\",\"valueRequired\":true,\"valueName\":\"search_term_string\"}}],\"inLanguage\":\"de\"},{\"@type\":\"Organization\",\"@id\":\"https:\/\/bestmedicalpackages.com\/de\/#organization\",\"name\":\"Best Medical Packages\",\"url\":\"https:\/\/bestmedicalpackages.com\/de\/\",\"logo\":{\"@type\":\"ImageObject\",\"inLanguage\":\"de\",\"@id\":\"https:\/\/bestmedicalpackages.com\/de\/#\/schema\/logo\/image\/\",\"url\":\"https:\/\/bestmedicalpackages.com\/wp-content\/uploads\/2023\/02\/logo.png\",\"contentUrl\":\"https:\/\/bestmedicalpackages.com\/wp-content\/uploads\/2023\/02\/logo.png\",\"width\":308,\"height\":106,\"caption\":\"Best Medical Packages\"},\"image\":{\"@id\":\"https:\/\/bestmedicalpackages.com\/de\/#\/schema\/logo\/image\/\"},\"sameAs\":[\"https:\/\/www.instagram.com\/medicalpackages\/\"]}]}<\/script>\n<meta property=\"product:price:amount\" content=\"2800\" \/>\n<meta property=\"product:price:currency\" content=\"USD\" \/>\n<meta property=\"og:availability\" content=\"instock\" \/>\n<meta property=\"product:availability\" content=\"instock\" \/>\n<meta property=\"product:condition\" content=\"new\" \/>\n<!-- \/ Yoast SEO Premium plugin. -->","yoast_head_json":{"title":"Augenbrauen-Lifting Chirurgie - Best Medical Packages (2.800&#36;)","description":"Sie k\u00f6nnen Informationen \u00fcber Augenbrauen-Lifting - Best Medical Packages (2.800&#36;) finden.","robots":{"index":"index","follow":"follow","max-snippet":"max-snippet:-1","max-image-preview":"max-image-preview:large","max-video-preview":"max-video-preview:-1"},"canonical":"https:\/\/bestmedicalpackages.com\/de\/produkt\/augenbrauen-lifting\/","og_locale":"de_DE","og_type":"article","og_title":"Augenbrauen-Lifting","og_description":"Sie k\u00f6nnen Informationen \u00fcber Augenbrauen-Lifting - Best Medical Packages (2.800&#36;) finden.","og_url":"https:\/\/bestmedicalpackages.com\/de\/produkt\/augenbrauen-lifting\/","og_site_name":"Best Medical Packages","article_modified_time":"2025-08-26T15:46:56+00:00","og_image":[{"width":800,"height":800,"url":"https:\/\/bestmedicalpackages.com\/wp-content\/uploads\/2023\/03\/brow-lift2.jpg","type":"image\/jpeg"}],"twitter_card":"summary_large_image","twitter_misc":{"Preis":"2.800&#36;","Verf\u00fcgbarkeit":"Auf Lager"},"schema":{"@context":"https:\/\/schema.org","@graph":[{"@type":"WebPage","@id":"https:\/\/bestmedicalpackages.com\/de\/produkt\/augenbrauen-lifting\/","url":"https:\/\/bestmedicalpackages.com\/de\/produkt\/augenbrauen-lifting\/","name":"Augenbrauen-Lifting Chirurgie - Best Medical Packages (2.800&#36;)","isPartOf":{"@id":"https:\/\/bestmedicalpackages.com\/de\/#website"},"primaryImageOfPage":{"@id":"https:\/\/bestmedicalpackages.com\/de\/produkt\/augenbrauen-lifting\/#primaryimage"},"image":{"@id":"https:\/\/bestmedicalpackages.com\/de\/produkt\/augenbrauen-lifting\/#primaryimage"},"thumbnailUrl":"https:\/\/bestmedical.b-cdn.net\/wp-content\/uploads\/2023\/03\/brow-lift2.jpg","datePublished":"2025-06-27T11:40:21+00:00","dateModified":"2025-08-26T15:46:56+00:00","description":"Sie k\u00f6nnen Informationen \u00fcber Augenbrauen-Lifting - Best Medical Packages (2.800&#36;) finden.","breadcrumb":{"@id":"https:\/\/bestmedicalpackages.com\/de\/produkt\/augenbrauen-lifting\/#breadcrumb"},"inLanguage":"de","potentialAction":[{"@type":"ReadAction","target":["https:\/\/bestmedicalpackages.com\/de\/produkt\/augenbrauen-lifting\/"]}]},{"@type":"ImageObject","inLanguage":"de","@id":"https:\/\/bestmedicalpackages.com\/de\/produkt\/augenbrauen-lifting\/#primaryimage","url":"https:\/\/bestmedical.b-cdn.net\/wp-content\/uploads\/2023\/03\/brow-lift2.jpg","contentUrl":"https:\/\/bestmedical.b-cdn.net\/wp-content\/uploads\/2023\/03\/brow-lift2.jpg","width":800,"height":800,"caption":"brow lift2"},{"@type":"BreadcrumbList","@id":"https:\/\/bestmedicalpackages.com\/de\/produkt\/augenbrauen-lifting\/#breadcrumb","itemListElement":[{"@type":"ListItem","position":1,"name":"Home of Best Medical Packages","item":"https:\/\/bestmedicalpackages.com\/de\/startseite\/"},{"@type":"ListItem","position":2,"name":"Procedures","item":"https:\/\/bestmedicalpackages.com\/procedures\/"},{"@type":"ListItem","position":3,"name":"Augenbrauen-Lifting"}]},{"@type":"WebSite","@id":"https:\/\/bestmedicalpackages.com\/de\/#website","url":"https:\/\/bestmedicalpackages.com\/de\/","name":"Best Medical Packages","description":"Best medical packages for male and female patients.","publisher":{"@id":"https:\/\/bestmedicalpackages.com\/de\/#organization"},"potentialAction":[{"@type":"SearchAction","target":{"@type":"EntryPoint","urlTemplate":"https:\/\/bestmedicalpackages.com\/de\/?s={search_term_string}"},"query-input":{"@type":"PropertyValueSpecification","valueRequired":true,"valueName":"search_term_string"}}],"inLanguage":"de"},{"@type":"Organization","@id":"https:\/\/bestmedicalpackages.com\/de\/#organization","name":"Best Medical Packages","url":"https:\/\/bestmedicalpackages.com\/de\/","logo":{"@type":"ImageObject","inLanguage":"de","@id":"https:\/\/bestmedicalpackages.com\/de\/#\/schema\/logo\/image\/","url":"https:\/\/bestmedicalpackages.com\/wp-content\/uploads\/2023\/02\/logo.png","contentUrl":"https:\/\/bestmedicalpackages.com\/wp-content\/uploads\/2023\/02\/logo.png","width":308,"height":106,"caption":"Best Medical Packages"},"image":{"@id":"https:\/\/bestmedicalpackages.com\/de\/#\/schema\/logo\/image\/"},"sameAs":["https:\/\/www.instagram.com\/medicalpackages\/"]}]},"product_price_amount":"2800","product_price_currency":"USD","og_availability":"instock","product_availability":"instock","product_condition":"new"},"_links":{"self":[{"href":"https:\/\/bestmedicalpackages.com\/de\/wp-json\/wp\/v2\/product\/6853","targetHints":{"allow":["GET"]}}],"collection":[{"href":"https:\/\/bestmedicalpackages.com\/de\/wp-json\/wp\/v2\/product"}],"about":[{"href":"https:\/\/bestmedicalpackages.com\/de\/wp-json\/wp\/v2\/types\/product"}],"replies":[{"embeddable":true,"href":"https:\/\/bestmedicalpackages.com\/de\/wp-json\/wp\/v2\/comments?post=6853"}],"wp:featuredmedia":[{"embeddable":true,"href":"https:\/\/bestmedicalpackages.com\/de\/wp-json\/wp\/v2\/media\/6657"}],"wp:attachment":[{"href":"https:\/\/bestmedicalpackages.com\/de\/wp-json\/wp\/v2\/media?parent=6853"}],"wp:term":[{"taxonomy":"product_brand","embeddable":true,"href":"https:\/\/bestmedicalpackages.com\/de\/wp-json\/wp\/v2\/product_brand?post=6853"},{"taxonomy":"product_cat","embeddable":true,"href":"https:\/\/bestmedicalpackages.com\/de\/wp-json\/wp\/v2\/product_cat?post=6853"},{"taxonomy":"product_tag","embeddable":true,"href":"https:\/\/bestmedicalpackages.com\/de\/wp-json\/wp\/v2\/product_tag?post=6853"}],"curies":[{"name":"wp","href":"https:\/\/api.w.org\/{rel}","templated":true}]}}