{"id":6872,"date":"2025-07-23T14:23:07","date_gmt":"2025-07-23T11:23:07","guid":{"rendered":"https:\/\/new.bestmedicalpackages.com\/package\/kinn-kiefer-implantat\/"},"modified":"2025-08-26T18:46:37","modified_gmt":"2025-08-26T15:46:37","slug":"kinn-kiefer-implantat","status":"publish","type":"product","link":"https:\/\/bestmedicalpackages.com\/de\/produkt\/kinn-kiefer-implantat\/","title":{"rendered":"Kinn &amp; Kiefer Implantat"},"content":{"rendered":"<p>Ein Kinnimplantat, auch bekannt als Genioplastik oder Kinnaugmentation, ist ein chirurgischer Eingriff, der darauf abzielt, die Gr\u00f6\u00dfe und Projektion des Kinns zu verbessern. Diese \u00e4sthetische Operation beinhaltet das Einsetzen eines Implantats, um die Balance und Proportionen der Gesichtsz\u00fcge, insbesondere des Profils, zu optimieren.<br \/>\nEin Kieferimplantat, auch als Unterkieferaugmentation oder Kieferlinienaugmentation bezeichnet, ist ein \u00e4sthetisch-chirurgischer Eingriff, der die Gr\u00f6\u00dfe und Definition des Kiefers verbessern soll. Diese chirurgische Intervention umfasst das Einsetzen eines Implantats zur Vergr\u00f6\u00dferung des Unterkiefers, wodurch eine st\u00e4rker konturierte und definierte Kieferlinie erzielt wird. Das Ziel besteht darin, durch die Verbesserung der Proportionen des unteren Gesichtsbereichs eine harmonische und ausgewogene Gesichts\u00e4sthetik zu schaffen.   <\/p>\n","protected":false},"excerpt":{"rendered":"<ul>\n<li>Zertifiziertes Vorstandsmitglied Chirurg<\/li>\n<li>Online-Beratung vor der Operation<\/li>\n<li>K\u00f6rperliche Beratung<\/li>\n<li>Komplettes Blutbild<\/li>\n<li>Vollnarkose<\/li>\n<li>Medikamente<\/li>\n<li>Postoperative Kontrollen, Postoperatives Medizinisches Set<\/li>\n<li>Ma\u00dfgeschneiderter Patientenservice<\/li>\n<li>(Englisch, Franz\u00f6sisch, Spanisch, Italienisch)<\/li>\n<li>24\/7 Online-Unterst\u00fctzung<\/li>\n<\/ul>\n","protected":false},"featured_media":6637,"comment_status":"open","ping_status":"closed","template":"","meta":[],"product_brand":[],"product_cat":[995],"product_tag":[161,219,206,162],"class_list":{"0":"post-6872","1":"product","2":"type-product","3":"status-publish","4":"has-post-thumbnail","6":"product_cat-plastische-chirurgie","7":"product_tag-istanbul-de","8":"product_tag-kieferimplantat","9":"product_tag-kinn-implantat","10":"product_tag-turkei","12":"first","13":"instock","14":"shipping-taxable","15":"product-type-simple"},"yoast_head":"<!-- This site is optimized with the Yoast SEO Premium plugin v22.1 (Yoast SEO v27.2) - https:\/\/yoast.com\/product\/yoast-seo-premium-wordpress\/ -->\n<title>Kinn &amp; Kiefer Implantat Chirurgie - Best Medical Packages (10.100&#036;)<\/title>\n<meta name=\"description\" content=\"Sie k\u00f6nnen Informationen \u00fcber Kinn &amp; Kiefer Implantat - Best Medical Packages (10.100&#036;) finden.\" \/>\n<meta name=\"robots\" content=\"index, follow, max-snippet:-1, max-image-preview:large, max-video-preview:-1\" \/>\n<link rel=\"canonical\" href=\"https:\/\/bestmedicalpackages.com\/de\/produkt\/kinn-kiefer-implantat\/\" \/>\n<meta property=\"og:locale\" content=\"de_DE\" \/>\n<meta property=\"og:type\" content=\"article\" \/>\n<meta property=\"og:title\" content=\"Kinn &amp; Kiefer Implantat\" \/>\n<meta property=\"og:description\" content=\"Sie k\u00f6nnen Informationen \u00fcber Kinn &amp; Kiefer Implantat - Best Medical Packages (10.100&#036;) finden.\" \/>\n<meta property=\"og:url\" content=\"https:\/\/bestmedicalpackages.com\/de\/produkt\/kinn-kiefer-implantat\/\" \/>\n<meta property=\"og:site_name\" content=\"Best Medical Packages\" \/>\n<meta property=\"article:modified_time\" content=\"2025-08-26T15:46:37+00:00\" \/>\n<meta property=\"og:image\" content=\"https:\/\/bestmedicalpackages.com\/wp-content\/uploads\/2024\/01\/chin-jaw-implant-2.jpg\" \/>\n\t<meta property=\"og:image:width\" content=\"800\" \/>\n\t<meta property=\"og:image:height\" content=\"800\" \/>\n\t<meta property=\"og:image:type\" content=\"image\/jpeg\" \/>\n<meta name=\"twitter:card\" content=\"summary_large_image\" \/>\n<meta name=\"twitter:label1\" content=\"Preis\" \/>\n\t<meta name=\"twitter:data1\" content=\"10.100&#036;\" \/>\n\t<meta name=\"twitter:label2\" content=\"Verf\u00fcgbarkeit\" \/>\n\t<meta name=\"twitter:data2\" content=\"Auf Lager\" \/>\n<script type=\"application\/ld+json\" class=\"yoast-schema-graph\">{\"@context\":\"https:\/\/schema.org\",\"@graph\":[{\"@type\":\"WebPage\",\"@id\":\"https:\/\/bestmedicalpackages.com\/de\/produkt\/kinn-kiefer-implantat\/\",\"url\":\"https:\/\/bestmedicalpackages.com\/de\/produkt\/kinn-kiefer-implantat\/\",\"name\":\"Kinn &amp; Kiefer Implantat Chirurgie - Best Medical Packages (10.100&#36;)\",\"isPartOf\":{\"@id\":\"https:\/\/bestmedicalpackages.com\/de\/#website\"},\"primaryImageOfPage\":{\"@id\":\"https:\/\/bestmedicalpackages.com\/de\/produkt\/kinn-kiefer-implantat\/#primaryimage\"},\"image\":{\"@id\":\"https:\/\/bestmedicalpackages.com\/de\/produkt\/kinn-kiefer-implantat\/#primaryimage\"},\"thumbnailUrl\":\"https:\/\/bestmedical.b-cdn.net\/wp-content\/uploads\/2024\/01\/chin-jaw-implant-2.jpg\",\"datePublished\":\"2025-07-23T11:23:07+00:00\",\"dateModified\":\"2025-08-26T15:46:37+00:00\",\"description\":\"Sie k\u00f6nnen Informationen \u00fcber Kinn &amp; Kiefer Implantat - Best Medical Packages (10.100&#36;) finden.\",\"breadcrumb\":{\"@id\":\"https:\/\/bestmedicalpackages.com\/de\/produkt\/kinn-kiefer-implantat\/#breadcrumb\"},\"inLanguage\":\"de\",\"potentialAction\":[{\"@type\":\"ReadAction\",\"target\":[\"https:\/\/bestmedicalpackages.com\/de\/produkt\/kinn-kiefer-implantat\/\"]}]},{\"@type\":\"ImageObject\",\"inLanguage\":\"de\",\"@id\":\"https:\/\/bestmedicalpackages.com\/de\/produkt\/kinn-kiefer-implantat\/#primaryimage\",\"url\":\"https:\/\/bestmedical.b-cdn.net\/wp-content\/uploads\/2024\/01\/chin-jaw-implant-2.jpg\",\"contentUrl\":\"https:\/\/bestmedical.b-cdn.net\/wp-content\/uploads\/2024\/01\/chin-jaw-implant-2.jpg\",\"width\":800,\"height\":800,\"caption\":\"chin jaw implant 2\"},{\"@type\":\"BreadcrumbList\",\"@id\":\"https:\/\/bestmedicalpackages.com\/de\/produkt\/kinn-kiefer-implantat\/#breadcrumb\",\"itemListElement\":[{\"@type\":\"ListItem\",\"position\":1,\"name\":\"Home of Best Medical Packages\",\"item\":\"https:\/\/bestmedicalpackages.com\/de\/startseite\/\"},{\"@type\":\"ListItem\",\"position\":2,\"name\":\"Procedures\",\"item\":\"https:\/\/bestmedicalpackages.com\/procedures\/\"},{\"@type\":\"ListItem\",\"position\":3,\"name\":\"Kinn &amp; Kiefer Implantat\"}]},{\"@type\":\"WebSite\",\"@id\":\"https:\/\/bestmedicalpackages.com\/de\/#website\",\"url\":\"https:\/\/bestmedicalpackages.com\/de\/\",\"name\":\"Best Medical Packages\",\"description\":\"Best medical packages for male and female patients.\",\"publisher\":{\"@id\":\"https:\/\/bestmedicalpackages.com\/de\/#organization\"},\"potentialAction\":[{\"@type\":\"SearchAction\",\"target\":{\"@type\":\"EntryPoint\",\"urlTemplate\":\"https:\/\/bestmedicalpackages.com\/de\/?s={search_term_string}\"},\"query-input\":{\"@type\":\"PropertyValueSpecification\",\"valueRequired\":true,\"valueName\":\"search_term_string\"}}],\"inLanguage\":\"de\"},{\"@type\":\"Organization\",\"@id\":\"https:\/\/bestmedicalpackages.com\/de\/#organization\",\"name\":\"Best Medical Packages\",\"url\":\"https:\/\/bestmedicalpackages.com\/de\/\",\"logo\":{\"@type\":\"ImageObject\",\"inLanguage\":\"de\",\"@id\":\"https:\/\/bestmedicalpackages.com\/de\/#\/schema\/logo\/image\/\",\"url\":\"https:\/\/bestmedicalpackages.com\/wp-content\/uploads\/2023\/02\/logo.png\",\"contentUrl\":\"https:\/\/bestmedicalpackages.com\/wp-content\/uploads\/2023\/02\/logo.png\",\"width\":308,\"height\":106,\"caption\":\"Best Medical Packages\"},\"image\":{\"@id\":\"https:\/\/bestmedicalpackages.com\/de\/#\/schema\/logo\/image\/\"},\"sameAs\":[\"https:\/\/www.instagram.com\/medicalpackages\/\"]}]}<\/script>\n<meta property=\"product:price:amount\" content=\"10100\" \/>\n<meta property=\"product:price:currency\" content=\"USD\" \/>\n<meta property=\"og:availability\" content=\"instock\" \/>\n<meta property=\"product:availability\" content=\"instock\" \/>\n<meta property=\"product:condition\" content=\"new\" \/>\n<!-- \/ Yoast SEO Premium plugin. -->","yoast_head_json":{"title":"Kinn &amp; Kiefer Implantat Chirurgie - Best Medical Packages (10.100&#36;)","description":"Sie k\u00f6nnen Informationen \u00fcber Kinn &amp; Kiefer Implantat - Best Medical Packages (10.100&#36;) finden.","robots":{"index":"index","follow":"follow","max-snippet":"max-snippet:-1","max-image-preview":"max-image-preview:large","max-video-preview":"max-video-preview:-1"},"canonical":"https:\/\/bestmedicalpackages.com\/de\/produkt\/kinn-kiefer-implantat\/","og_locale":"de_DE","og_type":"article","og_title":"Kinn &amp; Kiefer Implantat","og_description":"Sie k\u00f6nnen Informationen \u00fcber Kinn &amp; Kiefer Implantat - Best Medical Packages (10.100&#36;) finden.","og_url":"https:\/\/bestmedicalpackages.com\/de\/produkt\/kinn-kiefer-implantat\/","og_site_name":"Best Medical Packages","article_modified_time":"2025-08-26T15:46:37+00:00","og_image":[{"width":800,"height":800,"url":"https:\/\/bestmedicalpackages.com\/wp-content\/uploads\/2024\/01\/chin-jaw-implant-2.jpg","type":"image\/jpeg"}],"twitter_card":"summary_large_image","twitter_misc":{"Preis":"10.100&#36;","Verf\u00fcgbarkeit":"Auf Lager"},"schema":{"@context":"https:\/\/schema.org","@graph":[{"@type":"WebPage","@id":"https:\/\/bestmedicalpackages.com\/de\/produkt\/kinn-kiefer-implantat\/","url":"https:\/\/bestmedicalpackages.com\/de\/produkt\/kinn-kiefer-implantat\/","name":"Kinn &amp; Kiefer Implantat Chirurgie - Best Medical Packages (10.100&#36;)","isPartOf":{"@id":"https:\/\/bestmedicalpackages.com\/de\/#website"},"primaryImageOfPage":{"@id":"https:\/\/bestmedicalpackages.com\/de\/produkt\/kinn-kiefer-implantat\/#primaryimage"},"image":{"@id":"https:\/\/bestmedicalpackages.com\/de\/produkt\/kinn-kiefer-implantat\/#primaryimage"},"thumbnailUrl":"https:\/\/bestmedical.b-cdn.net\/wp-content\/uploads\/2024\/01\/chin-jaw-implant-2.jpg","datePublished":"2025-07-23T11:23:07+00:00","dateModified":"2025-08-26T15:46:37+00:00","description":"Sie k\u00f6nnen Informationen \u00fcber Kinn &amp; Kiefer Implantat - Best Medical Packages (10.100&#36;) finden.","breadcrumb":{"@id":"https:\/\/bestmedicalpackages.com\/de\/produkt\/kinn-kiefer-implantat\/#breadcrumb"},"inLanguage":"de","potentialAction":[{"@type":"ReadAction","target":["https:\/\/bestmedicalpackages.com\/de\/produkt\/kinn-kiefer-implantat\/"]}]},{"@type":"ImageObject","inLanguage":"de","@id":"https:\/\/bestmedicalpackages.com\/de\/produkt\/kinn-kiefer-implantat\/#primaryimage","url":"https:\/\/bestmedical.b-cdn.net\/wp-content\/uploads\/2024\/01\/chin-jaw-implant-2.jpg","contentUrl":"https:\/\/bestmedical.b-cdn.net\/wp-content\/uploads\/2024\/01\/chin-jaw-implant-2.jpg","width":800,"height":800,"caption":"chin jaw implant 2"},{"@type":"BreadcrumbList","@id":"https:\/\/bestmedicalpackages.com\/de\/produkt\/kinn-kiefer-implantat\/#breadcrumb","itemListElement":[{"@type":"ListItem","position":1,"name":"Home of Best Medical Packages","item":"https:\/\/bestmedicalpackages.com\/de\/startseite\/"},{"@type":"ListItem","position":2,"name":"Procedures","item":"https:\/\/bestmedicalpackages.com\/procedures\/"},{"@type":"ListItem","position":3,"name":"Kinn &amp; Kiefer Implantat"}]},{"@type":"WebSite","@id":"https:\/\/bestmedicalpackages.com\/de\/#website","url":"https:\/\/bestmedicalpackages.com\/de\/","name":"Best Medical Packages","description":"Best medical packages for male and female patients.","publisher":{"@id":"https:\/\/bestmedicalpackages.com\/de\/#organization"},"potentialAction":[{"@type":"SearchAction","target":{"@type":"EntryPoint","urlTemplate":"https:\/\/bestmedicalpackages.com\/de\/?s={search_term_string}"},"query-input":{"@type":"PropertyValueSpecification","valueRequired":true,"valueName":"search_term_string"}}],"inLanguage":"de"},{"@type":"Organization","@id":"https:\/\/bestmedicalpackages.com\/de\/#organization","name":"Best Medical Packages","url":"https:\/\/bestmedicalpackages.com\/de\/","logo":{"@type":"ImageObject","inLanguage":"de","@id":"https:\/\/bestmedicalpackages.com\/de\/#\/schema\/logo\/image\/","url":"https:\/\/bestmedicalpackages.com\/wp-content\/uploads\/2023\/02\/logo.png","contentUrl":"https:\/\/bestmedicalpackages.com\/wp-content\/uploads\/2023\/02\/logo.png","width":308,"height":106,"caption":"Best Medical Packages"},"image":{"@id":"https:\/\/bestmedicalpackages.com\/de\/#\/schema\/logo\/image\/"},"sameAs":["https:\/\/www.instagram.com\/medicalpackages\/"]}]},"product_price_amount":"10100","product_price_currency":"USD","og_availability":"instock","product_availability":"instock","product_condition":"new"},"_links":{"self":[{"href":"https:\/\/bestmedicalpackages.com\/de\/wp-json\/wp\/v2\/product\/6872","targetHints":{"allow":["GET"]}}],"collection":[{"href":"https:\/\/bestmedicalpackages.com\/de\/wp-json\/wp\/v2\/product"}],"about":[{"href":"https:\/\/bestmedicalpackages.com\/de\/wp-json\/wp\/v2\/types\/product"}],"replies":[{"embeddable":true,"href":"https:\/\/bestmedicalpackages.com\/de\/wp-json\/wp\/v2\/comments?post=6872"}],"wp:featuredmedia":[{"embeddable":true,"href":"https:\/\/bestmedicalpackages.com\/de\/wp-json\/wp\/v2\/media\/6637"}],"wp:attachment":[{"href":"https:\/\/bestmedicalpackages.com\/de\/wp-json\/wp\/v2\/media?parent=6872"}],"wp:term":[{"taxonomy":"product_brand","embeddable":true,"href":"https:\/\/bestmedicalpackages.com\/de\/wp-json\/wp\/v2\/product_brand?post=6872"},{"taxonomy":"product_cat","embeddable":true,"href":"https:\/\/bestmedicalpackages.com\/de\/wp-json\/wp\/v2\/product_cat?post=6872"},{"taxonomy":"product_tag","embeddable":true,"href":"https:\/\/bestmedicalpackages.com\/de\/wp-json\/wp\/v2\/product_tag?post=6872"}],"curies":[{"name":"wp","href":"https:\/\/api.w.org\/{rel}","templated":true}]}}