{"id":6969,"date":"2025-08-07T17:35:52","date_gmt":"2025-08-07T14:35:52","guid":{"rendered":"https:\/\/new.bestmedicalpackages.com\/package\/hals-lipo\/"},"modified":"2025-12-05T09:48:44","modified_gmt":"2025-12-05T06:48:44","slug":"hals-lipo","status":"publish","type":"product","link":"https:\/\/bestmedicalpackages.com\/de\/produkt\/hals-lipo\/","title":{"rendered":"Hals-Lipo"},"content":{"rendered":"<p>Die Halsfettabsaugung ist ein kosmetisches Verfahren zur Entfernung von \u00fcbersch\u00fcssigem Fett im Hals- und Kinnbereich. Der Eingriff wird in der Regel unter \u00f6rtlicher Bet\u00e4ubung oder Vollnarkose durchgef\u00fchrt. Das bedeutet, dass nur der Behandlungsbereich mit bet\u00e4ubenden Medikamenten bet\u00e4ubt wird und der Patient w\u00e4hrend des Eingriffs wach ist oder schl\u00e4ft. W\u00e4hrend des Eingriffs wird eine lange, d\u00fcnne Kan\u00fcle (R\u00f6hre) durch kleine Hautinzisionen eingef\u00fchrt, um das \u00fcbersch\u00fcssige Fettgewebe abzusaugen. Die Prozedur nimmt \u00fcblicherweise etwa eine Stunde in Anspruch und resultiert in der Regel in einer verbesserten Halskontur sowie einer deutlicher definierten Kieferlinie.<\/p>\n","protected":false},"excerpt":{"rendered":"<ul>\n<li>Zertifiziertes Vorstandsmitglied Chirurg<\/li>\n<li>Online-Beratung vor der Operation<\/li>\n<li>K\u00f6rperliche Beratung<\/li>\n<li>Komplettes Blutbild<\/li>\n<li>Vollnarkose<\/li>\n<li>Medikamente<\/li>\n<li>Postoperative Kontrollen, Postoperatives Medizinisches Set<\/li>\n<li>Ma\u00dfgeschneiderter Patientenservice<\/li>\n<li>(Englisch, Franz\u00f6sisch, Spanisch, Italienisch)<\/li>\n<li>24\/7 Online-Unterst\u00fctzung<\/li>\n<\/ul>\n","protected":false},"featured_media":6662,"comment_status":"closed","ping_status":"closed","template":"","meta":[],"product_brand":[],"product_cat":[995],"product_tag":[207,964,161,165,162],"class_list":{"0":"post-6969","1":"product","2":"type-product","3":"status-publish","4":"has-post-thumbnail","6":"product_cat-plastische-chirurgie","7":"product_tag-hals-lipo","8":"product_tag-halsliposuktion","9":"product_tag-istanbul-de","10":"product_tag-nacken","11":"product_tag-turkei","13":"first","14":"instock","15":"shipping-taxable","16":"product-type-simple"},"yoast_head":"<!-- This site is optimized with the Yoast SEO Premium plugin v22.1 (Yoast SEO v27.2) - https:\/\/yoast.com\/product\/yoast-seo-premium-wordpress\/ -->\n<title>Hals-Lipo Best Medical Packages<\/title>\n<meta name=\"description\" content=\"Sie k\u00f6nnen Informationen \u00fcber Hals-Lipo - Best Medical Packages (2.400&#036;) finden.\" \/>\n<meta name=\"robots\" content=\"index, follow, max-snippet:-1, max-image-preview:large, max-video-preview:-1\" \/>\n<link rel=\"canonical\" href=\"https:\/\/bestmedicalpackages.com\/de\/produkt\/hals-lipo\/\" \/>\n<meta property=\"og:locale\" content=\"de_DE\" \/>\n<meta property=\"og:type\" content=\"article\" \/>\n<meta property=\"og:title\" content=\"Hals-Lipo\" \/>\n<meta property=\"og:description\" content=\"Sie k\u00f6nnen Informationen \u00fcber Hals-Lipo - Best Medical Packages (2.400&#036;) finden.\" \/>\n<meta property=\"og:url\" content=\"https:\/\/bestmedicalpackages.com\/de\/produkt\/hals-lipo\/\" \/>\n<meta property=\"og:site_name\" content=\"Best Medical Packages\" \/>\n<meta property=\"article:modified_time\" content=\"2025-12-05T06:48:44+00:00\" \/>\n<meta property=\"og:image\" content=\"https:\/\/bestmedicalpackages.com\/wp-content\/uploads\/2023\/03\/neck-lipo.jpg\" \/>\n\t<meta property=\"og:image:width\" content=\"800\" \/>\n\t<meta property=\"og:image:height\" content=\"800\" \/>\n\t<meta property=\"og:image:type\" content=\"image\/jpeg\" \/>\n<meta name=\"twitter:card\" content=\"summary_large_image\" \/>\n<meta name=\"twitter:label1\" content=\"Preis\" \/>\n\t<meta name=\"twitter:data1\" content=\"2.400&#036;\" \/>\n\t<meta name=\"twitter:label2\" content=\"Verf\u00fcgbarkeit\" \/>\n\t<meta name=\"twitter:data2\" content=\"Auf Lager\" \/>\n<script type=\"application\/ld+json\" class=\"yoast-schema-graph\">{\"@context\":\"https:\/\/schema.org\",\"@graph\":[{\"@type\":\"WebPage\",\"@id\":\"https:\/\/bestmedicalpackages.com\/de\/produkt\/hals-lipo\/\",\"url\":\"https:\/\/bestmedicalpackages.com\/de\/produkt\/hals-lipo\/\",\"name\":\"Hals-Lipo Best Medical Packages\",\"isPartOf\":{\"@id\":\"https:\/\/bestmedicalpackages.com\/de\/#website\"},\"primaryImageOfPage\":{\"@id\":\"https:\/\/bestmedicalpackages.com\/de\/produkt\/hals-lipo\/#primaryimage\"},\"image\":{\"@id\":\"https:\/\/bestmedicalpackages.com\/de\/produkt\/hals-lipo\/#primaryimage\"},\"thumbnailUrl\":\"https:\/\/bestmedical.b-cdn.net\/wp-content\/uploads\/2023\/03\/neck-lipo.jpg\",\"datePublished\":\"2025-08-07T14:35:52+00:00\",\"dateModified\":\"2025-12-05T06:48:44+00:00\",\"description\":\"Sie k\u00f6nnen Informationen \u00fcber Hals-Lipo - Best Medical Packages (2.400&#36;) finden.\",\"breadcrumb\":{\"@id\":\"https:\/\/bestmedicalpackages.com\/de\/produkt\/hals-lipo\/#breadcrumb\"},\"inLanguage\":\"de\",\"potentialAction\":[{\"@type\":\"ReadAction\",\"target\":[\"https:\/\/bestmedicalpackages.com\/de\/produkt\/hals-lipo\/\"]}]},{\"@type\":\"ImageObject\",\"inLanguage\":\"de\",\"@id\":\"https:\/\/bestmedicalpackages.com\/de\/produkt\/hals-lipo\/#primaryimage\",\"url\":\"https:\/\/bestmedical.b-cdn.net\/wp-content\/uploads\/2023\/03\/neck-lipo.jpg\",\"contentUrl\":\"https:\/\/bestmedical.b-cdn.net\/wp-content\/uploads\/2023\/03\/neck-lipo.jpg\",\"width\":800,\"height\":800,\"caption\":\"neck lipo\"},{\"@type\":\"BreadcrumbList\",\"@id\":\"https:\/\/bestmedicalpackages.com\/de\/produkt\/hals-lipo\/#breadcrumb\",\"itemListElement\":[{\"@type\":\"ListItem\",\"position\":1,\"name\":\"Home of Best Medical Packages\",\"item\":\"https:\/\/bestmedicalpackages.com\/de\/startseite\/\"},{\"@type\":\"ListItem\",\"position\":2,\"name\":\"Procedures\",\"item\":\"https:\/\/bestmedicalpackages.com\/procedures\/\"},{\"@type\":\"ListItem\",\"position\":3,\"name\":\"Hals-Lipo\"}]},{\"@type\":\"WebSite\",\"@id\":\"https:\/\/bestmedicalpackages.com\/de\/#website\",\"url\":\"https:\/\/bestmedicalpackages.com\/de\/\",\"name\":\"Best Medical Packages\",\"description\":\"Best medical packages for male and female patients.\",\"publisher\":{\"@id\":\"https:\/\/bestmedicalpackages.com\/de\/#organization\"},\"potentialAction\":[{\"@type\":\"SearchAction\",\"target\":{\"@type\":\"EntryPoint\",\"urlTemplate\":\"https:\/\/bestmedicalpackages.com\/de\/?s={search_term_string}\"},\"query-input\":{\"@type\":\"PropertyValueSpecification\",\"valueRequired\":true,\"valueName\":\"search_term_string\"}}],\"inLanguage\":\"de\"},{\"@type\":\"Organization\",\"@id\":\"https:\/\/bestmedicalpackages.com\/de\/#organization\",\"name\":\"Best Medical Packages\",\"url\":\"https:\/\/bestmedicalpackages.com\/de\/\",\"logo\":{\"@type\":\"ImageObject\",\"inLanguage\":\"de\",\"@id\":\"https:\/\/bestmedicalpackages.com\/de\/#\/schema\/logo\/image\/\",\"url\":\"https:\/\/bestmedicalpackages.com\/wp-content\/uploads\/2023\/02\/logo.png\",\"contentUrl\":\"https:\/\/bestmedicalpackages.com\/wp-content\/uploads\/2023\/02\/logo.png\",\"width\":308,\"height\":106,\"caption\":\"Best Medical Packages\"},\"image\":{\"@id\":\"https:\/\/bestmedicalpackages.com\/de\/#\/schema\/logo\/image\/\"},\"sameAs\":[\"https:\/\/www.instagram.com\/medicalpackages\/\"]}]}<\/script>\n<meta property=\"product:price:amount\" content=\"2400\" \/>\n<meta property=\"product:price:currency\" content=\"USD\" \/>\n<meta property=\"og:availability\" content=\"instock\" \/>\n<meta property=\"product:availability\" content=\"instock\" \/>\n<meta property=\"product:condition\" content=\"new\" \/>\n<!-- \/ Yoast SEO Premium plugin. -->","yoast_head_json":{"title":"Hals-Lipo Best Medical Packages","description":"Sie k\u00f6nnen Informationen \u00fcber Hals-Lipo - Best Medical Packages (2.400&#36;) finden.","robots":{"index":"index","follow":"follow","max-snippet":"max-snippet:-1","max-image-preview":"max-image-preview:large","max-video-preview":"max-video-preview:-1"},"canonical":"https:\/\/bestmedicalpackages.com\/de\/produkt\/hals-lipo\/","og_locale":"de_DE","og_type":"article","og_title":"Hals-Lipo","og_description":"Sie k\u00f6nnen Informationen \u00fcber Hals-Lipo - Best Medical Packages (2.400&#36;) finden.","og_url":"https:\/\/bestmedicalpackages.com\/de\/produkt\/hals-lipo\/","og_site_name":"Best Medical Packages","article_modified_time":"2025-12-05T06:48:44+00:00","og_image":[{"width":800,"height":800,"url":"https:\/\/bestmedicalpackages.com\/wp-content\/uploads\/2023\/03\/neck-lipo.jpg","type":"image\/jpeg"}],"twitter_card":"summary_large_image","twitter_misc":{"Preis":"2.400&#36;","Verf\u00fcgbarkeit":"Auf Lager"},"schema":{"@context":"https:\/\/schema.org","@graph":[{"@type":"WebPage","@id":"https:\/\/bestmedicalpackages.com\/de\/produkt\/hals-lipo\/","url":"https:\/\/bestmedicalpackages.com\/de\/produkt\/hals-lipo\/","name":"Hals-Lipo Best Medical Packages","isPartOf":{"@id":"https:\/\/bestmedicalpackages.com\/de\/#website"},"primaryImageOfPage":{"@id":"https:\/\/bestmedicalpackages.com\/de\/produkt\/hals-lipo\/#primaryimage"},"image":{"@id":"https:\/\/bestmedicalpackages.com\/de\/produkt\/hals-lipo\/#primaryimage"},"thumbnailUrl":"https:\/\/bestmedical.b-cdn.net\/wp-content\/uploads\/2023\/03\/neck-lipo.jpg","datePublished":"2025-08-07T14:35:52+00:00","dateModified":"2025-12-05T06:48:44+00:00","description":"Sie k\u00f6nnen Informationen \u00fcber Hals-Lipo - Best Medical Packages (2.400&#36;) finden.","breadcrumb":{"@id":"https:\/\/bestmedicalpackages.com\/de\/produkt\/hals-lipo\/#breadcrumb"},"inLanguage":"de","potentialAction":[{"@type":"ReadAction","target":["https:\/\/bestmedicalpackages.com\/de\/produkt\/hals-lipo\/"]}]},{"@type":"ImageObject","inLanguage":"de","@id":"https:\/\/bestmedicalpackages.com\/de\/produkt\/hals-lipo\/#primaryimage","url":"https:\/\/bestmedical.b-cdn.net\/wp-content\/uploads\/2023\/03\/neck-lipo.jpg","contentUrl":"https:\/\/bestmedical.b-cdn.net\/wp-content\/uploads\/2023\/03\/neck-lipo.jpg","width":800,"height":800,"caption":"neck lipo"},{"@type":"BreadcrumbList","@id":"https:\/\/bestmedicalpackages.com\/de\/produkt\/hals-lipo\/#breadcrumb","itemListElement":[{"@type":"ListItem","position":1,"name":"Home of Best Medical Packages","item":"https:\/\/bestmedicalpackages.com\/de\/startseite\/"},{"@type":"ListItem","position":2,"name":"Procedures","item":"https:\/\/bestmedicalpackages.com\/procedures\/"},{"@type":"ListItem","position":3,"name":"Hals-Lipo"}]},{"@type":"WebSite","@id":"https:\/\/bestmedicalpackages.com\/de\/#website","url":"https:\/\/bestmedicalpackages.com\/de\/","name":"Best Medical Packages","description":"Best medical packages for male and female patients.","publisher":{"@id":"https:\/\/bestmedicalpackages.com\/de\/#organization"},"potentialAction":[{"@type":"SearchAction","target":{"@type":"EntryPoint","urlTemplate":"https:\/\/bestmedicalpackages.com\/de\/?s={search_term_string}"},"query-input":{"@type":"PropertyValueSpecification","valueRequired":true,"valueName":"search_term_string"}}],"inLanguage":"de"},{"@type":"Organization","@id":"https:\/\/bestmedicalpackages.com\/de\/#organization","name":"Best Medical Packages","url":"https:\/\/bestmedicalpackages.com\/de\/","logo":{"@type":"ImageObject","inLanguage":"de","@id":"https:\/\/bestmedicalpackages.com\/de\/#\/schema\/logo\/image\/","url":"https:\/\/bestmedicalpackages.com\/wp-content\/uploads\/2023\/02\/logo.png","contentUrl":"https:\/\/bestmedicalpackages.com\/wp-content\/uploads\/2023\/02\/logo.png","width":308,"height":106,"caption":"Best Medical Packages"},"image":{"@id":"https:\/\/bestmedicalpackages.com\/de\/#\/schema\/logo\/image\/"},"sameAs":["https:\/\/www.instagram.com\/medicalpackages\/"]}]},"product_price_amount":"2400","product_price_currency":"USD","og_availability":"instock","product_availability":"instock","product_condition":"new"},"_links":{"self":[{"href":"https:\/\/bestmedicalpackages.com\/de\/wp-json\/wp\/v2\/product\/6969","targetHints":{"allow":["GET"]}}],"collection":[{"href":"https:\/\/bestmedicalpackages.com\/de\/wp-json\/wp\/v2\/product"}],"about":[{"href":"https:\/\/bestmedicalpackages.com\/de\/wp-json\/wp\/v2\/types\/product"}],"replies":[{"embeddable":true,"href":"https:\/\/bestmedicalpackages.com\/de\/wp-json\/wp\/v2\/comments?post=6969"}],"wp:featuredmedia":[{"embeddable":true,"href":"https:\/\/bestmedicalpackages.com\/de\/wp-json\/wp\/v2\/media\/6662"}],"wp:attachment":[{"href":"https:\/\/bestmedicalpackages.com\/de\/wp-json\/wp\/v2\/media?parent=6969"}],"wp:term":[{"taxonomy":"product_brand","embeddable":true,"href":"https:\/\/bestmedicalpackages.com\/de\/wp-json\/wp\/v2\/product_brand?post=6969"},{"taxonomy":"product_cat","embeddable":true,"href":"https:\/\/bestmedicalpackages.com\/de\/wp-json\/wp\/v2\/product_cat?post=6969"},{"taxonomy":"product_tag","embeddable":true,"href":"https:\/\/bestmedicalpackages.com\/de\/wp-json\/wp\/v2\/product_tag?post=6969"}],"curies":[{"name":"wp","href":"https:\/\/api.w.org\/{rel}","templated":true}]}}