{"id":6974,"date":"2025-08-08T22:09:14","date_gmt":"2025-08-08T19:09:14","guid":{"rendered":"https:\/\/new.bestmedicalpackages.com\/package\/blepharoplastik\/"},"modified":"2025-08-27T17:52:08","modified_gmt":"2025-08-27T14:52:08","slug":"blepharoplastik","status":"publish","type":"product","link":"https:\/\/bestmedicalpackages.com\/de\/produkt\/blepharoplastik\/","title":{"rendered":"Blepharoplastik &#8211; Vollst\u00e4ndige Entfernung der Augenlider"},"content":{"rendered":"<p>Die Blepharoplastik, auch bekannt als Augenlidchirurgie, ist ein kosmetischer oder medizinischer Eingriff zur Verj\u00fcngung des Aussehens der Augen durch die Entfernung von \u00fcbersch\u00fcssiger Haut, Fett oder Muskeln an den oberen und\/oder unteren Augenlidern. Diese Operation kann Schlupflider, Tr\u00e4nens\u00e4cke und Schwellungen behandeln und den Patienten zu einem jugendlicheren und erfrischteren Aussehen verhelfen. Er kann auch die Sicht verbessern, wenn erschlaffte Haut das Sichtfeld behindert. Der Eingriff wird in der Regel unter \u00f6rtlicher Bet\u00e4ubung oder Vollnarkose durchgef\u00fchrt. Die Narbenbildung ist minimal, da die Schnitte entlang der nat\u00fcrlichen Lidfalten gesetzt werden. Die Genesung ist in der Regel mit leichten Schwellungen und Bluterg\u00fcssen f\u00fcr ein oder zwei Wochen verbunden. Die meisten Patienten k\u00f6nnen ihre normalen Aktivit\u00e4ten innerhalb von 10-14 Tagen wieder aufnehmen. Ideale Kandidaten sind Nichtraucher bei guter Gesundheit und mit realistischen Erwartungen. Die Beratung durch einen zertifizierten plastischen Chirurgen gew\u00e4hrleistet eine pers\u00f6nliche Betreuung und optimale Ergebnisse, die auf Ihre \u00e4sthetischen Ziele zugeschnitten sind.      <\/p>\n","protected":false},"excerpt":{"rendered":"<ul>\n<li>Zertifiziertes Vorstandsmitglied Chirurg<\/li>\n<li>Online-Beratung vor der Operation<\/li>\n<li>K\u00f6rperliche Beratung<\/li>\n<li>Komplettes Blutbild<\/li>\n<li>Vollnarkose<\/li>\n<li>Medikamente<\/li>\n<li>Postoperative Kontrollen, Postoperatives Medizinisches Set<\/li>\n<li>Ma\u00dfgeschneiderter Patientenservice<\/li>\n<li>(Englisch, Franz\u00f6sisch, Spanisch, Italienisch)<\/li>\n<li>24\/7 Online-Unterst\u00fctzung<\/li>\n<\/ul>\n","protected":false},"featured_media":7356,"comment_status":"open","ping_status":"closed","template":"","meta":[],"product_brand":[],"product_cat":[995],"product_tag":[960,161,196],"class_list":{"0":"post-6974","1":"product","2":"type-product","3":"status-publish","4":"has-post-thumbnail","6":"product_cat-plastische-chirurgie","7":"product_tag-augenlidchirurgie","8":"product_tag-istanbul-de","9":"product_tag-unteres-augenlid","11":"first","12":"instock","13":"shipping-taxable","14":"product-type-simple"},"yoast_head":"<!-- This site is optimized with the Yoast SEO Premium plugin v22.1 (Yoast SEO v27.2) - https:\/\/yoast.com\/product\/yoast-seo-premium-wordpress\/ -->\n<title>Blepharoplastik - Vollst\u00e4ndige Entfernung der Augenlider Chirurgie - Best Medical Packages (2.900&#036;)<\/title>\n<meta name=\"description\" content=\"Sie k\u00f6nnen Informationen \u00fcber Blepharoplastik - Vollst\u00e4ndige Entfernung der Augenlider - Best Medical Packages (2.900&#036;) finden.\" \/>\n<meta name=\"robots\" content=\"index, follow, max-snippet:-1, max-image-preview:large, max-video-preview:-1\" \/>\n<link rel=\"canonical\" href=\"https:\/\/bestmedicalpackages.com\/de\/produkt\/blepharoplastik\/\" \/>\n<meta property=\"og:locale\" content=\"de_DE\" \/>\n<meta property=\"og:type\" content=\"article\" \/>\n<meta property=\"og:title\" content=\"Blepharoplastik - Vollst\u00e4ndige Entfernung der Augenlider\" \/>\n<meta property=\"og:description\" content=\"Sie k\u00f6nnen Informationen \u00fcber Blepharoplastik - Vollst\u00e4ndige Entfernung der Augenlider - Best Medical Packages (2.900&#036;) finden.\" \/>\n<meta property=\"og:url\" content=\"https:\/\/bestmedicalpackages.com\/de\/produkt\/blepharoplastik\/\" \/>\n<meta property=\"og:site_name\" content=\"Best Medical Packages\" \/>\n<meta property=\"article:modified_time\" content=\"2025-08-27T14:52:08+00:00\" \/>\n<meta property=\"og:image\" content=\"https:\/\/bestmedicalpackages.com\/wp-content\/uploads\/2025\/08\/Blepharoplasty-1.jpg\" \/>\n\t<meta property=\"og:image:width\" content=\"843\" \/>\n\t<meta property=\"og:image:height\" content=\"843\" \/>\n\t<meta property=\"og:image:type\" content=\"image\/jpeg\" \/>\n<meta name=\"twitter:card\" content=\"summary_large_image\" \/>\n<meta name=\"twitter:label1\" content=\"Preis\" \/>\n\t<meta name=\"twitter:data1\" content=\"2.900&#036;\" \/>\n\t<meta name=\"twitter:label2\" content=\"Verf\u00fcgbarkeit\" \/>\n\t<meta name=\"twitter:data2\" content=\"Auf Lager\" \/>\n<script type=\"application\/ld+json\" class=\"yoast-schema-graph\">{\"@context\":\"https:\/\/schema.org\",\"@graph\":[{\"@type\":\"WebPage\",\"@id\":\"https:\/\/bestmedicalpackages.com\/de\/produkt\/blepharoplastik\/\",\"url\":\"https:\/\/bestmedicalpackages.com\/de\/produkt\/blepharoplastik\/\",\"name\":\"Blepharoplastik - Vollst\u00e4ndige Entfernung der Augenlider Chirurgie - Best Medical Packages (2.900&#36;)\",\"isPartOf\":{\"@id\":\"https:\/\/bestmedicalpackages.com\/de\/#website\"},\"primaryImageOfPage\":{\"@id\":\"https:\/\/bestmedicalpackages.com\/de\/produkt\/blepharoplastik\/#primaryimage\"},\"image\":{\"@id\":\"https:\/\/bestmedicalpackages.com\/de\/produkt\/blepharoplastik\/#primaryimage\"},\"thumbnailUrl\":\"https:\/\/bestmedical.b-cdn.net\/wp-content\/uploads\/2025\/08\/Blepharoplasty-1.jpg\",\"datePublished\":\"2025-08-08T19:09:14+00:00\",\"dateModified\":\"2025-08-27T14:52:08+00:00\",\"description\":\"Sie k\u00f6nnen Informationen \u00fcber Blepharoplastik - Vollst\u00e4ndige Entfernung der Augenlider - Best Medical Packages (2.900&#36;) finden.\",\"breadcrumb\":{\"@id\":\"https:\/\/bestmedicalpackages.com\/de\/produkt\/blepharoplastik\/#breadcrumb\"},\"inLanguage\":\"de\",\"potentialAction\":[{\"@type\":\"ReadAction\",\"target\":[\"https:\/\/bestmedicalpackages.com\/de\/produkt\/blepharoplastik\/\"]}]},{\"@type\":\"ImageObject\",\"inLanguage\":\"de\",\"@id\":\"https:\/\/bestmedicalpackages.com\/de\/produkt\/blepharoplastik\/#primaryimage\",\"url\":\"https:\/\/bestmedical.b-cdn.net\/wp-content\/uploads\/2025\/08\/Blepharoplasty-1.jpg\",\"contentUrl\":\"https:\/\/bestmedical.b-cdn.net\/wp-content\/uploads\/2025\/08\/Blepharoplasty-1.jpg\",\"width\":843,\"height\":843,\"caption\":\"Blepharoplasty 1\"},{\"@type\":\"BreadcrumbList\",\"@id\":\"https:\/\/bestmedicalpackages.com\/de\/produkt\/blepharoplastik\/#breadcrumb\",\"itemListElement\":[{\"@type\":\"ListItem\",\"position\":1,\"name\":\"Home of Best Medical Packages\",\"item\":\"https:\/\/bestmedicalpackages.com\/de\/startseite\/\"},{\"@type\":\"ListItem\",\"position\":2,\"name\":\"Procedures\",\"item\":\"https:\/\/bestmedicalpackages.com\/procedures\/\"},{\"@type\":\"ListItem\",\"position\":3,\"name\":\"Blepharoplastik &#8211; Vollst\u00e4ndige Entfernung der Augenlider\"}]},{\"@type\":\"WebSite\",\"@id\":\"https:\/\/bestmedicalpackages.com\/de\/#website\",\"url\":\"https:\/\/bestmedicalpackages.com\/de\/\",\"name\":\"Best Medical Packages\",\"description\":\"Best medical packages for male and female patients.\",\"publisher\":{\"@id\":\"https:\/\/bestmedicalpackages.com\/de\/#organization\"},\"potentialAction\":[{\"@type\":\"SearchAction\",\"target\":{\"@type\":\"EntryPoint\",\"urlTemplate\":\"https:\/\/bestmedicalpackages.com\/de\/?s={search_term_string}\"},\"query-input\":{\"@type\":\"PropertyValueSpecification\",\"valueRequired\":true,\"valueName\":\"search_term_string\"}}],\"inLanguage\":\"de\"},{\"@type\":\"Organization\",\"@id\":\"https:\/\/bestmedicalpackages.com\/de\/#organization\",\"name\":\"Best Medical Packages\",\"url\":\"https:\/\/bestmedicalpackages.com\/de\/\",\"logo\":{\"@type\":\"ImageObject\",\"inLanguage\":\"de\",\"@id\":\"https:\/\/bestmedicalpackages.com\/de\/#\/schema\/logo\/image\/\",\"url\":\"https:\/\/bestmedicalpackages.com\/wp-content\/uploads\/2023\/02\/logo.png\",\"contentUrl\":\"https:\/\/bestmedicalpackages.com\/wp-content\/uploads\/2023\/02\/logo.png\",\"width\":308,\"height\":106,\"caption\":\"Best Medical Packages\"},\"image\":{\"@id\":\"https:\/\/bestmedicalpackages.com\/de\/#\/schema\/logo\/image\/\"},\"sameAs\":[\"https:\/\/www.instagram.com\/medicalpackages\/\"]}]}<\/script>\n<meta property=\"product:price:amount\" content=\"2900\" \/>\n<meta property=\"product:price:currency\" content=\"USD\" \/>\n<meta property=\"og:availability\" content=\"instock\" \/>\n<meta property=\"product:availability\" content=\"instock\" \/>\n<meta property=\"product:condition\" content=\"new\" \/>\n<!-- \/ Yoast SEO Premium plugin. -->","yoast_head_json":{"title":"Blepharoplastik - Vollst\u00e4ndige Entfernung der Augenlider Chirurgie - Best Medical Packages (2.900&#36;)","description":"Sie k\u00f6nnen Informationen \u00fcber Blepharoplastik - Vollst\u00e4ndige Entfernung der Augenlider - Best Medical Packages (2.900&#36;) finden.","robots":{"index":"index","follow":"follow","max-snippet":"max-snippet:-1","max-image-preview":"max-image-preview:large","max-video-preview":"max-video-preview:-1"},"canonical":"https:\/\/bestmedicalpackages.com\/de\/produkt\/blepharoplastik\/","og_locale":"de_DE","og_type":"article","og_title":"Blepharoplastik - Vollst\u00e4ndige Entfernung der Augenlider","og_description":"Sie k\u00f6nnen Informationen \u00fcber Blepharoplastik - Vollst\u00e4ndige Entfernung der Augenlider - Best Medical Packages (2.900&#36;) finden.","og_url":"https:\/\/bestmedicalpackages.com\/de\/produkt\/blepharoplastik\/","og_site_name":"Best Medical Packages","article_modified_time":"2025-08-27T14:52:08+00:00","og_image":[{"width":843,"height":843,"url":"https:\/\/bestmedicalpackages.com\/wp-content\/uploads\/2025\/08\/Blepharoplasty-1.jpg","type":"image\/jpeg"}],"twitter_card":"summary_large_image","twitter_misc":{"Preis":"2.900&#36;","Verf\u00fcgbarkeit":"Auf Lager"},"schema":{"@context":"https:\/\/schema.org","@graph":[{"@type":"WebPage","@id":"https:\/\/bestmedicalpackages.com\/de\/produkt\/blepharoplastik\/","url":"https:\/\/bestmedicalpackages.com\/de\/produkt\/blepharoplastik\/","name":"Blepharoplastik - Vollst\u00e4ndige Entfernung der Augenlider Chirurgie - Best Medical Packages (2.900&#36;)","isPartOf":{"@id":"https:\/\/bestmedicalpackages.com\/de\/#website"},"primaryImageOfPage":{"@id":"https:\/\/bestmedicalpackages.com\/de\/produkt\/blepharoplastik\/#primaryimage"},"image":{"@id":"https:\/\/bestmedicalpackages.com\/de\/produkt\/blepharoplastik\/#primaryimage"},"thumbnailUrl":"https:\/\/bestmedical.b-cdn.net\/wp-content\/uploads\/2025\/08\/Blepharoplasty-1.jpg","datePublished":"2025-08-08T19:09:14+00:00","dateModified":"2025-08-27T14:52:08+00:00","description":"Sie k\u00f6nnen Informationen \u00fcber Blepharoplastik - Vollst\u00e4ndige Entfernung der Augenlider - Best Medical Packages (2.900&#36;) finden.","breadcrumb":{"@id":"https:\/\/bestmedicalpackages.com\/de\/produkt\/blepharoplastik\/#breadcrumb"},"inLanguage":"de","potentialAction":[{"@type":"ReadAction","target":["https:\/\/bestmedicalpackages.com\/de\/produkt\/blepharoplastik\/"]}]},{"@type":"ImageObject","inLanguage":"de","@id":"https:\/\/bestmedicalpackages.com\/de\/produkt\/blepharoplastik\/#primaryimage","url":"https:\/\/bestmedical.b-cdn.net\/wp-content\/uploads\/2025\/08\/Blepharoplasty-1.jpg","contentUrl":"https:\/\/bestmedical.b-cdn.net\/wp-content\/uploads\/2025\/08\/Blepharoplasty-1.jpg","width":843,"height":843,"caption":"Blepharoplasty 1"},{"@type":"BreadcrumbList","@id":"https:\/\/bestmedicalpackages.com\/de\/produkt\/blepharoplastik\/#breadcrumb","itemListElement":[{"@type":"ListItem","position":1,"name":"Home of Best Medical Packages","item":"https:\/\/bestmedicalpackages.com\/de\/startseite\/"},{"@type":"ListItem","position":2,"name":"Procedures","item":"https:\/\/bestmedicalpackages.com\/procedures\/"},{"@type":"ListItem","position":3,"name":"Blepharoplastik &#8211; Vollst\u00e4ndige Entfernung der Augenlider"}]},{"@type":"WebSite","@id":"https:\/\/bestmedicalpackages.com\/de\/#website","url":"https:\/\/bestmedicalpackages.com\/de\/","name":"Best Medical Packages","description":"Best medical packages for male and female patients.","publisher":{"@id":"https:\/\/bestmedicalpackages.com\/de\/#organization"},"potentialAction":[{"@type":"SearchAction","target":{"@type":"EntryPoint","urlTemplate":"https:\/\/bestmedicalpackages.com\/de\/?s={search_term_string}"},"query-input":{"@type":"PropertyValueSpecification","valueRequired":true,"valueName":"search_term_string"}}],"inLanguage":"de"},{"@type":"Organization","@id":"https:\/\/bestmedicalpackages.com\/de\/#organization","name":"Best Medical Packages","url":"https:\/\/bestmedicalpackages.com\/de\/","logo":{"@type":"ImageObject","inLanguage":"de","@id":"https:\/\/bestmedicalpackages.com\/de\/#\/schema\/logo\/image\/","url":"https:\/\/bestmedicalpackages.com\/wp-content\/uploads\/2023\/02\/logo.png","contentUrl":"https:\/\/bestmedicalpackages.com\/wp-content\/uploads\/2023\/02\/logo.png","width":308,"height":106,"caption":"Best Medical Packages"},"image":{"@id":"https:\/\/bestmedicalpackages.com\/de\/#\/schema\/logo\/image\/"},"sameAs":["https:\/\/www.instagram.com\/medicalpackages\/"]}]},"product_price_amount":"2900","product_price_currency":"USD","og_availability":"instock","product_availability":"instock","product_condition":"new"},"_links":{"self":[{"href":"https:\/\/bestmedicalpackages.com\/de\/wp-json\/wp\/v2\/product\/6974","targetHints":{"allow":["GET"]}}],"collection":[{"href":"https:\/\/bestmedicalpackages.com\/de\/wp-json\/wp\/v2\/product"}],"about":[{"href":"https:\/\/bestmedicalpackages.com\/de\/wp-json\/wp\/v2\/types\/product"}],"replies":[{"embeddable":true,"href":"https:\/\/bestmedicalpackages.com\/de\/wp-json\/wp\/v2\/comments?post=6974"}],"wp:featuredmedia":[{"embeddable":true,"href":"https:\/\/bestmedicalpackages.com\/de\/wp-json\/wp\/v2\/media\/7356"}],"wp:attachment":[{"href":"https:\/\/bestmedicalpackages.com\/de\/wp-json\/wp\/v2\/media?parent=6974"}],"wp:term":[{"taxonomy":"product_brand","embeddable":true,"href":"https:\/\/bestmedicalpackages.com\/de\/wp-json\/wp\/v2\/product_brand?post=6974"},{"taxonomy":"product_cat","embeddable":true,"href":"https:\/\/bestmedicalpackages.com\/de\/wp-json\/wp\/v2\/product_cat?post=6974"},{"taxonomy":"product_tag","embeddable":true,"href":"https:\/\/bestmedicalpackages.com\/de\/wp-json\/wp\/v2\/product_tag?post=6974"}],"curies":[{"name":"wp","href":"https:\/\/api.w.org\/{rel}","templated":true}]}}