{"id":7005,"date":"2025-08-14T15:14:35","date_gmt":"2025-08-14T12:14:35","guid":{"rendered":"https:\/\/new.bestmedicalpackages.com\/package\/armstraffung-fettabsaugung\/"},"modified":"2025-08-27T11:25:35","modified_gmt":"2025-08-27T08:25:35","slug":"armstraffung-fettabsaugung","status":"publish","type":"product","link":"https:\/\/bestmedicalpackages.com\/de\/produkt\/armstraffung-fettabsaugung\/","title":{"rendered":"Armstraffung &amp; Fettabsaugung"},"content":{"rendered":"<p>Die Oberarmstraffung, auch bekannt als Brachioplastik, ist ein chirurgischer Eingriff zur Umformung und Reduktion von erschlaffter Haut an den Oberarmen. Dieses Verfahren kann eingesetzt werden, um \u00fcbersch\u00fcssiges Fett und Haut in diesem Bereich zu reduzieren und den Armen ein strafferes und konturierteres Erscheinungsbild zu verleihen. In Verbindung mit einer Oberarmstraffung kann eine Liposuktion durchgef\u00fchrt werden, um hartn\u00e4ckige Fettablagerungen zu entfernen, die sich m\u00f6glicherweise als resistent gegen\u00fcber Di\u00e4t und k\u00f6rperlicher Bet\u00e4tigung erwiesen haben.<\/p>\n","protected":false},"excerpt":{"rendered":"<ul>\n<li>Zertifiziertes Vorstandsmitglied Chirurg<\/li>\n<li>Online-Beratung vor der Operation<\/li>\n<li>K\u00f6rperliche Beratung<\/li>\n<li>Komplettes Blutbild<\/li>\n<li>Vollnarkose<\/li>\n<li>Medikamente<\/li>\n<li>Postoperative Kontrollen, Postoperatives Medizinisches Set<\/li>\n<li>Ma\u00dfgeschneiderter Patientenservice<\/li>\n<li>(Englisch, Franz\u00f6sisch, Spanisch, Italienisch)<\/li>\n<li>24\/7 Online-Unterst\u00fctzung<\/li>\n<\/ul>\n","protected":false},"featured_media":8515,"comment_status":"open","ping_status":"closed","template":"","meta":[],"product_brand":[],"product_cat":[995],"product_tag":[274,286,161,162],"class_list":{"0":"post-7005","1":"product","2":"type-product","3":"status-publish","4":"has-post-thumbnail","6":"product_cat-plastische-chirurgie","7":"product_tag-arm-de","8":"product_tag-arm-heben","9":"product_tag-istanbul-de","10":"product_tag-turkei","12":"first","13":"instock","14":"shipping-taxable","15":"product-type-simple"},"yoast_head":"<!-- This site is optimized with the Yoast SEO Premium plugin v22.1 (Yoast SEO v27.2) - https:\/\/yoast.com\/product\/yoast-seo-premium-wordpress\/ -->\n<title>Armstraffung &amp; Fettabsaugung Chirurgie - Best Medical Packages (4.700&#036;)<\/title>\n<meta name=\"description\" content=\"Sie k\u00f6nnen Informationen \u00fcber Armstraffung &amp; Fettabsaugung - Best Medical Packages (4.700&#036;) finden.\" \/>\n<meta name=\"robots\" content=\"index, follow, max-snippet:-1, max-image-preview:large, max-video-preview:-1\" \/>\n<link rel=\"canonical\" href=\"https:\/\/bestmedicalpackages.com\/de\/produkt\/armstraffung-fettabsaugung\/\" \/>\n<meta property=\"og:locale\" content=\"de_DE\" \/>\n<meta property=\"og:type\" content=\"article\" \/>\n<meta property=\"og:title\" content=\"Armstraffung &amp; Fettabsaugung\" \/>\n<meta property=\"og:description\" content=\"Sie k\u00f6nnen Informationen \u00fcber Armstraffung &amp; Fettabsaugung - Best Medical Packages (4.700&#036;) finden.\" \/>\n<meta property=\"og:url\" content=\"https:\/\/bestmedicalpackages.com\/de\/produkt\/armstraffung-fettabsaugung\/\" \/>\n<meta property=\"og:site_name\" content=\"Best Medical Packages\" \/>\n<meta property=\"article:modified_time\" content=\"2025-08-27T08:25:35+00:00\" \/>\n<meta property=\"og:image\" content=\"https:\/\/bestmedicalpackages.com\/wp-content\/uploads\/2025\/08\/armlift.jpg\" \/>\n\t<meta property=\"og:image:width\" content=\"800\" \/>\n\t<meta property=\"og:image:height\" content=\"800\" \/>\n\t<meta property=\"og:image:type\" content=\"image\/jpeg\" \/>\n<meta name=\"twitter:card\" content=\"summary_large_image\" \/>\n<meta name=\"twitter:label1\" content=\"Preis\" \/>\n\t<meta name=\"twitter:data1\" content=\"4.700&#036;\" \/>\n\t<meta name=\"twitter:label2\" content=\"Verf\u00fcgbarkeit\" \/>\n\t<meta name=\"twitter:data2\" content=\"Auf Lager\" \/>\n<script type=\"application\/ld+json\" class=\"yoast-schema-graph\">{\"@context\":\"https:\/\/schema.org\",\"@graph\":[{\"@type\":\"WebPage\",\"@id\":\"https:\/\/bestmedicalpackages.com\/de\/produkt\/armstraffung-fettabsaugung\/\",\"url\":\"https:\/\/bestmedicalpackages.com\/de\/produkt\/armstraffung-fettabsaugung\/\",\"name\":\"Armstraffung &amp; Fettabsaugung Chirurgie - Best Medical Packages (4.700&#36;)\",\"isPartOf\":{\"@id\":\"https:\/\/bestmedicalpackages.com\/de\/#website\"},\"primaryImageOfPage\":{\"@id\":\"https:\/\/bestmedicalpackages.com\/de\/produkt\/armstraffung-fettabsaugung\/#primaryimage\"},\"image\":{\"@id\":\"https:\/\/bestmedicalpackages.com\/de\/produkt\/armstraffung-fettabsaugung\/#primaryimage\"},\"thumbnailUrl\":\"https:\/\/bestmedical.b-cdn.net\/wp-content\/uploads\/2025\/08\/armlift.jpg\",\"datePublished\":\"2025-08-14T12:14:35+00:00\",\"dateModified\":\"2025-08-27T08:25:35+00:00\",\"description\":\"Sie k\u00f6nnen Informationen \u00fcber Armstraffung &amp; Fettabsaugung - Best Medical Packages (4.700&#36;) finden.\",\"breadcrumb\":{\"@id\":\"https:\/\/bestmedicalpackages.com\/de\/produkt\/armstraffung-fettabsaugung\/#breadcrumb\"},\"inLanguage\":\"de\",\"potentialAction\":[{\"@type\":\"ReadAction\",\"target\":[\"https:\/\/bestmedicalpackages.com\/de\/produkt\/armstraffung-fettabsaugung\/\"]}]},{\"@type\":\"ImageObject\",\"inLanguage\":\"de\",\"@id\":\"https:\/\/bestmedicalpackages.com\/de\/produkt\/armstraffung-fettabsaugung\/#primaryimage\",\"url\":\"https:\/\/bestmedical.b-cdn.net\/wp-content\/uploads\/2025\/08\/armlift.jpg\",\"contentUrl\":\"https:\/\/bestmedical.b-cdn.net\/wp-content\/uploads\/2025\/08\/armlift.jpg\",\"width\":800,\"height\":800,\"caption\":\"armlift\"},{\"@type\":\"BreadcrumbList\",\"@id\":\"https:\/\/bestmedicalpackages.com\/de\/produkt\/armstraffung-fettabsaugung\/#breadcrumb\",\"itemListElement\":[{\"@type\":\"ListItem\",\"position\":1,\"name\":\"Home of Best Medical Packages\",\"item\":\"https:\/\/bestmedicalpackages.com\/de\/startseite\/\"},{\"@type\":\"ListItem\",\"position\":2,\"name\":\"Procedures\",\"item\":\"https:\/\/bestmedicalpackages.com\/procedures\/\"},{\"@type\":\"ListItem\",\"position\":3,\"name\":\"Armstraffung &amp; Fettabsaugung\"}]},{\"@type\":\"WebSite\",\"@id\":\"https:\/\/bestmedicalpackages.com\/de\/#website\",\"url\":\"https:\/\/bestmedicalpackages.com\/de\/\",\"name\":\"Best Medical Packages\",\"description\":\"Best medical packages for male and female patients.\",\"publisher\":{\"@id\":\"https:\/\/bestmedicalpackages.com\/de\/#organization\"},\"potentialAction\":[{\"@type\":\"SearchAction\",\"target\":{\"@type\":\"EntryPoint\",\"urlTemplate\":\"https:\/\/bestmedicalpackages.com\/de\/?s={search_term_string}\"},\"query-input\":{\"@type\":\"PropertyValueSpecification\",\"valueRequired\":true,\"valueName\":\"search_term_string\"}}],\"inLanguage\":\"de\"},{\"@type\":\"Organization\",\"@id\":\"https:\/\/bestmedicalpackages.com\/de\/#organization\",\"name\":\"Best Medical Packages\",\"url\":\"https:\/\/bestmedicalpackages.com\/de\/\",\"logo\":{\"@type\":\"ImageObject\",\"inLanguage\":\"de\",\"@id\":\"https:\/\/bestmedicalpackages.com\/de\/#\/schema\/logo\/image\/\",\"url\":\"https:\/\/bestmedicalpackages.com\/wp-content\/uploads\/2023\/02\/logo.png\",\"contentUrl\":\"https:\/\/bestmedicalpackages.com\/wp-content\/uploads\/2023\/02\/logo.png\",\"width\":308,\"height\":106,\"caption\":\"Best Medical Packages\"},\"image\":{\"@id\":\"https:\/\/bestmedicalpackages.com\/de\/#\/schema\/logo\/image\/\"},\"sameAs\":[\"https:\/\/www.instagram.com\/medicalpackages\/\"]}]}<\/script>\n<meta property=\"product:price:amount\" content=\"4700\" \/>\n<meta property=\"product:price:currency\" content=\"USD\" \/>\n<meta property=\"og:availability\" content=\"instock\" \/>\n<meta property=\"product:availability\" content=\"instock\" \/>\n<meta property=\"product:condition\" content=\"new\" \/>\n<!-- \/ Yoast SEO Premium plugin. -->","yoast_head_json":{"title":"Armstraffung &amp; Fettabsaugung Chirurgie - Best Medical Packages (4.700&#36;)","description":"Sie k\u00f6nnen Informationen \u00fcber Armstraffung &amp; Fettabsaugung - Best Medical Packages (4.700&#36;) finden.","robots":{"index":"index","follow":"follow","max-snippet":"max-snippet:-1","max-image-preview":"max-image-preview:large","max-video-preview":"max-video-preview:-1"},"canonical":"https:\/\/bestmedicalpackages.com\/de\/produkt\/armstraffung-fettabsaugung\/","og_locale":"de_DE","og_type":"article","og_title":"Armstraffung &amp; Fettabsaugung","og_description":"Sie k\u00f6nnen Informationen \u00fcber Armstraffung &amp; Fettabsaugung - Best Medical Packages (4.700&#36;) finden.","og_url":"https:\/\/bestmedicalpackages.com\/de\/produkt\/armstraffung-fettabsaugung\/","og_site_name":"Best Medical Packages","article_modified_time":"2025-08-27T08:25:35+00:00","og_image":[{"width":800,"height":800,"url":"https:\/\/bestmedicalpackages.com\/wp-content\/uploads\/2025\/08\/armlift.jpg","type":"image\/jpeg"}],"twitter_card":"summary_large_image","twitter_misc":{"Preis":"4.700&#36;","Verf\u00fcgbarkeit":"Auf Lager"},"schema":{"@context":"https:\/\/schema.org","@graph":[{"@type":"WebPage","@id":"https:\/\/bestmedicalpackages.com\/de\/produkt\/armstraffung-fettabsaugung\/","url":"https:\/\/bestmedicalpackages.com\/de\/produkt\/armstraffung-fettabsaugung\/","name":"Armstraffung &amp; Fettabsaugung Chirurgie - Best Medical Packages (4.700&#36;)","isPartOf":{"@id":"https:\/\/bestmedicalpackages.com\/de\/#website"},"primaryImageOfPage":{"@id":"https:\/\/bestmedicalpackages.com\/de\/produkt\/armstraffung-fettabsaugung\/#primaryimage"},"image":{"@id":"https:\/\/bestmedicalpackages.com\/de\/produkt\/armstraffung-fettabsaugung\/#primaryimage"},"thumbnailUrl":"https:\/\/bestmedical.b-cdn.net\/wp-content\/uploads\/2025\/08\/armlift.jpg","datePublished":"2025-08-14T12:14:35+00:00","dateModified":"2025-08-27T08:25:35+00:00","description":"Sie k\u00f6nnen Informationen \u00fcber Armstraffung &amp; Fettabsaugung - Best Medical Packages (4.700&#36;) finden.","breadcrumb":{"@id":"https:\/\/bestmedicalpackages.com\/de\/produkt\/armstraffung-fettabsaugung\/#breadcrumb"},"inLanguage":"de","potentialAction":[{"@type":"ReadAction","target":["https:\/\/bestmedicalpackages.com\/de\/produkt\/armstraffung-fettabsaugung\/"]}]},{"@type":"ImageObject","inLanguage":"de","@id":"https:\/\/bestmedicalpackages.com\/de\/produkt\/armstraffung-fettabsaugung\/#primaryimage","url":"https:\/\/bestmedical.b-cdn.net\/wp-content\/uploads\/2025\/08\/armlift.jpg","contentUrl":"https:\/\/bestmedical.b-cdn.net\/wp-content\/uploads\/2025\/08\/armlift.jpg","width":800,"height":800,"caption":"armlift"},{"@type":"BreadcrumbList","@id":"https:\/\/bestmedicalpackages.com\/de\/produkt\/armstraffung-fettabsaugung\/#breadcrumb","itemListElement":[{"@type":"ListItem","position":1,"name":"Home of Best Medical Packages","item":"https:\/\/bestmedicalpackages.com\/de\/startseite\/"},{"@type":"ListItem","position":2,"name":"Procedures","item":"https:\/\/bestmedicalpackages.com\/procedures\/"},{"@type":"ListItem","position":3,"name":"Armstraffung &amp; Fettabsaugung"}]},{"@type":"WebSite","@id":"https:\/\/bestmedicalpackages.com\/de\/#website","url":"https:\/\/bestmedicalpackages.com\/de\/","name":"Best Medical Packages","description":"Best medical packages for male and female patients.","publisher":{"@id":"https:\/\/bestmedicalpackages.com\/de\/#organization"},"potentialAction":[{"@type":"SearchAction","target":{"@type":"EntryPoint","urlTemplate":"https:\/\/bestmedicalpackages.com\/de\/?s={search_term_string}"},"query-input":{"@type":"PropertyValueSpecification","valueRequired":true,"valueName":"search_term_string"}}],"inLanguage":"de"},{"@type":"Organization","@id":"https:\/\/bestmedicalpackages.com\/de\/#organization","name":"Best Medical Packages","url":"https:\/\/bestmedicalpackages.com\/de\/","logo":{"@type":"ImageObject","inLanguage":"de","@id":"https:\/\/bestmedicalpackages.com\/de\/#\/schema\/logo\/image\/","url":"https:\/\/bestmedicalpackages.com\/wp-content\/uploads\/2023\/02\/logo.png","contentUrl":"https:\/\/bestmedicalpackages.com\/wp-content\/uploads\/2023\/02\/logo.png","width":308,"height":106,"caption":"Best Medical Packages"},"image":{"@id":"https:\/\/bestmedicalpackages.com\/de\/#\/schema\/logo\/image\/"},"sameAs":["https:\/\/www.instagram.com\/medicalpackages\/"]}]},"product_price_amount":"4700","product_price_currency":"USD","og_availability":"instock","product_availability":"instock","product_condition":"new"},"_links":{"self":[{"href":"https:\/\/bestmedicalpackages.com\/de\/wp-json\/wp\/v2\/product\/7005","targetHints":{"allow":["GET"]}}],"collection":[{"href":"https:\/\/bestmedicalpackages.com\/de\/wp-json\/wp\/v2\/product"}],"about":[{"href":"https:\/\/bestmedicalpackages.com\/de\/wp-json\/wp\/v2\/types\/product"}],"replies":[{"embeddable":true,"href":"https:\/\/bestmedicalpackages.com\/de\/wp-json\/wp\/v2\/comments?post=7005"}],"wp:featuredmedia":[{"embeddable":true,"href":"https:\/\/bestmedicalpackages.com\/de\/wp-json\/wp\/v2\/media\/8515"}],"wp:attachment":[{"href":"https:\/\/bestmedicalpackages.com\/de\/wp-json\/wp\/v2\/media?parent=7005"}],"wp:term":[{"taxonomy":"product_brand","embeddable":true,"href":"https:\/\/bestmedicalpackages.com\/de\/wp-json\/wp\/v2\/product_brand?post=7005"},{"taxonomy":"product_cat","embeddable":true,"href":"https:\/\/bestmedicalpackages.com\/de\/wp-json\/wp\/v2\/product_cat?post=7005"},{"taxonomy":"product_tag","embeddable":true,"href":"https:\/\/bestmedicalpackages.com\/de\/wp-json\/wp\/v2\/product_tag?post=7005"}],"curies":[{"name":"wp","href":"https:\/\/api.w.org\/{rel}","templated":true}]}}