{"id":4648,"date":"2013-08-11T20:13:42","date_gmt":"2013-08-11T17:13:42","guid":{"rendered":"https:\/\/bestmedicalpackages.com\/preguntas-frecuentes\/"},"modified":"2025-12-08T11:04:23","modified_gmt":"2025-12-08T08:04:23","slug":"preguntas-frecuentes","status":"publish","type":"page","link":"https:\/\/bestmedicalpackages.com\/es\/preguntas-frecuentes\/","title":{"rendered":"PREGUNTAS FRECUENTES"},"content":{"rendered":"\n<div class=\"container section-title-container\" ><h1 class=\"section-title section-title-normal\"><b aria-hidden=\"true\"><\/b><span class=\"section-title-main\" >PREGUNTAS FRECUENTES<\/span><b aria-hidden=\"true\"><\/b><\/h1><\/div>\n\n<div class=\"accordion\">\n\n\t<div id=\"accordion-3069186418\" class=\"accordion-item\">\n\t\t<a id=\"accordion-3069186418-label\" class=\"accordion-title plain\" href=\"#accordion-item-\u00bfcu\u00e1les-son-las-ventajas-de-los-paquetes-de-turismo-de-salud?\" aria-expanded=\"false\" aria-controls=\"accordion-3069186418-content\">\n\t\t\t<button class=\"toggle\" aria-label=\"Toggle\"><i class=\"icon-angle-down\" aria-hidden=\"true\"><\/i><\/button>\n\t\t\t<span>\u00bfCu\u00e1les son las ventajas de los paquetes de turismo de salud?<\/span>\n\t\t<\/a>\n\t\t<div id=\"accordion-3069186418-content\" class=\"accordion-inner\" aria-labelledby=\"accordion-3069186418-label\">\n\t\t\t\n\n<p>Nuestros paquetes pueden proporcionar ahorro de costes, acceso a tratamientos especializados y la oportunidad de combinar la atenci\u00f3n m\u00e9dica con unas vacaciones. Estos paquetes tambi\u00e9n pueden proporcionar acceso a tratamientos no disponibles en su pa\u00eds de origen.<\/p>\n\n\t\t<\/div>\n\t<\/div>\n\t\n\t<div id=\"accordion-3165551787\" class=\"accordion-item\">\n\t\t<a id=\"accordion-3165551787-label\" class=\"accordion-title plain\" href=\"#accordion-item-\u00bfqu\u00e9-tipos-de-tratamientos-se-ofrecen-como-parte-de-los-paquetes-de-turismo-de-salud?\" aria-expanded=\"false\" aria-controls=\"accordion-3165551787-content\">\n\t\t\t<button class=\"toggle\" aria-label=\"Toggle\"><i class=\"icon-angle-down\" aria-hidden=\"true\"><\/i><\/button>\n\t\t\t<span>\u00bfQu\u00e9 tipos de tratamientos se ofrecen como parte de los paquetes de turismo de salud?<\/span>\n\t\t<\/a>\n\t\t<div id=\"accordion-3165551787-content\" class=\"accordion-inner\" aria-labelledby=\"accordion-3165551787-label\">\n\t\t\t\n\n<p>Nuestros paquetes pueden incluir diversos tratamientos, como cirug\u00eda est\u00e9tica o tratamientos dentales.<\/p>\n\n\t\t<\/div>\n\t<\/div>\n\t\n\t<div id=\"accordion-3862677468\" class=\"accordion-item\">\n\t\t<a id=\"accordion-3862677468-label\" class=\"accordion-title plain\" href=\"#accordion-item-\u00bfest\u00e1n-cualificados-los-profesionales-m\u00e9dicos-asociados-a-los-paquetes-de-turismo-sanitario?\" aria-expanded=\"false\" aria-controls=\"accordion-3862677468-content\">\n\t\t\t<button class=\"toggle\" aria-label=\"Toggle\"><i class=\"icon-angle-down\" aria-hidden=\"true\"><\/i><\/button>\n\t\t\t<span>\u00bfEst\u00e1n cualificados los profesionales m\u00e9dicos asociados a los paquetes de turismo sanitario?<\/span>\n\t\t<\/a>\n\t\t<div id=\"accordion-3862677468-content\" class=\"accordion-inner\" aria-labelledby=\"accordion-3862677468-label\">\n\t\t\t\n\n<p>Los profesionales m\u00e9dicos asociados a nuestros paquetes suelen estar cualificados y tener experiencia. Sin embargo, es importante investigar las cualificaciones de cada proveedor antes de comprometerse con un paquete.<\/p>\n\n\t\t<\/div>\n\t<\/div>\n\t\n\t<div id=\"accordion-528314543\" class=\"accordion-item\">\n\t\t<a id=\"accordion-528314543-label\" class=\"accordion-title plain\" href=\"#accordion-item-\u00bfcu\u00e1les-son-los-riesgos-asociados-a-los-paquetes-de-turismo-de-salud?\" aria-expanded=\"false\" aria-controls=\"accordion-528314543-content\">\n\t\t\t<button class=\"toggle\" aria-label=\"Toggle\"><i class=\"icon-angle-down\" aria-hidden=\"true\"><\/i><\/button>\n\t\t\t<span>\u00bfCu\u00e1les son los riesgos asociados a los paquetes de turismo de salud?<\/span>\n\t\t<\/a>\n\t\t<div id=\"accordion-528314543-content\" class=\"accordion-inner\" aria-labelledby=\"accordion-528314543-label\">\n\t\t\t\n\n<p>Los paquetes de turismo sanitario conllevan riesgos como las barreras ling\u00fc\u00edsticas, el riesgo de infecci\u00f3n y la calidad de la atenci\u00f3n. Para garantizar la mejor experiencia posible, investigue el proveedor y el destino antes de comprometerse con un paquete.<\/p>\n\n\t\t<\/div>\n\t<\/div>\n\t\n\n<\/div>\n\t<div id=\"text-655374266\" class=\"text\">\n\t\t\n\n<p class=\"lead\">Si no encuentra aqu\u00ed la respuesta a su pregunta, no dude en ponerse en contacto con nosotros.<\/p>\n\t\t\n<style>\n#text-655374266 {\n  text-align: center;\n}\n<\/style>\n\t<\/div>\n\t\n<a data-animate=\"fadeInUp\" href=\"tel:00905380814373\" target=\"_blank\" class=\"button primary is-large\" rel=\"noopener\" style=\"border-radius:10px;\">\n\t<i class=\"icon-phone\" aria-hidden=\"true\"><\/i>\t<span>+90 538 081 43 73<\/span>\n\t<\/a>\n\n\n\n","protected":false},"excerpt":{"rendered":"","protected":false},"author":1,"featured_media":0,"parent":0,"menu_order":0,"comment_status":"closed","ping_status":"closed","template":"","meta":{"footnotes":""},"class_list":["post-4648","page","type-page","status-publish","hentry"],"yoast_head":"<!-- This site is optimized with the Yoast SEO Premium plugin v22.1 (Yoast SEO v27.2) - https:\/\/yoast.com\/product\/yoast-seo-premium-wordpress\/ -->\n<title>preguntas frecuentes - Best Medical Packages<\/title>\n<meta name=\"robots\" content=\"index, follow, max-snippet:-1, max-image-preview:large, max-video-preview:-1\" \/>\n<link rel=\"canonical\" href=\"https:\/\/bestmedicalpackages.com\/es\/preguntas-frecuentes\/\" \/>\n<meta property=\"og:locale\" content=\"es_ES\" \/>\n<meta property=\"og:type\" content=\"article\" \/>\n<meta property=\"og:title\" content=\"PREGUNTAS FRECUENTES\" \/>\n<meta property=\"og:url\" content=\"https:\/\/bestmedicalpackages.com\/es\/preguntas-frecuentes\/\" \/>\n<meta property=\"og:site_name\" content=\"Best Medical Packages\" \/>\n<meta property=\"article:modified_time\" content=\"2025-12-08T08:04:23+00:00\" \/>\n<meta property=\"og:image\" content=\"https:\/\/bestmedical.b-cdn.net\/wp-content\/uploads\/2023\/02\/slider-new-03-1.jpg\" \/>\n\t<meta property=\"og:image:width\" content=\"1600\" \/>\n\t<meta property=\"og:image:height\" content=\"991\" \/>\n\t<meta property=\"og:image:type\" content=\"image\/jpeg\" \/>\n<meta name=\"twitter:card\" content=\"summary_large_image\" \/>\n<meta name=\"twitter:label1\" content=\"Tiempo de lectura\" \/>\n\t<meta name=\"twitter:data1\" content=\"1 minuto\" \/>\n<script type=\"application\/ld+json\" class=\"yoast-schema-graph\">{\"@context\":\"https:\/\/schema.org\",\"@graph\":[{\"@type\":\"WebPage\",\"@id\":\"https:\/\/bestmedicalpackages.com\/es\/preguntas-frecuentes\/\",\"url\":\"https:\/\/bestmedicalpackages.com\/es\/preguntas-frecuentes\/\",\"name\":\"preguntas frecuentes - Best Medical Packages\",\"isPartOf\":{\"@id\":\"https:\/\/bestmedicalpackages.com\/es\/#website\"},\"datePublished\":\"2013-08-11T17:13:42+00:00\",\"dateModified\":\"2025-12-08T08:04:23+00:00\",\"breadcrumb\":{\"@id\":\"https:\/\/bestmedicalpackages.com\/es\/preguntas-frecuentes\/#breadcrumb\"},\"inLanguage\":\"es\",\"potentialAction\":[{\"@type\":\"ReadAction\",\"target\":[\"https:\/\/bestmedicalpackages.com\/es\/preguntas-frecuentes\/\"]}]},{\"@type\":\"BreadcrumbList\",\"@id\":\"https:\/\/bestmedicalpackages.com\/es\/preguntas-frecuentes\/#breadcrumb\",\"itemListElement\":[{\"@type\":\"ListItem\",\"position\":1,\"name\":\"Home of Best Medical Packages\",\"item\":\"https:\/\/bestmedicalpackages.com\/es\/paquetes-medicos-todo-incluido\/\"},{\"@type\":\"ListItem\",\"position\":2,\"name\":\"PREGUNTAS FRECUENTES\"}]},{\"@type\":\"WebSite\",\"@id\":\"https:\/\/bestmedicalpackages.com\/es\/#website\",\"url\":\"https:\/\/bestmedicalpackages.com\/es\/\",\"name\":\"Best Medical Packages\",\"description\":\"Best medical packages for male and female patients.\",\"publisher\":{\"@id\":\"https:\/\/bestmedicalpackages.com\/es\/#organization\"},\"potentialAction\":[{\"@type\":\"SearchAction\",\"target\":{\"@type\":\"EntryPoint\",\"urlTemplate\":\"https:\/\/bestmedicalpackages.com\/es\/?s={search_term_string}\"},\"query-input\":{\"@type\":\"PropertyValueSpecification\",\"valueRequired\":true,\"valueName\":\"search_term_string\"}}],\"inLanguage\":\"es\"},{\"@type\":\"Organization\",\"@id\":\"https:\/\/bestmedicalpackages.com\/es\/#organization\",\"name\":\"Best Medical Packages\",\"url\":\"https:\/\/bestmedicalpackages.com\/es\/\",\"logo\":{\"@type\":\"ImageObject\",\"inLanguage\":\"es\",\"@id\":\"https:\/\/bestmedicalpackages.com\/es\/#\/schema\/logo\/image\/\",\"url\":\"https:\/\/bestmedicalpackages.com\/wp-content\/uploads\/2023\/02\/logo.png\",\"contentUrl\":\"https:\/\/bestmedicalpackages.com\/wp-content\/uploads\/2023\/02\/logo.png\",\"width\":308,\"height\":106,\"caption\":\"Best Medical Packages\"},\"image\":{\"@id\":\"https:\/\/bestmedicalpackages.com\/es\/#\/schema\/logo\/image\/\"},\"sameAs\":[\"https:\/\/www.instagram.com\/medicalpackages\/\"]}]}<\/script>\n<!-- \/ Yoast SEO Premium plugin. -->","yoast_head_json":{"title":"preguntas frecuentes - Best Medical Packages","robots":{"index":"index","follow":"follow","max-snippet":"max-snippet:-1","max-image-preview":"max-image-preview:large","max-video-preview":"max-video-preview:-1"},"canonical":"https:\/\/bestmedicalpackages.com\/es\/preguntas-frecuentes\/","og_locale":"es_ES","og_type":"article","og_title":"PREGUNTAS FRECUENTES","og_url":"https:\/\/bestmedicalpackages.com\/es\/preguntas-frecuentes\/","og_site_name":"Best Medical Packages","article_modified_time":"2025-12-08T08:04:23+00:00","og_image":[{"width":1600,"height":991,"url":"https:\/\/bestmedical.b-cdn.net\/wp-content\/uploads\/2023\/02\/slider-new-03-1.jpg","type":"image\/jpeg"}],"twitter_card":"summary_large_image","twitter_misc":{"Tiempo de lectura":"1 minuto"},"schema":{"@context":"https:\/\/schema.org","@graph":[{"@type":"WebPage","@id":"https:\/\/bestmedicalpackages.com\/es\/preguntas-frecuentes\/","url":"https:\/\/bestmedicalpackages.com\/es\/preguntas-frecuentes\/","name":"preguntas frecuentes - Best Medical Packages","isPartOf":{"@id":"https:\/\/bestmedicalpackages.com\/es\/#website"},"datePublished":"2013-08-11T17:13:42+00:00","dateModified":"2025-12-08T08:04:23+00:00","breadcrumb":{"@id":"https:\/\/bestmedicalpackages.com\/es\/preguntas-frecuentes\/#breadcrumb"},"inLanguage":"es","potentialAction":[{"@type":"ReadAction","target":["https:\/\/bestmedicalpackages.com\/es\/preguntas-frecuentes\/"]}]},{"@type":"BreadcrumbList","@id":"https:\/\/bestmedicalpackages.com\/es\/preguntas-frecuentes\/#breadcrumb","itemListElement":[{"@type":"ListItem","position":1,"name":"Home of Best Medical Packages","item":"https:\/\/bestmedicalpackages.com\/es\/paquetes-medicos-todo-incluido\/"},{"@type":"ListItem","position":2,"name":"PREGUNTAS FRECUENTES"}]},{"@type":"WebSite","@id":"https:\/\/bestmedicalpackages.com\/es\/#website","url":"https:\/\/bestmedicalpackages.com\/es\/","name":"Best Medical Packages","description":"Best medical packages for male and female patients.","publisher":{"@id":"https:\/\/bestmedicalpackages.com\/es\/#organization"},"potentialAction":[{"@type":"SearchAction","target":{"@type":"EntryPoint","urlTemplate":"https:\/\/bestmedicalpackages.com\/es\/?s={search_term_string}"},"query-input":{"@type":"PropertyValueSpecification","valueRequired":true,"valueName":"search_term_string"}}],"inLanguage":"es"},{"@type":"Organization","@id":"https:\/\/bestmedicalpackages.com\/es\/#organization","name":"Best Medical Packages","url":"https:\/\/bestmedicalpackages.com\/es\/","logo":{"@type":"ImageObject","inLanguage":"es","@id":"https:\/\/bestmedicalpackages.com\/es\/#\/schema\/logo\/image\/","url":"https:\/\/bestmedicalpackages.com\/wp-content\/uploads\/2023\/02\/logo.png","contentUrl":"https:\/\/bestmedicalpackages.com\/wp-content\/uploads\/2023\/02\/logo.png","width":308,"height":106,"caption":"Best Medical Packages"},"image":{"@id":"https:\/\/bestmedicalpackages.com\/es\/#\/schema\/logo\/image\/"},"sameAs":["https:\/\/www.instagram.com\/medicalpackages\/"]}]}},"_links":{"self":[{"href":"https:\/\/bestmedicalpackages.com\/es\/wp-json\/wp\/v2\/pages\/4648","targetHints":{"allow":["GET"]}}],"collection":[{"href":"https:\/\/bestmedicalpackages.com\/es\/wp-json\/wp\/v2\/pages"}],"about":[{"href":"https:\/\/bestmedicalpackages.com\/es\/wp-json\/wp\/v2\/types\/page"}],"author":[{"embeddable":true,"href":"https:\/\/bestmedicalpackages.com\/es\/wp-json\/wp\/v2\/users\/1"}],"replies":[{"embeddable":true,"href":"https:\/\/bestmedicalpackages.com\/es\/wp-json\/wp\/v2\/comments?post=4648"}],"version-history":[{"count":5,"href":"https:\/\/bestmedicalpackages.com\/es\/wp-json\/wp\/v2\/pages\/4648\/revisions"}],"predecessor-version":[{"id":8782,"href":"https:\/\/bestmedicalpackages.com\/es\/wp-json\/wp\/v2\/pages\/4648\/revisions\/8782"}],"wp:attachment":[{"href":"https:\/\/bestmedicalpackages.com\/es\/wp-json\/wp\/v2\/media?parent=4648"}],"curies":[{"name":"wp","href":"https:\/\/api.w.org\/{rel}","templated":true}]}}