{"id":4650,"date":"2013-08-11T19:06:15","date_gmt":"2013-08-11T16:06:15","guid":{"rendered":"https:\/\/bestmedicalpackages.com\/acerca-de\/"},"modified":"2025-12-11T11:28:56","modified_gmt":"2025-12-11T08:28:56","slug":"acerca-de","status":"publish","type":"page","link":"https:\/\/bestmedicalpackages.com\/es\/acerca-de\/","title":{"rendered":"Acerca de"},"content":{"rendered":"\n\n  <div class=\"banner has-hover has-parallax\" id=\"banner-78442905\">\n          <div class=\"banner-inner fill\">\n        <div class=\"banner-bg fill\" data-parallax=\"-3\" data-parallax-container=\".banner\" data-parallax-background>\n            <img loading=\"lazy\" decoding=\"async\" width=\"1020\" height=\"354\" src=\"https:\/\/bestmedical.b-cdn.net\/wp-content\/uploads\/2023\/02\/about-us-1-1400x486.jpg\" class=\"bg attachment-large size-large\" alt=\"about us 1\" \/>                        <div class=\"overlay\"><\/div>            \n                    <\/div>\n\t\t\n        <div class=\"banner-layers container\">\n            <div class=\"fill banner-link\"><\/div>            \n\n   <div id=\"text-box-187959407\" class=\"text-box banner-layer x50 md-x50 lg-x50 y80 md-y80 lg-y80 res-text\">\n                                <div class=\"text-box-content text dark\">\n              \n              <div class=\"text-inner text-center\">\n                  \n\n<h1 class=\"lead\">Qui\u00e9nes somos<\/h1>\n<p class=\"lead\">Ofrecemos servicios integrales de turismo m\u00e9dico a quienes buscan tratamientos y procedimientos m\u00e9dicos en el extranjero.<\/p>\n\n              <\/div>\n           <\/div>\n                            \n<style>\n#text-box-187959407 {\n  width: 60%;\n}\n#text-box-187959407 .text-box-content {\n  font-size: 100%;\n}\n<\/style>\n    <\/div>\n \n\n        <\/div>\n      <\/div>\n\n            \n<style>\n#banner-78442905 {\n  padding-top: 507px;\n}\n#banner-78442905 .overlay {\n  background-color: rgba(0, 0, 0, 0.49);\n}\n<\/style>\n  <\/div>\n\n\n<div class=\"row\"  id=\"row-1462330699\">\n\n\n\t<div id=\"col-1252221555\" class=\"col small-12 large-12\"  >\n\t\t\t\t<div class=\"col-inner\"  >\n\t\t\t\n\t\t\t\n\n<div class=\"text-center\"><div class=\"is-divider divider clearfix\" ><\/div><\/div>\n\n\n\t\t<\/div>\n\t\t\t\t\t<\/div>\n\n\t\n\n<\/div>\n<div class=\"row align-middle\"  id=\"row-1679373663\">\n\n\n\t<div id=\"col-26811632\" class=\"col medium-7 small-12 large-7\"  >\n\t\t\t\t<div class=\"col-inner\"  >\n\t\t\t\n\t\t\t\n\n\t<div id=\"text-3170072337\" class=\"text\">\n\t\t\n\n<p>Bienvenido a Best Medical Packages, tu socio de confianza para la cirug\u00eda est\u00e9tica y cosm\u00e9tica de primera clase en Estambul, Turqu\u00eda. Nos especializamos en ofrecer paquetes m\u00e9dicos integrales adaptados a tus necesidades \u00fanicas, combinando procedimientos de vanguardia con atenci\u00f3n personalizada para garantizar una experiencia fluida y transformadora.   <\/p>\n<p>Con un compromiso con la excelencia, proporcionamos acceso a cirujanos de primera categor\u00eda e instalaciones de vanguardia para una amplia gama de procedimientos, incluida la cirug\u00eda est\u00e9tica en Estambul y la cirug\u00eda est\u00e9tica en Turqu\u00eda. Tanto si est\u00e1s pensando en un lifting facial, una rinoplastia, un aumento de mamas o un contorno corporal, nuestros paquetes est\u00e1n dise\u00f1ados para ayudarte a conseguir tus objetivos est\u00e9ticos mientras disfrutas de la vibrante cultura de Estambul.   <\/p>\n<p>Adem\u00e1s de cirug\u00eda pl\u00e1stica, tambi\u00e9n ofrecemos tratamientos dentales de primera calidad en Estambul, incluido el popular Hollywood Smile en Turqu\u00eda. Nuestros expertos profesionales dentales utilizan t\u00e9cnicas y tecnolog\u00edas avanzadas para ofrecer resultados asombrosos, aumentando tu confianza con una sonrisa radiante.   <\/p>\n<p>En Best Medical Packages, la satisfacci\u00f3n del paciente es nuestra prioridad. Desde el momento en que te pongas en contacto con nosotros, nuestro equipo especializado te ayudar\u00e1 con todos los detalles de tu viaje, desde la selecci\u00f3n del mejor procedimiento hasta la organizaci\u00f3n del viaje, el alojamiento y los cuidados postoperatorios. Nos enorgullecemos de ofrecer precios transparentes, un servicio excepcional y resultados que superan las expectativas.    <\/p>\n<p>Turqu\u00eda, en particular Estambul, se ha convertido en un centro mundial de cirug\u00eda cosm\u00e9tica y est\u00e9tica debido a su reconocida experiencia m\u00e9dica y a su asequibilidad. Al elegir los Mejores Paquetes M\u00e9dicos, no s\u00f3lo estar\u00e1s invirtiendo en cuidados de primera clase, sino tambi\u00e9n en un viaje que combina belleza, confianza y exploraci\u00f3n cultural.   <\/p>\n<p>Deja que te ayudemos a transformar tus sue\u00f1os en realidad. Ponte en contacto con nosotros hoy mismo para obtener m\u00e1s informaci\u00f3n sobre nuestros paquetes personalizados de cirug\u00eda est\u00e9tica en Turqu\u00eda y comienza tu viaje hacia la mejora de la belleza y el bienestar. <\/p>\n\t\t\n<style>\n#text-3170072337 {\n  text-align: left;\n}\n<\/style>\n\t<\/div>\n\t\n<a href=\"https:\/\/bestmedicalpackages.com\/es\/pongase-en-contacto-con\/\" class=\"button primary is-large\" style=\"border-radius:20px;\">\n\t\t<span>Ir a Contacto<\/span>\n\t<\/a>\n\n\n\n\t\t<\/div>\n\t\t\t\t\t<\/div>\n\n\t\n\n<\/div>\n\n","protected":false},"excerpt":{"rendered":"","protected":false},"author":1,"featured_media":4646,"parent":0,"menu_order":0,"comment_status":"closed","ping_status":"closed","template":"page-transparent-header-light.php","meta":{"footnotes":""},"class_list":["post-4650","page","type-page","status-publish","has-post-thumbnail","hentry"],"yoast_head":"<!-- This site is optimized with the Yoast SEO Premium plugin v22.1 (Yoast SEO v27.2) - https:\/\/yoast.com\/product\/yoast-seo-premium-wordpress\/ -->\n<title>Acerca de - Best Medical Packages<\/title>\n<meta name=\"description\" content=\"somos tu socio de confianza para la cirug\u00eda cosm\u00e9tica y est\u00e9tica de primera clase en Estambul, Turqu\u00eda. Ofrecemos paquetes integrales.\" \/>\n<meta name=\"robots\" content=\"index, follow, max-snippet:-1, max-image-preview:large, max-video-preview:-1\" \/>\n<link rel=\"canonical\" href=\"https:\/\/bestmedicalpackages.com\/es\/acerca-de\/\" \/>\n<meta property=\"og:locale\" content=\"es_ES\" \/>\n<meta property=\"og:type\" content=\"article\" \/>\n<meta property=\"og:title\" content=\"Acerca de\" \/>\n<meta property=\"og:description\" content=\"somos tu socio de confianza para la cirug\u00eda cosm\u00e9tica y est\u00e9tica de primera clase en Estambul, Turqu\u00eda. Ofrecemos paquetes integrales.\" \/>\n<meta property=\"og:url\" content=\"https:\/\/bestmedicalpackages.com\/es\/acerca-de\/\" \/>\n<meta property=\"og:site_name\" content=\"Best Medical Packages\" \/>\n<meta property=\"article:modified_time\" content=\"2025-12-11T08:28:56+00:00\" \/>\n<meta property=\"og:image\" content=\"https:\/\/bestmedical.b-cdn.net\/wp-content\/uploads\/2016\/08\/dummy-1.jpg\" \/>\n\t<meta property=\"og:image:width\" content=\"400\" \/>\n\t<meta property=\"og:image:height\" content=\"260\" \/>\n\t<meta property=\"og:image:type\" content=\"image\/jpeg\" \/>\n<meta name=\"twitter:card\" content=\"summary_large_image\" \/>\n<meta name=\"twitter:label1\" content=\"Tiempo de lectura\" \/>\n\t<meta name=\"twitter:data1\" content=\"2 minutos\" \/>\n<script type=\"application\/ld+json\" class=\"yoast-schema-graph\">{\"@context\":\"https:\/\/schema.org\",\"@graph\":[{\"@type\":\"WebPage\",\"@id\":\"https:\/\/bestmedicalpackages.com\/es\/acerca-de\/\",\"url\":\"https:\/\/bestmedicalpackages.com\/es\/acerca-de\/\",\"name\":\"Acerca de - Best Medical Packages\",\"isPartOf\":{\"@id\":\"https:\/\/bestmedicalpackages.com\/es\/#website\"},\"primaryImageOfPage\":{\"@id\":\"https:\/\/bestmedicalpackages.com\/es\/acerca-de\/#primaryimage\"},\"image\":{\"@id\":\"https:\/\/bestmedicalpackages.com\/es\/acerca-de\/#primaryimage\"},\"thumbnailUrl\":\"https:\/\/bestmedical.b-cdn.net\/wp-content\/uploads\/2016\/08\/dummy-1.jpg\",\"datePublished\":\"2013-08-11T16:06:15+00:00\",\"dateModified\":\"2025-12-11T08:28:56+00:00\",\"description\":\"somos tu socio de confianza para la cirug\u00eda cosm\u00e9tica y est\u00e9tica de primera clase en Estambul, Turqu\u00eda. Ofrecemos paquetes integrales.\",\"breadcrumb\":{\"@id\":\"https:\/\/bestmedicalpackages.com\/es\/acerca-de\/#breadcrumb\"},\"inLanguage\":\"es\",\"potentialAction\":[{\"@type\":\"ReadAction\",\"target\":[\"https:\/\/bestmedicalpackages.com\/es\/acerca-de\/\"]}]},{\"@type\":\"ImageObject\",\"inLanguage\":\"es\",\"@id\":\"https:\/\/bestmedicalpackages.com\/es\/acerca-de\/#primaryimage\",\"url\":\"https:\/\/bestmedical.b-cdn.net\/wp-content\/uploads\/2016\/08\/dummy-1.jpg\",\"contentUrl\":\"https:\/\/bestmedical.b-cdn.net\/wp-content\/uploads\/2016\/08\/dummy-1.jpg\",\"width\":400,\"height\":260},{\"@type\":\"BreadcrumbList\",\"@id\":\"https:\/\/bestmedicalpackages.com\/es\/acerca-de\/#breadcrumb\",\"itemListElement\":[{\"@type\":\"ListItem\",\"position\":1,\"name\":\"Home of Best Medical Packages\",\"item\":\"https:\/\/bestmedicalpackages.com\/es\/paquetes-medicos-todo-incluido\/\"},{\"@type\":\"ListItem\",\"position\":2,\"name\":\"Acerca de\"}]},{\"@type\":\"WebSite\",\"@id\":\"https:\/\/bestmedicalpackages.com\/es\/#website\",\"url\":\"https:\/\/bestmedicalpackages.com\/es\/\",\"name\":\"Best Medical Packages\",\"description\":\"Best medical packages for male and female patients.\",\"publisher\":{\"@id\":\"https:\/\/bestmedicalpackages.com\/es\/#organization\"},\"potentialAction\":[{\"@type\":\"SearchAction\",\"target\":{\"@type\":\"EntryPoint\",\"urlTemplate\":\"https:\/\/bestmedicalpackages.com\/es\/?s={search_term_string}\"},\"query-input\":{\"@type\":\"PropertyValueSpecification\",\"valueRequired\":true,\"valueName\":\"search_term_string\"}}],\"inLanguage\":\"es\"},{\"@type\":\"Organization\",\"@id\":\"https:\/\/bestmedicalpackages.com\/es\/#organization\",\"name\":\"Best Medical Packages\",\"url\":\"https:\/\/bestmedicalpackages.com\/es\/\",\"logo\":{\"@type\":\"ImageObject\",\"inLanguage\":\"es\",\"@id\":\"https:\/\/bestmedicalpackages.com\/es\/#\/schema\/logo\/image\/\",\"url\":\"https:\/\/bestmedicalpackages.com\/wp-content\/uploads\/2023\/02\/logo.png\",\"contentUrl\":\"https:\/\/bestmedicalpackages.com\/wp-content\/uploads\/2023\/02\/logo.png\",\"width\":308,\"height\":106,\"caption\":\"Best Medical Packages\"},\"image\":{\"@id\":\"https:\/\/bestmedicalpackages.com\/es\/#\/schema\/logo\/image\/\"},\"sameAs\":[\"https:\/\/www.instagram.com\/medicalpackages\/\"]}]}<\/script>\n<!-- \/ Yoast SEO Premium plugin. -->","yoast_head_json":{"title":"Acerca de - Best Medical Packages","description":"somos tu socio de confianza para la cirug\u00eda cosm\u00e9tica y est\u00e9tica de primera clase en Estambul, Turqu\u00eda. Ofrecemos paquetes integrales.","robots":{"index":"index","follow":"follow","max-snippet":"max-snippet:-1","max-image-preview":"max-image-preview:large","max-video-preview":"max-video-preview:-1"},"canonical":"https:\/\/bestmedicalpackages.com\/es\/acerca-de\/","og_locale":"es_ES","og_type":"article","og_title":"Acerca de","og_description":"somos tu socio de confianza para la cirug\u00eda cosm\u00e9tica y est\u00e9tica de primera clase en Estambul, Turqu\u00eda. Ofrecemos paquetes integrales.","og_url":"https:\/\/bestmedicalpackages.com\/es\/acerca-de\/","og_site_name":"Best Medical Packages","article_modified_time":"2025-12-11T08:28:56+00:00","og_image":[{"width":400,"height":260,"url":"https:\/\/bestmedical.b-cdn.net\/wp-content\/uploads\/2016\/08\/dummy-1.jpg","type":"image\/jpeg"}],"twitter_card":"summary_large_image","twitter_misc":{"Tiempo de lectura":"2 minutos"},"schema":{"@context":"https:\/\/schema.org","@graph":[{"@type":"WebPage","@id":"https:\/\/bestmedicalpackages.com\/es\/acerca-de\/","url":"https:\/\/bestmedicalpackages.com\/es\/acerca-de\/","name":"Acerca de - Best Medical Packages","isPartOf":{"@id":"https:\/\/bestmedicalpackages.com\/es\/#website"},"primaryImageOfPage":{"@id":"https:\/\/bestmedicalpackages.com\/es\/acerca-de\/#primaryimage"},"image":{"@id":"https:\/\/bestmedicalpackages.com\/es\/acerca-de\/#primaryimage"},"thumbnailUrl":"https:\/\/bestmedical.b-cdn.net\/wp-content\/uploads\/2016\/08\/dummy-1.jpg","datePublished":"2013-08-11T16:06:15+00:00","dateModified":"2025-12-11T08:28:56+00:00","description":"somos tu socio de confianza para la cirug\u00eda cosm\u00e9tica y est\u00e9tica de primera clase en Estambul, Turqu\u00eda. Ofrecemos paquetes integrales.","breadcrumb":{"@id":"https:\/\/bestmedicalpackages.com\/es\/acerca-de\/#breadcrumb"},"inLanguage":"es","potentialAction":[{"@type":"ReadAction","target":["https:\/\/bestmedicalpackages.com\/es\/acerca-de\/"]}]},{"@type":"ImageObject","inLanguage":"es","@id":"https:\/\/bestmedicalpackages.com\/es\/acerca-de\/#primaryimage","url":"https:\/\/bestmedical.b-cdn.net\/wp-content\/uploads\/2016\/08\/dummy-1.jpg","contentUrl":"https:\/\/bestmedical.b-cdn.net\/wp-content\/uploads\/2016\/08\/dummy-1.jpg","width":400,"height":260},{"@type":"BreadcrumbList","@id":"https:\/\/bestmedicalpackages.com\/es\/acerca-de\/#breadcrumb","itemListElement":[{"@type":"ListItem","position":1,"name":"Home of Best Medical Packages","item":"https:\/\/bestmedicalpackages.com\/es\/paquetes-medicos-todo-incluido\/"},{"@type":"ListItem","position":2,"name":"Acerca de"}]},{"@type":"WebSite","@id":"https:\/\/bestmedicalpackages.com\/es\/#website","url":"https:\/\/bestmedicalpackages.com\/es\/","name":"Best Medical Packages","description":"Best medical packages for male and female patients.","publisher":{"@id":"https:\/\/bestmedicalpackages.com\/es\/#organization"},"potentialAction":[{"@type":"SearchAction","target":{"@type":"EntryPoint","urlTemplate":"https:\/\/bestmedicalpackages.com\/es\/?s={search_term_string}"},"query-input":{"@type":"PropertyValueSpecification","valueRequired":true,"valueName":"search_term_string"}}],"inLanguage":"es"},{"@type":"Organization","@id":"https:\/\/bestmedicalpackages.com\/es\/#organization","name":"Best Medical Packages","url":"https:\/\/bestmedicalpackages.com\/es\/","logo":{"@type":"ImageObject","inLanguage":"es","@id":"https:\/\/bestmedicalpackages.com\/es\/#\/schema\/logo\/image\/","url":"https:\/\/bestmedicalpackages.com\/wp-content\/uploads\/2023\/02\/logo.png","contentUrl":"https:\/\/bestmedicalpackages.com\/wp-content\/uploads\/2023\/02\/logo.png","width":308,"height":106,"caption":"Best Medical Packages"},"image":{"@id":"https:\/\/bestmedicalpackages.com\/es\/#\/schema\/logo\/image\/"},"sameAs":["https:\/\/www.instagram.com\/medicalpackages\/"]}]}},"_links":{"self":[{"href":"https:\/\/bestmedicalpackages.com\/es\/wp-json\/wp\/v2\/pages\/4650","targetHints":{"allow":["GET"]}}],"collection":[{"href":"https:\/\/bestmedicalpackages.com\/es\/wp-json\/wp\/v2\/pages"}],"about":[{"href":"https:\/\/bestmedicalpackages.com\/es\/wp-json\/wp\/v2\/types\/page"}],"author":[{"embeddable":true,"href":"https:\/\/bestmedicalpackages.com\/es\/wp-json\/wp\/v2\/users\/1"}],"replies":[{"embeddable":true,"href":"https:\/\/bestmedicalpackages.com\/es\/wp-json\/wp\/v2\/comments?post=4650"}],"version-history":[{"count":8,"href":"https:\/\/bestmedicalpackages.com\/es\/wp-json\/wp\/v2\/pages\/4650\/revisions"}],"predecessor-version":[{"id":8791,"href":"https:\/\/bestmedicalpackages.com\/es\/wp-json\/wp\/v2\/pages\/4650\/revisions\/8791"}],"wp:featuredmedia":[{"embeddable":true,"href":"https:\/\/bestmedicalpackages.com\/es\/wp-json\/wp\/v2\/media\/4646"}],"wp:attachment":[{"href":"https:\/\/bestmedicalpackages.com\/es\/wp-json\/wp\/v2\/media?parent=4650"}],"curies":[{"name":"wp","href":"https:\/\/api.w.org\/{rel}","templated":true}]}}