{"id":6783,"date":"2025-06-14T15:34:55","date_gmt":"2025-06-14T12:34:55","guid":{"rendered":"https:\/\/new.bestmedicalpackages.com\/package\/implante-de-mejilla-y-mandibula\/"},"modified":"2025-08-26T18:47:21","modified_gmt":"2025-08-26T15:47:21","slug":"implante-de-mejilla-y-mandibula","status":"publish","type":"product","link":"https:\/\/bestmedicalpackages.com\/es\/package\/implante-de-mejilla-y-mandibula\/","title":{"rendered":"Implante de mejilla y mand\u00edbula"},"content":{"rendered":"<p>Los implantes de p\u00f3mulos y mand\u00edbula son procedimientos quir\u00fargicos dise\u00f1ados para mejorar la estructura facial a\u00f1adiendo definici\u00f3n, equilibrio y fuerza a la parte media y baja de la cara. Este enfoque es ideal para personas que buscan un aspecto m\u00e1s esculpido y sim\u00e9trico o para corregir un ment\u00f3n naturalmente d\u00e9bil o unas mejillas planas. Los implantes, fabricados con materiales s\u00f3lidos y biocompatibles como la silicona de grado m\u00e9dico o el polietileno poroso, se colocan estrat\u00e9gicamente a trav\u00e9s de incisiones discretas para crear una mejora permanente y de aspecto natural. La intervenci\u00f3n suele realizarse con anestesia general, y la recuperaci\u00f3n implica 1-2 semanas de hinchaz\u00f3n y molestias iniciales, y una vuelta gradual a las actividades normales. Los resultados finales, una vez que ha remitido toda la hinchaz\u00f3n a lo largo de varios meses, revelan un contorno facial m\u00e1s definido que armoniza tus rasgos. Los candidatos ideales son adultos sanos con expectativas realistas de conseguir un mejor equilibrio facial. Es esencial consultar a un cirujano pl\u00e1stico o facial certificado para determinar el tama\u00f1o y la forma de implante adecuados para tu anatom\u00eda y objetivos \u00fanicos.      <\/p>\n","protected":false},"excerpt":{"rendered":"<ul>\n<li>Cirujano colegiado certificado<\/li>\n<li>Consulta preoperatoria en l\u00ednea<\/li>\n<li>Consulta f\u00edsica<\/li>\n<li>Hemograma completa<\/li>\n<li>Anestesia general<\/li>\n<li>Medicamentos<\/li>\n<li>Controles postoperatorios, Kit m\u00e9dico postoperatorio<\/li>\n<li>Atenci\u00f3n personalizada al paciente<\/li>\n<li>(ingl\u00e9s, franc\u00e9s, espa\u00f1ol, italiano)<\/li>\n<li>Asistencia en l\u00ednea 24\/7<\/li>\n<\/ul>\n","protected":false},"featured_media":6695,"comment_status":"open","ping_status":"closed","template":"","meta":[],"product_brand":[],"product_cat":[993],"product_tag":[721,781,750],"class_list":{"0":"post-6783","1":"product","2":"type-product","3":"status-publish","4":"has-post-thumbnail","6":"product_cat-cirugia-plastica","7":"product_tag-estambul-es","8":"product_tag-implante-de-mandibula","9":"product_tag-mejilla-implant","11":"first","12":"instock","13":"shipping-taxable","14":"product-type-simple"},"yoast_head":"<!-- This site is optimized with the Yoast SEO Premium plugin v22.1 (Yoast SEO v27.2) - https:\/\/yoast.com\/product\/yoast-seo-premium-wordpress\/ -->\n<title>Implante de mejilla y mand\u00edbula Cirug\u00eda - Best Medical Packages (12.200&#036;)<\/title>\n<meta name=\"description\" content=\"Puede encontrar informaci\u00f3n sobre Implante de mejilla y mand\u00edbula - Best Medical Packages (12.200&#036;)\" \/>\n<meta name=\"robots\" content=\"index, follow, max-snippet:-1, max-image-preview:large, max-video-preview:-1\" \/>\n<link rel=\"canonical\" href=\"https:\/\/bestmedicalpackages.com\/es\/package\/implante-de-mejilla-y-mandibula\/\" \/>\n<meta property=\"og:locale\" content=\"es_ES\" \/>\n<meta property=\"og:type\" content=\"article\" \/>\n<meta property=\"og:title\" content=\"Implante de mejilla y mand\u00edbula\" \/>\n<meta property=\"og:description\" content=\"Puede encontrar informaci\u00f3n sobre Implante de mejilla y mand\u00edbula - Best Medical Packages (12.200&#036;)\" \/>\n<meta property=\"og:url\" content=\"https:\/\/bestmedicalpackages.com\/es\/package\/implante-de-mejilla-y-mandibula\/\" \/>\n<meta property=\"og:site_name\" content=\"Best Medical Packages\" \/>\n<meta property=\"article:modified_time\" content=\"2025-08-26T15:47:21+00:00\" \/>\n<meta property=\"og:image\" content=\"https:\/\/bestmedicalpackages.com\/wp-content\/uploads\/2025\/08\/cheek-jaw-implant.jpg\" \/>\n\t<meta property=\"og:image:width\" content=\"800\" \/>\n\t<meta property=\"og:image:height\" content=\"800\" \/>\n\t<meta property=\"og:image:type\" content=\"image\/jpeg\" \/>\n<meta name=\"twitter:card\" content=\"summary_large_image\" \/>\n<meta name=\"twitter:label1\" content=\"Precio\" \/>\n\t<meta name=\"twitter:data1\" content=\"12.200&#036;\" \/>\n\t<meta name=\"twitter:label2\" content=\"Disponibilidad\" \/>\n\t<meta name=\"twitter:data2\" content=\"Disponible\" \/>\n<script type=\"application\/ld+json\" class=\"yoast-schema-graph\">{\"@context\":\"https:\/\/schema.org\",\"@graph\":[{\"@type\":\"WebPage\",\"@id\":\"https:\/\/bestmedicalpackages.com\/es\/package\/implante-de-mejilla-y-mandibula\/\",\"url\":\"https:\/\/bestmedicalpackages.com\/es\/package\/implante-de-mejilla-y-mandibula\/\",\"name\":\"Implante de mejilla y mand\u00edbula Cirug\u00eda - Best Medical Packages (12.200&#36;)\",\"isPartOf\":{\"@id\":\"https:\/\/bestmedicalpackages.com\/es\/#website\"},\"primaryImageOfPage\":{\"@id\":\"https:\/\/bestmedicalpackages.com\/es\/package\/implante-de-mejilla-y-mandibula\/#primaryimage\"},\"image\":{\"@id\":\"https:\/\/bestmedicalpackages.com\/es\/package\/implante-de-mejilla-y-mandibula\/#primaryimage\"},\"thumbnailUrl\":\"https:\/\/bestmedical.b-cdn.net\/wp-content\/uploads\/2025\/08\/cheek-jaw-implant.jpg\",\"datePublished\":\"2025-06-14T12:34:55+00:00\",\"dateModified\":\"2025-08-26T15:47:21+00:00\",\"description\":\"Puede encontrar informaci\u00f3n sobre Implante de mejilla y mand\u00edbula - Best Medical Packages (12.200&#36;)\",\"breadcrumb\":{\"@id\":\"https:\/\/bestmedicalpackages.com\/es\/package\/implante-de-mejilla-y-mandibula\/#breadcrumb\"},\"inLanguage\":\"es\",\"potentialAction\":[{\"@type\":\"ReadAction\",\"target\":[\"https:\/\/bestmedicalpackages.com\/es\/package\/implante-de-mejilla-y-mandibula\/\"]}]},{\"@type\":\"ImageObject\",\"inLanguage\":\"es\",\"@id\":\"https:\/\/bestmedicalpackages.com\/es\/package\/implante-de-mejilla-y-mandibula\/#primaryimage\",\"url\":\"https:\/\/bestmedical.b-cdn.net\/wp-content\/uploads\/2025\/08\/cheek-jaw-implant.jpg\",\"contentUrl\":\"https:\/\/bestmedical.b-cdn.net\/wp-content\/uploads\/2025\/08\/cheek-jaw-implant.jpg\",\"width\":800,\"height\":800,\"caption\":\"cheek jaw implant\"},{\"@type\":\"BreadcrumbList\",\"@id\":\"https:\/\/bestmedicalpackages.com\/es\/package\/implante-de-mejilla-y-mandibula\/#breadcrumb\",\"itemListElement\":[{\"@type\":\"ListItem\",\"position\":1,\"name\":\"Home of Best Medical Packages\",\"item\":\"https:\/\/bestmedicalpackages.com\/es\/paquetes-medicos-todo-incluido\/\"},{\"@type\":\"ListItem\",\"position\":2,\"name\":\"Procedures\",\"item\":\"https:\/\/bestmedicalpackages.com\/procedures\/\"},{\"@type\":\"ListItem\",\"position\":3,\"name\":\"Implante de mejilla y mand\u00edbula\"}]},{\"@type\":\"WebSite\",\"@id\":\"https:\/\/bestmedicalpackages.com\/es\/#website\",\"url\":\"https:\/\/bestmedicalpackages.com\/es\/\",\"name\":\"Best Medical Packages\",\"description\":\"Best medical packages for male and female patients.\",\"publisher\":{\"@id\":\"https:\/\/bestmedicalpackages.com\/es\/#organization\"},\"potentialAction\":[{\"@type\":\"SearchAction\",\"target\":{\"@type\":\"EntryPoint\",\"urlTemplate\":\"https:\/\/bestmedicalpackages.com\/es\/?s={search_term_string}\"},\"query-input\":{\"@type\":\"PropertyValueSpecification\",\"valueRequired\":true,\"valueName\":\"search_term_string\"}}],\"inLanguage\":\"es\"},{\"@type\":\"Organization\",\"@id\":\"https:\/\/bestmedicalpackages.com\/es\/#organization\",\"name\":\"Best Medical Packages\",\"url\":\"https:\/\/bestmedicalpackages.com\/es\/\",\"logo\":{\"@type\":\"ImageObject\",\"inLanguage\":\"es\",\"@id\":\"https:\/\/bestmedicalpackages.com\/es\/#\/schema\/logo\/image\/\",\"url\":\"https:\/\/bestmedicalpackages.com\/wp-content\/uploads\/2023\/02\/logo.png\",\"contentUrl\":\"https:\/\/bestmedicalpackages.com\/wp-content\/uploads\/2023\/02\/logo.png\",\"width\":308,\"height\":106,\"caption\":\"Best Medical Packages\"},\"image\":{\"@id\":\"https:\/\/bestmedicalpackages.com\/es\/#\/schema\/logo\/image\/\"},\"sameAs\":[\"https:\/\/www.instagram.com\/medicalpackages\/\"]}]}<\/script>\n<meta property=\"product:price:amount\" content=\"12200\" \/>\n<meta property=\"product:price:currency\" content=\"USD\" \/>\n<meta property=\"og:availability\" content=\"instock\" \/>\n<meta property=\"product:availability\" content=\"instock\" \/>\n<meta property=\"product:condition\" content=\"new\" \/>\n<!-- \/ Yoast SEO Premium plugin. -->","yoast_head_json":{"title":"Implante de mejilla y mand\u00edbula Cirug\u00eda - Best Medical Packages (12.200&#36;)","description":"Puede encontrar informaci\u00f3n sobre Implante de mejilla y mand\u00edbula - Best Medical Packages (12.200&#36;)","robots":{"index":"index","follow":"follow","max-snippet":"max-snippet:-1","max-image-preview":"max-image-preview:large","max-video-preview":"max-video-preview:-1"},"canonical":"https:\/\/bestmedicalpackages.com\/es\/package\/implante-de-mejilla-y-mandibula\/","og_locale":"es_ES","og_type":"article","og_title":"Implante de mejilla y mand\u00edbula","og_description":"Puede encontrar informaci\u00f3n sobre Implante de mejilla y mand\u00edbula - Best Medical Packages (12.200&#36;)","og_url":"https:\/\/bestmedicalpackages.com\/es\/package\/implante-de-mejilla-y-mandibula\/","og_site_name":"Best Medical Packages","article_modified_time":"2025-08-26T15:47:21+00:00","og_image":[{"width":800,"height":800,"url":"https:\/\/bestmedicalpackages.com\/wp-content\/uploads\/2025\/08\/cheek-jaw-implant.jpg","type":"image\/jpeg"}],"twitter_card":"summary_large_image","twitter_misc":{"Precio":"12.200&#36;","Disponibilidad":"Disponible"},"schema":{"@context":"https:\/\/schema.org","@graph":[{"@type":"WebPage","@id":"https:\/\/bestmedicalpackages.com\/es\/package\/implante-de-mejilla-y-mandibula\/","url":"https:\/\/bestmedicalpackages.com\/es\/package\/implante-de-mejilla-y-mandibula\/","name":"Implante de mejilla y mand\u00edbula Cirug\u00eda - Best Medical Packages (12.200&#36;)","isPartOf":{"@id":"https:\/\/bestmedicalpackages.com\/es\/#website"},"primaryImageOfPage":{"@id":"https:\/\/bestmedicalpackages.com\/es\/package\/implante-de-mejilla-y-mandibula\/#primaryimage"},"image":{"@id":"https:\/\/bestmedicalpackages.com\/es\/package\/implante-de-mejilla-y-mandibula\/#primaryimage"},"thumbnailUrl":"https:\/\/bestmedical.b-cdn.net\/wp-content\/uploads\/2025\/08\/cheek-jaw-implant.jpg","datePublished":"2025-06-14T12:34:55+00:00","dateModified":"2025-08-26T15:47:21+00:00","description":"Puede encontrar informaci\u00f3n sobre Implante de mejilla y mand\u00edbula - Best Medical Packages (12.200&#36;)","breadcrumb":{"@id":"https:\/\/bestmedicalpackages.com\/es\/package\/implante-de-mejilla-y-mandibula\/#breadcrumb"},"inLanguage":"es","potentialAction":[{"@type":"ReadAction","target":["https:\/\/bestmedicalpackages.com\/es\/package\/implante-de-mejilla-y-mandibula\/"]}]},{"@type":"ImageObject","inLanguage":"es","@id":"https:\/\/bestmedicalpackages.com\/es\/package\/implante-de-mejilla-y-mandibula\/#primaryimage","url":"https:\/\/bestmedical.b-cdn.net\/wp-content\/uploads\/2025\/08\/cheek-jaw-implant.jpg","contentUrl":"https:\/\/bestmedical.b-cdn.net\/wp-content\/uploads\/2025\/08\/cheek-jaw-implant.jpg","width":800,"height":800,"caption":"cheek jaw implant"},{"@type":"BreadcrumbList","@id":"https:\/\/bestmedicalpackages.com\/es\/package\/implante-de-mejilla-y-mandibula\/#breadcrumb","itemListElement":[{"@type":"ListItem","position":1,"name":"Home of Best Medical Packages","item":"https:\/\/bestmedicalpackages.com\/es\/paquetes-medicos-todo-incluido\/"},{"@type":"ListItem","position":2,"name":"Procedures","item":"https:\/\/bestmedicalpackages.com\/procedures\/"},{"@type":"ListItem","position":3,"name":"Implante de mejilla y mand\u00edbula"}]},{"@type":"WebSite","@id":"https:\/\/bestmedicalpackages.com\/es\/#website","url":"https:\/\/bestmedicalpackages.com\/es\/","name":"Best Medical Packages","description":"Best medical packages for male and female patients.","publisher":{"@id":"https:\/\/bestmedicalpackages.com\/es\/#organization"},"potentialAction":[{"@type":"SearchAction","target":{"@type":"EntryPoint","urlTemplate":"https:\/\/bestmedicalpackages.com\/es\/?s={search_term_string}"},"query-input":{"@type":"PropertyValueSpecification","valueRequired":true,"valueName":"search_term_string"}}],"inLanguage":"es"},{"@type":"Organization","@id":"https:\/\/bestmedicalpackages.com\/es\/#organization","name":"Best Medical Packages","url":"https:\/\/bestmedicalpackages.com\/es\/","logo":{"@type":"ImageObject","inLanguage":"es","@id":"https:\/\/bestmedicalpackages.com\/es\/#\/schema\/logo\/image\/","url":"https:\/\/bestmedicalpackages.com\/wp-content\/uploads\/2023\/02\/logo.png","contentUrl":"https:\/\/bestmedicalpackages.com\/wp-content\/uploads\/2023\/02\/logo.png","width":308,"height":106,"caption":"Best Medical Packages"},"image":{"@id":"https:\/\/bestmedicalpackages.com\/es\/#\/schema\/logo\/image\/"},"sameAs":["https:\/\/www.instagram.com\/medicalpackages\/"]}]},"product_price_amount":"12200","product_price_currency":"USD","og_availability":"instock","product_availability":"instock","product_condition":"new"},"_links":{"self":[{"href":"https:\/\/bestmedicalpackages.com\/es\/wp-json\/wp\/v2\/product\/6783","targetHints":{"allow":["GET"]}}],"collection":[{"href":"https:\/\/bestmedicalpackages.com\/es\/wp-json\/wp\/v2\/product"}],"about":[{"href":"https:\/\/bestmedicalpackages.com\/es\/wp-json\/wp\/v2\/types\/product"}],"replies":[{"embeddable":true,"href":"https:\/\/bestmedicalpackages.com\/es\/wp-json\/wp\/v2\/comments?post=6783"}],"wp:featuredmedia":[{"embeddable":true,"href":"https:\/\/bestmedicalpackages.com\/es\/wp-json\/wp\/v2\/media\/6695"}],"wp:attachment":[{"href":"https:\/\/bestmedicalpackages.com\/es\/wp-json\/wp\/v2\/media?parent=6783"}],"wp:term":[{"taxonomy":"product_brand","embeddable":true,"href":"https:\/\/bestmedicalpackages.com\/es\/wp-json\/wp\/v2\/product_brand?post=6783"},{"taxonomy":"product_cat","embeddable":true,"href":"https:\/\/bestmedicalpackages.com\/es\/wp-json\/wp\/v2\/product_cat?post=6783"},{"taxonomy":"product_tag","embeddable":true,"href":"https:\/\/bestmedicalpackages.com\/es\/wp-json\/wp\/v2\/product_tag?post=6783"}],"curies":[{"name":"wp","href":"https:\/\/api.w.org\/{rel}","templated":true}]}}