{"id":6818,"date":"2025-06-19T11:17:33","date_gmt":"2025-06-19T08:17:33","guid":{"rendered":"https:\/\/new.bestmedicalpackages.com\/package\/aumento-de-pomulos\/"},"modified":"2025-08-26T18:47:27","modified_gmt":"2025-08-26T15:47:27","slug":"aumento-de-pomulos","status":"publish","type":"product","link":"https:\/\/bestmedicalpackages.com\/es\/package\/aumento-de-pomulos\/","title":{"rendered":"Aumento de p\u00f3mulos"},"content":{"rendered":"<p><span data-offset-key=\"1h17n-95-0\">Pl<\/span><span data-offset-key=\"1h17n-96-0\">astic<\/span><span data-offset-key=\"1h17n-97-0\"> cirujanos<\/span><span data-offset-key=\"1h17n-98-0\"> utilizan<\/span><span data-offset-key=\"1h17n-99-0\"> mejilla<\/span><span data-offset-key=\"1h17n-100-0\"> implantes<\/span><span data-offset-key=\"1h17n-101-0\"> como<\/span><span data-offset-key=\"1h17n-102-0\"> a<\/span><span data-offset-key=\"1h17n-103-0\"> tipo<\/span><span data-offset-key=\"1h17n-104-0\"> de<\/span><span data-offset-key=\"1h17n-105-0\"> cirug\u00eda est\u00e9tica<\/span><span data-offset-key=\"1h17n-106-0\"> cirug\u00eda est\u00e9tica. <\/span><span data-offset-key=\"1h17n-140-0\">Puede colocar estos implantes debajo del p\u00f3mulo o directamente en el tejido de la mejilla para mejorar eficazmente la est\u00e9tica barbilla, y la l\u00ednea de la mand\u00edbula.<\/span><\/p>\n<p><span data-offset-key=\"6ssmg-44-0\">Estos<\/span><span data-offset-key=\"6ssmg-45-0\">  implantes<\/span><span data-offset-key=\"6ssmg-46-0\">  son<\/span><span data-offset-key=\"6ssmg-47-0\">  normalmente<\/span><span data-offset-key=\"6ssmg-48-0\">  hecho<\/span><span data-offset-key=\"6ssmg-49-0\">  de<\/span><span data-offset-key=\"6ssmg-50-0\">  silicona<\/span><span data-offset-key=\"6ssmg-51-0\">  o<\/span><span data-offset-key=\"6ssmg-52-0\">  otro<\/span><span data-offset-key=\"6ssmg-53-0\">  bi<\/span><span data-offset-key=\"6ssmg-54-0\">ocom<\/span><span data-offset-key=\"6ssmg-55-0\">patible<\/span><span data-offset-key=\"6ssmg-56-0\">  material<\/span><span data-offset-key=\"6ssmg-57-0\">  y<\/span><span data-offset-key=\"6ssmg-58-0\">  son<\/span><span data-offset-key=\"6ssmg-59-0\">  surg<\/span><span data-offset-key=\"6ssmg-60-0\">icamente<\/span><span data-offset-key=\"6ssmg-61-0\">  insertado<\/span><span data-offset-key=\"6ssmg-62-0\">  en<\/span><span data-offset-key=\"6ssmg-63-0\">  el<\/span><span data-offset-key=\"6ssmg-64-0\">  suave<\/span><span data-offset-key=\"6ssmg-65-0\">  tejido<\/span><span data-offset-key=\"6ssmg-66-0\">  de<\/span><span data-offset-key=\"6ssmg-67-0\">  el<\/span><span data-offset-key=\"6ssmg-68-0\">  cirug\u00eda de p\u00f3mulos<\/span><span data-offset-key=\"6ssmg-69-0\">  a<\/span><span data-offset-key=\"6ssmg-70-0\">  crear<\/span><span data-offset-key=\"6ssmg-71-0\">  a<\/span><span data-offset-key=\"6ssmg-72-0\">  fuller<\/span><span data-offset-key=\"6ssmg-73-0\">  y<\/span><span data-offset-key=\"6ssmg-74-0\">  m\u00e1s<\/span><span data-offset-key=\"6ssmg-75-0\">  definido<\/span><span data-offset-key=\"6ssmg-76-0\">  mejilla<\/span><span data-offset-key=\"6ssmg-77-0\">hueso<\/span><span data-offset-key=\"6ssmg-78-0\">  contorno<\/span><span data-offset-key=\"6ssmg-79-0\">.<\/span><\/p>\n<p><span data-offset-key=\"6ssmg-80-0\">En<\/span><span data-offset-key=\"6ssmg-81-0\">  cirug\u00eda de p\u00f3mulos<\/span><span data-offset-key=\"6ssmg-82-0\">  es<\/span><span data-offset-key=\"6ssmg-83-0\">  en general<\/span><span data-offset-key=\"6ssmg-84-0\">  realizado<\/span><span data-offset-key=\"6ssmg-85-0\">  por<\/span><span data-offset-key=\"6ssmg-86-0\">  a<\/span><span data-offset-key=\"6ssmg-87-0\">  pl\u00e1stico<\/span><span data-offset-key=\"6ssmg-88-0\">  cirujano<\/span><span data-offset-key=\"6ssmg-89-0\">  y<\/span><span data-offset-key=\"6ssmg-90-0\">  puede<\/span><span data-offset-key=\"6ssmg-91-0\">  ayuda<\/span><span data-offset-key=\"6ssmg-92-0\">  mejorar<\/span><span data-offset-key=\"6ssmg-93-0\">  facial<\/span><span data-offset-key=\"6ssmg-94-0\">  simetr\u00eda<\/span><span data-offset-key=\"6ssmg-95-0\">,<\/span><span data-offset-key=\"6ssmg-96-0\">  a\u00f1ada<\/span><span data-offset-key=\"6ssmg-97-0\">  volumen<\/span><span data-offset-key=\"6ssmg-98-0\">  a<\/span><span data-offset-key=\"6ssmg-99-0\">  sol<\/span><span data-offset-key=\"6ssmg-100-0\">ken<\/span><span data-offset-key=\"6ssmg-101-0\">  mejillas<\/span><span data-offset-key=\"6ssmg-102-0\">,<\/span><span data-offset-key=\"6ssmg-103-0\">  y<\/span><span data-offset-key=\"6ssmg-104-0\">  crear<\/span><span data-offset-key=\"6ssmg-105-0\">  a<\/span><span data-offset-key=\"6ssmg-106-0\">  m\u00e1s<\/span><span data-offset-key=\"6ssmg-107-0\">  juvenil<\/span><span data-offset-key=\"6ssmg-108-0\">  aparici\u00f3n<\/span><span data-offset-key=\"6ssmg-109-0\">Los cirujanos suelen realizarla junto con otras intervenciones faciales, como un lifting facial o una rinoplastia, para lograr resultados \u00f3ptimos.<\/span><\/p>\n<p><span data-offset-key=\"4tak4-11-0\">Mejorado<\/span><span data-offset-key=\"4tak4-12-0\">  facial<\/span><span data-offset-key=\"4tak4-13-0\">  definici\u00f3n<\/span><span data-offset-key=\"4tak4-14-0\">:<\/span><span data-offset-key=\"4tak4-15-0\">  Che<\/span><span data-offset-key=\"4tak4-16-0\">ek<\/span><span data-offset-key=\"4tak4-17-0\">  implantes<\/span><span data-offset-key=\"4tak4-18-0\">  puede<\/span><span data-offset-key=\"4tak4-19-0\">  mejorar<\/span><span data-offset-key=\"4tak4-20-0\">  el<\/span><span data-offset-key=\"4tak4-21-0\">  contornos<\/span><span data-offset-key=\"4tak4-22-0\">  y<\/span><span data-offset-key=\"4tak4-23-0\">  definici\u00f3n<\/span><span data-offset-key=\"4tak4-24-0\">  de<\/span><span data-offset-key=\"4tak4-25-0\">  el<\/span><span data-offset-key=\"4tak4-26-0\">  mejillas<\/span><span data-offset-key=\"4tak4-27-0\">,<\/span><span data-offset-key=\"4tak4-28-0\">  dando<\/span><span data-offset-key=\"4tak4-29-0\">  el<\/span><span data-offset-key=\"4tak4-30-0\">  cara<\/span><span data-offset-key=\"4tak4-31-0\">  a<\/span><span data-offset-key=\"4tak4-32-0\">  m\u00e1s<\/span><span data-offset-key=\"4tak4-33-0\">  esculpir<\/span><span data-offset-key=\"4tak4-34-0\">ed<\/span><span data-offset-key=\"4tak4-35-0\">  y<\/span><span data-offset-key=\"4tak4-36-0\">  juvenil<\/span><span data-offset-key=\"4tak4-37-0\">  aparici\u00f3n<\/span><span data-offset-key=\"4tak4-38-0\">.<\/span><\/p>\n<p><span data-offset-key=\"4tak4-41-0\">Re<\/span><span data-offset-key=\"4tak4-42-0\">juvenil<\/span><span data-offset-key=\"4tak4-43-0\">aci\u00f3n<\/span><span data-offset-key=\"4tak4-44-0\">  de<\/span><span data-offset-key=\"4tak4-45-0\">  envejecimiento<\/span><span data-offset-key=\"4tak4-46-0\">  cara<\/span><span data-offset-key=\"4tak4-47-0\">:<\/span><span data-offset-key=\"4tak4-48-0\">  En<\/span><span data-offset-key=\"4tak4-49-0\">  nosotros<\/span><span data-offset-key=\"4tak4-50-0\">  edad<\/span><span data-offset-key=\"4tak4-51-0\">,<\/span><span data-offset-key=\"4tak4-52-0\">  el<\/span><span data-offset-key=\"4tak4-53-0\">  grasa<\/span><span data-offset-key=\"4tak4-54-0\">  y<\/span><span data-offset-key=\"4tak4-55-0\">  tejido<\/span><span data-offset-key=\"4tak4-56-0\">  en<\/span><span data-offset-key=\"4tak4-57-0\">  nuestra<\/span><span data-offset-key=\"4tak4-58-0\">  mejillas<\/span><span data-offset-key=\"4tak4-59-0\">  mayo<\/span><span data-offset-key=\"4tak4-60-0\">  comience<\/span><span data-offset-key=\"4tak4-61-0\">  a<\/span><span data-offset-key=\"4tak4-62-0\">  sag<\/span><span data-offset-key=\"4tak4-63-0\">  o<\/span><span data-offset-key=\"4tak4-64-0\">  disminuir<\/span><span data-offset-key=\"4tak4-65-0\">,<\/span><span data-offset-key=\"4tak4-66-0\">  causando<\/span><span data-offset-key=\"4tak4-67-0\">  a<\/span><span data-offset-key=\"4tak4-68-0\">  hueco<\/span><span data-offset-key=\"4tak4-69-0\">  o<\/span><span data-offset-key=\"4tak4-70-0\">  sol<\/span><span data-offset-key=\"4tak4-71-0\">ken<\/span><span data-offset-key=\"4tak4-72-0\">  apariencia.<\/span><\/p>\n","protected":false},"excerpt":{"rendered":"<ul>\n<li>Cirujano colegiado certificado<\/li>\n<li>Consulta preoperatoria en l\u00ednea<\/li>\n<li>Consulta f\u00edsica<\/li>\n<li>Hemograma completa<\/li>\n<li>Anestesia general<\/li>\n<li>Medicamentos<\/li>\n<li>Controles postoperatorios, Kit m\u00e9dico postoperatorio<\/li>\n<li>Atenci\u00f3n personalizada al paciente<\/li>\n<li>(ingl\u00e9s, franc\u00e9s, espa\u00f1ol, italiano)<\/li>\n<li>Asistencia en l\u00ednea 24\/7<\/li>\n<\/ul>\n","protected":false},"featured_media":6557,"comment_status":"open","ping_status":"closed","template":"","meta":[],"product_brand":[],"product_cat":[993],"product_tag":[721,748,749,750],"class_list":{"0":"post-6818","1":"product","2":"type-product","3":"status-publish","4":"has-post-thumbnail","6":"product_cat-cirugia-plastica","7":"product_tag-estambul-es","8":"product_tag-implante","9":"product_tag-mejilla","10":"product_tag-mejilla-implant","12":"first","13":"instock","14":"shipping-taxable","15":"product-type-simple"},"yoast_head":"<!-- This site is optimized with the Yoast SEO Premium plugin v22.1 (Yoast SEO v27.2) - https:\/\/yoast.com\/product\/yoast-seo-premium-wordpress\/ -->\n<title>Aumento de p\u00f3mulos Cirug\u00eda - Best Medical Packages (6.900&#036;)<\/title>\n<meta name=\"description\" content=\"(6.900&#036;) \ud83c\udfe8 - \ud83d\ude90 Traslado desde el aeropuerto y hacia el interior - \ud83c\udf81 Todo incluido - Los cirujanos pl\u00e1sticos utilizan implantes de mejilla como un tipo de cirug\u00eda cosm\u00e9tica.\" \/>\n<meta name=\"robots\" content=\"index, follow, max-snippet:-1, max-image-preview:large, max-video-preview:-1\" \/>\n<link rel=\"canonical\" href=\"https:\/\/bestmedicalpackages.com\/es\/package\/aumento-de-pomulos\/\" \/>\n<meta property=\"og:locale\" content=\"es_ES\" \/>\n<meta property=\"og:type\" content=\"article\" \/>\n<meta property=\"og:title\" content=\"Aumento de p\u00f3mulos\" \/>\n<meta property=\"og:description\" content=\"(6.900&#036;) \ud83c\udfe8 - \ud83d\ude90 Traslado desde el aeropuerto y hacia el interior - \ud83c\udf81 Todo incluido - Los cirujanos pl\u00e1sticos utilizan implantes de mejilla como un tipo de cirug\u00eda cosm\u00e9tica.\" \/>\n<meta property=\"og:url\" content=\"https:\/\/bestmedicalpackages.com\/es\/package\/aumento-de-pomulos\/\" \/>\n<meta property=\"og:site_name\" content=\"Best Medical Packages\" \/>\n<meta property=\"article:modified_time\" content=\"2025-08-26T15:47:27+00:00\" \/>\n<meta property=\"og:image\" content=\"https:\/\/bestmedicalpackages.com\/wp-content\/uploads\/2023\/04\/cheek-augmentation-e1756212379750.jpg\" \/>\n\t<meta property=\"og:image:width\" content=\"1280\" \/>\n\t<meta property=\"og:image:height\" content=\"720\" \/>\n\t<meta property=\"og:image:type\" content=\"image\/jpeg\" \/>\n<meta name=\"twitter:card\" content=\"summary_large_image\" \/>\n<meta name=\"twitter:label1\" content=\"Precio\" \/>\n\t<meta name=\"twitter:data1\" content=\"6.900&#036;\" \/>\n\t<meta name=\"twitter:label2\" content=\"Disponibilidad\" \/>\n\t<meta name=\"twitter:data2\" content=\"Disponible\" \/>\n<script type=\"application\/ld+json\" class=\"yoast-schema-graph\">{\"@context\":\"https:\/\/schema.org\",\"@graph\":[{\"@type\":\"WebPage\",\"@id\":\"https:\/\/bestmedicalpackages.com\/es\/package\/aumento-de-pomulos\/\",\"url\":\"https:\/\/bestmedicalpackages.com\/es\/package\/aumento-de-pomulos\/\",\"name\":\"Aumento de p\u00f3mulos Cirug\u00eda - Best Medical Packages (6.900&#36;)\",\"isPartOf\":{\"@id\":\"https:\/\/bestmedicalpackages.com\/es\/#website\"},\"primaryImageOfPage\":{\"@id\":\"https:\/\/bestmedicalpackages.com\/es\/package\/aumento-de-pomulos\/#primaryimage\"},\"image\":{\"@id\":\"https:\/\/bestmedicalpackages.com\/es\/package\/aumento-de-pomulos\/#primaryimage\"},\"thumbnailUrl\":\"https:\/\/bestmedical.b-cdn.net\/wp-content\/uploads\/2023\/04\/cheek-augmentation-e1756212379750.jpg\",\"datePublished\":\"2025-06-19T08:17:33+00:00\",\"dateModified\":\"2025-08-26T15:47:27+00:00\",\"description\":\"(6.900&#36;) \ud83c\udfe8 - \ud83d\ude90 Traslado desde el aeropuerto y hacia el interior - \ud83c\udf81 Todo incluido - Los cirujanos pl\u00e1sticos utilizan implantes de mejilla como un tipo de cirug\u00eda cosm\u00e9tica.\",\"breadcrumb\":{\"@id\":\"https:\/\/bestmedicalpackages.com\/es\/package\/aumento-de-pomulos\/#breadcrumb\"},\"inLanguage\":\"es\",\"potentialAction\":[{\"@type\":\"ReadAction\",\"target\":[\"https:\/\/bestmedicalpackages.com\/es\/package\/aumento-de-pomulos\/\"]}]},{\"@type\":\"ImageObject\",\"inLanguage\":\"es\",\"@id\":\"https:\/\/bestmedicalpackages.com\/es\/package\/aumento-de-pomulos\/#primaryimage\",\"url\":\"https:\/\/bestmedical.b-cdn.net\/wp-content\/uploads\/2023\/04\/cheek-augmentation-e1756212379750.jpg\",\"contentUrl\":\"https:\/\/bestmedical.b-cdn.net\/wp-content\/uploads\/2023\/04\/cheek-augmentation-e1756212379750.jpg\",\"width\":717,\"height\":717,\"caption\":\"cheek augmentation e1756212379750\"},{\"@type\":\"BreadcrumbList\",\"@id\":\"https:\/\/bestmedicalpackages.com\/es\/package\/aumento-de-pomulos\/#breadcrumb\",\"itemListElement\":[{\"@type\":\"ListItem\",\"position\":1,\"name\":\"Home of Best Medical Packages\",\"item\":\"https:\/\/bestmedicalpackages.com\/es\/paquetes-medicos-todo-incluido\/\"},{\"@type\":\"ListItem\",\"position\":2,\"name\":\"Procedures\",\"item\":\"https:\/\/bestmedicalpackages.com\/procedures\/\"},{\"@type\":\"ListItem\",\"position\":3,\"name\":\"Aumento de p\u00f3mulos\"}]},{\"@type\":\"WebSite\",\"@id\":\"https:\/\/bestmedicalpackages.com\/es\/#website\",\"url\":\"https:\/\/bestmedicalpackages.com\/es\/\",\"name\":\"Best Medical Packages\",\"description\":\"Best medical packages for male and female patients.\",\"publisher\":{\"@id\":\"https:\/\/bestmedicalpackages.com\/es\/#organization\"},\"potentialAction\":[{\"@type\":\"SearchAction\",\"target\":{\"@type\":\"EntryPoint\",\"urlTemplate\":\"https:\/\/bestmedicalpackages.com\/es\/?s={search_term_string}\"},\"query-input\":{\"@type\":\"PropertyValueSpecification\",\"valueRequired\":true,\"valueName\":\"search_term_string\"}}],\"inLanguage\":\"es\"},{\"@type\":\"Organization\",\"@id\":\"https:\/\/bestmedicalpackages.com\/es\/#organization\",\"name\":\"Best Medical Packages\",\"url\":\"https:\/\/bestmedicalpackages.com\/es\/\",\"logo\":{\"@type\":\"ImageObject\",\"inLanguage\":\"es\",\"@id\":\"https:\/\/bestmedicalpackages.com\/es\/#\/schema\/logo\/image\/\",\"url\":\"https:\/\/bestmedicalpackages.com\/wp-content\/uploads\/2023\/02\/logo.png\",\"contentUrl\":\"https:\/\/bestmedicalpackages.com\/wp-content\/uploads\/2023\/02\/logo.png\",\"width\":308,\"height\":106,\"caption\":\"Best Medical Packages\"},\"image\":{\"@id\":\"https:\/\/bestmedicalpackages.com\/es\/#\/schema\/logo\/image\/\"},\"sameAs\":[\"https:\/\/www.instagram.com\/medicalpackages\/\"]}]}<\/script>\n<meta property=\"product:price:amount\" content=\"6900\" \/>\n<meta property=\"product:price:currency\" content=\"USD\" \/>\n<meta property=\"og:availability\" content=\"instock\" \/>\n<meta property=\"product:availability\" content=\"instock\" \/>\n<meta property=\"product:condition\" content=\"new\" \/>\n<!-- \/ Yoast SEO Premium plugin. -->","yoast_head_json":{"title":"Aumento de p\u00f3mulos Cirug\u00eda - Best Medical Packages (6.900&#36;)","description":"(6.900&#36;) \ud83c\udfe8 - \ud83d\ude90 Traslado desde el aeropuerto y hacia el interior - \ud83c\udf81 Todo incluido - Los cirujanos pl\u00e1sticos utilizan implantes de mejilla como un tipo de cirug\u00eda cosm\u00e9tica.","robots":{"index":"index","follow":"follow","max-snippet":"max-snippet:-1","max-image-preview":"max-image-preview:large","max-video-preview":"max-video-preview:-1"},"canonical":"https:\/\/bestmedicalpackages.com\/es\/package\/aumento-de-pomulos\/","og_locale":"es_ES","og_type":"article","og_title":"Aumento de p\u00f3mulos","og_description":"(6.900&#36;) \ud83c\udfe8 - \ud83d\ude90 Traslado desde el aeropuerto y hacia el interior - \ud83c\udf81 Todo incluido - Los cirujanos pl\u00e1sticos utilizan implantes de mejilla como un tipo de cirug\u00eda cosm\u00e9tica.","og_url":"https:\/\/bestmedicalpackages.com\/es\/package\/aumento-de-pomulos\/","og_site_name":"Best Medical Packages","article_modified_time":"2025-08-26T15:47:27+00:00","og_image":[{"width":1280,"height":720,"url":"https:\/\/bestmedicalpackages.com\/wp-content\/uploads\/2023\/04\/cheek-augmentation-e1756212379750.jpg","type":"image\/jpeg"}],"twitter_card":"summary_large_image","twitter_misc":{"Precio":"6.900&#36;","Disponibilidad":"Disponible"},"schema":{"@context":"https:\/\/schema.org","@graph":[{"@type":"WebPage","@id":"https:\/\/bestmedicalpackages.com\/es\/package\/aumento-de-pomulos\/","url":"https:\/\/bestmedicalpackages.com\/es\/package\/aumento-de-pomulos\/","name":"Aumento de p\u00f3mulos Cirug\u00eda - Best Medical Packages (6.900&#36;)","isPartOf":{"@id":"https:\/\/bestmedicalpackages.com\/es\/#website"},"primaryImageOfPage":{"@id":"https:\/\/bestmedicalpackages.com\/es\/package\/aumento-de-pomulos\/#primaryimage"},"image":{"@id":"https:\/\/bestmedicalpackages.com\/es\/package\/aumento-de-pomulos\/#primaryimage"},"thumbnailUrl":"https:\/\/bestmedical.b-cdn.net\/wp-content\/uploads\/2023\/04\/cheek-augmentation-e1756212379750.jpg","datePublished":"2025-06-19T08:17:33+00:00","dateModified":"2025-08-26T15:47:27+00:00","description":"(6.900&#36;) \ud83c\udfe8 - \ud83d\ude90 Traslado desde el aeropuerto y hacia el interior - \ud83c\udf81 Todo incluido - Los cirujanos pl\u00e1sticos utilizan implantes de mejilla como un tipo de cirug\u00eda cosm\u00e9tica.","breadcrumb":{"@id":"https:\/\/bestmedicalpackages.com\/es\/package\/aumento-de-pomulos\/#breadcrumb"},"inLanguage":"es","potentialAction":[{"@type":"ReadAction","target":["https:\/\/bestmedicalpackages.com\/es\/package\/aumento-de-pomulos\/"]}]},{"@type":"ImageObject","inLanguage":"es","@id":"https:\/\/bestmedicalpackages.com\/es\/package\/aumento-de-pomulos\/#primaryimage","url":"https:\/\/bestmedical.b-cdn.net\/wp-content\/uploads\/2023\/04\/cheek-augmentation-e1756212379750.jpg","contentUrl":"https:\/\/bestmedical.b-cdn.net\/wp-content\/uploads\/2023\/04\/cheek-augmentation-e1756212379750.jpg","width":717,"height":717,"caption":"cheek augmentation e1756212379750"},{"@type":"BreadcrumbList","@id":"https:\/\/bestmedicalpackages.com\/es\/package\/aumento-de-pomulos\/#breadcrumb","itemListElement":[{"@type":"ListItem","position":1,"name":"Home of Best Medical Packages","item":"https:\/\/bestmedicalpackages.com\/es\/paquetes-medicos-todo-incluido\/"},{"@type":"ListItem","position":2,"name":"Procedures","item":"https:\/\/bestmedicalpackages.com\/procedures\/"},{"@type":"ListItem","position":3,"name":"Aumento de p\u00f3mulos"}]},{"@type":"WebSite","@id":"https:\/\/bestmedicalpackages.com\/es\/#website","url":"https:\/\/bestmedicalpackages.com\/es\/","name":"Best Medical Packages","description":"Best medical packages for male and female patients.","publisher":{"@id":"https:\/\/bestmedicalpackages.com\/es\/#organization"},"potentialAction":[{"@type":"SearchAction","target":{"@type":"EntryPoint","urlTemplate":"https:\/\/bestmedicalpackages.com\/es\/?s={search_term_string}"},"query-input":{"@type":"PropertyValueSpecification","valueRequired":true,"valueName":"search_term_string"}}],"inLanguage":"es"},{"@type":"Organization","@id":"https:\/\/bestmedicalpackages.com\/es\/#organization","name":"Best Medical Packages","url":"https:\/\/bestmedicalpackages.com\/es\/","logo":{"@type":"ImageObject","inLanguage":"es","@id":"https:\/\/bestmedicalpackages.com\/es\/#\/schema\/logo\/image\/","url":"https:\/\/bestmedicalpackages.com\/wp-content\/uploads\/2023\/02\/logo.png","contentUrl":"https:\/\/bestmedicalpackages.com\/wp-content\/uploads\/2023\/02\/logo.png","width":308,"height":106,"caption":"Best Medical Packages"},"image":{"@id":"https:\/\/bestmedicalpackages.com\/es\/#\/schema\/logo\/image\/"},"sameAs":["https:\/\/www.instagram.com\/medicalpackages\/"]}]},"product_price_amount":"6900","product_price_currency":"USD","og_availability":"instock","product_availability":"instock","product_condition":"new"},"_links":{"self":[{"href":"https:\/\/bestmedicalpackages.com\/es\/wp-json\/wp\/v2\/product\/6818","targetHints":{"allow":["GET"]}}],"collection":[{"href":"https:\/\/bestmedicalpackages.com\/es\/wp-json\/wp\/v2\/product"}],"about":[{"href":"https:\/\/bestmedicalpackages.com\/es\/wp-json\/wp\/v2\/types\/product"}],"replies":[{"embeddable":true,"href":"https:\/\/bestmedicalpackages.com\/es\/wp-json\/wp\/v2\/comments?post=6818"}],"wp:featuredmedia":[{"embeddable":true,"href":"https:\/\/bestmedicalpackages.com\/es\/wp-json\/wp\/v2\/media\/6557"}],"wp:attachment":[{"href":"https:\/\/bestmedicalpackages.com\/es\/wp-json\/wp\/v2\/media?parent=6818"}],"wp:term":[{"taxonomy":"product_brand","embeddable":true,"href":"https:\/\/bestmedicalpackages.com\/es\/wp-json\/wp\/v2\/product_brand?post=6818"},{"taxonomy":"product_cat","embeddable":true,"href":"https:\/\/bestmedicalpackages.com\/es\/wp-json\/wp\/v2\/product_cat?post=6818"},{"taxonomy":"product_tag","embeddable":true,"href":"https:\/\/bestmedicalpackages.com\/es\/wp-json\/wp\/v2\/product_tag?post=6818"}],"curies":[{"name":"wp","href":"https:\/\/api.w.org\/{rel}","templated":true}]}}