{"id":6858,"date":"2025-06-30T15:14:38","date_gmt":"2025-06-30T12:14:38","guid":{"rendered":"https:\/\/new.bestmedicalpackages.com\/package\/vaginoplastia\/"},"modified":"2025-08-27T10:52:01","modified_gmt":"2025-08-27T07:52:01","slug":"vaginoplastia","status":"publish","type":"product","link":"https:\/\/bestmedicalpackages.com\/es\/package\/vaginoplastia\/","title":{"rendered":"Vaginoplastia"},"content":{"rendered":"<p>La vaginoplastia es una intervenci\u00f3n quir\u00fargica cuyo objetivo es estrechar y tensar la vagina. Tambi\u00e9n se conoce como rejuvenecimiento vaginal y puede realizarse por motivos m\u00e9dicos o est\u00e9ticos. Entre las indicaciones m\u00e9dicas de la vaginoplastia figuran el s\u00edndrome de relajaci\u00f3n vaginal, el prolapso vaginal y la incontinencia urinaria de esfuerzo. Entre las razones est\u00e9ticas de la intervenci\u00f3n figuran la mejora del aspecto de la vagina y la mayor satisfacci\u00f3n durante el coito. La intervenci\u00f3n suele consistir en eliminar el exceso de piel vaginal y tensar el tejido restante. Tambi\u00e9n puede implicar la remodelaci\u00f3n de los labios.<\/p>\n","protected":false},"excerpt":{"rendered":"<ul>\n<li>Cirujano colegiado certificado<\/li>\n<li>Consulta preoperatoria en l\u00ednea<\/li>\n<li>Consulta f\u00edsica<\/li>\n<li>Hemograma completa<\/li>\n<li>Anestesia general<\/li>\n<li>Medicamentos<\/li>\n<li>Controles postoperatorios, Kit m\u00e9dico postoperatorio<\/li>\n<li>Atenci\u00f3n personalizada al paciente<\/li>\n<li>(ingl\u00e9s, franc\u00e9s, espa\u00f1ol, italiano)<\/li>\n<li>Asistencia en l\u00ednea 24\/7<\/li>\n<\/ul>\n","protected":false},"featured_media":8523,"comment_status":"closed","ping_status":"closed","template":"","meta":[],"product_brand":[],"product_cat":[993],"product_tag":[721,819,723,820],"class_list":{"0":"post-6858","1":"product","2":"type-product","3":"status-publish","4":"has-post-thumbnail","6":"product_cat-cirugia-plastica","7":"product_tag-estambul-es","8":"product_tag-genitales","9":"product_tag-turquia-es","10":"product_tag-vaginal-es","12":"first","13":"instock","14":"shipping-taxable","15":"product-type-simple"},"yoast_head":"<!-- This site is optimized with the Yoast SEO Premium plugin v22.1 (Yoast SEO v27.2) - https:\/\/yoast.com\/product\/yoast-seo-premium-wordpress\/ -->\n<title>Vaginoplastia Cirug\u00eda - Best Medical Packages (2.625&#036;)<\/title>\n<meta name=\"description\" content=\"Puede encontrar informaci\u00f3n sobre Vaginoplastia - Best Medical Packages (2.625&#036;)\" \/>\n<meta name=\"robots\" content=\"index, follow, max-snippet:-1, max-image-preview:large, max-video-preview:-1\" \/>\n<link rel=\"canonical\" href=\"https:\/\/bestmedicalpackages.com\/es\/package\/vaginoplastia\/\" \/>\n<meta property=\"og:locale\" content=\"es_ES\" \/>\n<meta property=\"og:type\" content=\"article\" \/>\n<meta property=\"og:title\" content=\"Vaginoplastia\" \/>\n<meta property=\"og:description\" content=\"Puede encontrar informaci\u00f3n sobre Vaginoplastia - Best Medical Packages (2.625&#036;)\" \/>\n<meta property=\"og:url\" content=\"https:\/\/bestmedicalpackages.com\/es\/package\/vaginoplastia\/\" \/>\n<meta property=\"og:site_name\" content=\"Best Medical Packages\" \/>\n<meta property=\"article:modified_time\" content=\"2025-08-27T07:52:01+00:00\" \/>\n<meta property=\"og:image\" content=\"https:\/\/bestmedicalpackages.com\/wp-content\/uploads\/2025\/06\/Vaginoplasty-2.jpg\" \/>\n\t<meta property=\"og:image:width\" content=\"1035\" \/>\n\t<meta property=\"og:image:height\" content=\"1035\" \/>\n\t<meta property=\"og:image:type\" content=\"image\/jpeg\" \/>\n<meta name=\"twitter:card\" content=\"summary_large_image\" \/>\n<meta name=\"twitter:label1\" content=\"Precio\" \/>\n\t<meta name=\"twitter:data1\" content=\"2.625&#036;\" \/>\n\t<meta name=\"twitter:label2\" content=\"Disponibilidad\" \/>\n\t<meta name=\"twitter:data2\" content=\"Disponible\" \/>\n<script type=\"application\/ld+json\" class=\"yoast-schema-graph\">{\"@context\":\"https:\/\/schema.org\",\"@graph\":[{\"@type\":\"WebPage\",\"@id\":\"https:\/\/bestmedicalpackages.com\/es\/package\/vaginoplastia\/\",\"url\":\"https:\/\/bestmedicalpackages.com\/es\/package\/vaginoplastia\/\",\"name\":\"Vaginoplastia Cirug\u00eda - Best Medical Packages (2.625&#36;)\",\"isPartOf\":{\"@id\":\"https:\/\/bestmedicalpackages.com\/es\/#website\"},\"primaryImageOfPage\":{\"@id\":\"https:\/\/bestmedicalpackages.com\/es\/package\/vaginoplastia\/#primaryimage\"},\"image\":{\"@id\":\"https:\/\/bestmedicalpackages.com\/es\/package\/vaginoplastia\/#primaryimage\"},\"thumbnailUrl\":\"https:\/\/bestmedical.b-cdn.net\/wp-content\/uploads\/2025\/06\/Vaginoplasty-2.jpg\",\"datePublished\":\"2025-06-30T12:14:38+00:00\",\"dateModified\":\"2025-08-27T07:52:01+00:00\",\"description\":\"Puede encontrar informaci\u00f3n sobre Vaginoplastia - Best Medical Packages (2.625&#36;)\",\"breadcrumb\":{\"@id\":\"https:\/\/bestmedicalpackages.com\/es\/package\/vaginoplastia\/#breadcrumb\"},\"inLanguage\":\"es\",\"potentialAction\":[{\"@type\":\"ReadAction\",\"target\":[\"https:\/\/bestmedicalpackages.com\/es\/package\/vaginoplastia\/\"]}]},{\"@type\":\"ImageObject\",\"inLanguage\":\"es\",\"@id\":\"https:\/\/bestmedicalpackages.com\/es\/package\/vaginoplastia\/#primaryimage\",\"url\":\"https:\/\/bestmedical.b-cdn.net\/wp-content\/uploads\/2025\/06\/Vaginoplasty-2.jpg\",\"contentUrl\":\"https:\/\/bestmedical.b-cdn.net\/wp-content\/uploads\/2025\/06\/Vaginoplasty-2.jpg\",\"width\":1035,\"height\":1035,\"caption\":\"Vaginoplasty 2\"},{\"@type\":\"BreadcrumbList\",\"@id\":\"https:\/\/bestmedicalpackages.com\/es\/package\/vaginoplastia\/#breadcrumb\",\"itemListElement\":[{\"@type\":\"ListItem\",\"position\":1,\"name\":\"Home of Best Medical Packages\",\"item\":\"https:\/\/bestmedicalpackages.com\/es\/paquetes-medicos-todo-incluido\/\"},{\"@type\":\"ListItem\",\"position\":2,\"name\":\"Procedures\",\"item\":\"https:\/\/bestmedicalpackages.com\/procedures\/\"},{\"@type\":\"ListItem\",\"position\":3,\"name\":\"Vaginoplastia\"}]},{\"@type\":\"WebSite\",\"@id\":\"https:\/\/bestmedicalpackages.com\/es\/#website\",\"url\":\"https:\/\/bestmedicalpackages.com\/es\/\",\"name\":\"Best Medical Packages\",\"description\":\"Best medical packages for male and female patients.\",\"publisher\":{\"@id\":\"https:\/\/bestmedicalpackages.com\/es\/#organization\"},\"potentialAction\":[{\"@type\":\"SearchAction\",\"target\":{\"@type\":\"EntryPoint\",\"urlTemplate\":\"https:\/\/bestmedicalpackages.com\/es\/?s={search_term_string}\"},\"query-input\":{\"@type\":\"PropertyValueSpecification\",\"valueRequired\":true,\"valueName\":\"search_term_string\"}}],\"inLanguage\":\"es\"},{\"@type\":\"Organization\",\"@id\":\"https:\/\/bestmedicalpackages.com\/es\/#organization\",\"name\":\"Best Medical Packages\",\"url\":\"https:\/\/bestmedicalpackages.com\/es\/\",\"logo\":{\"@type\":\"ImageObject\",\"inLanguage\":\"es\",\"@id\":\"https:\/\/bestmedicalpackages.com\/es\/#\/schema\/logo\/image\/\",\"url\":\"https:\/\/bestmedicalpackages.com\/wp-content\/uploads\/2023\/02\/logo.png\",\"contentUrl\":\"https:\/\/bestmedicalpackages.com\/wp-content\/uploads\/2023\/02\/logo.png\",\"width\":308,\"height\":106,\"caption\":\"Best Medical Packages\"},\"image\":{\"@id\":\"https:\/\/bestmedicalpackages.com\/es\/#\/schema\/logo\/image\/\"},\"sameAs\":[\"https:\/\/www.instagram.com\/medicalpackages\/\"]}]}<\/script>\n<meta property=\"product:price:amount\" content=\"2625\" \/>\n<meta property=\"product:price:currency\" content=\"USD\" \/>\n<meta property=\"og:availability\" content=\"instock\" \/>\n<meta property=\"product:availability\" content=\"instock\" \/>\n<meta property=\"product:condition\" content=\"new\" \/>\n<!-- \/ Yoast SEO Premium plugin. -->","yoast_head_json":{"title":"Vaginoplastia Cirug\u00eda - Best Medical Packages (2.625&#36;)","description":"Puede encontrar informaci\u00f3n sobre Vaginoplastia - Best Medical Packages (2.625&#36;)","robots":{"index":"index","follow":"follow","max-snippet":"max-snippet:-1","max-image-preview":"max-image-preview:large","max-video-preview":"max-video-preview:-1"},"canonical":"https:\/\/bestmedicalpackages.com\/es\/package\/vaginoplastia\/","og_locale":"es_ES","og_type":"article","og_title":"Vaginoplastia","og_description":"Puede encontrar informaci\u00f3n sobre Vaginoplastia - Best Medical Packages (2.625&#36;)","og_url":"https:\/\/bestmedicalpackages.com\/es\/package\/vaginoplastia\/","og_site_name":"Best Medical Packages","article_modified_time":"2025-08-27T07:52:01+00:00","og_image":[{"width":1035,"height":1035,"url":"https:\/\/bestmedicalpackages.com\/wp-content\/uploads\/2025\/06\/Vaginoplasty-2.jpg","type":"image\/jpeg"}],"twitter_card":"summary_large_image","twitter_misc":{"Precio":"2.625&#36;","Disponibilidad":"Disponible"},"schema":{"@context":"https:\/\/schema.org","@graph":[{"@type":"WebPage","@id":"https:\/\/bestmedicalpackages.com\/es\/package\/vaginoplastia\/","url":"https:\/\/bestmedicalpackages.com\/es\/package\/vaginoplastia\/","name":"Vaginoplastia Cirug\u00eda - Best Medical Packages (2.625&#36;)","isPartOf":{"@id":"https:\/\/bestmedicalpackages.com\/es\/#website"},"primaryImageOfPage":{"@id":"https:\/\/bestmedicalpackages.com\/es\/package\/vaginoplastia\/#primaryimage"},"image":{"@id":"https:\/\/bestmedicalpackages.com\/es\/package\/vaginoplastia\/#primaryimage"},"thumbnailUrl":"https:\/\/bestmedical.b-cdn.net\/wp-content\/uploads\/2025\/06\/Vaginoplasty-2.jpg","datePublished":"2025-06-30T12:14:38+00:00","dateModified":"2025-08-27T07:52:01+00:00","description":"Puede encontrar informaci\u00f3n sobre Vaginoplastia - Best Medical Packages (2.625&#36;)","breadcrumb":{"@id":"https:\/\/bestmedicalpackages.com\/es\/package\/vaginoplastia\/#breadcrumb"},"inLanguage":"es","potentialAction":[{"@type":"ReadAction","target":["https:\/\/bestmedicalpackages.com\/es\/package\/vaginoplastia\/"]}]},{"@type":"ImageObject","inLanguage":"es","@id":"https:\/\/bestmedicalpackages.com\/es\/package\/vaginoplastia\/#primaryimage","url":"https:\/\/bestmedical.b-cdn.net\/wp-content\/uploads\/2025\/06\/Vaginoplasty-2.jpg","contentUrl":"https:\/\/bestmedical.b-cdn.net\/wp-content\/uploads\/2025\/06\/Vaginoplasty-2.jpg","width":1035,"height":1035,"caption":"Vaginoplasty 2"},{"@type":"BreadcrumbList","@id":"https:\/\/bestmedicalpackages.com\/es\/package\/vaginoplastia\/#breadcrumb","itemListElement":[{"@type":"ListItem","position":1,"name":"Home of Best Medical Packages","item":"https:\/\/bestmedicalpackages.com\/es\/paquetes-medicos-todo-incluido\/"},{"@type":"ListItem","position":2,"name":"Procedures","item":"https:\/\/bestmedicalpackages.com\/procedures\/"},{"@type":"ListItem","position":3,"name":"Vaginoplastia"}]},{"@type":"WebSite","@id":"https:\/\/bestmedicalpackages.com\/es\/#website","url":"https:\/\/bestmedicalpackages.com\/es\/","name":"Best Medical Packages","description":"Best medical packages for male and female patients.","publisher":{"@id":"https:\/\/bestmedicalpackages.com\/es\/#organization"},"potentialAction":[{"@type":"SearchAction","target":{"@type":"EntryPoint","urlTemplate":"https:\/\/bestmedicalpackages.com\/es\/?s={search_term_string}"},"query-input":{"@type":"PropertyValueSpecification","valueRequired":true,"valueName":"search_term_string"}}],"inLanguage":"es"},{"@type":"Organization","@id":"https:\/\/bestmedicalpackages.com\/es\/#organization","name":"Best Medical Packages","url":"https:\/\/bestmedicalpackages.com\/es\/","logo":{"@type":"ImageObject","inLanguage":"es","@id":"https:\/\/bestmedicalpackages.com\/es\/#\/schema\/logo\/image\/","url":"https:\/\/bestmedicalpackages.com\/wp-content\/uploads\/2023\/02\/logo.png","contentUrl":"https:\/\/bestmedicalpackages.com\/wp-content\/uploads\/2023\/02\/logo.png","width":308,"height":106,"caption":"Best Medical Packages"},"image":{"@id":"https:\/\/bestmedicalpackages.com\/es\/#\/schema\/logo\/image\/"},"sameAs":["https:\/\/www.instagram.com\/medicalpackages\/"]}]},"product_price_amount":"2625","product_price_currency":"USD","og_availability":"instock","product_availability":"instock","product_condition":"new"},"_links":{"self":[{"href":"https:\/\/bestmedicalpackages.com\/es\/wp-json\/wp\/v2\/product\/6858","targetHints":{"allow":["GET"]}}],"collection":[{"href":"https:\/\/bestmedicalpackages.com\/es\/wp-json\/wp\/v2\/product"}],"about":[{"href":"https:\/\/bestmedicalpackages.com\/es\/wp-json\/wp\/v2\/types\/product"}],"replies":[{"embeddable":true,"href":"https:\/\/bestmedicalpackages.com\/es\/wp-json\/wp\/v2\/comments?post=6858"}],"wp:featuredmedia":[{"embeddable":true,"href":"https:\/\/bestmedicalpackages.com\/es\/wp-json\/wp\/v2\/media\/8523"}],"wp:attachment":[{"href":"https:\/\/bestmedicalpackages.com\/es\/wp-json\/wp\/v2\/media?parent=6858"}],"wp:term":[{"taxonomy":"product_brand","embeddable":true,"href":"https:\/\/bestmedicalpackages.com\/es\/wp-json\/wp\/v2\/product_brand?post=6858"},{"taxonomy":"product_cat","embeddable":true,"href":"https:\/\/bestmedicalpackages.com\/es\/wp-json\/wp\/v2\/product_cat?post=6858"},{"taxonomy":"product_tag","embeddable":true,"href":"https:\/\/bestmedicalpackages.com\/es\/wp-json\/wp\/v2\/product_tag?post=6858"}],"curies":[{"name":"wp","href":"https:\/\/api.w.org\/{rel}","templated":true}]}}