{"id":6901,"date":"2025-07-26T21:26:50","date_gmt":"2025-07-26T18:26:50","guid":{"rendered":"https:\/\/new.bestmedicalpackages.com\/package\/lifting-frontal\/"},"modified":"2025-08-26T18:46:23","modified_gmt":"2025-08-26T15:46:23","slug":"lifting-frontal","status":"publish","type":"product","link":"https:\/\/bestmedicalpackages.com\/es\/package\/lifting-frontal\/","title":{"rendered":"Lifting frontal"},"content":{"rendered":"<p>La reducci\u00f3n de frente, tambi\u00e9n conocida como descenso de la l\u00ednea del cabello o cirug\u00eda de avance del cuero cabelludo, es un procedimiento cosm\u00e9tico destinado a reducir el tama\u00f1o de la frente. Este procedimiento quir\u00fargico se realiza t\u00edpicamente para abordar una l\u00ednea de cabello alta o una frente grande, lo cual puede ser una fuente de inseguridad para algunos individuos. <\/p>\n<p>Durante el procedimiento, un cirujano extirpa una franja de tejido del cuero cabelludo de la zona frontal y posteriormente avanza la l\u00ednea del cabello hacia adelante para crear una apariencia m\u00e1s equilibrada y proporcionada. La incisi\u00f3n se realiza habitualmente a lo largo de la l\u00ednea del cabello para minimizar la cicatrizaci\u00f3n visible. La cirug\u00eda tambi\u00e9n puede implicar la remodelaci\u00f3n de la estructura \u00f3sea subyacente si fuera necesario.  <\/p>\n<p>La cirug\u00eda de reducci\u00f3n de frente es frecuentemente solicitada por individuos que consideran que su frente amplia afecta negativamente la simetr\u00eda facial o su apariencia general. Puede realizarse como un procedimiento independiente o en conjunci\u00f3n con otras cirug\u00edas pl\u00e1sticas faciales, como el elevamiento de cejas o el trasplante capilar, para lograr el resultado est\u00e9tico deseado. <\/p>\n<p>Como en cualquier procedimiento quir\u00fargico, existen riesgos y potenciales complicaciones asociadas con la cirug\u00eda de reducci\u00f3n de frente, incluyendo cicatrizaci\u00f3n, entumecimiento, p\u00e9rdida de cabello y asimetr\u00eda. Por consiguiente, es crucial que los individuos que consideren esta cirug\u00eda discutan minuciosamente sus expectativas, preocupaciones e historial m\u00e9dico con un cirujano pl\u00e1stico cualificado antes de proceder. <\/p>\n","protected":false},"excerpt":{"rendered":"<ul>\n<li>Cirujano colegiado certificado<\/li>\n<li>Consulta preoperatoria en l\u00ednea<\/li>\n<li>Consulta f\u00edsica<\/li>\n<li>Hemograma completa<\/li>\n<li>Anestesia general<\/li>\n<li>Medicamentos<\/li>\n<li>Controles postoperatorios, Kit m\u00e9dico postoperatorio<\/li>\n<li>Atenci\u00f3n personalizada al paciente<\/li>\n<li>(ingl\u00e9s, franc\u00e9s, espa\u00f1ol, italiano)<\/li>\n<li>Asistencia en l\u00ednea 24\/7<\/li>\n<\/ul>\n","protected":false},"featured_media":6432,"comment_status":"open","ping_status":"closed","template":"","meta":[],"product_brand":[],"product_cat":[993],"product_tag":[744,721,1072,723],"class_list":{"0":"post-6901","1":"product","2":"type-product","3":"status-publish","4":"has-post-thumbnail","6":"product_cat-cirugia-plastica","7":"product_tag-cara","8":"product_tag-estambul-es","9":"product_tag-lifting-frontal","10":"product_tag-turquia-es","12":"first","13":"instock","14":"shipping-taxable","15":"product-type-simple"},"yoast_head":"<!-- This site is optimized with the Yoast SEO Premium plugin v22.1 (Yoast SEO v27.2) - https:\/\/yoast.com\/product\/yoast-seo-premium-wordpress\/ -->\n<title>Lifting frontal Cirug\u00eda - Best Medical Packages (3.500&#036;)<\/title>\n<meta name=\"description\" content=\"(3.500&#036;) \ud83c\udfe8 - \ud83d\ude90 Traslado desde el aeropuerto y hacia el interior - \ud83c\udf81 Todo incluido - Los cirujanos pl\u00e1sticos utilizan implantes de mejilla como un tipo de cirug\u00eda cosm\u00e9tica.\" \/>\n<meta name=\"robots\" content=\"index, follow, max-snippet:-1, max-image-preview:large, max-video-preview:-1\" \/>\n<link rel=\"canonical\" href=\"https:\/\/bestmedicalpackages.com\/es\/package\/lifting-frontal\/\" \/>\n<meta property=\"og:locale\" content=\"es_ES\" \/>\n<meta property=\"og:type\" content=\"article\" \/>\n<meta property=\"og:title\" content=\"Lifting frontal\" \/>\n<meta property=\"og:description\" content=\"(3.500&#036;) \ud83c\udfe8 - \ud83d\ude90 Traslado desde el aeropuerto y hacia el interior - \ud83c\udf81 Todo incluido - Los cirujanos pl\u00e1sticos utilizan implantes de mejilla como un tipo de cirug\u00eda cosm\u00e9tica.\" \/>\n<meta property=\"og:url\" content=\"https:\/\/bestmedicalpackages.com\/es\/package\/lifting-frontal\/\" \/>\n<meta property=\"og:site_name\" content=\"Best Medical Packages\" \/>\n<meta property=\"article:modified_time\" content=\"2025-08-26T15:46:23+00:00\" \/>\n<meta property=\"og:image\" content=\"https:\/\/bestmedicalpackages.com\/wp-content\/uploads\/2024\/03\/forehead-1-e1756210847392.jpg\" \/>\n\t<meta property=\"og:image:width\" content=\"1920\" \/>\n\t<meta property=\"og:image:height\" content=\"1080\" \/>\n\t<meta property=\"og:image:type\" content=\"image\/jpeg\" \/>\n<meta name=\"twitter:card\" content=\"summary_large_image\" \/>\n<meta name=\"twitter:label1\" content=\"Precio\" \/>\n\t<meta name=\"twitter:data1\" content=\"3.500&#036;\" \/>\n\t<meta name=\"twitter:label2\" content=\"Disponibilidad\" \/>\n\t<meta name=\"twitter:data2\" content=\"Disponible\" \/>\n<script type=\"application\/ld+json\" class=\"yoast-schema-graph\">{\"@context\":\"https:\/\/schema.org\",\"@graph\":[{\"@type\":\"WebPage\",\"@id\":\"https:\/\/bestmedicalpackages.com\/es\/package\/lifting-frontal\/\",\"url\":\"https:\/\/bestmedicalpackages.com\/es\/package\/lifting-frontal\/\",\"name\":\"Lifting frontal Cirug\u00eda - Best Medical Packages (3.500&#36;)\",\"isPartOf\":{\"@id\":\"https:\/\/bestmedicalpackages.com\/es\/#website\"},\"primaryImageOfPage\":{\"@id\":\"https:\/\/bestmedicalpackages.com\/es\/package\/lifting-frontal\/#primaryimage\"},\"image\":{\"@id\":\"https:\/\/bestmedicalpackages.com\/es\/package\/lifting-frontal\/#primaryimage\"},\"thumbnailUrl\":\"https:\/\/bestmedical.b-cdn.net\/wp-content\/uploads\/2024\/03\/forehead-1-e1756210847392.jpg\",\"datePublished\":\"2025-07-26T18:26:50+00:00\",\"dateModified\":\"2025-08-26T15:46:23+00:00\",\"description\":\"(3.500&#36;) \ud83c\udfe8 - \ud83d\ude90 Traslado desde el aeropuerto y hacia el interior - \ud83c\udf81 Todo incluido - Los cirujanos pl\u00e1sticos utilizan implantes de mejilla como un tipo de cirug\u00eda cosm\u00e9tica.\",\"breadcrumb\":{\"@id\":\"https:\/\/bestmedicalpackages.com\/es\/package\/lifting-frontal\/#breadcrumb\"},\"inLanguage\":\"es\",\"potentialAction\":[{\"@type\":\"ReadAction\",\"target\":[\"https:\/\/bestmedicalpackages.com\/es\/package\/lifting-frontal\/\"]}]},{\"@type\":\"ImageObject\",\"inLanguage\":\"es\",\"@id\":\"https:\/\/bestmedicalpackages.com\/es\/package\/lifting-frontal\/#primaryimage\",\"url\":\"https:\/\/bestmedical.b-cdn.net\/wp-content\/uploads\/2024\/03\/forehead-1-e1756210847392.jpg\",\"contentUrl\":\"https:\/\/bestmedical.b-cdn.net\/wp-content\/uploads\/2024\/03\/forehead-1-e1756210847392.jpg\",\"width\":1079,\"height\":1079,\"caption\":\"forehead 1 e1756210847392\"},{\"@type\":\"BreadcrumbList\",\"@id\":\"https:\/\/bestmedicalpackages.com\/es\/package\/lifting-frontal\/#breadcrumb\",\"itemListElement\":[{\"@type\":\"ListItem\",\"position\":1,\"name\":\"Home of Best Medical Packages\",\"item\":\"https:\/\/bestmedicalpackages.com\/es\/paquetes-medicos-todo-incluido\/\"},{\"@type\":\"ListItem\",\"position\":2,\"name\":\"Procedures\",\"item\":\"https:\/\/bestmedicalpackages.com\/procedures\/\"},{\"@type\":\"ListItem\",\"position\":3,\"name\":\"Lifting frontal\"}]},{\"@type\":\"WebSite\",\"@id\":\"https:\/\/bestmedicalpackages.com\/es\/#website\",\"url\":\"https:\/\/bestmedicalpackages.com\/es\/\",\"name\":\"Best Medical Packages\",\"description\":\"Best medical packages for male and female patients.\",\"publisher\":{\"@id\":\"https:\/\/bestmedicalpackages.com\/es\/#organization\"},\"potentialAction\":[{\"@type\":\"SearchAction\",\"target\":{\"@type\":\"EntryPoint\",\"urlTemplate\":\"https:\/\/bestmedicalpackages.com\/es\/?s={search_term_string}\"},\"query-input\":{\"@type\":\"PropertyValueSpecification\",\"valueRequired\":true,\"valueName\":\"search_term_string\"}}],\"inLanguage\":\"es\"},{\"@type\":\"Organization\",\"@id\":\"https:\/\/bestmedicalpackages.com\/es\/#organization\",\"name\":\"Best Medical Packages\",\"url\":\"https:\/\/bestmedicalpackages.com\/es\/\",\"logo\":{\"@type\":\"ImageObject\",\"inLanguage\":\"es\",\"@id\":\"https:\/\/bestmedicalpackages.com\/es\/#\/schema\/logo\/image\/\",\"url\":\"https:\/\/bestmedicalpackages.com\/wp-content\/uploads\/2023\/02\/logo.png\",\"contentUrl\":\"https:\/\/bestmedicalpackages.com\/wp-content\/uploads\/2023\/02\/logo.png\",\"width\":308,\"height\":106,\"caption\":\"Best Medical Packages\"},\"image\":{\"@id\":\"https:\/\/bestmedicalpackages.com\/es\/#\/schema\/logo\/image\/\"},\"sameAs\":[\"https:\/\/www.instagram.com\/medicalpackages\/\"]}]}<\/script>\n<meta property=\"product:price:amount\" content=\"3500\" \/>\n<meta property=\"product:price:currency\" content=\"USD\" \/>\n<meta property=\"og:availability\" content=\"instock\" \/>\n<meta property=\"product:availability\" content=\"instock\" \/>\n<meta property=\"product:condition\" content=\"new\" \/>\n<!-- \/ Yoast SEO Premium plugin. -->","yoast_head_json":{"title":"Lifting frontal Cirug\u00eda - Best Medical Packages (3.500&#36;)","description":"(3.500&#36;) \ud83c\udfe8 - \ud83d\ude90 Traslado desde el aeropuerto y hacia el interior - \ud83c\udf81 Todo incluido - Los cirujanos pl\u00e1sticos utilizan implantes de mejilla como un tipo de cirug\u00eda cosm\u00e9tica.","robots":{"index":"index","follow":"follow","max-snippet":"max-snippet:-1","max-image-preview":"max-image-preview:large","max-video-preview":"max-video-preview:-1"},"canonical":"https:\/\/bestmedicalpackages.com\/es\/package\/lifting-frontal\/","og_locale":"es_ES","og_type":"article","og_title":"Lifting frontal","og_description":"(3.500&#36;) \ud83c\udfe8 - \ud83d\ude90 Traslado desde el aeropuerto y hacia el interior - \ud83c\udf81 Todo incluido - Los cirujanos pl\u00e1sticos utilizan implantes de mejilla como un tipo de cirug\u00eda cosm\u00e9tica.","og_url":"https:\/\/bestmedicalpackages.com\/es\/package\/lifting-frontal\/","og_site_name":"Best Medical Packages","article_modified_time":"2025-08-26T15:46:23+00:00","og_image":[{"width":1920,"height":1080,"url":"https:\/\/bestmedicalpackages.com\/wp-content\/uploads\/2024\/03\/forehead-1-e1756210847392.jpg","type":"image\/jpeg"}],"twitter_card":"summary_large_image","twitter_misc":{"Precio":"3.500&#36;","Disponibilidad":"Disponible"},"schema":{"@context":"https:\/\/schema.org","@graph":[{"@type":"WebPage","@id":"https:\/\/bestmedicalpackages.com\/es\/package\/lifting-frontal\/","url":"https:\/\/bestmedicalpackages.com\/es\/package\/lifting-frontal\/","name":"Lifting frontal Cirug\u00eda - Best Medical Packages (3.500&#36;)","isPartOf":{"@id":"https:\/\/bestmedicalpackages.com\/es\/#website"},"primaryImageOfPage":{"@id":"https:\/\/bestmedicalpackages.com\/es\/package\/lifting-frontal\/#primaryimage"},"image":{"@id":"https:\/\/bestmedicalpackages.com\/es\/package\/lifting-frontal\/#primaryimage"},"thumbnailUrl":"https:\/\/bestmedical.b-cdn.net\/wp-content\/uploads\/2024\/03\/forehead-1-e1756210847392.jpg","datePublished":"2025-07-26T18:26:50+00:00","dateModified":"2025-08-26T15:46:23+00:00","description":"(3.500&#36;) \ud83c\udfe8 - \ud83d\ude90 Traslado desde el aeropuerto y hacia el interior - \ud83c\udf81 Todo incluido - Los cirujanos pl\u00e1sticos utilizan implantes de mejilla como un tipo de cirug\u00eda cosm\u00e9tica.","breadcrumb":{"@id":"https:\/\/bestmedicalpackages.com\/es\/package\/lifting-frontal\/#breadcrumb"},"inLanguage":"es","potentialAction":[{"@type":"ReadAction","target":["https:\/\/bestmedicalpackages.com\/es\/package\/lifting-frontal\/"]}]},{"@type":"ImageObject","inLanguage":"es","@id":"https:\/\/bestmedicalpackages.com\/es\/package\/lifting-frontal\/#primaryimage","url":"https:\/\/bestmedical.b-cdn.net\/wp-content\/uploads\/2024\/03\/forehead-1-e1756210847392.jpg","contentUrl":"https:\/\/bestmedical.b-cdn.net\/wp-content\/uploads\/2024\/03\/forehead-1-e1756210847392.jpg","width":1079,"height":1079,"caption":"forehead 1 e1756210847392"},{"@type":"BreadcrumbList","@id":"https:\/\/bestmedicalpackages.com\/es\/package\/lifting-frontal\/#breadcrumb","itemListElement":[{"@type":"ListItem","position":1,"name":"Home of Best Medical Packages","item":"https:\/\/bestmedicalpackages.com\/es\/paquetes-medicos-todo-incluido\/"},{"@type":"ListItem","position":2,"name":"Procedures","item":"https:\/\/bestmedicalpackages.com\/procedures\/"},{"@type":"ListItem","position":3,"name":"Lifting frontal"}]},{"@type":"WebSite","@id":"https:\/\/bestmedicalpackages.com\/es\/#website","url":"https:\/\/bestmedicalpackages.com\/es\/","name":"Best Medical Packages","description":"Best medical packages for male and female patients.","publisher":{"@id":"https:\/\/bestmedicalpackages.com\/es\/#organization"},"potentialAction":[{"@type":"SearchAction","target":{"@type":"EntryPoint","urlTemplate":"https:\/\/bestmedicalpackages.com\/es\/?s={search_term_string}"},"query-input":{"@type":"PropertyValueSpecification","valueRequired":true,"valueName":"search_term_string"}}],"inLanguage":"es"},{"@type":"Organization","@id":"https:\/\/bestmedicalpackages.com\/es\/#organization","name":"Best Medical Packages","url":"https:\/\/bestmedicalpackages.com\/es\/","logo":{"@type":"ImageObject","inLanguage":"es","@id":"https:\/\/bestmedicalpackages.com\/es\/#\/schema\/logo\/image\/","url":"https:\/\/bestmedicalpackages.com\/wp-content\/uploads\/2023\/02\/logo.png","contentUrl":"https:\/\/bestmedicalpackages.com\/wp-content\/uploads\/2023\/02\/logo.png","width":308,"height":106,"caption":"Best Medical Packages"},"image":{"@id":"https:\/\/bestmedicalpackages.com\/es\/#\/schema\/logo\/image\/"},"sameAs":["https:\/\/www.instagram.com\/medicalpackages\/"]}]},"product_price_amount":"3500","product_price_currency":"USD","og_availability":"instock","product_availability":"instock","product_condition":"new"},"_links":{"self":[{"href":"https:\/\/bestmedicalpackages.com\/es\/wp-json\/wp\/v2\/product\/6901","targetHints":{"allow":["GET"]}}],"collection":[{"href":"https:\/\/bestmedicalpackages.com\/es\/wp-json\/wp\/v2\/product"}],"about":[{"href":"https:\/\/bestmedicalpackages.com\/es\/wp-json\/wp\/v2\/types\/product"}],"replies":[{"embeddable":true,"href":"https:\/\/bestmedicalpackages.com\/es\/wp-json\/wp\/v2\/comments?post=6901"}],"wp:featuredmedia":[{"embeddable":true,"href":"https:\/\/bestmedicalpackages.com\/es\/wp-json\/wp\/v2\/media\/6432"}],"wp:attachment":[{"href":"https:\/\/bestmedicalpackages.com\/es\/wp-json\/wp\/v2\/media?parent=6901"}],"wp:term":[{"taxonomy":"product_brand","embeddable":true,"href":"https:\/\/bestmedicalpackages.com\/es\/wp-json\/wp\/v2\/product_brand?post=6901"},{"taxonomy":"product_cat","embeddable":true,"href":"https:\/\/bestmedicalpackages.com\/es\/wp-json\/wp\/v2\/product_cat?post=6901"},{"taxonomy":"product_tag","embeddable":true,"href":"https:\/\/bestmedicalpackages.com\/es\/wp-json\/wp\/v2\/product_tag?post=6901"}],"curies":[{"name":"wp","href":"https:\/\/api.w.org\/{rel}","templated":true}]}}