{"id":6920,"date":"2025-07-30T18:00:43","date_gmt":"2025-07-30T15:00:43","guid":{"rendered":"https:\/\/new.bestmedicalpackages.com\/package\/revision-de-rinoplastia\/"},"modified":"2025-08-26T18:42:17","modified_gmt":"2025-08-26T15:42:17","slug":"revision-de-rinoplastia","status":"publish","type":"product","link":"https:\/\/bestmedicalpackages.com\/es\/package\/revision-de-rinoplastia\/","title":{"rendered":"Revisi\u00f3n de rinoplastia"},"content":{"rendered":"<p>La revisi\u00f3n de rinoplastia es un procedimiento utilizado para corregir cualquier problema que pueda surgir de una cirug\u00eda de rinoplastia anterior. A menudo se utiliza para tratar problemas respiratorios, as\u00ed como para abordar cualquier problema est\u00e9tico que pueda haber surgido de la cirug\u00eda original. La revisi\u00f3n de la rinoplastia tambi\u00e9n puede utilizarse para reducir las cicatrices y mejorar el aspecto general de la nariz.  <\/p>\n","protected":false},"excerpt":{"rendered":"<ul>\n<li>Cirujano colegiado certificado<\/li>\n<li>Consulta preoperatoria en l\u00ednea<\/li>\n<li>Consulta f\u00edsica<\/li>\n<li>Hemograma completa<\/li>\n<li>Anestesia general<\/li>\n<li>Medicamentos<\/li>\n<li>Controles postoperatorios, Kit m\u00e9dico postoperatorio<\/li>\n<li>Atenci\u00f3n personalizada al paciente<\/li>\n<li>(ingl\u00e9s, franc\u00e9s, espa\u00f1ol, italiano)<\/li>\n<li>Asistencia en l\u00ednea 24\/7<\/li>\n<\/ul>\n","protected":false},"featured_media":7450,"comment_status":"closed","ping_status":"closed","template":"","meta":[],"product_brand":[],"product_cat":[993],"product_tag":[721,792,800,794,791,723],"class_list":{"0":"post-6920","1":"product","2":"type-product","3":"status-publish","4":"has-post-thumbnail","6":"product_cat-cirugia-plastica","7":"product_tag-estambul-es","8":"product_tag-nariz","9":"product_tag-revision-es","10":"product_tag-rinoceronte-es","11":"product_tag-rinoplastia","12":"product_tag-turquia-es","14":"first","15":"instock","16":"shipping-taxable","17":"product-type-simple"},"yoast_head":"<!-- This site is optimized with the Yoast SEO Premium plugin v22.1 (Yoast SEO v27.2) - https:\/\/yoast.com\/product\/yoast-seo-premium-wordpress\/ -->\n<title>Revisi\u00f3n de rinoplastia Cirug\u00eda - Best Medical Packages (5.500&#036;)<\/title>\n<meta name=\"description\" content=\"Puede encontrar informaci\u00f3n sobre Revisi\u00f3n de rinoplastia - Best Medical Packages (5.500&#036;)\" \/>\n<meta name=\"robots\" content=\"index, follow, max-snippet:-1, max-image-preview:large, max-video-preview:-1\" \/>\n<link rel=\"canonical\" href=\"https:\/\/bestmedicalpackages.com\/es\/package\/revision-de-rinoplastia\/\" \/>\n<meta property=\"og:locale\" content=\"es_ES\" \/>\n<meta property=\"og:type\" content=\"article\" \/>\n<meta property=\"og:title\" content=\"Revisi\u00f3n de rinoplastia\" \/>\n<meta property=\"og:description\" content=\"Puede encontrar informaci\u00f3n sobre Revisi\u00f3n de rinoplastia - Best Medical Packages (5.500&#036;)\" \/>\n<meta property=\"og:url\" content=\"https:\/\/bestmedicalpackages.com\/es\/package\/revision-de-rinoplastia\/\" \/>\n<meta property=\"og:site_name\" content=\"Best Medical Packages\" \/>\n<meta property=\"article:modified_time\" content=\"2025-08-26T15:42:17+00:00\" \/>\n<meta property=\"og:image\" content=\"https:\/\/bestmedicalpackages.com\/wp-content\/uploads\/2025\/07\/Rhinoplasty-Revision2.jpg\" \/>\n\t<meta property=\"og:image:width\" content=\"843\" \/>\n\t<meta property=\"og:image:height\" content=\"843\" \/>\n\t<meta property=\"og:image:type\" content=\"image\/jpeg\" \/>\n<meta name=\"twitter:card\" content=\"summary_large_image\" \/>\n<meta name=\"twitter:label1\" content=\"Precio\" \/>\n\t<meta name=\"twitter:data1\" content=\"5.500&#036;\" \/>\n\t<meta name=\"twitter:label2\" content=\"Disponibilidad\" \/>\n\t<meta name=\"twitter:data2\" content=\"Disponible\" \/>\n<script type=\"application\/ld+json\" class=\"yoast-schema-graph\">{\"@context\":\"https:\/\/schema.org\",\"@graph\":[{\"@type\":\"WebPage\",\"@id\":\"https:\/\/bestmedicalpackages.com\/es\/package\/revision-de-rinoplastia\/\",\"url\":\"https:\/\/bestmedicalpackages.com\/es\/package\/revision-de-rinoplastia\/\",\"name\":\"Revisi\u00f3n de rinoplastia Cirug\u00eda - Best Medical Packages (5.500&#36;)\",\"isPartOf\":{\"@id\":\"https:\/\/bestmedicalpackages.com\/es\/#website\"},\"primaryImageOfPage\":{\"@id\":\"https:\/\/bestmedicalpackages.com\/es\/package\/revision-de-rinoplastia\/#primaryimage\"},\"image\":{\"@id\":\"https:\/\/bestmedicalpackages.com\/es\/package\/revision-de-rinoplastia\/#primaryimage\"},\"thumbnailUrl\":\"https:\/\/bestmedical.b-cdn.net\/wp-content\/uploads\/2025\/07\/Rhinoplasty-Revision2.jpg\",\"datePublished\":\"2025-07-30T15:00:43+00:00\",\"dateModified\":\"2025-08-26T15:42:17+00:00\",\"description\":\"Puede encontrar informaci\u00f3n sobre Revisi\u00f3n de rinoplastia - Best Medical Packages (5.500&#36;)\",\"breadcrumb\":{\"@id\":\"https:\/\/bestmedicalpackages.com\/es\/package\/revision-de-rinoplastia\/#breadcrumb\"},\"inLanguage\":\"es\",\"potentialAction\":[{\"@type\":\"ReadAction\",\"target\":[\"https:\/\/bestmedicalpackages.com\/es\/package\/revision-de-rinoplastia\/\"]}]},{\"@type\":\"ImageObject\",\"inLanguage\":\"es\",\"@id\":\"https:\/\/bestmedicalpackages.com\/es\/package\/revision-de-rinoplastia\/#primaryimage\",\"url\":\"https:\/\/bestmedical.b-cdn.net\/wp-content\/uploads\/2025\/07\/Rhinoplasty-Revision2.jpg\",\"contentUrl\":\"https:\/\/bestmedical.b-cdn.net\/wp-content\/uploads\/2025\/07\/Rhinoplasty-Revision2.jpg\",\"width\":843,\"height\":843,\"caption\":\"Rhinoplasty Revision2\"},{\"@type\":\"BreadcrumbList\",\"@id\":\"https:\/\/bestmedicalpackages.com\/es\/package\/revision-de-rinoplastia\/#breadcrumb\",\"itemListElement\":[{\"@type\":\"ListItem\",\"position\":1,\"name\":\"Home of Best Medical Packages\",\"item\":\"https:\/\/bestmedicalpackages.com\/es\/paquetes-medicos-todo-incluido\/\"},{\"@type\":\"ListItem\",\"position\":2,\"name\":\"Procedures\",\"item\":\"https:\/\/bestmedicalpackages.com\/procedures\/\"},{\"@type\":\"ListItem\",\"position\":3,\"name\":\"Revisi\u00f3n de rinoplastia\"}]},{\"@type\":\"WebSite\",\"@id\":\"https:\/\/bestmedicalpackages.com\/es\/#website\",\"url\":\"https:\/\/bestmedicalpackages.com\/es\/\",\"name\":\"Best Medical Packages\",\"description\":\"Best medical packages for male and female patients.\",\"publisher\":{\"@id\":\"https:\/\/bestmedicalpackages.com\/es\/#organization\"},\"potentialAction\":[{\"@type\":\"SearchAction\",\"target\":{\"@type\":\"EntryPoint\",\"urlTemplate\":\"https:\/\/bestmedicalpackages.com\/es\/?s={search_term_string}\"},\"query-input\":{\"@type\":\"PropertyValueSpecification\",\"valueRequired\":true,\"valueName\":\"search_term_string\"}}],\"inLanguage\":\"es\"},{\"@type\":\"Organization\",\"@id\":\"https:\/\/bestmedicalpackages.com\/es\/#organization\",\"name\":\"Best Medical Packages\",\"url\":\"https:\/\/bestmedicalpackages.com\/es\/\",\"logo\":{\"@type\":\"ImageObject\",\"inLanguage\":\"es\",\"@id\":\"https:\/\/bestmedicalpackages.com\/es\/#\/schema\/logo\/image\/\",\"url\":\"https:\/\/bestmedicalpackages.com\/wp-content\/uploads\/2023\/02\/logo.png\",\"contentUrl\":\"https:\/\/bestmedicalpackages.com\/wp-content\/uploads\/2023\/02\/logo.png\",\"width\":308,\"height\":106,\"caption\":\"Best Medical Packages\"},\"image\":{\"@id\":\"https:\/\/bestmedicalpackages.com\/es\/#\/schema\/logo\/image\/\"},\"sameAs\":[\"https:\/\/www.instagram.com\/medicalpackages\/\"]}]}<\/script>\n<meta property=\"product:price:amount\" content=\"5500\" \/>\n<meta property=\"product:price:currency\" content=\"USD\" \/>\n<meta property=\"og:availability\" content=\"instock\" \/>\n<meta property=\"product:availability\" content=\"instock\" \/>\n<meta property=\"product:condition\" content=\"new\" \/>\n<!-- \/ Yoast SEO Premium plugin. -->","yoast_head_json":{"title":"Revisi\u00f3n de rinoplastia Cirug\u00eda - Best Medical Packages (5.500&#36;)","description":"Puede encontrar informaci\u00f3n sobre Revisi\u00f3n de rinoplastia - Best Medical Packages (5.500&#36;)","robots":{"index":"index","follow":"follow","max-snippet":"max-snippet:-1","max-image-preview":"max-image-preview:large","max-video-preview":"max-video-preview:-1"},"canonical":"https:\/\/bestmedicalpackages.com\/es\/package\/revision-de-rinoplastia\/","og_locale":"es_ES","og_type":"article","og_title":"Revisi\u00f3n de rinoplastia","og_description":"Puede encontrar informaci\u00f3n sobre Revisi\u00f3n de rinoplastia - Best Medical Packages (5.500&#36;)","og_url":"https:\/\/bestmedicalpackages.com\/es\/package\/revision-de-rinoplastia\/","og_site_name":"Best Medical Packages","article_modified_time":"2025-08-26T15:42:17+00:00","og_image":[{"width":843,"height":843,"url":"https:\/\/bestmedicalpackages.com\/wp-content\/uploads\/2025\/07\/Rhinoplasty-Revision2.jpg","type":"image\/jpeg"}],"twitter_card":"summary_large_image","twitter_misc":{"Precio":"5.500&#36;","Disponibilidad":"Disponible"},"schema":{"@context":"https:\/\/schema.org","@graph":[{"@type":"WebPage","@id":"https:\/\/bestmedicalpackages.com\/es\/package\/revision-de-rinoplastia\/","url":"https:\/\/bestmedicalpackages.com\/es\/package\/revision-de-rinoplastia\/","name":"Revisi\u00f3n de rinoplastia Cirug\u00eda - Best Medical Packages (5.500&#36;)","isPartOf":{"@id":"https:\/\/bestmedicalpackages.com\/es\/#website"},"primaryImageOfPage":{"@id":"https:\/\/bestmedicalpackages.com\/es\/package\/revision-de-rinoplastia\/#primaryimage"},"image":{"@id":"https:\/\/bestmedicalpackages.com\/es\/package\/revision-de-rinoplastia\/#primaryimage"},"thumbnailUrl":"https:\/\/bestmedical.b-cdn.net\/wp-content\/uploads\/2025\/07\/Rhinoplasty-Revision2.jpg","datePublished":"2025-07-30T15:00:43+00:00","dateModified":"2025-08-26T15:42:17+00:00","description":"Puede encontrar informaci\u00f3n sobre Revisi\u00f3n de rinoplastia - Best Medical Packages (5.500&#36;)","breadcrumb":{"@id":"https:\/\/bestmedicalpackages.com\/es\/package\/revision-de-rinoplastia\/#breadcrumb"},"inLanguage":"es","potentialAction":[{"@type":"ReadAction","target":["https:\/\/bestmedicalpackages.com\/es\/package\/revision-de-rinoplastia\/"]}]},{"@type":"ImageObject","inLanguage":"es","@id":"https:\/\/bestmedicalpackages.com\/es\/package\/revision-de-rinoplastia\/#primaryimage","url":"https:\/\/bestmedical.b-cdn.net\/wp-content\/uploads\/2025\/07\/Rhinoplasty-Revision2.jpg","contentUrl":"https:\/\/bestmedical.b-cdn.net\/wp-content\/uploads\/2025\/07\/Rhinoplasty-Revision2.jpg","width":843,"height":843,"caption":"Rhinoplasty Revision2"},{"@type":"BreadcrumbList","@id":"https:\/\/bestmedicalpackages.com\/es\/package\/revision-de-rinoplastia\/#breadcrumb","itemListElement":[{"@type":"ListItem","position":1,"name":"Home of Best Medical Packages","item":"https:\/\/bestmedicalpackages.com\/es\/paquetes-medicos-todo-incluido\/"},{"@type":"ListItem","position":2,"name":"Procedures","item":"https:\/\/bestmedicalpackages.com\/procedures\/"},{"@type":"ListItem","position":3,"name":"Revisi\u00f3n de rinoplastia"}]},{"@type":"WebSite","@id":"https:\/\/bestmedicalpackages.com\/es\/#website","url":"https:\/\/bestmedicalpackages.com\/es\/","name":"Best Medical Packages","description":"Best medical packages for male and female patients.","publisher":{"@id":"https:\/\/bestmedicalpackages.com\/es\/#organization"},"potentialAction":[{"@type":"SearchAction","target":{"@type":"EntryPoint","urlTemplate":"https:\/\/bestmedicalpackages.com\/es\/?s={search_term_string}"},"query-input":{"@type":"PropertyValueSpecification","valueRequired":true,"valueName":"search_term_string"}}],"inLanguage":"es"},{"@type":"Organization","@id":"https:\/\/bestmedicalpackages.com\/es\/#organization","name":"Best Medical Packages","url":"https:\/\/bestmedicalpackages.com\/es\/","logo":{"@type":"ImageObject","inLanguage":"es","@id":"https:\/\/bestmedicalpackages.com\/es\/#\/schema\/logo\/image\/","url":"https:\/\/bestmedicalpackages.com\/wp-content\/uploads\/2023\/02\/logo.png","contentUrl":"https:\/\/bestmedicalpackages.com\/wp-content\/uploads\/2023\/02\/logo.png","width":308,"height":106,"caption":"Best Medical Packages"},"image":{"@id":"https:\/\/bestmedicalpackages.com\/es\/#\/schema\/logo\/image\/"},"sameAs":["https:\/\/www.instagram.com\/medicalpackages\/"]}]},"product_price_amount":"5500","product_price_currency":"USD","og_availability":"instock","product_availability":"instock","product_condition":"new"},"_links":{"self":[{"href":"https:\/\/bestmedicalpackages.com\/es\/wp-json\/wp\/v2\/product\/6920","targetHints":{"allow":["GET"]}}],"collection":[{"href":"https:\/\/bestmedicalpackages.com\/es\/wp-json\/wp\/v2\/product"}],"about":[{"href":"https:\/\/bestmedicalpackages.com\/es\/wp-json\/wp\/v2\/types\/product"}],"replies":[{"embeddable":true,"href":"https:\/\/bestmedicalpackages.com\/es\/wp-json\/wp\/v2\/comments?post=6920"}],"wp:featuredmedia":[{"embeddable":true,"href":"https:\/\/bestmedicalpackages.com\/es\/wp-json\/wp\/v2\/media\/7450"}],"wp:attachment":[{"href":"https:\/\/bestmedicalpackages.com\/es\/wp-json\/wp\/v2\/media?parent=6920"}],"wp:term":[{"taxonomy":"product_brand","embeddable":true,"href":"https:\/\/bestmedicalpackages.com\/es\/wp-json\/wp\/v2\/product_brand?post=6920"},{"taxonomy":"product_cat","embeddable":true,"href":"https:\/\/bestmedicalpackages.com\/es\/wp-json\/wp\/v2\/product_cat?post=6920"},{"taxonomy":"product_tag","embeddable":true,"href":"https:\/\/bestmedicalpackages.com\/es\/wp-json\/wp\/v2\/product_tag?post=6920"}],"curies":[{"name":"wp","href":"https:\/\/api.w.org\/{rel}","templated":true}]}}