{"id":6952,"date":"2025-08-05T17:41:03","date_gmt":"2025-08-05T14:41:03","guid":{"rendered":"https:\/\/new.bestmedicalpackages.com\/package\/implante-de-menton\/"},"modified":"2025-12-05T09:57:10","modified_gmt":"2025-12-05T06:57:10","slug":"implante-de-menton","status":"publish","type":"product","link":"https:\/\/bestmedicalpackages.com\/es\/package\/implante-de-menton\/","title":{"rendered":"Implante de ment\u00f3n"},"content":{"rendered":"<p>Un implante de ment\u00f3n, tambi\u00e9n conocido como genioplastia, es un procedimiento quir\u00fargico utilizado para remodelar la zona del ment\u00f3n de la cara. Puede utilizarse para hacer que el ment\u00f3n parezca m\u00e1s est\u00e9tico y proporcionado al resto de la cara. Los implantes de ment\u00f3n suelen hacerse en un hospital o en un ambulatorio con anestesia local o general, lo que significa que el paciente est\u00e1 despierto o dormido durante la intervenci\u00f3n, pero adormecido en la zona que se est\u00e1 trabajando. Durante la intervenci\u00f3n, se realiza una incisi\u00f3n en la boca o bajo el ment\u00f3n y se inserta el implante. El implante suele estar hecho de un material como la silicona o un material biocompatible y se le da la forma que se ajuste a las necesidades individuales del paciente. Una vez colocado el implante, se sutura y se cierra la incisi\u00f3n.<\/p>\n","protected":false},"excerpt":{"rendered":"<ul>\n<li>Cirujano colegiado certificado<\/li>\n<li>Consulta preoperatoria en l\u00ednea<\/li>\n<li>Consulta f\u00edsica<\/li>\n<li>Hemograma completa<\/li>\n<li>Anestesia general<\/li>\n<li>Medicamentos<\/li>\n<li>Controles postoperatorios, Kit m\u00e9dico postoperatorio<\/li>\n<li>Atenci\u00f3n personalizada al paciente<\/li>\n<li>(ingl\u00e9s, franc\u00e9s, espa\u00f1ol, italiano)<\/li>\n<li>Asistencia en l\u00ednea 24\/7<\/li>\n<\/ul>\n","protected":false},"featured_media":6609,"comment_status":"closed","ping_status":"closed","template":"","meta":[],"product_brand":[],"product_cat":[993],"product_tag":[757,721,765,723],"class_list":{"0":"post-6952","1":"product","2":"type-product","3":"status-publish","4":"has-post-thumbnail","6":"product_cat-cirugia-plastica","7":"product_tag-menton-es","8":"product_tag-estambul-es","9":"product_tag-implante-de-menton","10":"product_tag-turquia-es","12":"first","13":"instock","14":"shipping-taxable","15":"product-type-simple"},"yoast_head":"<!-- This site is optimized with the Yoast SEO Premium plugin v22.1 (Yoast SEO v27.2) - https:\/\/yoast.com\/product\/yoast-seo-premium-wordpress\/ -->\n<title>Implante de ment\u00f3n<\/title>\n<meta name=\"description\" content=\"Puede encontrar informaci\u00f3n sobre Implante de ment\u00f3n - Best Medical Packages (5.000&#036;)\" \/>\n<meta name=\"robots\" content=\"index, follow, max-snippet:-1, max-image-preview:large, max-video-preview:-1\" \/>\n<link rel=\"canonical\" href=\"https:\/\/bestmedicalpackages.com\/es\/package\/implante-de-menton\/\" \/>\n<meta property=\"og:locale\" content=\"es_ES\" \/>\n<meta property=\"og:type\" content=\"article\" \/>\n<meta property=\"og:title\" content=\"Implante de ment\u00f3n\" \/>\n<meta property=\"og:description\" content=\"Puede encontrar informaci\u00f3n sobre Implante de ment\u00f3n - Best Medical Packages (5.000&#036;)\" \/>\n<meta property=\"og:url\" content=\"https:\/\/bestmedicalpackages.com\/es\/package\/implante-de-menton\/\" \/>\n<meta property=\"og:site_name\" content=\"Best Medical Packages\" \/>\n<meta property=\"article:modified_time\" content=\"2025-12-05T06:57:10+00:00\" \/>\n<meta property=\"og:image\" content=\"https:\/\/bestmedicalpackages.com\/wp-content\/uploads\/2023\/03\/chin-implant-local.jpg\" \/>\n\t<meta property=\"og:image:width\" content=\"800\" \/>\n\t<meta property=\"og:image:height\" content=\"800\" \/>\n\t<meta property=\"og:image:type\" content=\"image\/jpeg\" \/>\n<meta name=\"twitter:card\" content=\"summary_large_image\" \/>\n<meta name=\"twitter:label1\" content=\"Precio\" \/>\n\t<meta name=\"twitter:data1\" content=\"5.000&#036;\" \/>\n\t<meta name=\"twitter:label2\" content=\"Disponibilidad\" \/>\n\t<meta name=\"twitter:data2\" content=\"Disponible\" \/>\n<script type=\"application\/ld+json\" class=\"yoast-schema-graph\">{\"@context\":\"https:\/\/schema.org\",\"@graph\":[{\"@type\":\"WebPage\",\"@id\":\"https:\/\/bestmedicalpackages.com\/es\/package\/implante-de-menton\/\",\"url\":\"https:\/\/bestmedicalpackages.com\/es\/package\/implante-de-menton\/\",\"name\":\"Implante de ment\u00f3n\",\"isPartOf\":{\"@id\":\"https:\/\/bestmedicalpackages.com\/es\/#website\"},\"primaryImageOfPage\":{\"@id\":\"https:\/\/bestmedicalpackages.com\/es\/package\/implante-de-menton\/#primaryimage\"},\"image\":{\"@id\":\"https:\/\/bestmedicalpackages.com\/es\/package\/implante-de-menton\/#primaryimage\"},\"thumbnailUrl\":\"https:\/\/bestmedical.b-cdn.net\/wp-content\/uploads\/2023\/03\/chin-implant-local.jpg\",\"datePublished\":\"2025-08-05T14:41:03+00:00\",\"dateModified\":\"2025-12-05T06:57:10+00:00\",\"description\":\"Puede encontrar informaci\u00f3n sobre Implante de ment\u00f3n - Best Medical Packages (5.000&#36;)\",\"breadcrumb\":{\"@id\":\"https:\/\/bestmedicalpackages.com\/es\/package\/implante-de-menton\/#breadcrumb\"},\"inLanguage\":\"es\",\"potentialAction\":[{\"@type\":\"ReadAction\",\"target\":[\"https:\/\/bestmedicalpackages.com\/es\/package\/implante-de-menton\/\"]}]},{\"@type\":\"ImageObject\",\"inLanguage\":\"es\",\"@id\":\"https:\/\/bestmedicalpackages.com\/es\/package\/implante-de-menton\/#primaryimage\",\"url\":\"https:\/\/bestmedical.b-cdn.net\/wp-content\/uploads\/2023\/03\/chin-implant-local.jpg\",\"contentUrl\":\"https:\/\/bestmedical.b-cdn.net\/wp-content\/uploads\/2023\/03\/chin-implant-local.jpg\",\"width\":800,\"height\":800,\"caption\":\"chin implant local\"},{\"@type\":\"BreadcrumbList\",\"@id\":\"https:\/\/bestmedicalpackages.com\/es\/package\/implante-de-menton\/#breadcrumb\",\"itemListElement\":[{\"@type\":\"ListItem\",\"position\":1,\"name\":\"Home of Best Medical Packages\",\"item\":\"https:\/\/bestmedicalpackages.com\/es\/paquetes-medicos-todo-incluido\/\"},{\"@type\":\"ListItem\",\"position\":2,\"name\":\"Procedures\",\"item\":\"https:\/\/bestmedicalpackages.com\/procedures\/\"},{\"@type\":\"ListItem\",\"position\":3,\"name\":\"Implante de ment\u00f3n\"}]},{\"@type\":\"WebSite\",\"@id\":\"https:\/\/bestmedicalpackages.com\/es\/#website\",\"url\":\"https:\/\/bestmedicalpackages.com\/es\/\",\"name\":\"Best Medical Packages\",\"description\":\"Best medical packages for male and female patients.\",\"publisher\":{\"@id\":\"https:\/\/bestmedicalpackages.com\/es\/#organization\"},\"potentialAction\":[{\"@type\":\"SearchAction\",\"target\":{\"@type\":\"EntryPoint\",\"urlTemplate\":\"https:\/\/bestmedicalpackages.com\/es\/?s={search_term_string}\"},\"query-input\":{\"@type\":\"PropertyValueSpecification\",\"valueRequired\":true,\"valueName\":\"search_term_string\"}}],\"inLanguage\":\"es\"},{\"@type\":\"Organization\",\"@id\":\"https:\/\/bestmedicalpackages.com\/es\/#organization\",\"name\":\"Best Medical Packages\",\"url\":\"https:\/\/bestmedicalpackages.com\/es\/\",\"logo\":{\"@type\":\"ImageObject\",\"inLanguage\":\"es\",\"@id\":\"https:\/\/bestmedicalpackages.com\/es\/#\/schema\/logo\/image\/\",\"url\":\"https:\/\/bestmedicalpackages.com\/wp-content\/uploads\/2023\/02\/logo.png\",\"contentUrl\":\"https:\/\/bestmedicalpackages.com\/wp-content\/uploads\/2023\/02\/logo.png\",\"width\":308,\"height\":106,\"caption\":\"Best Medical Packages\"},\"image\":{\"@id\":\"https:\/\/bestmedicalpackages.com\/es\/#\/schema\/logo\/image\/\"},\"sameAs\":[\"https:\/\/www.instagram.com\/medicalpackages\/\"]}]}<\/script>\n<meta property=\"product:price:amount\" content=\"5000\" \/>\n<meta property=\"product:price:currency\" content=\"USD\" \/>\n<meta property=\"og:availability\" content=\"instock\" \/>\n<meta property=\"product:availability\" content=\"instock\" \/>\n<meta property=\"product:condition\" content=\"new\" \/>\n<!-- \/ Yoast SEO Premium plugin. -->","yoast_head_json":{"title":"Implante de ment\u00f3n","description":"Puede encontrar informaci\u00f3n sobre Implante de ment\u00f3n - Best Medical Packages (5.000&#36;)","robots":{"index":"index","follow":"follow","max-snippet":"max-snippet:-1","max-image-preview":"max-image-preview:large","max-video-preview":"max-video-preview:-1"},"canonical":"https:\/\/bestmedicalpackages.com\/es\/package\/implante-de-menton\/","og_locale":"es_ES","og_type":"article","og_title":"Implante de ment\u00f3n","og_description":"Puede encontrar informaci\u00f3n sobre Implante de ment\u00f3n - Best Medical Packages (5.000&#36;)","og_url":"https:\/\/bestmedicalpackages.com\/es\/package\/implante-de-menton\/","og_site_name":"Best Medical Packages","article_modified_time":"2025-12-05T06:57:10+00:00","og_image":[{"width":800,"height":800,"url":"https:\/\/bestmedicalpackages.com\/wp-content\/uploads\/2023\/03\/chin-implant-local.jpg","type":"image\/jpeg"}],"twitter_card":"summary_large_image","twitter_misc":{"Precio":"5.000&#36;","Disponibilidad":"Disponible"},"schema":{"@context":"https:\/\/schema.org","@graph":[{"@type":"WebPage","@id":"https:\/\/bestmedicalpackages.com\/es\/package\/implante-de-menton\/","url":"https:\/\/bestmedicalpackages.com\/es\/package\/implante-de-menton\/","name":"Implante de ment\u00f3n","isPartOf":{"@id":"https:\/\/bestmedicalpackages.com\/es\/#website"},"primaryImageOfPage":{"@id":"https:\/\/bestmedicalpackages.com\/es\/package\/implante-de-menton\/#primaryimage"},"image":{"@id":"https:\/\/bestmedicalpackages.com\/es\/package\/implante-de-menton\/#primaryimage"},"thumbnailUrl":"https:\/\/bestmedical.b-cdn.net\/wp-content\/uploads\/2023\/03\/chin-implant-local.jpg","datePublished":"2025-08-05T14:41:03+00:00","dateModified":"2025-12-05T06:57:10+00:00","description":"Puede encontrar informaci\u00f3n sobre Implante de ment\u00f3n - Best Medical Packages (5.000&#36;)","breadcrumb":{"@id":"https:\/\/bestmedicalpackages.com\/es\/package\/implante-de-menton\/#breadcrumb"},"inLanguage":"es","potentialAction":[{"@type":"ReadAction","target":["https:\/\/bestmedicalpackages.com\/es\/package\/implante-de-menton\/"]}]},{"@type":"ImageObject","inLanguage":"es","@id":"https:\/\/bestmedicalpackages.com\/es\/package\/implante-de-menton\/#primaryimage","url":"https:\/\/bestmedical.b-cdn.net\/wp-content\/uploads\/2023\/03\/chin-implant-local.jpg","contentUrl":"https:\/\/bestmedical.b-cdn.net\/wp-content\/uploads\/2023\/03\/chin-implant-local.jpg","width":800,"height":800,"caption":"chin implant local"},{"@type":"BreadcrumbList","@id":"https:\/\/bestmedicalpackages.com\/es\/package\/implante-de-menton\/#breadcrumb","itemListElement":[{"@type":"ListItem","position":1,"name":"Home of Best Medical Packages","item":"https:\/\/bestmedicalpackages.com\/es\/paquetes-medicos-todo-incluido\/"},{"@type":"ListItem","position":2,"name":"Procedures","item":"https:\/\/bestmedicalpackages.com\/procedures\/"},{"@type":"ListItem","position":3,"name":"Implante de ment\u00f3n"}]},{"@type":"WebSite","@id":"https:\/\/bestmedicalpackages.com\/es\/#website","url":"https:\/\/bestmedicalpackages.com\/es\/","name":"Best Medical Packages","description":"Best medical packages for male and female patients.","publisher":{"@id":"https:\/\/bestmedicalpackages.com\/es\/#organization"},"potentialAction":[{"@type":"SearchAction","target":{"@type":"EntryPoint","urlTemplate":"https:\/\/bestmedicalpackages.com\/es\/?s={search_term_string}"},"query-input":{"@type":"PropertyValueSpecification","valueRequired":true,"valueName":"search_term_string"}}],"inLanguage":"es"},{"@type":"Organization","@id":"https:\/\/bestmedicalpackages.com\/es\/#organization","name":"Best Medical Packages","url":"https:\/\/bestmedicalpackages.com\/es\/","logo":{"@type":"ImageObject","inLanguage":"es","@id":"https:\/\/bestmedicalpackages.com\/es\/#\/schema\/logo\/image\/","url":"https:\/\/bestmedicalpackages.com\/wp-content\/uploads\/2023\/02\/logo.png","contentUrl":"https:\/\/bestmedicalpackages.com\/wp-content\/uploads\/2023\/02\/logo.png","width":308,"height":106,"caption":"Best Medical Packages"},"image":{"@id":"https:\/\/bestmedicalpackages.com\/es\/#\/schema\/logo\/image\/"},"sameAs":["https:\/\/www.instagram.com\/medicalpackages\/"]}]},"product_price_amount":"5000","product_price_currency":"USD","og_availability":"instock","product_availability":"instock","product_condition":"new"},"_links":{"self":[{"href":"https:\/\/bestmedicalpackages.com\/es\/wp-json\/wp\/v2\/product\/6952","targetHints":{"allow":["GET"]}}],"collection":[{"href":"https:\/\/bestmedicalpackages.com\/es\/wp-json\/wp\/v2\/product"}],"about":[{"href":"https:\/\/bestmedicalpackages.com\/es\/wp-json\/wp\/v2\/types\/product"}],"replies":[{"embeddable":true,"href":"https:\/\/bestmedicalpackages.com\/es\/wp-json\/wp\/v2\/comments?post=6952"}],"wp:featuredmedia":[{"embeddable":true,"href":"https:\/\/bestmedicalpackages.com\/es\/wp-json\/wp\/v2\/media\/6609"}],"wp:attachment":[{"href":"https:\/\/bestmedicalpackages.com\/es\/wp-json\/wp\/v2\/media?parent=6952"}],"wp:term":[{"taxonomy":"product_brand","embeddable":true,"href":"https:\/\/bestmedicalpackages.com\/es\/wp-json\/wp\/v2\/product_brand?post=6952"},{"taxonomy":"product_cat","embeddable":true,"href":"https:\/\/bestmedicalpackages.com\/es\/wp-json\/wp\/v2\/product_cat?post=6952"},{"taxonomy":"product_tag","embeddable":true,"href":"https:\/\/bestmedicalpackages.com\/es\/wp-json\/wp\/v2\/product_tag?post=6952"}],"curies":[{"name":"wp","href":"https:\/\/api.w.org\/{rel}","templated":true}]}}