{"id":6986,"date":"2025-08-12T18:00:42","date_gmt":"2025-08-12T15:00:42","guid":{"rendered":"https:\/\/new.bestmedicalpackages.com\/package\/trasplante-capilar-sapphire-fue\/"},"modified":"2025-12-05T09:53:09","modified_gmt":"2025-12-05T06:53:09","slug":"trasplante-capilar-sapphire-fue","status":"publish","type":"product","link":"https:\/\/bestmedicalpackages.com\/es\/package\/trasplante-capilar-sapphire-fue\/","title":{"rendered":"Trasplante capilar Sapphire FUE"},"content":{"rendered":"<p>El trasplante capilar es una intervenci\u00f3n quir\u00fargica en la que se trasplantan fol\u00edculos pilosos de una parte del cuerpo, normalmente la nuca o los laterales de la cabeza, a una zona calva o con calvicie. Los trasplantes capilares suelen utilizarse para tratar la calvicie de patr\u00f3n masculino. Durante un trasplante capilar, un cirujano extrae pelo de una zona del cuero cabelludo que tiene mucho pelo sano y lo trasplanta a la zona calva.<\/p>\n","protected":false},"excerpt":{"rendered":"<ul>\n<li>Cirujano colegiado certificado<\/li>\n<li>Consulta preoperatoria en l\u00ednea<\/li>\n<li>Consulta f\u00edsica<\/li>\n<li>Prueba de ca\u00edda r\u00e1pida<\/li>\n<li>Anestesia local<\/li>\n<li>Medicamentos<\/li>\n<li>Controles postoperatorios, Kit m\u00e9dico postoperatorio<\/li>\n<li>Atenci\u00f3n personalizada al paciente<\/li>\n<li>(ingl\u00e9s, franc\u00e9s, espa\u00f1ol, italiano)<\/li>\n<li>Asistencia en l\u00ednea 24\/7<\/li>\n<\/ul>\n","protected":false},"featured_media":7298,"comment_status":"open","ping_status":"closed","template":"","meta":[],"product_brand":[],"product_cat":[1000],"product_tag":[737,721,789,741,740,723],"class_list":{"0":"post-6986","1":"product","2":"type-product","3":"status-publish","4":"has-post-thumbnail","6":"product_cat-transplante-capilar","7":"product_tag-cabello","8":"product_tag-estambul-es","9":"product_tag-fue-es","10":"product_tag-hombres","11":"product_tag-trasplante-capilar","12":"product_tag-turquia-es","14":"first","15":"instock","16":"shipping-taxable","17":"product-type-simple"},"yoast_head":"<!-- This site is optimized with the Yoast SEO Premium plugin v22.1 (Yoast SEO v27.2) - https:\/\/yoast.com\/product\/yoast-seo-premium-wordpress\/ -->\n<title>Trasplante capilar Sapphire FUE Cirug\u00eda - Best Medical Packages (3.150&#036;)<\/title>\n<meta name=\"description\" content=\"Puede encontrar informaci\u00f3n sobre Trasplante capilar Sapphire FUE - Best Medical Packages (3.150&#036;)\" \/>\n<meta name=\"robots\" content=\"index, follow, max-snippet:-1, max-image-preview:large, max-video-preview:-1\" \/>\n<link rel=\"canonical\" href=\"https:\/\/bestmedicalpackages.com\/es\/package\/trasplante-capilar-sapphire-fue\/\" \/>\n<meta property=\"og:locale\" content=\"es_ES\" \/>\n<meta property=\"og:type\" content=\"article\" \/>\n<meta property=\"og:title\" content=\"Trasplante capilar Sapphire FUE\" \/>\n<meta property=\"og:description\" content=\"Puede encontrar informaci\u00f3n sobre Trasplante capilar Sapphire FUE - Best Medical Packages (3.150&#036;)\" \/>\n<meta property=\"og:url\" content=\"https:\/\/bestmedicalpackages.com\/es\/package\/trasplante-capilar-sapphire-fue\/\" \/>\n<meta property=\"og:site_name\" content=\"Best Medical Packages\" \/>\n<meta property=\"article:modified_time\" content=\"2025-12-05T06:53:09+00:00\" \/>\n<meta property=\"og:image\" content=\"https:\/\/bestmedicalpackages.com\/wp-content\/uploads\/2025\/08\/hair-transplant-2-e1756190676225.jpg\" \/>\n\t<meta property=\"og:image:width\" content=\"677\" \/>\n\t<meta property=\"og:image:height\" content=\"703\" \/>\n\t<meta property=\"og:image:type\" content=\"image\/jpeg\" \/>\n<meta name=\"twitter:card\" content=\"summary_large_image\" \/>\n<meta name=\"twitter:label1\" content=\"Precio\" \/>\n\t<meta name=\"twitter:data1\" content=\"3.150&#036;\" \/>\n\t<meta name=\"twitter:label2\" content=\"Disponibilidad\" \/>\n\t<meta name=\"twitter:data2\" content=\"Disponible\" \/>\n<script type=\"application\/ld+json\" class=\"yoast-schema-graph\">{\"@context\":\"https:\/\/schema.org\",\"@graph\":[{\"@type\":\"WebPage\",\"@id\":\"https:\/\/bestmedicalpackages.com\/es\/package\/trasplante-capilar-sapphire-fue\/\",\"url\":\"https:\/\/bestmedicalpackages.com\/es\/package\/trasplante-capilar-sapphire-fue\/\",\"name\":\"Trasplante capilar Sapphire FUE Cirug\u00eda - Best Medical Packages (3.150&#36;)\",\"isPartOf\":{\"@id\":\"https:\/\/bestmedicalpackages.com\/es\/#website\"},\"primaryImageOfPage\":{\"@id\":\"https:\/\/bestmedicalpackages.com\/es\/package\/trasplante-capilar-sapphire-fue\/#primaryimage\"},\"image\":{\"@id\":\"https:\/\/bestmedicalpackages.com\/es\/package\/trasplante-capilar-sapphire-fue\/#primaryimage\"},\"thumbnailUrl\":\"https:\/\/bestmedical.b-cdn.net\/wp-content\/uploads\/2025\/08\/hair-transplant-2-e1756190676225.jpg\",\"datePublished\":\"2025-08-12T15:00:42+00:00\",\"dateModified\":\"2025-12-05T06:53:09+00:00\",\"description\":\"Puede encontrar informaci\u00f3n sobre Trasplante capilar Sapphire FUE - Best Medical Packages (3.150&#36;)\",\"breadcrumb\":{\"@id\":\"https:\/\/bestmedicalpackages.com\/es\/package\/trasplante-capilar-sapphire-fue\/#breadcrumb\"},\"inLanguage\":\"es\",\"potentialAction\":[{\"@type\":\"ReadAction\",\"target\":[\"https:\/\/bestmedicalpackages.com\/es\/package\/trasplante-capilar-sapphire-fue\/\"]}]},{\"@type\":\"ImageObject\",\"inLanguage\":\"es\",\"@id\":\"https:\/\/bestmedicalpackages.com\/es\/package\/trasplante-capilar-sapphire-fue\/#primaryimage\",\"url\":\"https:\/\/bestmedical.b-cdn.net\/wp-content\/uploads\/2025\/08\/hair-transplant-2-e1756190676225.jpg\",\"contentUrl\":\"https:\/\/bestmedical.b-cdn.net\/wp-content\/uploads\/2025\/08\/hair-transplant-2-e1756190676225.jpg\",\"width\":677,\"height\":703,\"caption\":\"hair transplant 2 e1756190676225\"},{\"@type\":\"BreadcrumbList\",\"@id\":\"https:\/\/bestmedicalpackages.com\/es\/package\/trasplante-capilar-sapphire-fue\/#breadcrumb\",\"itemListElement\":[{\"@type\":\"ListItem\",\"position\":1,\"name\":\"Home of Best Medical Packages\",\"item\":\"https:\/\/bestmedicalpackages.com\/es\/paquetes-medicos-todo-incluido\/\"},{\"@type\":\"ListItem\",\"position\":2,\"name\":\"Procedures\",\"item\":\"https:\/\/bestmedicalpackages.com\/procedures\/\"},{\"@type\":\"ListItem\",\"position\":3,\"name\":\"Trasplante capilar Sapphire FUE\"}]},{\"@type\":\"WebSite\",\"@id\":\"https:\/\/bestmedicalpackages.com\/es\/#website\",\"url\":\"https:\/\/bestmedicalpackages.com\/es\/\",\"name\":\"Best Medical Packages\",\"description\":\"Best medical packages for male and female patients.\",\"publisher\":{\"@id\":\"https:\/\/bestmedicalpackages.com\/es\/#organization\"},\"potentialAction\":[{\"@type\":\"SearchAction\",\"target\":{\"@type\":\"EntryPoint\",\"urlTemplate\":\"https:\/\/bestmedicalpackages.com\/es\/?s={search_term_string}\"},\"query-input\":{\"@type\":\"PropertyValueSpecification\",\"valueRequired\":true,\"valueName\":\"search_term_string\"}}],\"inLanguage\":\"es\"},{\"@type\":\"Organization\",\"@id\":\"https:\/\/bestmedicalpackages.com\/es\/#organization\",\"name\":\"Best Medical Packages\",\"url\":\"https:\/\/bestmedicalpackages.com\/es\/\",\"logo\":{\"@type\":\"ImageObject\",\"inLanguage\":\"es\",\"@id\":\"https:\/\/bestmedicalpackages.com\/es\/#\/schema\/logo\/image\/\",\"url\":\"https:\/\/bestmedicalpackages.com\/wp-content\/uploads\/2023\/02\/logo.png\",\"contentUrl\":\"https:\/\/bestmedicalpackages.com\/wp-content\/uploads\/2023\/02\/logo.png\",\"width\":308,\"height\":106,\"caption\":\"Best Medical Packages\"},\"image\":{\"@id\":\"https:\/\/bestmedicalpackages.com\/es\/#\/schema\/logo\/image\/\"},\"sameAs\":[\"https:\/\/www.instagram.com\/medicalpackages\/\"]}]}<\/script>\n<meta property=\"product:price:amount\" content=\"3150\" \/>\n<meta property=\"product:price:currency\" content=\"USD\" \/>\n<meta property=\"og:availability\" content=\"instock\" \/>\n<meta property=\"product:availability\" content=\"instock\" \/>\n<meta property=\"product:condition\" content=\"new\" \/>\n<!-- \/ Yoast SEO Premium plugin. -->","yoast_head_json":{"title":"Trasplante capilar Sapphire FUE Cirug\u00eda - Best Medical Packages (3.150&#36;)","description":"Puede encontrar informaci\u00f3n sobre Trasplante capilar Sapphire FUE - Best Medical Packages (3.150&#36;)","robots":{"index":"index","follow":"follow","max-snippet":"max-snippet:-1","max-image-preview":"max-image-preview:large","max-video-preview":"max-video-preview:-1"},"canonical":"https:\/\/bestmedicalpackages.com\/es\/package\/trasplante-capilar-sapphire-fue\/","og_locale":"es_ES","og_type":"article","og_title":"Trasplante capilar Sapphire FUE","og_description":"Puede encontrar informaci\u00f3n sobre Trasplante capilar Sapphire FUE - Best Medical Packages (3.150&#36;)","og_url":"https:\/\/bestmedicalpackages.com\/es\/package\/trasplante-capilar-sapphire-fue\/","og_site_name":"Best Medical Packages","article_modified_time":"2025-12-05T06:53:09+00:00","og_image":[{"width":677,"height":703,"url":"https:\/\/bestmedicalpackages.com\/wp-content\/uploads\/2025\/08\/hair-transplant-2-e1756190676225.jpg","type":"image\/jpeg"}],"twitter_card":"summary_large_image","twitter_misc":{"Precio":"3.150&#36;","Disponibilidad":"Disponible"},"schema":{"@context":"https:\/\/schema.org","@graph":[{"@type":"WebPage","@id":"https:\/\/bestmedicalpackages.com\/es\/package\/trasplante-capilar-sapphire-fue\/","url":"https:\/\/bestmedicalpackages.com\/es\/package\/trasplante-capilar-sapphire-fue\/","name":"Trasplante capilar Sapphire FUE Cirug\u00eda - Best Medical Packages (3.150&#36;)","isPartOf":{"@id":"https:\/\/bestmedicalpackages.com\/es\/#website"},"primaryImageOfPage":{"@id":"https:\/\/bestmedicalpackages.com\/es\/package\/trasplante-capilar-sapphire-fue\/#primaryimage"},"image":{"@id":"https:\/\/bestmedicalpackages.com\/es\/package\/trasplante-capilar-sapphire-fue\/#primaryimage"},"thumbnailUrl":"https:\/\/bestmedical.b-cdn.net\/wp-content\/uploads\/2025\/08\/hair-transplant-2-e1756190676225.jpg","datePublished":"2025-08-12T15:00:42+00:00","dateModified":"2025-12-05T06:53:09+00:00","description":"Puede encontrar informaci\u00f3n sobre Trasplante capilar Sapphire FUE - Best Medical Packages (3.150&#36;)","breadcrumb":{"@id":"https:\/\/bestmedicalpackages.com\/es\/package\/trasplante-capilar-sapphire-fue\/#breadcrumb"},"inLanguage":"es","potentialAction":[{"@type":"ReadAction","target":["https:\/\/bestmedicalpackages.com\/es\/package\/trasplante-capilar-sapphire-fue\/"]}]},{"@type":"ImageObject","inLanguage":"es","@id":"https:\/\/bestmedicalpackages.com\/es\/package\/trasplante-capilar-sapphire-fue\/#primaryimage","url":"https:\/\/bestmedical.b-cdn.net\/wp-content\/uploads\/2025\/08\/hair-transplant-2-e1756190676225.jpg","contentUrl":"https:\/\/bestmedical.b-cdn.net\/wp-content\/uploads\/2025\/08\/hair-transplant-2-e1756190676225.jpg","width":677,"height":703,"caption":"hair transplant 2 e1756190676225"},{"@type":"BreadcrumbList","@id":"https:\/\/bestmedicalpackages.com\/es\/package\/trasplante-capilar-sapphire-fue\/#breadcrumb","itemListElement":[{"@type":"ListItem","position":1,"name":"Home of Best Medical Packages","item":"https:\/\/bestmedicalpackages.com\/es\/paquetes-medicos-todo-incluido\/"},{"@type":"ListItem","position":2,"name":"Procedures","item":"https:\/\/bestmedicalpackages.com\/procedures\/"},{"@type":"ListItem","position":3,"name":"Trasplante capilar Sapphire FUE"}]},{"@type":"WebSite","@id":"https:\/\/bestmedicalpackages.com\/es\/#website","url":"https:\/\/bestmedicalpackages.com\/es\/","name":"Best Medical Packages","description":"Best medical packages for male and female patients.","publisher":{"@id":"https:\/\/bestmedicalpackages.com\/es\/#organization"},"potentialAction":[{"@type":"SearchAction","target":{"@type":"EntryPoint","urlTemplate":"https:\/\/bestmedicalpackages.com\/es\/?s={search_term_string}"},"query-input":{"@type":"PropertyValueSpecification","valueRequired":true,"valueName":"search_term_string"}}],"inLanguage":"es"},{"@type":"Organization","@id":"https:\/\/bestmedicalpackages.com\/es\/#organization","name":"Best Medical Packages","url":"https:\/\/bestmedicalpackages.com\/es\/","logo":{"@type":"ImageObject","inLanguage":"es","@id":"https:\/\/bestmedicalpackages.com\/es\/#\/schema\/logo\/image\/","url":"https:\/\/bestmedicalpackages.com\/wp-content\/uploads\/2023\/02\/logo.png","contentUrl":"https:\/\/bestmedicalpackages.com\/wp-content\/uploads\/2023\/02\/logo.png","width":308,"height":106,"caption":"Best Medical Packages"},"image":{"@id":"https:\/\/bestmedicalpackages.com\/es\/#\/schema\/logo\/image\/"},"sameAs":["https:\/\/www.instagram.com\/medicalpackages\/"]}]},"product_price_amount":"3150","product_price_currency":"USD","og_availability":"instock","product_availability":"instock","product_condition":"new"},"_links":{"self":[{"href":"https:\/\/bestmedicalpackages.com\/es\/wp-json\/wp\/v2\/product\/6986","targetHints":{"allow":["GET"]}}],"collection":[{"href":"https:\/\/bestmedicalpackages.com\/es\/wp-json\/wp\/v2\/product"}],"about":[{"href":"https:\/\/bestmedicalpackages.com\/es\/wp-json\/wp\/v2\/types\/product"}],"replies":[{"embeddable":true,"href":"https:\/\/bestmedicalpackages.com\/es\/wp-json\/wp\/v2\/comments?post=6986"}],"wp:featuredmedia":[{"embeddable":true,"href":"https:\/\/bestmedicalpackages.com\/es\/wp-json\/wp\/v2\/media\/7298"}],"wp:attachment":[{"href":"https:\/\/bestmedicalpackages.com\/es\/wp-json\/wp\/v2\/media?parent=6986"}],"wp:term":[{"taxonomy":"product_brand","embeddable":true,"href":"https:\/\/bestmedicalpackages.com\/es\/wp-json\/wp\/v2\/product_brand?post=6986"},{"taxonomy":"product_cat","embeddable":true,"href":"https:\/\/bestmedicalpackages.com\/es\/wp-json\/wp\/v2\/product_cat?post=6986"},{"taxonomy":"product_tag","embeddable":true,"href":"https:\/\/bestmedicalpackages.com\/es\/wp-json\/wp\/v2\/product_tag?post=6986"}],"curies":[{"name":"wp","href":"https:\/\/api.w.org\/{rel}","templated":true}]}}