{"id":6992,"date":"2025-08-13T15:14:37","date_gmt":"2025-08-13T12:14:37","guid":{"rendered":"https:\/\/new.bestmedicalpackages.com\/package\/lifting-facial-medio\/"},"modified":"2025-08-27T17:50:43","modified_gmt":"2025-08-27T14:50:43","slug":"lifting-facial-medio","status":"publish","type":"product","link":"https:\/\/bestmedicalpackages.com\/es\/package\/lifting-facial-medio\/","title":{"rendered":"Lifting facial medio"},"content":{"rendered":"<p>El <strong>lifting facial (ritidectom\u00eda<\/strong> ) es una intervenci\u00f3n quir\u00fargica cuyo objetivo es eliminar los signos visibles del envejecimiento tensando la piel fl\u00e1cida, alisando las arrugas profundas y restaurando un contorno facial m\u00e1s juvenil. Esta intervenci\u00f3n trata problemas como la <strong>papada, la flacidez de la piel del cuello y las l\u00edneas de marioneta<\/strong>, para conseguir un aspecto renovado y natural. El cirujano recoloca el tejido subyacente, elimina el exceso de piel y puede combinar el lifting con <strong>injertos de grasa o liposucci\u00f3n en el cuello<\/strong> para mejorar los resultados. La recuperaci\u00f3n suele ir asociada a <strong>1-2 semanas de<\/strong> hinchaz\u00f3n y hematomas. La mayor\u00eda de los pacientes pueden reanudar sus actividades sociales en <strong>2-3 semanas<\/strong> y el resultado completo es visible al cabo de unos meses. Los candidatos ideales son los no fumadores sanos con expectativas realistas y un envejecimiento facial notable que ya no responde a los tratamientos no quir\u00fargicos. Cuando eliges a un <strong>cirujano pl\u00e1stico colegiado<\/strong>, puedes estar segura de que las t\u00e9cnicas se adaptar\u00e1n a ti para conseguir un rejuvenecimiento sutil y duradero.        <\/p>\n","protected":false},"excerpt":{"rendered":"<ul>\n<li>Cirujano colegiado certificado<\/li>\n<li>Asesoramiento en l\u00ednea antes de la operaci\u00f3n<\/li>\n<li>Orientaci\u00f3n f\u00edsica<\/li>\n<li>Recuento sangu\u00edneo completo<\/li>\n<li>Anestesia general<\/li>\n<li>Medicaci\u00f3n<\/li>\n<li>Controles postoperatorios, botiqu\u00edn postoperatorio<\/li>\n<li>Servicio personalizado al paciente<\/li>\n<li>(ingl\u00e9s, franc\u00e9s, espa\u00f1ol, italiano)<\/li>\n<li>Asistencia en l\u00ednea 24 horas al d\u00eda, 7 d\u00edas a la semana<\/li>\n<\/ul>\n","protected":false},"featured_media":7328,"comment_status":"closed","ping_status":"closed","template":"","meta":[],"product_brand":[],"product_cat":[993],"product_tag":[744,721,745,723],"class_list":{"0":"post-6992","1":"product","2":"type-product","3":"status-publish","4":"has-post-thumbnail","6":"product_cat-cirugia-plastica","7":"product_tag-cara","8":"product_tag-estambul-es","9":"product_tag-macs-es","10":"product_tag-turquia-es","12":"first","13":"instock","14":"shipping-taxable","15":"product-type-simple"},"yoast_head":"<!-- This site is optimized with the Yoast SEO Premium plugin v22.1 (Yoast SEO v27.2) - https:\/\/yoast.com\/product\/yoast-seo-premium-wordpress\/ -->\n<title>Lifting facial medio Cirug\u00eda - Best Medical Packages (4.600&#036;)<\/title>\n<meta name=\"description\" content=\"Puede encontrar informaci\u00f3n sobre Lifting facial medio - Best Medical Packages (4.600&#036;)\" \/>\n<meta name=\"robots\" content=\"index, follow, max-snippet:-1, max-image-preview:large, max-video-preview:-1\" \/>\n<link rel=\"canonical\" href=\"https:\/\/bestmedicalpackages.com\/es\/package\/lifting-facial-medio\/\" \/>\n<meta property=\"og:locale\" content=\"es_ES\" \/>\n<meta property=\"og:type\" content=\"article\" \/>\n<meta property=\"og:title\" content=\"Lifting facial medio\" \/>\n<meta property=\"og:description\" content=\"Puede encontrar informaci\u00f3n sobre Lifting facial medio - Best Medical Packages (4.600&#036;)\" \/>\n<meta property=\"og:url\" content=\"https:\/\/bestmedicalpackages.com\/es\/package\/lifting-facial-medio\/\" \/>\n<meta property=\"og:site_name\" content=\"Best Medical Packages\" \/>\n<meta property=\"article:modified_time\" content=\"2025-08-27T14:50:43+00:00\" \/>\n<meta property=\"og:image\" content=\"https:\/\/bestmedicalpackages.com\/wp-content\/uploads\/2025\/08\/MidFaceLift.jpg\" \/>\n\t<meta property=\"og:image:width\" content=\"990\" \/>\n\t<meta property=\"og:image:height\" content=\"990\" \/>\n\t<meta property=\"og:image:type\" content=\"image\/jpeg\" \/>\n<meta name=\"twitter:card\" content=\"summary_large_image\" \/>\n<meta name=\"twitter:label1\" content=\"Precio\" \/>\n\t<meta name=\"twitter:data1\" content=\"4.600&#036;\" \/>\n\t<meta name=\"twitter:label2\" content=\"Disponibilidad\" \/>\n\t<meta name=\"twitter:data2\" content=\"Disponible\" \/>\n<script type=\"application\/ld+json\" class=\"yoast-schema-graph\">{\"@context\":\"https:\/\/schema.org\",\"@graph\":[{\"@type\":\"WebPage\",\"@id\":\"https:\/\/bestmedicalpackages.com\/es\/package\/lifting-facial-medio\/\",\"url\":\"https:\/\/bestmedicalpackages.com\/es\/package\/lifting-facial-medio\/\",\"name\":\"Lifting facial medio Cirug\u00eda - Best Medical Packages (4.600&#36;)\",\"isPartOf\":{\"@id\":\"https:\/\/bestmedicalpackages.com\/es\/#website\"},\"primaryImageOfPage\":{\"@id\":\"https:\/\/bestmedicalpackages.com\/es\/package\/lifting-facial-medio\/#primaryimage\"},\"image\":{\"@id\":\"https:\/\/bestmedicalpackages.com\/es\/package\/lifting-facial-medio\/#primaryimage\"},\"thumbnailUrl\":\"https:\/\/bestmedical.b-cdn.net\/wp-content\/uploads\/2025\/08\/MidFaceLift.jpg\",\"datePublished\":\"2025-08-13T12:14:37+00:00\",\"dateModified\":\"2025-08-27T14:50:43+00:00\",\"description\":\"Puede encontrar informaci\u00f3n sobre Lifting facial medio - Best Medical Packages (4.600&#36;)\",\"breadcrumb\":{\"@id\":\"https:\/\/bestmedicalpackages.com\/es\/package\/lifting-facial-medio\/#breadcrumb\"},\"inLanguage\":\"es\",\"potentialAction\":[{\"@type\":\"ReadAction\",\"target\":[\"https:\/\/bestmedicalpackages.com\/es\/package\/lifting-facial-medio\/\"]}]},{\"@type\":\"ImageObject\",\"inLanguage\":\"es\",\"@id\":\"https:\/\/bestmedicalpackages.com\/es\/package\/lifting-facial-medio\/#primaryimage\",\"url\":\"https:\/\/bestmedical.b-cdn.net\/wp-content\/uploads\/2025\/08\/MidFaceLift.jpg\",\"contentUrl\":\"https:\/\/bestmedical.b-cdn.net\/wp-content\/uploads\/2025\/08\/MidFaceLift.jpg\",\"width\":990,\"height\":990,\"caption\":\"MidFaceLift\"},{\"@type\":\"BreadcrumbList\",\"@id\":\"https:\/\/bestmedicalpackages.com\/es\/package\/lifting-facial-medio\/#breadcrumb\",\"itemListElement\":[{\"@type\":\"ListItem\",\"position\":1,\"name\":\"Home of Best Medical Packages\",\"item\":\"https:\/\/bestmedicalpackages.com\/es\/paquetes-medicos-todo-incluido\/\"},{\"@type\":\"ListItem\",\"position\":2,\"name\":\"Procedures\",\"item\":\"https:\/\/bestmedicalpackages.com\/procedures\/\"},{\"@type\":\"ListItem\",\"position\":3,\"name\":\"Lifting facial medio\"}]},{\"@type\":\"WebSite\",\"@id\":\"https:\/\/bestmedicalpackages.com\/es\/#website\",\"url\":\"https:\/\/bestmedicalpackages.com\/es\/\",\"name\":\"Best Medical Packages\",\"description\":\"Best medical packages for male and female patients.\",\"publisher\":{\"@id\":\"https:\/\/bestmedicalpackages.com\/es\/#organization\"},\"potentialAction\":[{\"@type\":\"SearchAction\",\"target\":{\"@type\":\"EntryPoint\",\"urlTemplate\":\"https:\/\/bestmedicalpackages.com\/es\/?s={search_term_string}\"},\"query-input\":{\"@type\":\"PropertyValueSpecification\",\"valueRequired\":true,\"valueName\":\"search_term_string\"}}],\"inLanguage\":\"es\"},{\"@type\":\"Organization\",\"@id\":\"https:\/\/bestmedicalpackages.com\/es\/#organization\",\"name\":\"Best Medical Packages\",\"url\":\"https:\/\/bestmedicalpackages.com\/es\/\",\"logo\":{\"@type\":\"ImageObject\",\"inLanguage\":\"es\",\"@id\":\"https:\/\/bestmedicalpackages.com\/es\/#\/schema\/logo\/image\/\",\"url\":\"https:\/\/bestmedicalpackages.com\/wp-content\/uploads\/2023\/02\/logo.png\",\"contentUrl\":\"https:\/\/bestmedicalpackages.com\/wp-content\/uploads\/2023\/02\/logo.png\",\"width\":308,\"height\":106,\"caption\":\"Best Medical Packages\"},\"image\":{\"@id\":\"https:\/\/bestmedicalpackages.com\/es\/#\/schema\/logo\/image\/\"},\"sameAs\":[\"https:\/\/www.instagram.com\/medicalpackages\/\"]}]}<\/script>\n<meta property=\"product:price:amount\" content=\"4600\" \/>\n<meta property=\"product:price:currency\" content=\"USD\" \/>\n<meta property=\"og:availability\" content=\"instock\" \/>\n<meta property=\"product:availability\" content=\"instock\" \/>\n<meta property=\"product:condition\" content=\"new\" \/>\n<!-- \/ Yoast SEO Premium plugin. -->","yoast_head_json":{"title":"Lifting facial medio Cirug\u00eda - Best Medical Packages (4.600&#36;)","description":"Puede encontrar informaci\u00f3n sobre Lifting facial medio - Best Medical Packages (4.600&#36;)","robots":{"index":"index","follow":"follow","max-snippet":"max-snippet:-1","max-image-preview":"max-image-preview:large","max-video-preview":"max-video-preview:-1"},"canonical":"https:\/\/bestmedicalpackages.com\/es\/package\/lifting-facial-medio\/","og_locale":"es_ES","og_type":"article","og_title":"Lifting facial medio","og_description":"Puede encontrar informaci\u00f3n sobre Lifting facial medio - Best Medical Packages (4.600&#36;)","og_url":"https:\/\/bestmedicalpackages.com\/es\/package\/lifting-facial-medio\/","og_site_name":"Best Medical Packages","article_modified_time":"2025-08-27T14:50:43+00:00","og_image":[{"width":990,"height":990,"url":"https:\/\/bestmedicalpackages.com\/wp-content\/uploads\/2025\/08\/MidFaceLift.jpg","type":"image\/jpeg"}],"twitter_card":"summary_large_image","twitter_misc":{"Precio":"4.600&#36;","Disponibilidad":"Disponible"},"schema":{"@context":"https:\/\/schema.org","@graph":[{"@type":"WebPage","@id":"https:\/\/bestmedicalpackages.com\/es\/package\/lifting-facial-medio\/","url":"https:\/\/bestmedicalpackages.com\/es\/package\/lifting-facial-medio\/","name":"Lifting facial medio Cirug\u00eda - Best Medical Packages (4.600&#36;)","isPartOf":{"@id":"https:\/\/bestmedicalpackages.com\/es\/#website"},"primaryImageOfPage":{"@id":"https:\/\/bestmedicalpackages.com\/es\/package\/lifting-facial-medio\/#primaryimage"},"image":{"@id":"https:\/\/bestmedicalpackages.com\/es\/package\/lifting-facial-medio\/#primaryimage"},"thumbnailUrl":"https:\/\/bestmedical.b-cdn.net\/wp-content\/uploads\/2025\/08\/MidFaceLift.jpg","datePublished":"2025-08-13T12:14:37+00:00","dateModified":"2025-08-27T14:50:43+00:00","description":"Puede encontrar informaci\u00f3n sobre Lifting facial medio - Best Medical Packages (4.600&#36;)","breadcrumb":{"@id":"https:\/\/bestmedicalpackages.com\/es\/package\/lifting-facial-medio\/#breadcrumb"},"inLanguage":"es","potentialAction":[{"@type":"ReadAction","target":["https:\/\/bestmedicalpackages.com\/es\/package\/lifting-facial-medio\/"]}]},{"@type":"ImageObject","inLanguage":"es","@id":"https:\/\/bestmedicalpackages.com\/es\/package\/lifting-facial-medio\/#primaryimage","url":"https:\/\/bestmedical.b-cdn.net\/wp-content\/uploads\/2025\/08\/MidFaceLift.jpg","contentUrl":"https:\/\/bestmedical.b-cdn.net\/wp-content\/uploads\/2025\/08\/MidFaceLift.jpg","width":990,"height":990,"caption":"MidFaceLift"},{"@type":"BreadcrumbList","@id":"https:\/\/bestmedicalpackages.com\/es\/package\/lifting-facial-medio\/#breadcrumb","itemListElement":[{"@type":"ListItem","position":1,"name":"Home of Best Medical Packages","item":"https:\/\/bestmedicalpackages.com\/es\/paquetes-medicos-todo-incluido\/"},{"@type":"ListItem","position":2,"name":"Procedures","item":"https:\/\/bestmedicalpackages.com\/procedures\/"},{"@type":"ListItem","position":3,"name":"Lifting facial medio"}]},{"@type":"WebSite","@id":"https:\/\/bestmedicalpackages.com\/es\/#website","url":"https:\/\/bestmedicalpackages.com\/es\/","name":"Best Medical Packages","description":"Best medical packages for male and female patients.","publisher":{"@id":"https:\/\/bestmedicalpackages.com\/es\/#organization"},"potentialAction":[{"@type":"SearchAction","target":{"@type":"EntryPoint","urlTemplate":"https:\/\/bestmedicalpackages.com\/es\/?s={search_term_string}"},"query-input":{"@type":"PropertyValueSpecification","valueRequired":true,"valueName":"search_term_string"}}],"inLanguage":"es"},{"@type":"Organization","@id":"https:\/\/bestmedicalpackages.com\/es\/#organization","name":"Best Medical Packages","url":"https:\/\/bestmedicalpackages.com\/es\/","logo":{"@type":"ImageObject","inLanguage":"es","@id":"https:\/\/bestmedicalpackages.com\/es\/#\/schema\/logo\/image\/","url":"https:\/\/bestmedicalpackages.com\/wp-content\/uploads\/2023\/02\/logo.png","contentUrl":"https:\/\/bestmedicalpackages.com\/wp-content\/uploads\/2023\/02\/logo.png","width":308,"height":106,"caption":"Best Medical Packages"},"image":{"@id":"https:\/\/bestmedicalpackages.com\/es\/#\/schema\/logo\/image\/"},"sameAs":["https:\/\/www.instagram.com\/medicalpackages\/"]}]},"product_price_amount":"4600","product_price_currency":"USD","og_availability":"instock","product_availability":"instock","product_condition":"new"},"_links":{"self":[{"href":"https:\/\/bestmedicalpackages.com\/es\/wp-json\/wp\/v2\/product\/6992","targetHints":{"allow":["GET"]}}],"collection":[{"href":"https:\/\/bestmedicalpackages.com\/es\/wp-json\/wp\/v2\/product"}],"about":[{"href":"https:\/\/bestmedicalpackages.com\/es\/wp-json\/wp\/v2\/types\/product"}],"replies":[{"embeddable":true,"href":"https:\/\/bestmedicalpackages.com\/es\/wp-json\/wp\/v2\/comments?post=6992"}],"wp:featuredmedia":[{"embeddable":true,"href":"https:\/\/bestmedicalpackages.com\/es\/wp-json\/wp\/v2\/media\/7328"}],"wp:attachment":[{"href":"https:\/\/bestmedicalpackages.com\/es\/wp-json\/wp\/v2\/media?parent=6992"}],"wp:term":[{"taxonomy":"product_brand","embeddable":true,"href":"https:\/\/bestmedicalpackages.com\/es\/wp-json\/wp\/v2\/product_brand?post=6992"},{"taxonomy":"product_cat","embeddable":true,"href":"https:\/\/bestmedicalpackages.com\/es\/wp-json\/wp\/v2\/product_cat?post=6992"},{"taxonomy":"product_tag","embeddable":true,"href":"https:\/\/bestmedicalpackages.com\/es\/wp-json\/wp\/v2\/product_tag?post=6992"}],"curies":[{"name":"wp","href":"https:\/\/api.w.org\/{rel}","templated":true}]}}