{"id":7023,"date":"2025-08-21T23:22:02","date_gmt":"2025-08-21T20:22:02","guid":{"rendered":"https:\/\/new.bestmedicalpackages.com\/package\/lipo-vaser-de-cintura-completa\/"},"modified":"2025-08-26T17:18:08","modified_gmt":"2025-08-26T14:18:08","slug":"lipo-vaser-de-cintura-completa","status":"publish","type":"product","link":"https:\/\/bestmedicalpackages.com\/es\/package\/lipo-vaser-de-cintura-completa\/","title":{"rendered":"Lipo Vaser de cintura completa"},"content":{"rendered":"<p><strong>La liposucci\u00f3n<\/strong> es un popular procedimiento est\u00e9tico dise\u00f1ado para eliminar los dep\u00f3sitos de grasa rebelde que se resisten a la dieta y el ejercicio, ayudando a esculpir y contornear zonas como el abdomen, los muslos, las caderas, los brazos o la barbilla. Mediante un tubo fino llamado c\u00e1nula, el cirujano succiona suavemente el exceso de grasa, creando contornos corporales m\u00e1s suaves y proporcionados. El procedimiento no es una soluci\u00f3n para adelgazar, sino una herramienta de refinamiento para pacientes pr\u00f3ximos a su peso ideal con buena elasticidad cut\u00e1nea. T\u00e9cnicas como la <strong>liposucci\u00f3n tumescente, asistida por l\u00e1ser o por ultrasonidos<\/strong> pueden adaptarse a tus necesidades para obtener resultados \u00f3ptimos. La recuperaci\u00f3n suele implicar <strong>unos d\u00edas de reposo<\/strong>, con prendas de compresi\u00f3n durante varias semanas para reducir la hinchaz\u00f3n y favorecer la cicatrizaci\u00f3n. La mayor\u00eda de los pacientes vuelven a realizar actividades ligeras al cabo de una semana, aunque los resultados completos aparecen al cabo de <strong>2 \u00f3 3 meses<\/strong>, a medida que disminuye la hinchaz\u00f3n. Los candidatos ideales son no fumadores sanos con expectativas realistas. La elecci\u00f3n de un <strong>cirujano pl\u00e1stico colegiado<\/strong> garantiza la seguridad y precisi\u00f3n de un resultado de aspecto natural.<\/p>\n","protected":false},"excerpt":{"rendered":"<ul>\n<li>Cirujano colegiado certificado<\/li>\n<li>Consulta preoperatoria en l\u00ednea<\/li>\n<li>Consulta f\u00edsica<\/li>\n<li>Hemograma completa<\/li>\n<li>Anestesia general<\/li>\n<li>Medicamentos<\/li>\n<li>Controles postoperatorios, Kit m\u00e9dico postoperatorio<\/li>\n<li>Atenci\u00f3n personalizada al paciente<\/li>\n<li>(ingl\u00e9s, franc\u00e9s, espa\u00f1ol, italiano)<\/li>\n<li>Asistencia en l\u00ednea 24\/7<\/li>\n<\/ul>\n","protected":false},"featured_media":7313,"comment_status":"open","ping_status":"closed","template":"","meta":[],"product_brand":[],"product_cat":[993],"product_tag":[859,721,771,768],"class_list":{"0":"post-7023","1":"product","2":"type-product","3":"status-publish","4":"has-post-thumbnail","6":"product_cat-cirugia-plastica","7":"product_tag-cuerpo","8":"product_tag-estambul-es","9":"product_tag-lipo-es","10":"product_tag-liposuccion-vaser-es","12":"first","13":"instock","14":"featured","15":"shipping-taxable","16":"product-type-simple"},"yoast_head":"<!-- This site is optimized with the Yoast SEO Premium plugin v22.1 (Yoast SEO v27.2) - https:\/\/yoast.com\/product\/yoast-seo-premium-wordpress\/ -->\n<title>Lipo Vaser de cintura completa Cirug\u00eda - Best Medical Packages (5.000&#036;)<\/title>\n<meta name=\"description\" content=\"Puede encontrar informaci\u00f3n sobre Lipo Vaser de cintura completa - Best Medical Packages (5.000&#036;)\" \/>\n<meta name=\"robots\" content=\"index, follow, max-snippet:-1, max-image-preview:large, max-video-preview:-1\" \/>\n<link rel=\"canonical\" href=\"https:\/\/bestmedicalpackages.com\/es\/package\/lipo-vaser-de-cintura-completa\/\" \/>\n<meta property=\"og:locale\" content=\"es_ES\" \/>\n<meta property=\"og:type\" content=\"article\" \/>\n<meta property=\"og:title\" content=\"Lipo Vaser de cintura completa\" \/>\n<meta property=\"og:description\" content=\"Puede encontrar informaci\u00f3n sobre Lipo Vaser de cintura completa - Best Medical Packages (5.000&#036;)\" \/>\n<meta property=\"og:url\" content=\"https:\/\/bestmedicalpackages.com\/es\/package\/lipo-vaser-de-cintura-completa\/\" \/>\n<meta property=\"og:site_name\" content=\"Best Medical Packages\" \/>\n<meta property=\"article:modified_time\" content=\"2025-08-26T14:18:08+00:00\" \/>\n<meta property=\"og:image\" content=\"https:\/\/bestmedicalpackages.com\/wp-content\/uploads\/2025\/08\/FullwaistVaserLipo.jpg\" \/>\n\t<meta property=\"og:image:width\" content=\"800\" \/>\n\t<meta property=\"og:image:height\" content=\"800\" \/>\n\t<meta property=\"og:image:type\" content=\"image\/jpeg\" \/>\n<meta name=\"twitter:card\" content=\"summary_large_image\" \/>\n<meta name=\"twitter:label1\" content=\"Precio\" \/>\n\t<meta name=\"twitter:data1\" content=\"5.000&#036;\" \/>\n\t<meta name=\"twitter:label2\" content=\"Disponibilidad\" \/>\n\t<meta name=\"twitter:data2\" content=\"Disponible\" \/>\n<script type=\"application\/ld+json\" class=\"yoast-schema-graph\">{\"@context\":\"https:\/\/schema.org\",\"@graph\":[{\"@type\":\"WebPage\",\"@id\":\"https:\/\/bestmedicalpackages.com\/es\/package\/lipo-vaser-de-cintura-completa\/\",\"url\":\"https:\/\/bestmedicalpackages.com\/es\/package\/lipo-vaser-de-cintura-completa\/\",\"name\":\"Lipo Vaser de cintura completa Cirug\u00eda - Best Medical Packages (5.000&#36;)\",\"isPartOf\":{\"@id\":\"https:\/\/bestmedicalpackages.com\/es\/#website\"},\"primaryImageOfPage\":{\"@id\":\"https:\/\/bestmedicalpackages.com\/es\/package\/lipo-vaser-de-cintura-completa\/#primaryimage\"},\"image\":{\"@id\":\"https:\/\/bestmedicalpackages.com\/es\/package\/lipo-vaser-de-cintura-completa\/#primaryimage\"},\"thumbnailUrl\":\"https:\/\/bestmedical.b-cdn.net\/wp-content\/uploads\/2025\/08\/FullwaistVaserLipo.jpg\",\"datePublished\":\"2025-08-21T20:22:02+00:00\",\"dateModified\":\"2025-08-26T14:18:08+00:00\",\"description\":\"Puede encontrar informaci\u00f3n sobre Lipo Vaser de cintura completa - Best Medical Packages (5.000&#36;)\",\"breadcrumb\":{\"@id\":\"https:\/\/bestmedicalpackages.com\/es\/package\/lipo-vaser-de-cintura-completa\/#breadcrumb\"},\"inLanguage\":\"es\",\"potentialAction\":[{\"@type\":\"ReadAction\",\"target\":[\"https:\/\/bestmedicalpackages.com\/es\/package\/lipo-vaser-de-cintura-completa\/\"]}]},{\"@type\":\"ImageObject\",\"inLanguage\":\"es\",\"@id\":\"https:\/\/bestmedicalpackages.com\/es\/package\/lipo-vaser-de-cintura-completa\/#primaryimage\",\"url\":\"https:\/\/bestmedical.b-cdn.net\/wp-content\/uploads\/2025\/08\/FullwaistVaserLipo.jpg\",\"contentUrl\":\"https:\/\/bestmedical.b-cdn.net\/wp-content\/uploads\/2025\/08\/FullwaistVaserLipo.jpg\",\"width\":800,\"height\":800,\"caption\":\"FullwaistVaserLipo\"},{\"@type\":\"BreadcrumbList\",\"@id\":\"https:\/\/bestmedicalpackages.com\/es\/package\/lipo-vaser-de-cintura-completa\/#breadcrumb\",\"itemListElement\":[{\"@type\":\"ListItem\",\"position\":1,\"name\":\"Home of Best Medical Packages\",\"item\":\"https:\/\/bestmedicalpackages.com\/es\/paquetes-medicos-todo-incluido\/\"},{\"@type\":\"ListItem\",\"position\":2,\"name\":\"Procedures\",\"item\":\"https:\/\/bestmedicalpackages.com\/procedures\/\"},{\"@type\":\"ListItem\",\"position\":3,\"name\":\"Lipo Vaser de cintura completa\"}]},{\"@type\":\"WebSite\",\"@id\":\"https:\/\/bestmedicalpackages.com\/es\/#website\",\"url\":\"https:\/\/bestmedicalpackages.com\/es\/\",\"name\":\"Best Medical Packages\",\"description\":\"Best medical packages for male and female patients.\",\"publisher\":{\"@id\":\"https:\/\/bestmedicalpackages.com\/es\/#organization\"},\"potentialAction\":[{\"@type\":\"SearchAction\",\"target\":{\"@type\":\"EntryPoint\",\"urlTemplate\":\"https:\/\/bestmedicalpackages.com\/es\/?s={search_term_string}\"},\"query-input\":{\"@type\":\"PropertyValueSpecification\",\"valueRequired\":true,\"valueName\":\"search_term_string\"}}],\"inLanguage\":\"es\"},{\"@type\":\"Organization\",\"@id\":\"https:\/\/bestmedicalpackages.com\/es\/#organization\",\"name\":\"Best Medical Packages\",\"url\":\"https:\/\/bestmedicalpackages.com\/es\/\",\"logo\":{\"@type\":\"ImageObject\",\"inLanguage\":\"es\",\"@id\":\"https:\/\/bestmedicalpackages.com\/es\/#\/schema\/logo\/image\/\",\"url\":\"https:\/\/bestmedicalpackages.com\/wp-content\/uploads\/2023\/02\/logo.png\",\"contentUrl\":\"https:\/\/bestmedicalpackages.com\/wp-content\/uploads\/2023\/02\/logo.png\",\"width\":308,\"height\":106,\"caption\":\"Best Medical Packages\"},\"image\":{\"@id\":\"https:\/\/bestmedicalpackages.com\/es\/#\/schema\/logo\/image\/\"},\"sameAs\":[\"https:\/\/www.instagram.com\/medicalpackages\/\"]}]}<\/script>\n<meta property=\"product:price:amount\" content=\"5000\" \/>\n<meta property=\"product:price:currency\" content=\"USD\" \/>\n<meta property=\"og:availability\" content=\"instock\" \/>\n<meta property=\"product:availability\" content=\"instock\" \/>\n<meta property=\"product:condition\" content=\"new\" \/>\n<!-- \/ Yoast SEO Premium plugin. -->","yoast_head_json":{"title":"Lipo Vaser de cintura completa Cirug\u00eda - Best Medical Packages (5.000&#36;)","description":"Puede encontrar informaci\u00f3n sobre Lipo Vaser de cintura completa - Best Medical Packages (5.000&#36;)","robots":{"index":"index","follow":"follow","max-snippet":"max-snippet:-1","max-image-preview":"max-image-preview:large","max-video-preview":"max-video-preview:-1"},"canonical":"https:\/\/bestmedicalpackages.com\/es\/package\/lipo-vaser-de-cintura-completa\/","og_locale":"es_ES","og_type":"article","og_title":"Lipo Vaser de cintura completa","og_description":"Puede encontrar informaci\u00f3n sobre Lipo Vaser de cintura completa - Best Medical Packages (5.000&#36;)","og_url":"https:\/\/bestmedicalpackages.com\/es\/package\/lipo-vaser-de-cintura-completa\/","og_site_name":"Best Medical Packages","article_modified_time":"2025-08-26T14:18:08+00:00","og_image":[{"width":800,"height":800,"url":"https:\/\/bestmedicalpackages.com\/wp-content\/uploads\/2025\/08\/FullwaistVaserLipo.jpg","type":"image\/jpeg"}],"twitter_card":"summary_large_image","twitter_misc":{"Precio":"5.000&#36;","Disponibilidad":"Disponible"},"schema":{"@context":"https:\/\/schema.org","@graph":[{"@type":"WebPage","@id":"https:\/\/bestmedicalpackages.com\/es\/package\/lipo-vaser-de-cintura-completa\/","url":"https:\/\/bestmedicalpackages.com\/es\/package\/lipo-vaser-de-cintura-completa\/","name":"Lipo Vaser de cintura completa Cirug\u00eda - Best Medical Packages (5.000&#36;)","isPartOf":{"@id":"https:\/\/bestmedicalpackages.com\/es\/#website"},"primaryImageOfPage":{"@id":"https:\/\/bestmedicalpackages.com\/es\/package\/lipo-vaser-de-cintura-completa\/#primaryimage"},"image":{"@id":"https:\/\/bestmedicalpackages.com\/es\/package\/lipo-vaser-de-cintura-completa\/#primaryimage"},"thumbnailUrl":"https:\/\/bestmedical.b-cdn.net\/wp-content\/uploads\/2025\/08\/FullwaistVaserLipo.jpg","datePublished":"2025-08-21T20:22:02+00:00","dateModified":"2025-08-26T14:18:08+00:00","description":"Puede encontrar informaci\u00f3n sobre Lipo Vaser de cintura completa - Best Medical Packages (5.000&#36;)","breadcrumb":{"@id":"https:\/\/bestmedicalpackages.com\/es\/package\/lipo-vaser-de-cintura-completa\/#breadcrumb"},"inLanguage":"es","potentialAction":[{"@type":"ReadAction","target":["https:\/\/bestmedicalpackages.com\/es\/package\/lipo-vaser-de-cintura-completa\/"]}]},{"@type":"ImageObject","inLanguage":"es","@id":"https:\/\/bestmedicalpackages.com\/es\/package\/lipo-vaser-de-cintura-completa\/#primaryimage","url":"https:\/\/bestmedical.b-cdn.net\/wp-content\/uploads\/2025\/08\/FullwaistVaserLipo.jpg","contentUrl":"https:\/\/bestmedical.b-cdn.net\/wp-content\/uploads\/2025\/08\/FullwaistVaserLipo.jpg","width":800,"height":800,"caption":"FullwaistVaserLipo"},{"@type":"BreadcrumbList","@id":"https:\/\/bestmedicalpackages.com\/es\/package\/lipo-vaser-de-cintura-completa\/#breadcrumb","itemListElement":[{"@type":"ListItem","position":1,"name":"Home of Best Medical Packages","item":"https:\/\/bestmedicalpackages.com\/es\/paquetes-medicos-todo-incluido\/"},{"@type":"ListItem","position":2,"name":"Procedures","item":"https:\/\/bestmedicalpackages.com\/procedures\/"},{"@type":"ListItem","position":3,"name":"Lipo Vaser de cintura completa"}]},{"@type":"WebSite","@id":"https:\/\/bestmedicalpackages.com\/es\/#website","url":"https:\/\/bestmedicalpackages.com\/es\/","name":"Best Medical Packages","description":"Best medical packages for male and female patients.","publisher":{"@id":"https:\/\/bestmedicalpackages.com\/es\/#organization"},"potentialAction":[{"@type":"SearchAction","target":{"@type":"EntryPoint","urlTemplate":"https:\/\/bestmedicalpackages.com\/es\/?s={search_term_string}"},"query-input":{"@type":"PropertyValueSpecification","valueRequired":true,"valueName":"search_term_string"}}],"inLanguage":"es"},{"@type":"Organization","@id":"https:\/\/bestmedicalpackages.com\/es\/#organization","name":"Best Medical Packages","url":"https:\/\/bestmedicalpackages.com\/es\/","logo":{"@type":"ImageObject","inLanguage":"es","@id":"https:\/\/bestmedicalpackages.com\/es\/#\/schema\/logo\/image\/","url":"https:\/\/bestmedicalpackages.com\/wp-content\/uploads\/2023\/02\/logo.png","contentUrl":"https:\/\/bestmedicalpackages.com\/wp-content\/uploads\/2023\/02\/logo.png","width":308,"height":106,"caption":"Best Medical Packages"},"image":{"@id":"https:\/\/bestmedicalpackages.com\/es\/#\/schema\/logo\/image\/"},"sameAs":["https:\/\/www.instagram.com\/medicalpackages\/"]}]},"product_price_amount":"5000","product_price_currency":"USD","og_availability":"instock","product_availability":"instock","product_condition":"new"},"_links":{"self":[{"href":"https:\/\/bestmedicalpackages.com\/es\/wp-json\/wp\/v2\/product\/7023","targetHints":{"allow":["GET"]}}],"collection":[{"href":"https:\/\/bestmedicalpackages.com\/es\/wp-json\/wp\/v2\/product"}],"about":[{"href":"https:\/\/bestmedicalpackages.com\/es\/wp-json\/wp\/v2\/types\/product"}],"replies":[{"embeddable":true,"href":"https:\/\/bestmedicalpackages.com\/es\/wp-json\/wp\/v2\/comments?post=7023"}],"wp:featuredmedia":[{"embeddable":true,"href":"https:\/\/bestmedicalpackages.com\/es\/wp-json\/wp\/v2\/media\/7313"}],"wp:attachment":[{"href":"https:\/\/bestmedicalpackages.com\/es\/wp-json\/wp\/v2\/media?parent=7023"}],"wp:term":[{"taxonomy":"product_brand","embeddable":true,"href":"https:\/\/bestmedicalpackages.com\/es\/wp-json\/wp\/v2\/product_brand?post=7023"},{"taxonomy":"product_cat","embeddable":true,"href":"https:\/\/bestmedicalpackages.com\/es\/wp-json\/wp\/v2\/product_cat?post=7023"},{"taxonomy":"product_tag","embeddable":true,"href":"https:\/\/bestmedicalpackages.com\/es\/wp-json\/wp\/v2\/product_tag?post=7023"}],"curies":[{"name":"wp","href":"https:\/\/api.w.org\/{rel}","templated":true}]}}