{"id":1720,"date":"2023-02-16T14:43:03","date_gmt":"2023-02-16T11:43:03","guid":{"rendered":"https:\/\/bestmedicalpackages.com\/hopital-acibadem-fulya\/"},"modified":"2023-02-27T12:29:18","modified_gmt":"2023-02-27T12:29:18","slug":"hopital-acibadem-fulya","status":"publish","type":"page","link":"https:\/\/bestmedicalpackages.com\/fr\/hopital-acibadem-fulya\/","title":{"rendered":"H\u00f4pital Ac\u0131badem Fulya"},"content":{"rendered":"\n\n  <div class=\"banner has-hover\" id=\"banner-71757623\">\n          <div class=\"banner-inner fill\">\n        <div class=\"banner-bg fill\" >\n            <img loading=\"lazy\" decoding=\"async\" width=\"1020\" height=\"638\" src=\"https:\/\/bestmedical.b-cdn.net\/wp-content\/uploads\/2023\/02\/fulya-acibadem-1280x800.jpeg\" class=\"bg attachment-large size-large\" alt=\"fulya acibadem\" \/>                        <div class=\"overlay\"><\/div>            \n                    <\/div>\n\t\t\n        <div class=\"banner-layers container\">\n            <div class=\"fill banner-link\"><\/div>            \n\n   <div id=\"text-box-1123312287\" class=\"text-box banner-layer x50 md-x5 lg-x5 y50 md-y50 lg-y50 res-text\">\n                                <div class=\"text-box-content text dark\">\n              \n              <div class=\"text-inner text-center\">\n                  \n\n\t<div id=\"text-1606085459\" class=\"text\">\n\t\t\n\n<h3 class=\"uppercase\">L&rsquo;h\u00f4pital d&rsquo;Ac\u0131badem fulya<\/h3>\n<p>Ac\u0131badem Health Group a \u00e9t\u00e9 fond\u00e9 en tant qu&rsquo;h\u00f4pital de district en 1991 et s&rsquo;est d\u00e9velopp\u00e9 pour cr\u00e9er avec succ\u00e8s un \u00e9cho-syst\u00e8me dans les soins de sant\u00e9. Ac\u0131badem Health Group fournit des services de soins de sant\u00e9 dans 23 h\u00f4pitaux et 14 centres m\u00e9dicaux dans 5 pays et adopte une approche de service \u00ab\u00a0\u00e0 360 degr\u00e9s\u00a0\u00bb dans tous les aspects des soins de sant\u00e9 par le biais de soci\u00e9t\u00e9s affili\u00e9es pour les services de soutien et l&rsquo;Universit\u00e9 Ac\u0131badem.<\/p>\n\t\t\n<style>\n#text-1606085459 {\n  font-size: 1rem;\n}\n<\/style>\n\t<\/div>\n\t\n\n              <\/div>\n           <\/div>\n                            \n<style>\n#text-box-1123312287 .text-box-content {\n  background-color: rgba(0, 0, 0, 0.576);\n  font-size: 100%;\n}\n#text-box-1123312287 .text-inner {\n  padding: 20px 20px 20px 20px;\n}\n#text-box-1123312287 {\n  width: 92%;\n}\n@media (min-width:550px) {\n  #text-box-1123312287 {\n    width: 40%;\n  }\n}\n<\/style>\n    <\/div>\n \n\n        <\/div>\n      <\/div>\n\n            \n<style>\n#banner-71757623 {\n  padding-top: 500px;\n}\n#banner-71757623 .overlay {\n  background-color: rgba(0, 0, 0, 0.31);\n}\n<\/style>\n  <\/div>\n\n\n<div class=\"row\"  id=\"row-1432350608\">\n\n\n\t<div id=\"col-361138674\" class=\"col medium-8 small-12 large-8\"  >\n\t\t\t\t<div class=\"col-inner\"  >\n\t\t\t\n\t\t\t\n\n<div>L&rsquo;h\u00f4pital Ac\u0131badem Fulya accueille des patients dans tous les d\u00e9partements de m\u00e9decine depuis 2010 \u00e0 Be\u015fikta\u015f, qui est l&rsquo;un des quartiers les plus peupl\u00e9s d&rsquo;Istanbul.<\/div>\n<div> <\/div>\n<h3>7 salles d&rsquo;op\u00e9ration et 16 unit\u00e9s de soins intensifs  <\/h3>\n<div>L&rsquo;h\u00f4pital Ac\u0131badem Fulya comprend 124 unit\u00e9s de traitement pour patients hospitalis\u00e9s, 7 salles d&rsquo;op\u00e9ration et 16 unit\u00e9s de soins intensifs sur une superficie de 22 000 m2. L&rsquo;h\u00f4pital fait des efforts raisonnables pour assurer la confidentialit\u00e9 des patients et des membres de leur famille lors des rencontres avec les m\u00e9decins.  <\/div>\n<div> <\/div>\n<div>\n<h3>Avertissements<\/h3>\n<p><strong>Fleurs : <\/strong>Aucune fleur n&rsquo;est autoris\u00e9e dans les chambres et les \u00e9tages des patients afin d&rsquo;\u00e9viter tout risque d&rsquo;infection. Les fleurs sont d&rsquo;abord accept\u00e9es par notre personnel et elles vous sont remises \u00e0 la sortie.  <br><strong>Heures de visite : <\/strong>Les heures de visite sont de 10h00 \u00e0 22h00 tous les jours. Veuillez ne pas accepter les enfants de moins de 6 ans compte tenu des risques potentiels pour la sant\u00e9.  <br><strong>Accompagnement : <\/strong>Les patients ne peuvent avoir qu&rsquo;un seul accompagnateur. Les visiteurs qui se trouvent dans les chambres des patients apr\u00e8s 22 heures sont accept\u00e9s comme accompagnateurs.  <br><strong>Fumer : <\/strong>Il est interdit de fumer dans les zones int\u00e9rieures de notre h\u00f4pital.<\/p>\n<\/div>\n<div> <\/div>\n<div> <\/div>\n<a href=\"https:\/\/www.acibadem.com.tr\/en\/\" target=\"_blank\" class=\"button primary\" rel=\"noopener\" >\n\t\t<span>Cliquez pour ac\u0131badem webs\u0131te<\/span>\n\t<i class=\"icon-angle-right\" aria-hidden=\"true\"><\/i><\/a>\n\n\n\n\t\t<\/div>\n\t\t\t\t\t<\/div>\n\n\t\n\n\t<div id=\"col-814521802\" class=\"col medium-4 small-12 large-4\"  >\n\t\t\t\t<div class=\"col-inner\"  >\n\t\t\t\n\t\t\t\n\n\t<div class=\"img has-hover x md-x lg-x y md-y lg-y\" id=\"image_1742517331\">\n\t\t\t\t\t\t\t\t<div class=\"img-inner dark\" >\n\t\t\t<img loading=\"lazy\" decoding=\"async\" width=\"1020\" height=\"638\" src=\"https:\/\/bestmedical.b-cdn.net\/wp-content\/uploads\/2023\/02\/acibadem-fulya-hastanesi-180220191058510489757.png\" class=\"attachment-large size-large\" alt=\"acibadem fulya hastanesi 180220191058510489757\" srcset=\"https:\/\/bestmedical.b-cdn.net\/wp-content\/uploads\/2023\/02\/acibadem-fulya-hastanesi-180220191058510489757.png 1096w, https:\/\/bestmedical.b-cdn.net\/wp-content\/uploads\/2023\/02\/acibadem-fulya-hastanesi-180220191058510489757-1027x642.png 1027w, https:\/\/bestmedical.b-cdn.net\/wp-content\/uploads\/2023\/02\/acibadem-fulya-hastanesi-180220191058510489757-640x400.png 640w, https:\/\/bestmedical.b-cdn.net\/wp-content\/uploads\/2023\/02\/acibadem-fulya-hastanesi-180220191058510489757-768x480.png 768w\" sizes=\"auto, (max-width: 1020px) 100vw, 1020px\" \/>\t\t\t\t\t\t\n\t\t\t\t\t<\/div>\n\t\t\t\t\t\t\t\t\n<style>\n#image_1742517331 {\n  width: 100%;\n}\n<\/style>\n\t<\/div>\n\t\n\n\t<div class=\"img has-hover x md-x lg-x y md-y lg-y\" id=\"image_772031708\">\n\t\t\t\t\t\t\t\t<div class=\"img-inner dark\" >\n\t\t\t<img loading=\"lazy\" decoding=\"async\" width=\"1020\" height=\"638\" src=\"https:\/\/bestmedical.b-cdn.net\/wp-content\/uploads\/2023\/02\/acibadem-fulya-hastanesi-180220191058578830228.png\" class=\"attachment-large size-large\" alt=\"acibadem fulya hastanesi 180220191058578830228\" srcset=\"https:\/\/bestmedical.b-cdn.net\/wp-content\/uploads\/2023\/02\/acibadem-fulya-hastanesi-180220191058578830228.png 1096w, https:\/\/bestmedical.b-cdn.net\/wp-content\/uploads\/2023\/02\/acibadem-fulya-hastanesi-180220191058578830228-1027x642.png 1027w, https:\/\/bestmedical.b-cdn.net\/wp-content\/uploads\/2023\/02\/acibadem-fulya-hastanesi-180220191058578830228-640x400.png 640w, https:\/\/bestmedical.b-cdn.net\/wp-content\/uploads\/2023\/02\/acibadem-fulya-hastanesi-180220191058578830228-768x480.png 768w\" sizes=\"auto, (max-width: 1020px) 100vw, 1020px\" \/>\t\t\t\t\t\t\n\t\t\t\t\t<\/div>\n\t\t\t\t\t\t\t\t\n<style>\n#image_772031708 {\n  width: 100%;\n}\n<\/style>\n\t<\/div>\n\t\n\n\t<div class=\"img has-hover x md-x lg-x y md-y lg-y\" id=\"image_2199269\">\n\t\t\t\t\t\t\t\t<div class=\"img-inner dark\" >\n\t\t\t<img loading=\"lazy\" decoding=\"async\" width=\"720\" height=\"510\" src=\"https:\/\/bestmedical.b-cdn.net\/wp-content\/uploads\/2023\/02\/acibadem-fulya-hastanesi-180220191114230893897.png\" class=\"attachment-large size-large\" alt=\"acibadem fulya hastanesi 180220191114230893897\" srcset=\"https:\/\/bestmedical.b-cdn.net\/wp-content\/uploads\/2023\/02\/acibadem-fulya-hastanesi-180220191114230893897.png 720w, https:\/\/bestmedical.b-cdn.net\/wp-content\/uploads\/2023\/02\/acibadem-fulya-hastanesi-180220191114230893897-600x425.png 600w, https:\/\/bestmedical.b-cdn.net\/wp-content\/uploads\/2023\/02\/acibadem-fulya-hastanesi-180220191114230893897-565x400.png 565w\" sizes=\"auto, (max-width: 720px) 100vw, 720px\" \/>\t\t\t\t\t\t\n\t\t\t\t\t<\/div>\n\t\t\t\t\t\t\t\t\n<style>\n#image_2199269 {\n  width: 100%;\n}\n<\/style>\n\t<\/div>\n\t\n\n\n\t\t<\/div>\n\t\t\t\t\t<\/div>\n\n\t\n\n<\/div>\n\n","protected":false},"excerpt":{"rendered":"","protected":false},"author":1,"featured_media":0,"parent":0,"menu_order":0,"comment_status":"closed","ping_status":"closed","template":"","meta":{"footnotes":""},"class_list":["post-1720","page","type-page","status-publish","hentry"],"yoast_head":"<!-- This site is optimized with the Yoast SEO Premium plugin v22.1 (Yoast SEO v27.2) - https:\/\/yoast.com\/product\/yoast-seo-premium-wordpress\/ -->\n<title>H\u00f4pital Ac\u0131badem Fulya - Best Medical Packages<\/title>\n<meta name=\"robots\" content=\"index, follow, max-snippet:-1, max-image-preview:large, max-video-preview:-1\" \/>\n<link rel=\"canonical\" href=\"https:\/\/bestmedicalpackages.com\/fr\/hopital-acibadem-fulya\/\" \/>\n<meta property=\"og:locale\" content=\"fr_FR\" \/>\n<meta property=\"og:type\" content=\"article\" \/>\n<meta property=\"og:title\" content=\"H\u00f4pital Ac\u0131badem Fulya\" \/>\n<meta property=\"og:url\" content=\"https:\/\/bestmedicalpackages.com\/fr\/hopital-acibadem-fulya\/\" \/>\n<meta property=\"og:site_name\" content=\"Best Medical Packages\" \/>\n<meta property=\"article:modified_time\" content=\"2023-02-27T12:29:18+00:00\" \/>\n<meta property=\"og:image\" content=\"https:\/\/bestmedical.b-cdn.net\/wp-content\/uploads\/2023\/02\/slider-new-03-1.jpg\" \/>\n\t<meta property=\"og:image:width\" content=\"1600\" \/>\n\t<meta property=\"og:image:height\" content=\"991\" \/>\n\t<meta property=\"og:image:type\" content=\"image\/jpeg\" \/>\n<meta name=\"twitter:card\" content=\"summary_large_image\" \/>\n<meta name=\"twitter:label1\" content=\"Dur\u00e9e de lecture estim\u00e9e\" \/>\n\t<meta name=\"twitter:data1\" content=\"2 minutes\" \/>\n<script type=\"application\/ld+json\" class=\"yoast-schema-graph\">{\"@context\":\"https:\/\/schema.org\",\"@graph\":[{\"@type\":\"WebPage\",\"@id\":\"https:\/\/bestmedicalpackages.com\/fr\/hopital-acibadem-fulya\/\",\"url\":\"https:\/\/bestmedicalpackages.com\/fr\/hopital-acibadem-fulya\/\",\"name\":\"H\u00f4pital Ac\u0131badem Fulya - Best Medical Packages\",\"isPartOf\":{\"@id\":\"https:\/\/bestmedicalpackages.com\/fr\/#website\"},\"datePublished\":\"2023-02-16T11:43:03+00:00\",\"dateModified\":\"2023-02-27T12:29:18+00:00\",\"breadcrumb\":{\"@id\":\"https:\/\/bestmedicalpackages.com\/fr\/hopital-acibadem-fulya\/#breadcrumb\"},\"inLanguage\":\"fr-FR\",\"potentialAction\":[{\"@type\":\"ReadAction\",\"target\":[\"https:\/\/bestmedicalpackages.com\/fr\/hopital-acibadem-fulya\/\"]}]},{\"@type\":\"BreadcrumbList\",\"@id\":\"https:\/\/bestmedicalpackages.com\/fr\/hopital-acibadem-fulya\/#breadcrumb\",\"itemListElement\":[{\"@type\":\"ListItem\",\"position\":1,\"name\":\"Home of Best Medical Packages\",\"item\":\"https:\/\/bestmedicalpackages.com\/fr\/accueil\/\"},{\"@type\":\"ListItem\",\"position\":2,\"name\":\"H\u00f4pital Ac\u0131badem Fulya\"}]},{\"@type\":\"WebSite\",\"@id\":\"https:\/\/bestmedicalpackages.com\/fr\/#website\",\"url\":\"https:\/\/bestmedicalpackages.com\/fr\/\",\"name\":\"Best Medical Packages\",\"description\":\"Best medical packages for male and female patients.\",\"publisher\":{\"@id\":\"https:\/\/bestmedicalpackages.com\/fr\/#organization\"},\"potentialAction\":[{\"@type\":\"SearchAction\",\"target\":{\"@type\":\"EntryPoint\",\"urlTemplate\":\"https:\/\/bestmedicalpackages.com\/fr\/?s={search_term_string}\"},\"query-input\":{\"@type\":\"PropertyValueSpecification\",\"valueRequired\":true,\"valueName\":\"search_term_string\"}}],\"inLanguage\":\"fr-FR\"},{\"@type\":\"Organization\",\"@id\":\"https:\/\/bestmedicalpackages.com\/fr\/#organization\",\"name\":\"Best Medical Packages\",\"url\":\"https:\/\/bestmedicalpackages.com\/fr\/\",\"logo\":{\"@type\":\"ImageObject\",\"inLanguage\":\"fr-FR\",\"@id\":\"https:\/\/bestmedicalpackages.com\/fr\/#\/schema\/logo\/image\/\",\"url\":\"https:\/\/bestmedicalpackages.com\/wp-content\/uploads\/2023\/02\/logo.png\",\"contentUrl\":\"https:\/\/bestmedicalpackages.com\/wp-content\/uploads\/2023\/02\/logo.png\",\"width\":308,\"height\":106,\"caption\":\"Best Medical Packages\"},\"image\":{\"@id\":\"https:\/\/bestmedicalpackages.com\/fr\/#\/schema\/logo\/image\/\"},\"sameAs\":[\"https:\/\/www.instagram.com\/medicalpackages\/\"]}]}<\/script>\n<!-- \/ Yoast SEO Premium plugin. -->","yoast_head_json":{"title":"H\u00f4pital Ac\u0131badem Fulya - Best Medical Packages","robots":{"index":"index","follow":"follow","max-snippet":"max-snippet:-1","max-image-preview":"max-image-preview:large","max-video-preview":"max-video-preview:-1"},"canonical":"https:\/\/bestmedicalpackages.com\/fr\/hopital-acibadem-fulya\/","og_locale":"fr_FR","og_type":"article","og_title":"H\u00f4pital Ac\u0131badem Fulya","og_url":"https:\/\/bestmedicalpackages.com\/fr\/hopital-acibadem-fulya\/","og_site_name":"Best Medical Packages","article_modified_time":"2023-02-27T12:29:18+00:00","og_image":[{"width":1600,"height":991,"url":"https:\/\/bestmedical.b-cdn.net\/wp-content\/uploads\/2023\/02\/slider-new-03-1.jpg","type":"image\/jpeg"}],"twitter_card":"summary_large_image","twitter_misc":{"Dur\u00e9e de lecture estim\u00e9e":"2 minutes"},"schema":{"@context":"https:\/\/schema.org","@graph":[{"@type":"WebPage","@id":"https:\/\/bestmedicalpackages.com\/fr\/hopital-acibadem-fulya\/","url":"https:\/\/bestmedicalpackages.com\/fr\/hopital-acibadem-fulya\/","name":"H\u00f4pital Ac\u0131badem Fulya - Best Medical Packages","isPartOf":{"@id":"https:\/\/bestmedicalpackages.com\/fr\/#website"},"datePublished":"2023-02-16T11:43:03+00:00","dateModified":"2023-02-27T12:29:18+00:00","breadcrumb":{"@id":"https:\/\/bestmedicalpackages.com\/fr\/hopital-acibadem-fulya\/#breadcrumb"},"inLanguage":"fr-FR","potentialAction":[{"@type":"ReadAction","target":["https:\/\/bestmedicalpackages.com\/fr\/hopital-acibadem-fulya\/"]}]},{"@type":"BreadcrumbList","@id":"https:\/\/bestmedicalpackages.com\/fr\/hopital-acibadem-fulya\/#breadcrumb","itemListElement":[{"@type":"ListItem","position":1,"name":"Home of Best Medical Packages","item":"https:\/\/bestmedicalpackages.com\/fr\/accueil\/"},{"@type":"ListItem","position":2,"name":"H\u00f4pital Ac\u0131badem Fulya"}]},{"@type":"WebSite","@id":"https:\/\/bestmedicalpackages.com\/fr\/#website","url":"https:\/\/bestmedicalpackages.com\/fr\/","name":"Best Medical Packages","description":"Best medical packages for male and female patients.","publisher":{"@id":"https:\/\/bestmedicalpackages.com\/fr\/#organization"},"potentialAction":[{"@type":"SearchAction","target":{"@type":"EntryPoint","urlTemplate":"https:\/\/bestmedicalpackages.com\/fr\/?s={search_term_string}"},"query-input":{"@type":"PropertyValueSpecification","valueRequired":true,"valueName":"search_term_string"}}],"inLanguage":"fr-FR"},{"@type":"Organization","@id":"https:\/\/bestmedicalpackages.com\/fr\/#organization","name":"Best Medical Packages","url":"https:\/\/bestmedicalpackages.com\/fr\/","logo":{"@type":"ImageObject","inLanguage":"fr-FR","@id":"https:\/\/bestmedicalpackages.com\/fr\/#\/schema\/logo\/image\/","url":"https:\/\/bestmedicalpackages.com\/wp-content\/uploads\/2023\/02\/logo.png","contentUrl":"https:\/\/bestmedicalpackages.com\/wp-content\/uploads\/2023\/02\/logo.png","width":308,"height":106,"caption":"Best Medical Packages"},"image":{"@id":"https:\/\/bestmedicalpackages.com\/fr\/#\/schema\/logo\/image\/"},"sameAs":["https:\/\/www.instagram.com\/medicalpackages\/"]}]}},"_links":{"self":[{"href":"https:\/\/bestmedicalpackages.com\/fr\/wp-json\/wp\/v2\/pages\/1720","targetHints":{"allow":["GET"]}}],"collection":[{"href":"https:\/\/bestmedicalpackages.com\/fr\/wp-json\/wp\/v2\/pages"}],"about":[{"href":"https:\/\/bestmedicalpackages.com\/fr\/wp-json\/wp\/v2\/types\/page"}],"author":[{"embeddable":true,"href":"https:\/\/bestmedicalpackages.com\/fr\/wp-json\/wp\/v2\/users\/1"}],"replies":[{"embeddable":true,"href":"https:\/\/bestmedicalpackages.com\/fr\/wp-json\/wp\/v2\/comments?post=1720"}],"version-history":[{"count":0,"href":"https:\/\/bestmedicalpackages.com\/fr\/wp-json\/wp\/v2\/pages\/1720\/revisions"}],"wp:attachment":[{"href":"https:\/\/bestmedicalpackages.com\/fr\/wp-json\/wp\/v2\/media?parent=1720"}],"curies":[{"name":"wp","href":"https:\/\/api.w.org\/{rel}","templated":true}]}}