{"id":1736,"date":"2013-08-11T20:13:42","date_gmt":"2013-08-11T17:13:42","guid":{"rendered":"https:\/\/bestmedicalpackages.com\/faq\/"},"modified":"2025-12-08T11:02:02","modified_gmt":"2025-12-08T08:02:02","slug":"faq","status":"publish","type":"page","link":"https:\/\/bestmedicalpackages.com\/fr\/faq\/","title":{"rendered":"FAQ"},"content":{"rendered":"\n<div class=\"container section-title-container\" ><h1 class=\"section-title section-title-normal\"><b aria-hidden=\"true\"><\/b><span class=\"section-title-main\" >FAQ<\/span><b aria-hidden=\"true\"><\/b><\/h1><\/div>\n\n<div class=\"accordion\">\n\n\t<div id=\"accordion-4079453803\" class=\"accordion-item\">\n\t\t<a id=\"accordion-4079453803-label\" class=\"accordion-title plain\" href=\"#accordion-item-quels-sont-les-avantages-des-forfaits-de-tourisme-de-sant\u00e9-?\" aria-expanded=\"false\" aria-controls=\"accordion-4079453803-content\">\n\t\t\t<button class=\"toggle\" aria-label=\"Basculer\"><i class=\"icon-angle-down\" aria-hidden=\"true\"><\/i><\/button>\n\t\t\t<span>Quels sont les avantages des forfaits de tourisme de sant\u00e9 ?<\/span>\n\t\t<\/a>\n\t\t<div id=\"accordion-4079453803-content\" class=\"accordion-inner\" aria-labelledby=\"accordion-4079453803-label\">\n\t\t\t\n\n<p>Nos forfaits permettent de r\u00e9aliser des \u00e9conomies, d&rsquo;acc\u00e9der \u00e0 des traitements sp\u00e9cialis\u00e9s et de combiner soins m\u00e9dicaux et vacances. Ces forfaits peuvent \u00e9galement donner acc\u00e8s \u00e0 des traitements qui ne sont pas disponibles dans votre pays d&rsquo;origine.<\/p>\n\n\t\t<\/div>\n\t<\/div>\n\t\n\t<div id=\"accordion-2471593201\" class=\"accordion-item\">\n\t\t<a id=\"accordion-2471593201-label\" class=\"accordion-title plain\" href=\"#accordion-item-quels-types-de-traitements-sont-propos\u00e9s-dans-le-cadre-des-forfaits-de-tourisme-de-sant\u00e9-?\" aria-expanded=\"false\" aria-controls=\"accordion-2471593201-content\">\n\t\t\t<button class=\"toggle\" aria-label=\"Basculer\"><i class=\"icon-angle-down\" aria-hidden=\"true\"><\/i><\/button>\n\t\t\t<span>Quels types de traitements sont propos\u00e9s dans le cadre des forfaits de tourisme de sant\u00e9 ?<\/span>\n\t\t<\/a>\n\t\t<div id=\"accordion-2471593201-content\" class=\"accordion-inner\" aria-labelledby=\"accordion-2471593201-label\">\n\t\t\t\n\n<p>eNos forfaits peuvent inclure une vari\u00e9t\u00e9 de traitements, tels que la chirurgie esth\u00e9tique, les traitements dentaires.<\/p>\n\n\t\t<\/div>\n\t<\/div>\n\t\n\t<div id=\"accordion-1654737664\" class=\"accordion-item\">\n\t\t<a id=\"accordion-1654737664-label\" class=\"accordion-title plain\" href=\"#accordion-item-les-professionnels-m\u00e9dicaux-associ\u00e9s-aux-forfaits-de-tourisme-de-sant\u00e9-sont-ils-qualifi\u00e9s-?\" aria-expanded=\"false\" aria-controls=\"accordion-1654737664-content\">\n\t\t\t<button class=\"toggle\" aria-label=\"Basculer\"><i class=\"icon-angle-down\" aria-hidden=\"true\"><\/i><\/button>\n\t\t\t<span>Les professionnels m\u00e9dicaux associ\u00e9s aux forfaits de tourisme de sant\u00e9 sont-ils qualifi\u00e9s ?<\/span>\n\t\t<\/a>\n\t\t<div id=\"accordion-1654737664-content\" class=\"accordion-inner\" aria-labelledby=\"accordion-1654737664-label\">\n\t\t\t\n\n<p>Les professionnels m\u00e9dicaux associ\u00e9s \u00e0 nos forfaits sont g\u00e9n\u00e9ralement qualifi\u00e9s et exp\u00e9riment\u00e9s. Toutefois, il est important de se renseigner sur les qualifications de chaque prestataire avant de s&rsquo;engager dans une formule.<\/p>\n\n\t\t<\/div>\n\t<\/div>\n\t\n\t<div id=\"accordion-2910706371\" class=\"accordion-item\">\n\t\t<a id=\"accordion-2910706371-label\" class=\"accordion-title plain\" href=\"#accordion-item-quels-sont-les-risques-associ\u00e9s-aux-forfaits-de-tourisme-de-sant\u00e9-?\" aria-expanded=\"false\" aria-controls=\"accordion-2910706371-content\">\n\t\t\t<button class=\"toggle\" aria-label=\"Basculer\"><i class=\"icon-angle-down\" aria-hidden=\"true\"><\/i><\/button>\n\t\t\t<span>Quels sont les risques associ\u00e9s aux forfaits de tourisme de sant\u00e9 ?<\/span>\n\t\t<\/a>\n\t\t<div id=\"accordion-2910706371-content\" class=\"accordion-inner\" aria-labelledby=\"accordion-2910706371-label\">\n\t\t\t\n\n<p>Les forfaits de tourisme de sant\u00e9 comportent des risques tels que les barri\u00e8res linguistiques, le risque d&rsquo;infection et la qualit\u00e9 des soins. Pour garantir la meilleure exp\u00e9rience possible, faites des recherches sur le fournisseur et la destination avant de vous engager dans un forfait.<\/p>\n\n\t\t<\/div>\n\t<\/div>\n\t\n\n<\/div>\n\t<div id=\"text-1876969727\" class=\"text\">\n\t\t\n\n<p class=\"lead\">Si vous ne trouvez pas la r\u00e9ponse \u00e0 votre question ici, n&rsquo;h\u00e9sitez pas \u00e0 nous contacter.<\/p>\n\t\t\n<style>\n#text-1876969727 {\n  text-align: center;\n}\n<\/style>\n\t<\/div>\n\t\n<a data-animate=\"fadeInUp\" href=\"tel:00905380814373\" target=\"_blank\" class=\"button primary is-large\" rel=\"noopener\" style=\"border-radius:10px;\">\n\t<i class=\"icon-phone\" aria-hidden=\"true\"><\/i>\t<span>+90 538 081 43 73<\/span>\n\t<\/a>\n\n\n\n","protected":false},"excerpt":{"rendered":"","protected":false},"author":1,"featured_media":0,"parent":0,"menu_order":0,"comment_status":"closed","ping_status":"closed","template":"","meta":{"footnotes":""},"class_list":["post-1736","page","type-page","status-publish","hentry"],"yoast_head":"<!-- This site is optimized with the Yoast SEO Premium plugin v22.1 (Yoast SEO v27.2) - https:\/\/yoast.com\/product\/yoast-seo-premium-wordpress\/ -->\n<title>questions fr\u00e9quemment pos\u00e9es - Best Medical Packages<\/title>\n<meta name=\"robots\" content=\"index, follow, max-snippet:-1, max-image-preview:large, max-video-preview:-1\" \/>\n<link rel=\"canonical\" href=\"https:\/\/bestmedicalpackages.com\/fr\/faq\/\" \/>\n<meta property=\"og:locale\" content=\"fr_FR\" \/>\n<meta property=\"og:type\" content=\"article\" \/>\n<meta property=\"og:title\" content=\"FAQ\" \/>\n<meta property=\"og:url\" content=\"https:\/\/bestmedicalpackages.com\/fr\/faq\/\" \/>\n<meta property=\"og:site_name\" content=\"Best Medical Packages\" \/>\n<meta property=\"article:modified_time\" content=\"2025-12-08T08:02:02+00:00\" \/>\n<meta property=\"og:image\" content=\"https:\/\/bestmedical.b-cdn.net\/wp-content\/uploads\/2023\/02\/slider-new-03-1.jpg\" \/>\n\t<meta property=\"og:image:width\" content=\"1600\" \/>\n\t<meta property=\"og:image:height\" content=\"991\" \/>\n\t<meta property=\"og:image:type\" content=\"image\/jpeg\" \/>\n<meta name=\"twitter:card\" content=\"summary_large_image\" \/>\n<meta name=\"twitter:label1\" content=\"Dur\u00e9e de lecture estim\u00e9e\" \/>\n\t<meta name=\"twitter:data1\" content=\"1 minute\" \/>\n<script type=\"application\/ld+json\" class=\"yoast-schema-graph\">{\"@context\":\"https:\/\/schema.org\",\"@graph\":[{\"@type\":\"WebPage\",\"@id\":\"https:\/\/bestmedicalpackages.com\/fr\/faq\/\",\"url\":\"https:\/\/bestmedicalpackages.com\/fr\/faq\/\",\"name\":\"questions fr\u00e9quemment pos\u00e9es - Best Medical Packages\",\"isPartOf\":{\"@id\":\"https:\/\/bestmedicalpackages.com\/fr\/#website\"},\"datePublished\":\"2013-08-11T17:13:42+00:00\",\"dateModified\":\"2025-12-08T08:02:02+00:00\",\"breadcrumb\":{\"@id\":\"https:\/\/bestmedicalpackages.com\/fr\/faq\/#breadcrumb\"},\"inLanguage\":\"fr-FR\",\"potentialAction\":[{\"@type\":\"ReadAction\",\"target\":[\"https:\/\/bestmedicalpackages.com\/fr\/faq\/\"]}]},{\"@type\":\"BreadcrumbList\",\"@id\":\"https:\/\/bestmedicalpackages.com\/fr\/faq\/#breadcrumb\",\"itemListElement\":[{\"@type\":\"ListItem\",\"position\":1,\"name\":\"Home of Best Medical Packages\",\"item\":\"https:\/\/bestmedicalpackages.com\/fr\/accueil\/\"},{\"@type\":\"ListItem\",\"position\":2,\"name\":\"FAQ\"}]},{\"@type\":\"WebSite\",\"@id\":\"https:\/\/bestmedicalpackages.com\/fr\/#website\",\"url\":\"https:\/\/bestmedicalpackages.com\/fr\/\",\"name\":\"Best Medical Packages\",\"description\":\"Best medical packages for male and female patients.\",\"publisher\":{\"@id\":\"https:\/\/bestmedicalpackages.com\/fr\/#organization\"},\"potentialAction\":[{\"@type\":\"SearchAction\",\"target\":{\"@type\":\"EntryPoint\",\"urlTemplate\":\"https:\/\/bestmedicalpackages.com\/fr\/?s={search_term_string}\"},\"query-input\":{\"@type\":\"PropertyValueSpecification\",\"valueRequired\":true,\"valueName\":\"search_term_string\"}}],\"inLanguage\":\"fr-FR\"},{\"@type\":\"Organization\",\"@id\":\"https:\/\/bestmedicalpackages.com\/fr\/#organization\",\"name\":\"Best Medical Packages\",\"url\":\"https:\/\/bestmedicalpackages.com\/fr\/\",\"logo\":{\"@type\":\"ImageObject\",\"inLanguage\":\"fr-FR\",\"@id\":\"https:\/\/bestmedicalpackages.com\/fr\/#\/schema\/logo\/image\/\",\"url\":\"https:\/\/bestmedicalpackages.com\/wp-content\/uploads\/2023\/02\/logo.png\",\"contentUrl\":\"https:\/\/bestmedicalpackages.com\/wp-content\/uploads\/2023\/02\/logo.png\",\"width\":308,\"height\":106,\"caption\":\"Best Medical Packages\"},\"image\":{\"@id\":\"https:\/\/bestmedicalpackages.com\/fr\/#\/schema\/logo\/image\/\"},\"sameAs\":[\"https:\/\/www.instagram.com\/medicalpackages\/\"]}]}<\/script>\n<!-- \/ Yoast SEO Premium plugin. -->","yoast_head_json":{"title":"questions fr\u00e9quemment pos\u00e9es - Best Medical Packages","robots":{"index":"index","follow":"follow","max-snippet":"max-snippet:-1","max-image-preview":"max-image-preview:large","max-video-preview":"max-video-preview:-1"},"canonical":"https:\/\/bestmedicalpackages.com\/fr\/faq\/","og_locale":"fr_FR","og_type":"article","og_title":"FAQ","og_url":"https:\/\/bestmedicalpackages.com\/fr\/faq\/","og_site_name":"Best Medical Packages","article_modified_time":"2025-12-08T08:02:02+00:00","og_image":[{"width":1600,"height":991,"url":"https:\/\/bestmedical.b-cdn.net\/wp-content\/uploads\/2023\/02\/slider-new-03-1.jpg","type":"image\/jpeg"}],"twitter_card":"summary_large_image","twitter_misc":{"Dur\u00e9e de lecture estim\u00e9e":"1 minute"},"schema":{"@context":"https:\/\/schema.org","@graph":[{"@type":"WebPage","@id":"https:\/\/bestmedicalpackages.com\/fr\/faq\/","url":"https:\/\/bestmedicalpackages.com\/fr\/faq\/","name":"questions fr\u00e9quemment pos\u00e9es - Best Medical Packages","isPartOf":{"@id":"https:\/\/bestmedicalpackages.com\/fr\/#website"},"datePublished":"2013-08-11T17:13:42+00:00","dateModified":"2025-12-08T08:02:02+00:00","breadcrumb":{"@id":"https:\/\/bestmedicalpackages.com\/fr\/faq\/#breadcrumb"},"inLanguage":"fr-FR","potentialAction":[{"@type":"ReadAction","target":["https:\/\/bestmedicalpackages.com\/fr\/faq\/"]}]},{"@type":"BreadcrumbList","@id":"https:\/\/bestmedicalpackages.com\/fr\/faq\/#breadcrumb","itemListElement":[{"@type":"ListItem","position":1,"name":"Home of Best Medical Packages","item":"https:\/\/bestmedicalpackages.com\/fr\/accueil\/"},{"@type":"ListItem","position":2,"name":"FAQ"}]},{"@type":"WebSite","@id":"https:\/\/bestmedicalpackages.com\/fr\/#website","url":"https:\/\/bestmedicalpackages.com\/fr\/","name":"Best Medical Packages","description":"Best medical packages for male and female patients.","publisher":{"@id":"https:\/\/bestmedicalpackages.com\/fr\/#organization"},"potentialAction":[{"@type":"SearchAction","target":{"@type":"EntryPoint","urlTemplate":"https:\/\/bestmedicalpackages.com\/fr\/?s={search_term_string}"},"query-input":{"@type":"PropertyValueSpecification","valueRequired":true,"valueName":"search_term_string"}}],"inLanguage":"fr-FR"},{"@type":"Organization","@id":"https:\/\/bestmedicalpackages.com\/fr\/#organization","name":"Best Medical Packages","url":"https:\/\/bestmedicalpackages.com\/fr\/","logo":{"@type":"ImageObject","inLanguage":"fr-FR","@id":"https:\/\/bestmedicalpackages.com\/fr\/#\/schema\/logo\/image\/","url":"https:\/\/bestmedicalpackages.com\/wp-content\/uploads\/2023\/02\/logo.png","contentUrl":"https:\/\/bestmedicalpackages.com\/wp-content\/uploads\/2023\/02\/logo.png","width":308,"height":106,"caption":"Best Medical Packages"},"image":{"@id":"https:\/\/bestmedicalpackages.com\/fr\/#\/schema\/logo\/image\/"},"sameAs":["https:\/\/www.instagram.com\/medicalpackages\/"]}]}},"_links":{"self":[{"href":"https:\/\/bestmedicalpackages.com\/fr\/wp-json\/wp\/v2\/pages\/1736","targetHints":{"allow":["GET"]}}],"collection":[{"href":"https:\/\/bestmedicalpackages.com\/fr\/wp-json\/wp\/v2\/pages"}],"about":[{"href":"https:\/\/bestmedicalpackages.com\/fr\/wp-json\/wp\/v2\/types\/page"}],"author":[{"embeddable":true,"href":"https:\/\/bestmedicalpackages.com\/fr\/wp-json\/wp\/v2\/users\/1"}],"replies":[{"embeddable":true,"href":"https:\/\/bestmedicalpackages.com\/fr\/wp-json\/wp\/v2\/comments?post=1736"}],"version-history":[{"count":4,"href":"https:\/\/bestmedicalpackages.com\/fr\/wp-json\/wp\/v2\/pages\/1736\/revisions"}],"predecessor-version":[{"id":8780,"href":"https:\/\/bestmedicalpackages.com\/fr\/wp-json\/wp\/v2\/pages\/1736\/revisions\/8780"}],"wp:attachment":[{"href":"https:\/\/bestmedicalpackages.com\/fr\/wp-json\/wp\/v2\/media?parent=1736"}],"curies":[{"name":"wp","href":"https:\/\/api.w.org\/{rel}","templated":true}]}}