{"id":2170,"date":"2013-08-11T19:06:15","date_gmt":"2013-08-11T16:06:15","guid":{"rendered":"https:\/\/bestmedicalpackages.com\/a-propos\/"},"modified":"2025-12-11T11:28:10","modified_gmt":"2025-12-11T08:28:10","slug":"a-propos","status":"publish","type":"page","link":"https:\/\/bestmedicalpackages.com\/fr\/a-propos\/","title":{"rendered":"\u00c0 propos"},"content":{"rendered":"\n\n  <div class=\"banner has-hover has-parallax\" id=\"banner-1890687231\">\n          <div class=\"banner-inner fill\">\n        <div class=\"banner-bg fill\" data-parallax=\"-3\" data-parallax-container=\".banner\" data-parallax-background>\n            <img loading=\"lazy\" decoding=\"async\" width=\"1020\" height=\"354\" src=\"https:\/\/bestmedical.b-cdn.net\/wp-content\/uploads\/2023\/02\/about-us-1-1400x486.jpg\" class=\"bg attachment-large size-large\" alt=\"about us 1\" \/>                        <div class=\"overlay\"><\/div>            \n                    <\/div>\n\t\t\n        <div class=\"banner-layers container\">\n            <div class=\"fill banner-link\"><\/div>            \n\n   <div id=\"text-box-1944632064\" class=\"text-box banner-layer x50 md-x50 lg-x50 y80 md-y80 lg-y80 res-text\">\n                                <div class=\"text-box-content text dark\">\n              \n              <div class=\"text-inner text-center\">\n                  \n\n<h1 class=\"lead\">\u00c0 propos de nous<\/h1>\n<p class=\"lead\">Nous fournissons des services complets de tourisme m\u00e9dical \u00e0 ceux qui recherchent des traitements et des proc\u00e9dures m\u00e9dicales \u00e0 l&rsquo;\u00e9tranger.<\/p>\n\n              <\/div>\n           <\/div>\n                            \n<style>\n#text-box-1944632064 {\n  width: 60%;\n}\n#text-box-1944632064 .text-box-content {\n  font-size: 100%;\n}\n<\/style>\n    <\/div>\n \n\n        <\/div>\n      <\/div>\n\n            \n<style>\n#banner-1890687231 {\n  padding-top: 507px;\n}\n#banner-1890687231 .overlay {\n  background-color: rgba(0, 0, 0, 0.49);\n}\n<\/style>\n  <\/div>\n\n\n<div class=\"row\"  id=\"row-1055021417\">\n\n\n\t<div id=\"col-778656003\" class=\"col small-12 large-12\"  >\n\t\t\t\t<div class=\"col-inner\"  >\n\t\t\t\n\t\t\t\n\n<div class=\"text-center\"><div class=\"is-divider divider clearfix\" ><\/div><\/div>\n\n\n\t\t<\/div>\n\t\t\t\t\t<\/div>\n\n\t\n\n<\/div>\n<div class=\"row align-middle\"  id=\"row-190417573\">\n\n\n\t<div id=\"col-1164275870\" class=\"col medium-7 small-12 large-7\"  >\n\t\t\t\t<div class=\"col-inner\"  >\n\t\t\t\n\t\t\t\n\n\t<div id=\"text-4253722174\" class=\"text\">\n\t\t\n\n<p>Bienvenue sur le site de Best Medical Packages, votre partenaire de confiance pour une chirurgie esth\u00e9tique et cosm\u00e9tique de classe mondiale \u00e0 Istanbul, en Turquie. Nous sommes sp\u00e9cialis\u00e9s dans l&rsquo;offre de forfaits m\u00e9dicaux complets adapt\u00e9s \u00e0 vos besoins uniques, combinant des proc\u00e9dures de pointe avec des soins personnalis\u00e9s pour garantir une exp\u00e9rience transparente et transformatrice.   <\/p>\n<p>Dans un souci d&rsquo;excellence, nous vous donnons acc\u00e8s \u00e0 des chirurgiens de premier plan et \u00e0 des installations de pointe pour un large \u00e9ventail de proc\u00e9dures, y compris la chirurgie esth\u00e9tique \u00e0 Istanbul et la chirurgie esth\u00e9tique en Turquie. Que vous envisagiez un lifting, une rhinoplastie, une augmentation mammaire ou un remodelage du corps, nos forfaits sont con\u00e7us pour vous aider \u00e0 atteindre vos objectifs esth\u00e9tiques tout en profitant de la culture vibrante d&rsquo;Istanbul.   <\/p>\n<p>Outre la chirurgie plastique, nous proposons \u00e9galement des traitements dentaires haut de gamme \u00e0 Istanbul, notamment le c\u00e9l\u00e8bre Hollywood Smile en Turquie. Nos experts dentaires utilisent des techniques et des technologies de pointe pour obtenir des r\u00e9sultats \u00e9poustouflants et vous redonner confiance en vous gr\u00e2ce \u00e0 un sourire radieux.   <\/p>\n<p>Chez Best Medical Packages, la satisfaction du patient est notre priorit\u00e9. D\u00e8s que vous nous contactez, notre \u00e9quipe d\u00e9vou\u00e9e vous assiste dans tous les d\u00e9tails de votre voyage, de la s\u00e9lection de la meilleure proc\u00e9dure \u00e0 l&rsquo;organisation du voyage, de l&rsquo;h\u00e9bergement et des soins postop\u00e9ratoires. Nous sommes fiers de vous offrir des prix transparents, un service exceptionnel et des r\u00e9sultats qui d\u00e9passent vos attentes.    <\/p>\n<p>La Turquie, et plus particuli\u00e8rement Istanbul, est devenue une plaque tournante mondiale pour la chirurgie esth\u00e9tique et cosm\u00e9tique en raison de son expertise m\u00e9dicale r\u00e9put\u00e9e et de son co\u00fbt abordable. En choisissant Best Medical Packages, vous n&rsquo;investissez pas seulement dans des soins de niveau international, mais aussi dans un voyage qui allie beaut\u00e9, confiance et exploration culturelle.   <\/p>\n<p>Laissez-nous vous aider \u00e0 transformer vos r\u00eaves en r\u00e9alit\u00e9. Contactez-nous d\u00e8s aujourd&rsquo;hui pour en savoir plus sur nos forfaits personnalis\u00e9s de chirurgie esth\u00e9tique en Turquie et commencez votre voyage vers une beaut\u00e9 et un bien-\u00eatre accrus. <\/p>\n\t\t\n<style>\n#text-4253722174 {\n  text-align: left;\n}\n<\/style>\n\t<\/div>\n\t\n<a href=\"https:\/\/bestmedicalpackages.com\/fr\/contact\/\" class=\"button primary is-large\" style=\"border-radius:20px;\">\n\t\t<span>Aller au contact<\/span>\n\t<\/a>\n\n\n\n\t\t<\/div>\n\t\t\t\t\t<\/div>\n\n\t\n\n<\/div>\n\n","protected":false},"excerpt":{"rendered":"","protected":false},"author":1,"featured_media":491,"parent":0,"menu_order":0,"comment_status":"closed","ping_status":"closed","template":"page-transparent-header-light.php","meta":{"footnotes":""},"class_list":["post-2170","page","type-page","status-publish","has-post-thumbnail","hentry"],"yoast_head":"<!-- This site is optimized with the Yoast SEO Premium plugin v22.1 (Yoast SEO v27.2) - https:\/\/yoast.com\/product\/yoast-seo-premium-wordpress\/ -->\n<title>\u00c0 propos - Best Medical Packages<\/title>\n<meta name=\"description\" content=\"nous sommes votre partenaire de confiance pour une chirurgie esth\u00e9tique et cosm\u00e9tique de classe mondiale \u00e0 Istanbul, en Turquie. Nous vous proposons des forfaits complets.\" \/>\n<meta name=\"robots\" content=\"index, follow, max-snippet:-1, max-image-preview:large, max-video-preview:-1\" \/>\n<link rel=\"canonical\" href=\"https:\/\/bestmedicalpackages.com\/fr\/a-propos\/\" \/>\n<meta property=\"og:locale\" content=\"fr_FR\" \/>\n<meta property=\"og:type\" content=\"article\" \/>\n<meta property=\"og:title\" content=\"\u00c0 propos\" \/>\n<meta property=\"og:description\" content=\"nous sommes votre partenaire de confiance pour une chirurgie esth\u00e9tique et cosm\u00e9tique de classe mondiale \u00e0 Istanbul, en Turquie. Nous vous proposons des forfaits complets.\" \/>\n<meta property=\"og:url\" content=\"https:\/\/bestmedicalpackages.com\/fr\/a-propos\/\" \/>\n<meta property=\"og:site_name\" content=\"Best Medical Packages\" \/>\n<meta property=\"article:modified_time\" content=\"2025-12-11T08:28:10+00:00\" \/>\n<meta property=\"og:image\" content=\"https:\/\/bestmedical.b-cdn.net\/wp-content\/uploads\/2016\/08\/dummy-1.jpg\" \/>\n\t<meta property=\"og:image:width\" content=\"400\" \/>\n\t<meta property=\"og:image:height\" content=\"260\" \/>\n\t<meta property=\"og:image:type\" content=\"image\/jpeg\" \/>\n<meta name=\"twitter:card\" content=\"summary_large_image\" \/>\n<meta name=\"twitter:label1\" content=\"Dur\u00e9e de lecture estim\u00e9e\" \/>\n\t<meta name=\"twitter:data1\" content=\"1 minute\" \/>\n<script type=\"application\/ld+json\" class=\"yoast-schema-graph\">{\"@context\":\"https:\/\/schema.org\",\"@graph\":[{\"@type\":\"WebPage\",\"@id\":\"https:\/\/bestmedicalpackages.com\/fr\/a-propos\/\",\"url\":\"https:\/\/bestmedicalpackages.com\/fr\/a-propos\/\",\"name\":\"\u00c0 propos - Best Medical Packages\",\"isPartOf\":{\"@id\":\"https:\/\/bestmedicalpackages.com\/fr\/#website\"},\"primaryImageOfPage\":{\"@id\":\"https:\/\/bestmedicalpackages.com\/fr\/a-propos\/#primaryimage\"},\"image\":{\"@id\":\"https:\/\/bestmedicalpackages.com\/fr\/a-propos\/#primaryimage\"},\"thumbnailUrl\":\"https:\/\/bestmedical.b-cdn.net\/wp-content\/uploads\/2016\/08\/dummy-1.jpg\",\"datePublished\":\"2013-08-11T16:06:15+00:00\",\"dateModified\":\"2025-12-11T08:28:10+00:00\",\"description\":\"nous sommes votre partenaire de confiance pour une chirurgie esth\u00e9tique et cosm\u00e9tique de classe mondiale \u00e0 Istanbul, en Turquie. Nous vous proposons des forfaits complets.\",\"breadcrumb\":{\"@id\":\"https:\/\/bestmedicalpackages.com\/fr\/a-propos\/#breadcrumb\"},\"inLanguage\":\"fr-FR\",\"potentialAction\":[{\"@type\":\"ReadAction\",\"target\":[\"https:\/\/bestmedicalpackages.com\/fr\/a-propos\/\"]}]},{\"@type\":\"ImageObject\",\"inLanguage\":\"fr-FR\",\"@id\":\"https:\/\/bestmedicalpackages.com\/fr\/a-propos\/#primaryimage\",\"url\":\"https:\/\/bestmedical.b-cdn.net\/wp-content\/uploads\/2016\/08\/dummy-1.jpg\",\"contentUrl\":\"https:\/\/bestmedical.b-cdn.net\/wp-content\/uploads\/2016\/08\/dummy-1.jpg\",\"width\":400,\"height\":260,\"caption\":\"dummy 1\"},{\"@type\":\"BreadcrumbList\",\"@id\":\"https:\/\/bestmedicalpackages.com\/fr\/a-propos\/#breadcrumb\",\"itemListElement\":[{\"@type\":\"ListItem\",\"position\":1,\"name\":\"Home of Best Medical Packages\",\"item\":\"https:\/\/bestmedicalpackages.com\/fr\/accueil\/\"},{\"@type\":\"ListItem\",\"position\":2,\"name\":\"\u00c0 propos\"}]},{\"@type\":\"WebSite\",\"@id\":\"https:\/\/bestmedicalpackages.com\/fr\/#website\",\"url\":\"https:\/\/bestmedicalpackages.com\/fr\/\",\"name\":\"Best Medical Packages\",\"description\":\"Best medical packages for male and female patients.\",\"publisher\":{\"@id\":\"https:\/\/bestmedicalpackages.com\/fr\/#organization\"},\"potentialAction\":[{\"@type\":\"SearchAction\",\"target\":{\"@type\":\"EntryPoint\",\"urlTemplate\":\"https:\/\/bestmedicalpackages.com\/fr\/?s={search_term_string}\"},\"query-input\":{\"@type\":\"PropertyValueSpecification\",\"valueRequired\":true,\"valueName\":\"search_term_string\"}}],\"inLanguage\":\"fr-FR\"},{\"@type\":\"Organization\",\"@id\":\"https:\/\/bestmedicalpackages.com\/fr\/#organization\",\"name\":\"Best Medical Packages\",\"url\":\"https:\/\/bestmedicalpackages.com\/fr\/\",\"logo\":{\"@type\":\"ImageObject\",\"inLanguage\":\"fr-FR\",\"@id\":\"https:\/\/bestmedicalpackages.com\/fr\/#\/schema\/logo\/image\/\",\"url\":\"https:\/\/bestmedicalpackages.com\/wp-content\/uploads\/2023\/02\/logo.png\",\"contentUrl\":\"https:\/\/bestmedicalpackages.com\/wp-content\/uploads\/2023\/02\/logo.png\",\"width\":308,\"height\":106,\"caption\":\"Best Medical Packages\"},\"image\":{\"@id\":\"https:\/\/bestmedicalpackages.com\/fr\/#\/schema\/logo\/image\/\"},\"sameAs\":[\"https:\/\/www.instagram.com\/medicalpackages\/\"]}]}<\/script>\n<!-- \/ Yoast SEO Premium plugin. -->","yoast_head_json":{"title":"\u00c0 propos - Best Medical Packages","description":"nous sommes votre partenaire de confiance pour une chirurgie esth\u00e9tique et cosm\u00e9tique de classe mondiale \u00e0 Istanbul, en Turquie. Nous vous proposons des forfaits complets.","robots":{"index":"index","follow":"follow","max-snippet":"max-snippet:-1","max-image-preview":"max-image-preview:large","max-video-preview":"max-video-preview:-1"},"canonical":"https:\/\/bestmedicalpackages.com\/fr\/a-propos\/","og_locale":"fr_FR","og_type":"article","og_title":"\u00c0 propos","og_description":"nous sommes votre partenaire de confiance pour une chirurgie esth\u00e9tique et cosm\u00e9tique de classe mondiale \u00e0 Istanbul, en Turquie. Nous vous proposons des forfaits complets.","og_url":"https:\/\/bestmedicalpackages.com\/fr\/a-propos\/","og_site_name":"Best Medical Packages","article_modified_time":"2025-12-11T08:28:10+00:00","og_image":[{"width":400,"height":260,"url":"https:\/\/bestmedical.b-cdn.net\/wp-content\/uploads\/2016\/08\/dummy-1.jpg","type":"image\/jpeg"}],"twitter_card":"summary_large_image","twitter_misc":{"Dur\u00e9e de lecture estim\u00e9e":"1 minute"},"schema":{"@context":"https:\/\/schema.org","@graph":[{"@type":"WebPage","@id":"https:\/\/bestmedicalpackages.com\/fr\/a-propos\/","url":"https:\/\/bestmedicalpackages.com\/fr\/a-propos\/","name":"\u00c0 propos - Best Medical Packages","isPartOf":{"@id":"https:\/\/bestmedicalpackages.com\/fr\/#website"},"primaryImageOfPage":{"@id":"https:\/\/bestmedicalpackages.com\/fr\/a-propos\/#primaryimage"},"image":{"@id":"https:\/\/bestmedicalpackages.com\/fr\/a-propos\/#primaryimage"},"thumbnailUrl":"https:\/\/bestmedical.b-cdn.net\/wp-content\/uploads\/2016\/08\/dummy-1.jpg","datePublished":"2013-08-11T16:06:15+00:00","dateModified":"2025-12-11T08:28:10+00:00","description":"nous sommes votre partenaire de confiance pour une chirurgie esth\u00e9tique et cosm\u00e9tique de classe mondiale \u00e0 Istanbul, en Turquie. Nous vous proposons des forfaits complets.","breadcrumb":{"@id":"https:\/\/bestmedicalpackages.com\/fr\/a-propos\/#breadcrumb"},"inLanguage":"fr-FR","potentialAction":[{"@type":"ReadAction","target":["https:\/\/bestmedicalpackages.com\/fr\/a-propos\/"]}]},{"@type":"ImageObject","inLanguage":"fr-FR","@id":"https:\/\/bestmedicalpackages.com\/fr\/a-propos\/#primaryimage","url":"https:\/\/bestmedical.b-cdn.net\/wp-content\/uploads\/2016\/08\/dummy-1.jpg","contentUrl":"https:\/\/bestmedical.b-cdn.net\/wp-content\/uploads\/2016\/08\/dummy-1.jpg","width":400,"height":260,"caption":"dummy 1"},{"@type":"BreadcrumbList","@id":"https:\/\/bestmedicalpackages.com\/fr\/a-propos\/#breadcrumb","itemListElement":[{"@type":"ListItem","position":1,"name":"Home of Best Medical Packages","item":"https:\/\/bestmedicalpackages.com\/fr\/accueil\/"},{"@type":"ListItem","position":2,"name":"\u00c0 propos"}]},{"@type":"WebSite","@id":"https:\/\/bestmedicalpackages.com\/fr\/#website","url":"https:\/\/bestmedicalpackages.com\/fr\/","name":"Best Medical Packages","description":"Best medical packages for male and female patients.","publisher":{"@id":"https:\/\/bestmedicalpackages.com\/fr\/#organization"},"potentialAction":[{"@type":"SearchAction","target":{"@type":"EntryPoint","urlTemplate":"https:\/\/bestmedicalpackages.com\/fr\/?s={search_term_string}"},"query-input":{"@type":"PropertyValueSpecification","valueRequired":true,"valueName":"search_term_string"}}],"inLanguage":"fr-FR"},{"@type":"Organization","@id":"https:\/\/bestmedicalpackages.com\/fr\/#organization","name":"Best Medical Packages","url":"https:\/\/bestmedicalpackages.com\/fr\/","logo":{"@type":"ImageObject","inLanguage":"fr-FR","@id":"https:\/\/bestmedicalpackages.com\/fr\/#\/schema\/logo\/image\/","url":"https:\/\/bestmedicalpackages.com\/wp-content\/uploads\/2023\/02\/logo.png","contentUrl":"https:\/\/bestmedicalpackages.com\/wp-content\/uploads\/2023\/02\/logo.png","width":308,"height":106,"caption":"Best Medical Packages"},"image":{"@id":"https:\/\/bestmedicalpackages.com\/fr\/#\/schema\/logo\/image\/"},"sameAs":["https:\/\/www.instagram.com\/medicalpackages\/"]}]}},"_links":{"self":[{"href":"https:\/\/bestmedicalpackages.com\/fr\/wp-json\/wp\/v2\/pages\/2170","targetHints":{"allow":["GET"]}}],"collection":[{"href":"https:\/\/bestmedicalpackages.com\/fr\/wp-json\/wp\/v2\/pages"}],"about":[{"href":"https:\/\/bestmedicalpackages.com\/fr\/wp-json\/wp\/v2\/types\/page"}],"author":[{"embeddable":true,"href":"https:\/\/bestmedicalpackages.com\/fr\/wp-json\/wp\/v2\/users\/1"}],"replies":[{"embeddable":true,"href":"https:\/\/bestmedicalpackages.com\/fr\/wp-json\/wp\/v2\/comments?post=2170"}],"version-history":[{"count":11,"href":"https:\/\/bestmedicalpackages.com\/fr\/wp-json\/wp\/v2\/pages\/2170\/revisions"}],"predecessor-version":[{"id":8785,"href":"https:\/\/bestmedicalpackages.com\/fr\/wp-json\/wp\/v2\/pages\/2170\/revisions\/8785"}],"wp:featuredmedia":[{"embeddable":true,"href":"https:\/\/bestmedicalpackages.com\/fr\/wp-json\/wp\/v2\/media\/491"}],"wp:attachment":[{"href":"https:\/\/bestmedicalpackages.com\/fr\/wp-json\/wp\/v2\/media?parent=2170"}],"curies":[{"name":"wp","href":"https:\/\/api.w.org\/{rel}","templated":true}]}}