{"id":6782,"date":"2025-06-14T15:34:55","date_gmt":"2025-06-14T12:34:55","guid":{"rendered":"https:\/\/new.bestmedicalpackages.com\/package\/implantation-de-la-joue-et-de-la-machoire\/"},"modified":"2025-08-26T18:47:41","modified_gmt":"2025-08-26T15:47:41","slug":"implantation-de-la-joue-et-de-la-machoire","status":"publish","type":"product","link":"https:\/\/bestmedicalpackages.com\/fr\/produit\/implantation-de-la-joue-et-de-la-machoire\/","title":{"rendered":"Implantation de la joue et de la m\u00e2choire"},"content":{"rendered":"<p>Les implants de joues et de m\u00e2choires sont des proc\u00e9dures chirurgicales con\u00e7ues pour am\u00e9liorer la structure du visage en ajoutant de la d\u00e9finition, de l&rsquo;\u00e9quilibre et de la force au milieu et au bas du visage. Cette approche est id\u00e9ale pour les personnes qui recherchent une apparence plus sculpt\u00e9e et sym\u00e9trique ou pour corriger un menton naturellement faible ou des joues plates. Fabriqu\u00e9s \u00e0 partir de mat\u00e9riaux solides et biocompatibles tels que le silicone de qualit\u00e9 m\u00e9dicale ou le poly\u00e9thyl\u00e8ne poreux, les implants sont plac\u00e9s strat\u00e9giquement \u00e0 travers des incisions discr\u00e8tes afin de cr\u00e9er une am\u00e9lioration permanente et d&rsquo;apparence naturelle. L&rsquo;intervention est souvent pratiqu\u00e9e sous anesth\u00e9sie g\u00e9n\u00e9rale. La convalescence comprend une \u00e0 deux semaines de gonflement et d&rsquo;inconfort initial, suivies d&rsquo;un retour progressif aux activit\u00e9s normales. Les r\u00e9sultats finaux, une fois que le gonflement s&rsquo;est r\u00e9sorb\u00e9 sur plusieurs mois, r\u00e9v\u00e8lent un contour du visage plus d\u00e9fini qui harmonise vos traits. Les candidats id\u00e9aux sont des adultes en bonne sant\u00e9 qui ont des attentes r\u00e9alistes quant \u00e0 l&rsquo;am\u00e9lioration de l&rsquo;\u00e9quilibre de leur visage. Il est essentiel de consulter un chirurgien plasticien ou facial certifi\u00e9 pour d\u00e9terminer la taille et la forme de l&rsquo;implant qui conviennent \u00e0 votre anatomie et \u00e0 vos objectifs.      <\/p>\n","protected":false},"excerpt":{"rendered":"<ul>\n<li>Chirurgien certifi\u00e9 membre du conseil d&rsquo;administration<\/li>\n<li>Consultation pr\u00e9-op\u00e9ratoire en ligne<\/li>\n<li>Consultation physique<\/li>\n<li>Num\u00e9ration formule sanguine<\/li>\n<li>Anesth\u00e9sie g\u00e9n\u00e9rale<\/li>\n<li>M\u00e9dicaments<\/li>\n<li>Contr\u00f4les post-op\u00e9ratoires, Kit m\u00e9dical post-op\u00e9ratoire<\/li>\n<li>Un service personnalis\u00e9 pour les patients<\/li>\n<li>(anglais, fran\u00e7ais, espagnol, italien)<\/li>\n<li>Assistance en ligne 24\/7<\/li>\n<\/ul>\n","protected":false},"featured_media":6692,"comment_status":"open","ping_status":"closed","template":"","meta":[],"product_brand":[],"product_cat":[992],"product_tag":[551,311,232],"class_list":{"0":"post-6782","1":"product","2":"type-product","3":"status-publish","4":"has-post-thumbnail","6":"product_cat-chirurgie-plastique","7":"product_tag-implant-de-joue","8":"product_tag-implantation-de-la-machoire","9":"product_tag-istanbul-fr","11":"first","12":"instock","13":"shipping-taxable","14":"product-type-simple"},"yoast_head":"<!-- This site is optimized with the Yoast SEO Premium plugin v22.1 (Yoast SEO v27.2) - https:\/\/yoast.com\/product\/yoast-seo-premium-wordpress\/ -->\n<title>Implantation de la joue et de la m\u00e2choire Chirurgie - Best Medical Packages (12.200&#036;)<\/title>\n<meta name=\"description\" content=\"Vous pouvez trouver des informations sur Implantation de la joue et de la m\u00e2choire - Best Medical Packages (12.200&#036;)\" \/>\n<meta name=\"robots\" content=\"index, follow, max-snippet:-1, max-image-preview:large, max-video-preview:-1\" \/>\n<link rel=\"canonical\" href=\"https:\/\/bestmedicalpackages.com\/fr\/produit\/implantation-de-la-joue-et-de-la-machoire\/\" \/>\n<meta property=\"og:locale\" content=\"fr_FR\" \/>\n<meta property=\"og:type\" content=\"article\" \/>\n<meta property=\"og:title\" content=\"Implantation de la joue et de la m\u00e2choire\" \/>\n<meta property=\"og:description\" content=\"Vous pouvez trouver des informations sur Implantation de la joue et de la m\u00e2choire - Best Medical Packages (12.200&#036;)\" \/>\n<meta property=\"og:url\" content=\"https:\/\/bestmedicalpackages.com\/fr\/produit\/implantation-de-la-joue-et-de-la-machoire\/\" \/>\n<meta property=\"og:site_name\" content=\"Best Medical Packages\" \/>\n<meta property=\"article:modified_time\" content=\"2025-08-26T15:47:41+00:00\" \/>\n<meta property=\"og:image\" content=\"https:\/\/bestmedicalpackages.com\/wp-content\/uploads\/2025\/08\/cheek-jaw-implant.jpg\" \/>\n\t<meta property=\"og:image:width\" content=\"800\" \/>\n\t<meta property=\"og:image:height\" content=\"800\" \/>\n\t<meta property=\"og:image:type\" content=\"image\/jpeg\" \/>\n<meta name=\"twitter:card\" content=\"summary_large_image\" \/>\n<meta name=\"twitter:label1\" content=\"Prix\" \/>\n\t<meta name=\"twitter:data1\" content=\"12.200&#036;\" \/>\n\t<meta name=\"twitter:label2\" content=\"Disponibilit\u00e9\" \/>\n\t<meta name=\"twitter:data2\" content=\"En stock\" \/>\n<script type=\"application\/ld+json\" class=\"yoast-schema-graph\">{\"@context\":\"https:\/\/schema.org\",\"@graph\":[{\"@type\":\"WebPage\",\"@id\":\"https:\/\/bestmedicalpackages.com\/fr\/produit\/implantation-de-la-joue-et-de-la-machoire\/\",\"url\":\"https:\/\/bestmedicalpackages.com\/fr\/produit\/implantation-de-la-joue-et-de-la-machoire\/\",\"name\":\"Implantation de la joue et de la m\u00e2choire Chirurgie - Best Medical Packages (12.200&#36;)\",\"isPartOf\":{\"@id\":\"https:\/\/bestmedicalpackages.com\/fr\/#website\"},\"primaryImageOfPage\":{\"@id\":\"https:\/\/bestmedicalpackages.com\/fr\/produit\/implantation-de-la-joue-et-de-la-machoire\/#primaryimage\"},\"image\":{\"@id\":\"https:\/\/bestmedicalpackages.com\/fr\/produit\/implantation-de-la-joue-et-de-la-machoire\/#primaryimage\"},\"thumbnailUrl\":\"https:\/\/bestmedical.b-cdn.net\/wp-content\/uploads\/2025\/08\/cheek-jaw-implant.jpg\",\"datePublished\":\"2025-06-14T12:34:55+00:00\",\"dateModified\":\"2025-08-26T15:47:41+00:00\",\"description\":\"Vous pouvez trouver des informations sur Implantation de la joue et de la m\u00e2choire - Best Medical Packages (12.200&#36;)\",\"breadcrumb\":{\"@id\":\"https:\/\/bestmedicalpackages.com\/fr\/produit\/implantation-de-la-joue-et-de-la-machoire\/#breadcrumb\"},\"inLanguage\":\"fr-FR\",\"potentialAction\":[{\"@type\":\"ReadAction\",\"target\":[\"https:\/\/bestmedicalpackages.com\/fr\/produit\/implantation-de-la-joue-et-de-la-machoire\/\"]}]},{\"@type\":\"ImageObject\",\"inLanguage\":\"fr-FR\",\"@id\":\"https:\/\/bestmedicalpackages.com\/fr\/produit\/implantation-de-la-joue-et-de-la-machoire\/#primaryimage\",\"url\":\"https:\/\/bestmedical.b-cdn.net\/wp-content\/uploads\/2025\/08\/cheek-jaw-implant.jpg\",\"contentUrl\":\"https:\/\/bestmedical.b-cdn.net\/wp-content\/uploads\/2025\/08\/cheek-jaw-implant.jpg\",\"width\":800,\"height\":800,\"caption\":\"cheek jaw implant\"},{\"@type\":\"BreadcrumbList\",\"@id\":\"https:\/\/bestmedicalpackages.com\/fr\/produit\/implantation-de-la-joue-et-de-la-machoire\/#breadcrumb\",\"itemListElement\":[{\"@type\":\"ListItem\",\"position\":1,\"name\":\"Home of Best Medical Packages\",\"item\":\"https:\/\/bestmedicalpackages.com\/fr\/accueil\/\"},{\"@type\":\"ListItem\",\"position\":2,\"name\":\"Procedures\",\"item\":\"https:\/\/bestmedicalpackages.com\/procedures\/\"},{\"@type\":\"ListItem\",\"position\":3,\"name\":\"Implantation de la joue et de la m\u00e2choire\"}]},{\"@type\":\"WebSite\",\"@id\":\"https:\/\/bestmedicalpackages.com\/fr\/#website\",\"url\":\"https:\/\/bestmedicalpackages.com\/fr\/\",\"name\":\"Best Medical Packages\",\"description\":\"Best medical packages for male and female patients.\",\"publisher\":{\"@id\":\"https:\/\/bestmedicalpackages.com\/fr\/#organization\"},\"potentialAction\":[{\"@type\":\"SearchAction\",\"target\":{\"@type\":\"EntryPoint\",\"urlTemplate\":\"https:\/\/bestmedicalpackages.com\/fr\/?s={search_term_string}\"},\"query-input\":{\"@type\":\"PropertyValueSpecification\",\"valueRequired\":true,\"valueName\":\"search_term_string\"}}],\"inLanguage\":\"fr-FR\"},{\"@type\":\"Organization\",\"@id\":\"https:\/\/bestmedicalpackages.com\/fr\/#organization\",\"name\":\"Best Medical Packages\",\"url\":\"https:\/\/bestmedicalpackages.com\/fr\/\",\"logo\":{\"@type\":\"ImageObject\",\"inLanguage\":\"fr-FR\",\"@id\":\"https:\/\/bestmedicalpackages.com\/fr\/#\/schema\/logo\/image\/\",\"url\":\"https:\/\/bestmedicalpackages.com\/wp-content\/uploads\/2023\/02\/logo.png\",\"contentUrl\":\"https:\/\/bestmedicalpackages.com\/wp-content\/uploads\/2023\/02\/logo.png\",\"width\":308,\"height\":106,\"caption\":\"Best Medical Packages\"},\"image\":{\"@id\":\"https:\/\/bestmedicalpackages.com\/fr\/#\/schema\/logo\/image\/\"},\"sameAs\":[\"https:\/\/www.instagram.com\/medicalpackages\/\"]}]}<\/script>\n<meta property=\"product:price:amount\" content=\"12200\" \/>\n<meta property=\"product:price:currency\" content=\"USD\" \/>\n<meta property=\"og:availability\" content=\"instock\" \/>\n<meta property=\"product:availability\" content=\"instock\" \/>\n<meta property=\"product:condition\" content=\"new\" \/>\n<!-- \/ Yoast SEO Premium plugin. -->","yoast_head_json":{"title":"Implantation de la joue et de la m\u00e2choire Chirurgie - Best Medical Packages (12.200&#36;)","description":"Vous pouvez trouver des informations sur Implantation de la joue et de la m\u00e2choire - Best Medical Packages (12.200&#36;)","robots":{"index":"index","follow":"follow","max-snippet":"max-snippet:-1","max-image-preview":"max-image-preview:large","max-video-preview":"max-video-preview:-1"},"canonical":"https:\/\/bestmedicalpackages.com\/fr\/produit\/implantation-de-la-joue-et-de-la-machoire\/","og_locale":"fr_FR","og_type":"article","og_title":"Implantation de la joue et de la m\u00e2choire","og_description":"Vous pouvez trouver des informations sur Implantation de la joue et de la m\u00e2choire - Best Medical Packages (12.200&#36;)","og_url":"https:\/\/bestmedicalpackages.com\/fr\/produit\/implantation-de-la-joue-et-de-la-machoire\/","og_site_name":"Best Medical Packages","article_modified_time":"2025-08-26T15:47:41+00:00","og_image":[{"width":800,"height":800,"url":"https:\/\/bestmedicalpackages.com\/wp-content\/uploads\/2025\/08\/cheek-jaw-implant.jpg","type":"image\/jpeg"}],"twitter_card":"summary_large_image","twitter_misc":{"Prix":"12.200&#36;","Disponibilit\u00e9":"En stock"},"schema":{"@context":"https:\/\/schema.org","@graph":[{"@type":"WebPage","@id":"https:\/\/bestmedicalpackages.com\/fr\/produit\/implantation-de-la-joue-et-de-la-machoire\/","url":"https:\/\/bestmedicalpackages.com\/fr\/produit\/implantation-de-la-joue-et-de-la-machoire\/","name":"Implantation de la joue et de la m\u00e2choire Chirurgie - Best Medical Packages (12.200&#36;)","isPartOf":{"@id":"https:\/\/bestmedicalpackages.com\/fr\/#website"},"primaryImageOfPage":{"@id":"https:\/\/bestmedicalpackages.com\/fr\/produit\/implantation-de-la-joue-et-de-la-machoire\/#primaryimage"},"image":{"@id":"https:\/\/bestmedicalpackages.com\/fr\/produit\/implantation-de-la-joue-et-de-la-machoire\/#primaryimage"},"thumbnailUrl":"https:\/\/bestmedical.b-cdn.net\/wp-content\/uploads\/2025\/08\/cheek-jaw-implant.jpg","datePublished":"2025-06-14T12:34:55+00:00","dateModified":"2025-08-26T15:47:41+00:00","description":"Vous pouvez trouver des informations sur Implantation de la joue et de la m\u00e2choire - Best Medical Packages (12.200&#36;)","breadcrumb":{"@id":"https:\/\/bestmedicalpackages.com\/fr\/produit\/implantation-de-la-joue-et-de-la-machoire\/#breadcrumb"},"inLanguage":"fr-FR","potentialAction":[{"@type":"ReadAction","target":["https:\/\/bestmedicalpackages.com\/fr\/produit\/implantation-de-la-joue-et-de-la-machoire\/"]}]},{"@type":"ImageObject","inLanguage":"fr-FR","@id":"https:\/\/bestmedicalpackages.com\/fr\/produit\/implantation-de-la-joue-et-de-la-machoire\/#primaryimage","url":"https:\/\/bestmedical.b-cdn.net\/wp-content\/uploads\/2025\/08\/cheek-jaw-implant.jpg","contentUrl":"https:\/\/bestmedical.b-cdn.net\/wp-content\/uploads\/2025\/08\/cheek-jaw-implant.jpg","width":800,"height":800,"caption":"cheek jaw implant"},{"@type":"BreadcrumbList","@id":"https:\/\/bestmedicalpackages.com\/fr\/produit\/implantation-de-la-joue-et-de-la-machoire\/#breadcrumb","itemListElement":[{"@type":"ListItem","position":1,"name":"Home of Best Medical Packages","item":"https:\/\/bestmedicalpackages.com\/fr\/accueil\/"},{"@type":"ListItem","position":2,"name":"Procedures","item":"https:\/\/bestmedicalpackages.com\/procedures\/"},{"@type":"ListItem","position":3,"name":"Implantation de la joue et de la m\u00e2choire"}]},{"@type":"WebSite","@id":"https:\/\/bestmedicalpackages.com\/fr\/#website","url":"https:\/\/bestmedicalpackages.com\/fr\/","name":"Best Medical Packages","description":"Best medical packages for male and female patients.","publisher":{"@id":"https:\/\/bestmedicalpackages.com\/fr\/#organization"},"potentialAction":[{"@type":"SearchAction","target":{"@type":"EntryPoint","urlTemplate":"https:\/\/bestmedicalpackages.com\/fr\/?s={search_term_string}"},"query-input":{"@type":"PropertyValueSpecification","valueRequired":true,"valueName":"search_term_string"}}],"inLanguage":"fr-FR"},{"@type":"Organization","@id":"https:\/\/bestmedicalpackages.com\/fr\/#organization","name":"Best Medical Packages","url":"https:\/\/bestmedicalpackages.com\/fr\/","logo":{"@type":"ImageObject","inLanguage":"fr-FR","@id":"https:\/\/bestmedicalpackages.com\/fr\/#\/schema\/logo\/image\/","url":"https:\/\/bestmedicalpackages.com\/wp-content\/uploads\/2023\/02\/logo.png","contentUrl":"https:\/\/bestmedicalpackages.com\/wp-content\/uploads\/2023\/02\/logo.png","width":308,"height":106,"caption":"Best Medical Packages"},"image":{"@id":"https:\/\/bestmedicalpackages.com\/fr\/#\/schema\/logo\/image\/"},"sameAs":["https:\/\/www.instagram.com\/medicalpackages\/"]}]},"product_price_amount":"12200","product_price_currency":"USD","og_availability":"instock","product_availability":"instock","product_condition":"new"},"_links":{"self":[{"href":"https:\/\/bestmedicalpackages.com\/fr\/wp-json\/wp\/v2\/product\/6782","targetHints":{"allow":["GET"]}}],"collection":[{"href":"https:\/\/bestmedicalpackages.com\/fr\/wp-json\/wp\/v2\/product"}],"about":[{"href":"https:\/\/bestmedicalpackages.com\/fr\/wp-json\/wp\/v2\/types\/product"}],"replies":[{"embeddable":true,"href":"https:\/\/bestmedicalpackages.com\/fr\/wp-json\/wp\/v2\/comments?post=6782"}],"wp:featuredmedia":[{"embeddable":true,"href":"https:\/\/bestmedicalpackages.com\/fr\/wp-json\/wp\/v2\/media\/6692"}],"wp:attachment":[{"href":"https:\/\/bestmedicalpackages.com\/fr\/wp-json\/wp\/v2\/media?parent=6782"}],"wp:term":[{"taxonomy":"product_brand","embeddable":true,"href":"https:\/\/bestmedicalpackages.com\/fr\/wp-json\/wp\/v2\/product_brand?post=6782"},{"taxonomy":"product_cat","embeddable":true,"href":"https:\/\/bestmedicalpackages.com\/fr\/wp-json\/wp\/v2\/product_cat?post=6782"},{"taxonomy":"product_tag","embeddable":true,"href":"https:\/\/bestmedicalpackages.com\/fr\/wp-json\/wp\/v2\/product_tag?post=6782"}],"curies":[{"name":"wp","href":"https:\/\/api.w.org\/{rel}","templated":true}]}}