{"id":6802,"date":"2025-02-07T15:14:35","date_gmt":"2025-02-07T12:14:35","guid":{"rendered":"https:\/\/new.bestmedicalpackages.com\/package\/sleeve-gastrique\/"},"modified":"2025-08-27T17:51:09","modified_gmt":"2025-08-27T14:51:09","slug":"sleeve-gastrique","status":"publish","type":"product","link":"https:\/\/bestmedicalpackages.com\/fr\/produit\/sleeve-gastrique\/","title":{"rendered":"Tube gastrique"},"content":{"rendered":"<p>La sleeve gastrique, \u00e9galement appel\u00e9e gastrectomie en manchon, est une proc\u00e9dure de perte de poids qui consiste \u00e0 retirer environ 70 \u00e0 80% de l&rsquo;estomac. L&rsquo;estomac restant est remodel\u00e9 en un tube \u00e9troit ou \u00ab\u00a0sleeve\u00a0\u00bb qui limite la quantit\u00e9 de nourriture ing\u00e9r\u00e9e et r\u00e9duit la sensation de faim en diminuant la production d&rsquo;hormones. L&rsquo;objectif est d&rsquo;aider les patients \u00e0 perdre du poids et \u00e0 am\u00e9liorer les maladies li\u00e9es \u00e0 l&rsquo;ob\u00e9sit\u00e9 comme le diab\u00e8te, l&rsquo;hypertension et l&rsquo;apn\u00e9e du sommeil. L&rsquo;op\u00e9ration de la sleeve gastrique est permanente et fait partie des interventions bariatriques les plus courantes.     <\/p>\n","protected":false},"excerpt":{"rendered":"<ul>\n<li>Membre certifi\u00e9 du conseil d&rsquo;administration Chirurgien<\/li>\n<li>Consultation en ligne avant l&rsquo;op\u00e9ration<\/li>\n<li>Conseil physique<\/li>\n<li>Num\u00e9ration sanguine compl\u00e8te<\/li>\n<li>Anesth\u00e9sie g\u00e9n\u00e9rale<\/li>\n<li>M\u00e9dicaments<\/li>\n<li>Contr\u00f4les post-op\u00e9ratoires, Kit m\u00e9dical post-op\u00e9ratoire<\/li>\n<li>Un service sur mesure pour les patients<\/li>\n<li>(anglais, fran\u00e7ais, espagnol, italien)<\/li>\n<li>Assistance en ligne 24h\/24 et 7j\/7<\/li>\n<\/ul>\n","protected":false},"featured_media":7305,"comment_status":"open","ping_status":"closed","template":"","meta":[],"product_brand":[],"product_cat":[1003],"product_tag":[856,232,1053,233],"class_list":{"0":"post-6802","1":"product","2":"type-product","3":"status-publish","4":"has-post-thumbnail","6":"product_cat-obesite","7":"product_tag-corps","8":"product_tag-istanbul-fr","9":"product_tag-lobesite","10":"product_tag-turquie","12":"first","13":"instock","14":"shipping-taxable","15":"product-type-simple"},"yoast_head":"<!-- This site is optimized with the Yoast SEO Premium plugin v22.1 (Yoast SEO v27.2) - https:\/\/yoast.com\/product\/yoast-seo-premium-wordpress\/ -->\n<title>Tube gastrique Chirurgie - Best Medical Packages (7.350&#036;)<\/title>\n<meta name=\"description\" content=\"Vous pouvez trouver des informations sur Tube gastrique - Best Medical Packages (7.350&#036;)\" \/>\n<meta name=\"robots\" content=\"index, follow, max-snippet:-1, max-image-preview:large, max-video-preview:-1\" \/>\n<link rel=\"canonical\" href=\"https:\/\/bestmedicalpackages.com\/fr\/produit\/sleeve-gastrique\/\" \/>\n<meta property=\"og:locale\" content=\"fr_FR\" \/>\n<meta property=\"og:type\" content=\"article\" \/>\n<meta property=\"og:title\" content=\"Tube gastrique\" \/>\n<meta property=\"og:description\" content=\"Vous pouvez trouver des informations sur Tube gastrique - Best Medical Packages (7.350&#036;)\" \/>\n<meta property=\"og:url\" content=\"https:\/\/bestmedicalpackages.com\/fr\/produit\/sleeve-gastrique\/\" \/>\n<meta property=\"og:site_name\" content=\"Best Medical Packages\" \/>\n<meta property=\"article:modified_time\" content=\"2025-08-27T14:51:09+00:00\" \/>\n<meta property=\"og:image\" content=\"https:\/\/bestmedicalpackages.com\/wp-content\/uploads\/2025\/02\/GastricSleeve.jpg\" \/>\n\t<meta property=\"og:image:width\" content=\"800\" \/>\n\t<meta property=\"og:image:height\" content=\"800\" \/>\n\t<meta property=\"og:image:type\" content=\"image\/jpeg\" \/>\n<meta name=\"twitter:card\" content=\"summary_large_image\" \/>\n<meta name=\"twitter:label1\" content=\"Prix\" \/>\n\t<meta name=\"twitter:data1\" content=\"7.350&#036;\" \/>\n\t<meta name=\"twitter:label2\" content=\"Disponibilit\u00e9\" \/>\n\t<meta name=\"twitter:data2\" content=\"En stock\" \/>\n<script type=\"application\/ld+json\" class=\"yoast-schema-graph\">{\"@context\":\"https:\/\/schema.org\",\"@graph\":[{\"@type\":\"WebPage\",\"@id\":\"https:\/\/bestmedicalpackages.com\/fr\/produit\/sleeve-gastrique\/\",\"url\":\"https:\/\/bestmedicalpackages.com\/fr\/produit\/sleeve-gastrique\/\",\"name\":\"Tube gastrique Chirurgie - Best Medical Packages (7.350&#36;)\",\"isPartOf\":{\"@id\":\"https:\/\/bestmedicalpackages.com\/fr\/#website\"},\"primaryImageOfPage\":{\"@id\":\"https:\/\/bestmedicalpackages.com\/fr\/produit\/sleeve-gastrique\/#primaryimage\"},\"image\":{\"@id\":\"https:\/\/bestmedicalpackages.com\/fr\/produit\/sleeve-gastrique\/#primaryimage\"},\"thumbnailUrl\":\"https:\/\/bestmedical.b-cdn.net\/wp-content\/uploads\/2025\/02\/GastricSleeve.jpg\",\"datePublished\":\"2025-02-07T12:14:35+00:00\",\"dateModified\":\"2025-08-27T14:51:09+00:00\",\"description\":\"Vous pouvez trouver des informations sur Tube gastrique - Best Medical Packages (7.350&#36;)\",\"breadcrumb\":{\"@id\":\"https:\/\/bestmedicalpackages.com\/fr\/produit\/sleeve-gastrique\/#breadcrumb\"},\"inLanguage\":\"fr-FR\",\"potentialAction\":[{\"@type\":\"ReadAction\",\"target\":[\"https:\/\/bestmedicalpackages.com\/fr\/produit\/sleeve-gastrique\/\"]}]},{\"@type\":\"ImageObject\",\"inLanguage\":\"fr-FR\",\"@id\":\"https:\/\/bestmedicalpackages.com\/fr\/produit\/sleeve-gastrique\/#primaryimage\",\"url\":\"https:\/\/bestmedical.b-cdn.net\/wp-content\/uploads\/2025\/02\/GastricSleeve.jpg\",\"contentUrl\":\"https:\/\/bestmedical.b-cdn.net\/wp-content\/uploads\/2025\/02\/GastricSleeve.jpg\",\"width\":800,\"height\":800,\"caption\":\"GastricSleeve\"},{\"@type\":\"BreadcrumbList\",\"@id\":\"https:\/\/bestmedicalpackages.com\/fr\/produit\/sleeve-gastrique\/#breadcrumb\",\"itemListElement\":[{\"@type\":\"ListItem\",\"position\":1,\"name\":\"Home of Best Medical Packages\",\"item\":\"https:\/\/bestmedicalpackages.com\/fr\/accueil\/\"},{\"@type\":\"ListItem\",\"position\":2,\"name\":\"Procedures\",\"item\":\"https:\/\/bestmedicalpackages.com\/procedures\/\"},{\"@type\":\"ListItem\",\"position\":3,\"name\":\"Tube gastrique\"}]},{\"@type\":\"WebSite\",\"@id\":\"https:\/\/bestmedicalpackages.com\/fr\/#website\",\"url\":\"https:\/\/bestmedicalpackages.com\/fr\/\",\"name\":\"Best Medical Packages\",\"description\":\"Best medical packages for male and female patients.\",\"publisher\":{\"@id\":\"https:\/\/bestmedicalpackages.com\/fr\/#organization\"},\"potentialAction\":[{\"@type\":\"SearchAction\",\"target\":{\"@type\":\"EntryPoint\",\"urlTemplate\":\"https:\/\/bestmedicalpackages.com\/fr\/?s={search_term_string}\"},\"query-input\":{\"@type\":\"PropertyValueSpecification\",\"valueRequired\":true,\"valueName\":\"search_term_string\"}}],\"inLanguage\":\"fr-FR\"},{\"@type\":\"Organization\",\"@id\":\"https:\/\/bestmedicalpackages.com\/fr\/#organization\",\"name\":\"Best Medical Packages\",\"url\":\"https:\/\/bestmedicalpackages.com\/fr\/\",\"logo\":{\"@type\":\"ImageObject\",\"inLanguage\":\"fr-FR\",\"@id\":\"https:\/\/bestmedicalpackages.com\/fr\/#\/schema\/logo\/image\/\",\"url\":\"https:\/\/bestmedicalpackages.com\/wp-content\/uploads\/2023\/02\/logo.png\",\"contentUrl\":\"https:\/\/bestmedicalpackages.com\/wp-content\/uploads\/2023\/02\/logo.png\",\"width\":308,\"height\":106,\"caption\":\"Best Medical Packages\"},\"image\":{\"@id\":\"https:\/\/bestmedicalpackages.com\/fr\/#\/schema\/logo\/image\/\"},\"sameAs\":[\"https:\/\/www.instagram.com\/medicalpackages\/\"]}]}<\/script>\n<meta property=\"product:price:amount\" content=\"7350\" \/>\n<meta property=\"product:price:currency\" content=\"USD\" \/>\n<meta property=\"og:availability\" content=\"instock\" \/>\n<meta property=\"product:availability\" content=\"instock\" \/>\n<meta property=\"product:condition\" content=\"new\" \/>\n<!-- \/ Yoast SEO Premium plugin. -->","yoast_head_json":{"title":"Tube gastrique Chirurgie - Best Medical Packages (7.350&#36;)","description":"Vous pouvez trouver des informations sur Tube gastrique - Best Medical Packages (7.350&#36;)","robots":{"index":"index","follow":"follow","max-snippet":"max-snippet:-1","max-image-preview":"max-image-preview:large","max-video-preview":"max-video-preview:-1"},"canonical":"https:\/\/bestmedicalpackages.com\/fr\/produit\/sleeve-gastrique\/","og_locale":"fr_FR","og_type":"article","og_title":"Tube gastrique","og_description":"Vous pouvez trouver des informations sur Tube gastrique - Best Medical Packages (7.350&#36;)","og_url":"https:\/\/bestmedicalpackages.com\/fr\/produit\/sleeve-gastrique\/","og_site_name":"Best Medical Packages","article_modified_time":"2025-08-27T14:51:09+00:00","og_image":[{"width":800,"height":800,"url":"https:\/\/bestmedicalpackages.com\/wp-content\/uploads\/2025\/02\/GastricSleeve.jpg","type":"image\/jpeg"}],"twitter_card":"summary_large_image","twitter_misc":{"Prix":"7.350&#36;","Disponibilit\u00e9":"En stock"},"schema":{"@context":"https:\/\/schema.org","@graph":[{"@type":"WebPage","@id":"https:\/\/bestmedicalpackages.com\/fr\/produit\/sleeve-gastrique\/","url":"https:\/\/bestmedicalpackages.com\/fr\/produit\/sleeve-gastrique\/","name":"Tube gastrique Chirurgie - Best Medical Packages (7.350&#36;)","isPartOf":{"@id":"https:\/\/bestmedicalpackages.com\/fr\/#website"},"primaryImageOfPage":{"@id":"https:\/\/bestmedicalpackages.com\/fr\/produit\/sleeve-gastrique\/#primaryimage"},"image":{"@id":"https:\/\/bestmedicalpackages.com\/fr\/produit\/sleeve-gastrique\/#primaryimage"},"thumbnailUrl":"https:\/\/bestmedical.b-cdn.net\/wp-content\/uploads\/2025\/02\/GastricSleeve.jpg","datePublished":"2025-02-07T12:14:35+00:00","dateModified":"2025-08-27T14:51:09+00:00","description":"Vous pouvez trouver des informations sur Tube gastrique - Best Medical Packages (7.350&#36;)","breadcrumb":{"@id":"https:\/\/bestmedicalpackages.com\/fr\/produit\/sleeve-gastrique\/#breadcrumb"},"inLanguage":"fr-FR","potentialAction":[{"@type":"ReadAction","target":["https:\/\/bestmedicalpackages.com\/fr\/produit\/sleeve-gastrique\/"]}]},{"@type":"ImageObject","inLanguage":"fr-FR","@id":"https:\/\/bestmedicalpackages.com\/fr\/produit\/sleeve-gastrique\/#primaryimage","url":"https:\/\/bestmedical.b-cdn.net\/wp-content\/uploads\/2025\/02\/GastricSleeve.jpg","contentUrl":"https:\/\/bestmedical.b-cdn.net\/wp-content\/uploads\/2025\/02\/GastricSleeve.jpg","width":800,"height":800,"caption":"GastricSleeve"},{"@type":"BreadcrumbList","@id":"https:\/\/bestmedicalpackages.com\/fr\/produit\/sleeve-gastrique\/#breadcrumb","itemListElement":[{"@type":"ListItem","position":1,"name":"Home of Best Medical Packages","item":"https:\/\/bestmedicalpackages.com\/fr\/accueil\/"},{"@type":"ListItem","position":2,"name":"Procedures","item":"https:\/\/bestmedicalpackages.com\/procedures\/"},{"@type":"ListItem","position":3,"name":"Tube gastrique"}]},{"@type":"WebSite","@id":"https:\/\/bestmedicalpackages.com\/fr\/#website","url":"https:\/\/bestmedicalpackages.com\/fr\/","name":"Best Medical Packages","description":"Best medical packages for male and female patients.","publisher":{"@id":"https:\/\/bestmedicalpackages.com\/fr\/#organization"},"potentialAction":[{"@type":"SearchAction","target":{"@type":"EntryPoint","urlTemplate":"https:\/\/bestmedicalpackages.com\/fr\/?s={search_term_string}"},"query-input":{"@type":"PropertyValueSpecification","valueRequired":true,"valueName":"search_term_string"}}],"inLanguage":"fr-FR"},{"@type":"Organization","@id":"https:\/\/bestmedicalpackages.com\/fr\/#organization","name":"Best Medical Packages","url":"https:\/\/bestmedicalpackages.com\/fr\/","logo":{"@type":"ImageObject","inLanguage":"fr-FR","@id":"https:\/\/bestmedicalpackages.com\/fr\/#\/schema\/logo\/image\/","url":"https:\/\/bestmedicalpackages.com\/wp-content\/uploads\/2023\/02\/logo.png","contentUrl":"https:\/\/bestmedicalpackages.com\/wp-content\/uploads\/2023\/02\/logo.png","width":308,"height":106,"caption":"Best Medical Packages"},"image":{"@id":"https:\/\/bestmedicalpackages.com\/fr\/#\/schema\/logo\/image\/"},"sameAs":["https:\/\/www.instagram.com\/medicalpackages\/"]}]},"product_price_amount":"7350","product_price_currency":"USD","og_availability":"instock","product_availability":"instock","product_condition":"new"},"_links":{"self":[{"href":"https:\/\/bestmedicalpackages.com\/fr\/wp-json\/wp\/v2\/product\/6802","targetHints":{"allow":["GET"]}}],"collection":[{"href":"https:\/\/bestmedicalpackages.com\/fr\/wp-json\/wp\/v2\/product"}],"about":[{"href":"https:\/\/bestmedicalpackages.com\/fr\/wp-json\/wp\/v2\/types\/product"}],"replies":[{"embeddable":true,"href":"https:\/\/bestmedicalpackages.com\/fr\/wp-json\/wp\/v2\/comments?post=6802"}],"wp:featuredmedia":[{"embeddable":true,"href":"https:\/\/bestmedicalpackages.com\/fr\/wp-json\/wp\/v2\/media\/7305"}],"wp:attachment":[{"href":"https:\/\/bestmedicalpackages.com\/fr\/wp-json\/wp\/v2\/media?parent=6802"}],"wp:term":[{"taxonomy":"product_brand","embeddable":true,"href":"https:\/\/bestmedicalpackages.com\/fr\/wp-json\/wp\/v2\/product_brand?post=6802"},{"taxonomy":"product_cat","embeddable":true,"href":"https:\/\/bestmedicalpackages.com\/fr\/wp-json\/wp\/v2\/product_cat?post=6802"},{"taxonomy":"product_tag","embeddable":true,"href":"https:\/\/bestmedicalpackages.com\/fr\/wp-json\/wp\/v2\/product_tag?post=6802"}],"curies":[{"name":"wp","href":"https:\/\/api.w.org\/{rel}","templated":true}]}}