{"id":6848,"date":"2025-06-28T23:32:08","date_gmt":"2025-06-28T20:32:08","guid":{"rendered":"https:\/\/new.bestmedicalpackages.com\/package\/otoplastie\/"},"modified":"2025-08-26T18:47:01","modified_gmt":"2025-08-26T15:47:01","slug":"otoplastie","status":"publish","type":"product","link":"https:\/\/bestmedicalpackages.com\/fr\/produit\/otoplastie\/","title":{"rendered":"Otoplastie"},"content":{"rendered":"<p>L&rsquo;<strong>otoplastie<\/strong>, commun\u00e9ment appel\u00e9e chirurgie des oreilles, est une intervention esth\u00e9tique destin\u00e9e \u00e0 remodeler, redimensionner ou repositionner les oreilles pro\u00e9minentes ou asym\u00e9triques pour leur donner une apparence plus \u00e9quilibr\u00e9e et naturelle. Id\u00e9ale pour les enfants (\u00e0 partir de 5 ans) et les adultes, cette intervention permet de rem\u00e9dier \u00e0 des probl\u00e8mes tels que <strong>de grandes oreilles, des lobes \u00e9tir\u00e9s ou des cartilages mal form\u00e9s<\/strong>, ce qui renforce la confiance en soi et r\u00e9duit la g\u00eane. L&rsquo;intervention consiste g\u00e9n\u00e9ralement \u00e0 remodeler le cartilage par des incisions discr\u00e8tes derri\u00e8re les oreilles. Les r\u00e9sultats sont visibles une fois que l&rsquo;\u0153d\u00e8me a disparu, au bout de <strong>2 \u00e0 3 semaines<\/strong>. La convalescence comprend le port d&rsquo;un bandeau de protection pendant une <strong>\u00e0 deux semaines<\/strong>. La plupart des patients retournent \u00e0 l&rsquo;\u00e9cole ou au travail au bout de <strong>cinq \u00e0 sept jours<\/strong>. R\u00e9alis\u00e9e sous anesth\u00e9sie locale ou g\u00e9n\u00e9rale, l&rsquo;otoplastie offre des r\u00e9sultats permanents et subtils. Le choix d&rsquo;un <strong>chirurgien plasticien certifi\u00e9<\/strong> vous garantit pr\u00e9cision et s\u00e9curit\u00e9 pour des oreilles en harmonie avec les traits de votre visage.     <\/p>\n","protected":false},"excerpt":{"rendered":"<ul>\n<li>Chirurgien certifi\u00e9 membre du conseil d&rsquo;administration<\/li>\n<li>Consultation pr\u00e9-op\u00e9ratoire en ligne<\/li>\n<li>Consultation physique<\/li>\n<li>Num\u00e9ration formule sanguine<\/li>\n<li>Anesth\u00e9sie g\u00e9n\u00e9rale<\/li>\n<li>M\u00e9dicaments<\/li>\n<li>Contr\u00f4les post-op\u00e9ratoires, Kit m\u00e9dical post-op\u00e9ratoire<\/li>\n<li>Un service personnalis\u00e9 pour les patients<\/li>\n<li>(anglais, fran\u00e7ais, espagnol, italien)<\/li>\n<li>Assistance en ligne 24\/7<\/li>\n<\/ul>\n","protected":false},"featured_media":7400,"comment_status":"closed","ping_status":"closed","template":"","meta":[],"product_brand":[],"product_cat":[992],"product_tag":[574,345,232,1063,233],"class_list":{"0":"post-6848","1":"product","2":"type-product","3":"status-publish","4":"has-post-thumbnail","6":"product_cat-chirurgie-plastique","7":"product_tag-ear-fr","8":"product_tag-epinglage-des-oreilles","9":"product_tag-istanbul-fr","10":"product_tag-otoplastie","11":"product_tag-turquie","13":"first","14":"instock","15":"shipping-taxable","16":"product-type-simple"},"yoast_head":"<!-- This site is optimized with the Yoast SEO Premium plugin v22.1 (Yoast SEO v27.2) - https:\/\/yoast.com\/product\/yoast-seo-premium-wordpress\/ -->\n<title>Otoplastie Chirurgie - Best Medical Packages (2.200&#036;)<\/title>\n<meta name=\"description\" content=\"Vous pouvez trouver des informations sur Otoplastie - Best Medical Packages (2.200&#036;)\" \/>\n<meta name=\"robots\" content=\"index, follow, max-snippet:-1, max-image-preview:large, max-video-preview:-1\" \/>\n<link rel=\"canonical\" href=\"https:\/\/bestmedicalpackages.com\/fr\/produit\/otoplastie\/\" \/>\n<meta property=\"og:locale\" content=\"fr_FR\" \/>\n<meta property=\"og:type\" content=\"article\" \/>\n<meta property=\"og:title\" content=\"Otoplastie\" \/>\n<meta property=\"og:description\" content=\"Vous pouvez trouver des informations sur Otoplastie - Best Medical Packages (2.200&#036;)\" \/>\n<meta property=\"og:url\" content=\"https:\/\/bestmedicalpackages.com\/fr\/produit\/otoplastie\/\" \/>\n<meta property=\"og:site_name\" content=\"Best Medical Packages\" \/>\n<meta property=\"article:modified_time\" content=\"2025-08-26T15:47:01+00:00\" \/>\n<meta property=\"og:image\" content=\"https:\/\/bestmedicalpackages.com\/wp-content\/uploads\/2025\/06\/Otoplasty.jpg\" \/>\n\t<meta property=\"og:image:width\" content=\"843\" \/>\n\t<meta property=\"og:image:height\" content=\"843\" \/>\n\t<meta property=\"og:image:type\" content=\"image\/jpeg\" \/>\n<meta name=\"twitter:card\" content=\"summary_large_image\" \/>\n<meta name=\"twitter:label1\" content=\"Prix\" \/>\n\t<meta name=\"twitter:data1\" content=\"2.200&#036;\" \/>\n\t<meta name=\"twitter:label2\" content=\"Disponibilit\u00e9\" \/>\n\t<meta name=\"twitter:data2\" content=\"En stock\" \/>\n<script type=\"application\/ld+json\" class=\"yoast-schema-graph\">{\"@context\":\"https:\/\/schema.org\",\"@graph\":[{\"@type\":\"WebPage\",\"@id\":\"https:\/\/bestmedicalpackages.com\/fr\/produit\/otoplastie\/\",\"url\":\"https:\/\/bestmedicalpackages.com\/fr\/produit\/otoplastie\/\",\"name\":\"Otoplastie Chirurgie - Best Medical Packages (2.200&#36;)\",\"isPartOf\":{\"@id\":\"https:\/\/bestmedicalpackages.com\/fr\/#website\"},\"primaryImageOfPage\":{\"@id\":\"https:\/\/bestmedicalpackages.com\/fr\/produit\/otoplastie\/#primaryimage\"},\"image\":{\"@id\":\"https:\/\/bestmedicalpackages.com\/fr\/produit\/otoplastie\/#primaryimage\"},\"thumbnailUrl\":\"https:\/\/bestmedical.b-cdn.net\/wp-content\/uploads\/2025\/06\/Otoplasty.jpg\",\"datePublished\":\"2025-06-28T20:32:08+00:00\",\"dateModified\":\"2025-08-26T15:47:01+00:00\",\"description\":\"Vous pouvez trouver des informations sur Otoplastie - Best Medical Packages (2.200&#36;)\",\"breadcrumb\":{\"@id\":\"https:\/\/bestmedicalpackages.com\/fr\/produit\/otoplastie\/#breadcrumb\"},\"inLanguage\":\"fr-FR\",\"potentialAction\":[{\"@type\":\"ReadAction\",\"target\":[\"https:\/\/bestmedicalpackages.com\/fr\/produit\/otoplastie\/\"]}]},{\"@type\":\"ImageObject\",\"inLanguage\":\"fr-FR\",\"@id\":\"https:\/\/bestmedicalpackages.com\/fr\/produit\/otoplastie\/#primaryimage\",\"url\":\"https:\/\/bestmedical.b-cdn.net\/wp-content\/uploads\/2025\/06\/Otoplasty.jpg\",\"contentUrl\":\"https:\/\/bestmedical.b-cdn.net\/wp-content\/uploads\/2025\/06\/Otoplasty.jpg\",\"width\":843,\"height\":843,\"caption\":\"Otoplasty\"},{\"@type\":\"BreadcrumbList\",\"@id\":\"https:\/\/bestmedicalpackages.com\/fr\/produit\/otoplastie\/#breadcrumb\",\"itemListElement\":[{\"@type\":\"ListItem\",\"position\":1,\"name\":\"Home of Best Medical Packages\",\"item\":\"https:\/\/bestmedicalpackages.com\/fr\/accueil\/\"},{\"@type\":\"ListItem\",\"position\":2,\"name\":\"Procedures\",\"item\":\"https:\/\/bestmedicalpackages.com\/procedures\/\"},{\"@type\":\"ListItem\",\"position\":3,\"name\":\"Otoplastie\"}]},{\"@type\":\"WebSite\",\"@id\":\"https:\/\/bestmedicalpackages.com\/fr\/#website\",\"url\":\"https:\/\/bestmedicalpackages.com\/fr\/\",\"name\":\"Best Medical Packages\",\"description\":\"Best medical packages for male and female patients.\",\"publisher\":{\"@id\":\"https:\/\/bestmedicalpackages.com\/fr\/#organization\"},\"potentialAction\":[{\"@type\":\"SearchAction\",\"target\":{\"@type\":\"EntryPoint\",\"urlTemplate\":\"https:\/\/bestmedicalpackages.com\/fr\/?s={search_term_string}\"},\"query-input\":{\"@type\":\"PropertyValueSpecification\",\"valueRequired\":true,\"valueName\":\"search_term_string\"}}],\"inLanguage\":\"fr-FR\"},{\"@type\":\"Organization\",\"@id\":\"https:\/\/bestmedicalpackages.com\/fr\/#organization\",\"name\":\"Best Medical Packages\",\"url\":\"https:\/\/bestmedicalpackages.com\/fr\/\",\"logo\":{\"@type\":\"ImageObject\",\"inLanguage\":\"fr-FR\",\"@id\":\"https:\/\/bestmedicalpackages.com\/fr\/#\/schema\/logo\/image\/\",\"url\":\"https:\/\/bestmedicalpackages.com\/wp-content\/uploads\/2023\/02\/logo.png\",\"contentUrl\":\"https:\/\/bestmedicalpackages.com\/wp-content\/uploads\/2023\/02\/logo.png\",\"width\":308,\"height\":106,\"caption\":\"Best Medical Packages\"},\"image\":{\"@id\":\"https:\/\/bestmedicalpackages.com\/fr\/#\/schema\/logo\/image\/\"},\"sameAs\":[\"https:\/\/www.instagram.com\/medicalpackages\/\"]}]}<\/script>\n<meta property=\"product:price:amount\" content=\"2200\" \/>\n<meta property=\"product:price:currency\" content=\"USD\" \/>\n<meta property=\"og:availability\" content=\"instock\" \/>\n<meta property=\"product:availability\" content=\"instock\" \/>\n<meta property=\"product:condition\" content=\"new\" \/>\n<!-- \/ Yoast SEO Premium plugin. -->","yoast_head_json":{"title":"Otoplastie Chirurgie - Best Medical Packages (2.200&#36;)","description":"Vous pouvez trouver des informations sur Otoplastie - Best Medical Packages (2.200&#36;)","robots":{"index":"index","follow":"follow","max-snippet":"max-snippet:-1","max-image-preview":"max-image-preview:large","max-video-preview":"max-video-preview:-1"},"canonical":"https:\/\/bestmedicalpackages.com\/fr\/produit\/otoplastie\/","og_locale":"fr_FR","og_type":"article","og_title":"Otoplastie","og_description":"Vous pouvez trouver des informations sur Otoplastie - Best Medical Packages (2.200&#36;)","og_url":"https:\/\/bestmedicalpackages.com\/fr\/produit\/otoplastie\/","og_site_name":"Best Medical Packages","article_modified_time":"2025-08-26T15:47:01+00:00","og_image":[{"width":843,"height":843,"url":"https:\/\/bestmedicalpackages.com\/wp-content\/uploads\/2025\/06\/Otoplasty.jpg","type":"image\/jpeg"}],"twitter_card":"summary_large_image","twitter_misc":{"Prix":"2.200&#36;","Disponibilit\u00e9":"En stock"},"schema":{"@context":"https:\/\/schema.org","@graph":[{"@type":"WebPage","@id":"https:\/\/bestmedicalpackages.com\/fr\/produit\/otoplastie\/","url":"https:\/\/bestmedicalpackages.com\/fr\/produit\/otoplastie\/","name":"Otoplastie Chirurgie - Best Medical Packages (2.200&#36;)","isPartOf":{"@id":"https:\/\/bestmedicalpackages.com\/fr\/#website"},"primaryImageOfPage":{"@id":"https:\/\/bestmedicalpackages.com\/fr\/produit\/otoplastie\/#primaryimage"},"image":{"@id":"https:\/\/bestmedicalpackages.com\/fr\/produit\/otoplastie\/#primaryimage"},"thumbnailUrl":"https:\/\/bestmedical.b-cdn.net\/wp-content\/uploads\/2025\/06\/Otoplasty.jpg","datePublished":"2025-06-28T20:32:08+00:00","dateModified":"2025-08-26T15:47:01+00:00","description":"Vous pouvez trouver des informations sur Otoplastie - Best Medical Packages (2.200&#36;)","breadcrumb":{"@id":"https:\/\/bestmedicalpackages.com\/fr\/produit\/otoplastie\/#breadcrumb"},"inLanguage":"fr-FR","potentialAction":[{"@type":"ReadAction","target":["https:\/\/bestmedicalpackages.com\/fr\/produit\/otoplastie\/"]}]},{"@type":"ImageObject","inLanguage":"fr-FR","@id":"https:\/\/bestmedicalpackages.com\/fr\/produit\/otoplastie\/#primaryimage","url":"https:\/\/bestmedical.b-cdn.net\/wp-content\/uploads\/2025\/06\/Otoplasty.jpg","contentUrl":"https:\/\/bestmedical.b-cdn.net\/wp-content\/uploads\/2025\/06\/Otoplasty.jpg","width":843,"height":843,"caption":"Otoplasty"},{"@type":"BreadcrumbList","@id":"https:\/\/bestmedicalpackages.com\/fr\/produit\/otoplastie\/#breadcrumb","itemListElement":[{"@type":"ListItem","position":1,"name":"Home of Best Medical Packages","item":"https:\/\/bestmedicalpackages.com\/fr\/accueil\/"},{"@type":"ListItem","position":2,"name":"Procedures","item":"https:\/\/bestmedicalpackages.com\/procedures\/"},{"@type":"ListItem","position":3,"name":"Otoplastie"}]},{"@type":"WebSite","@id":"https:\/\/bestmedicalpackages.com\/fr\/#website","url":"https:\/\/bestmedicalpackages.com\/fr\/","name":"Best Medical Packages","description":"Best medical packages for male and female patients.","publisher":{"@id":"https:\/\/bestmedicalpackages.com\/fr\/#organization"},"potentialAction":[{"@type":"SearchAction","target":{"@type":"EntryPoint","urlTemplate":"https:\/\/bestmedicalpackages.com\/fr\/?s={search_term_string}"},"query-input":{"@type":"PropertyValueSpecification","valueRequired":true,"valueName":"search_term_string"}}],"inLanguage":"fr-FR"},{"@type":"Organization","@id":"https:\/\/bestmedicalpackages.com\/fr\/#organization","name":"Best Medical Packages","url":"https:\/\/bestmedicalpackages.com\/fr\/","logo":{"@type":"ImageObject","inLanguage":"fr-FR","@id":"https:\/\/bestmedicalpackages.com\/fr\/#\/schema\/logo\/image\/","url":"https:\/\/bestmedicalpackages.com\/wp-content\/uploads\/2023\/02\/logo.png","contentUrl":"https:\/\/bestmedicalpackages.com\/wp-content\/uploads\/2023\/02\/logo.png","width":308,"height":106,"caption":"Best Medical Packages"},"image":{"@id":"https:\/\/bestmedicalpackages.com\/fr\/#\/schema\/logo\/image\/"},"sameAs":["https:\/\/www.instagram.com\/medicalpackages\/"]}]},"product_price_amount":"2200","product_price_currency":"USD","og_availability":"instock","product_availability":"instock","product_condition":"new"},"_links":{"self":[{"href":"https:\/\/bestmedicalpackages.com\/fr\/wp-json\/wp\/v2\/product\/6848","targetHints":{"allow":["GET"]}}],"collection":[{"href":"https:\/\/bestmedicalpackages.com\/fr\/wp-json\/wp\/v2\/product"}],"about":[{"href":"https:\/\/bestmedicalpackages.com\/fr\/wp-json\/wp\/v2\/types\/product"}],"replies":[{"embeddable":true,"href":"https:\/\/bestmedicalpackages.com\/fr\/wp-json\/wp\/v2\/comments?post=6848"}],"wp:featuredmedia":[{"embeddable":true,"href":"https:\/\/bestmedicalpackages.com\/fr\/wp-json\/wp\/v2\/media\/7400"}],"wp:attachment":[{"href":"https:\/\/bestmedicalpackages.com\/fr\/wp-json\/wp\/v2\/media?parent=6848"}],"wp:term":[{"taxonomy":"product_brand","embeddable":true,"href":"https:\/\/bestmedicalpackages.com\/fr\/wp-json\/wp\/v2\/product_brand?post=6848"},{"taxonomy":"product_cat","embeddable":true,"href":"https:\/\/bestmedicalpackages.com\/fr\/wp-json\/wp\/v2\/product_cat?post=6848"},{"taxonomy":"product_tag","embeddable":true,"href":"https:\/\/bestmedicalpackages.com\/fr\/wp-json\/wp\/v2\/product_tag?post=6848"}],"curies":[{"name":"wp","href":"https:\/\/api.w.org\/{rel}","templated":true}]}}