{"id":6873,"date":"2025-07-23T14:23:07","date_gmt":"2025-07-23T11:23:07","guid":{"rendered":"https:\/\/new.bestmedicalpackages.com\/package\/implant-du-menton-et-de-la-machoire\/"},"modified":"2025-08-26T18:47:45","modified_gmt":"2025-08-26T15:47:45","slug":"implant-du-menton-et-de-la-machoire","status":"publish","type":"product","link":"https:\/\/bestmedicalpackages.com\/fr\/produit\/implant-du-menton-et-de-la-machoire\/","title":{"rendered":"Implant du menton et de la m\u00e2choire"},"content":{"rendered":"<p>Un implant du menton, \u00e9galement connu sous le nom de g\u00e9nioplastie ou d&rsquo;augmentation mentonni\u00e8re, est une intervention chirurgicale con\u00e7ue pour am\u00e9liorer la taille et la projection du menton. Cette chirurgie esth\u00e9tique implique la mise en place d&rsquo;un implant afin d&rsquo;am\u00e9liorer l&rsquo;\u00e9quilibre et les proportions des traits du visage, en particulier le profil.<br \/>\nUn implant de la m\u00e2choire, \u00e9galement appel\u00e9 augmentation mandibulaire ou augmentation de la ligne de la m\u00e2choire, est une proc\u00e9dure de chirurgie esth\u00e9tique con\u00e7ue pour am\u00e9liorer la taille et la d\u00e9finition de la m\u00e2choire. Cette intervention chirurgicale implique la mise en place d&rsquo;un implant pour augmenter la m\u00e2choire inf\u00e9rieure, offrant ainsi une ligne de m\u00e2choire plus sculpt\u00e9e et d\u00e9finie. L&rsquo;objectif est de cr\u00e9er une harmonie et un \u00e9quilibre facial en am\u00e9liorant les proportions de la partie inf\u00e9rieure du visage.   <\/p>\n","protected":false},"excerpt":{"rendered":"<ul>\n<li>Chirurgien certifi\u00e9 membre du conseil d&rsquo;administration<\/li>\n<li>Consultation pr\u00e9-op\u00e9ratoire en ligne<\/li>\n<li>Consultation physique<\/li>\n<li>Num\u00e9ration formule sanguine<\/li>\n<li>Anesth\u00e9sie g\u00e9n\u00e9rale<\/li>\n<li>M\u00e9dicaments<\/li>\n<li>Contr\u00f4les post-op\u00e9ratoires, Kit m\u00e9dical post-op\u00e9ratoire<\/li>\n<li>Un service personnalis\u00e9 pour les patients<\/li>\n<li>(anglais, fran\u00e7ais, espagnol, italien)<\/li>\n<li>Assistance en ligne 24\/7<\/li>\n<\/ul>\n","protected":false},"featured_media":6636,"comment_status":"open","ping_status":"closed","template":"","meta":[],"product_brand":[],"product_cat":[992],"product_tag":[311,256,232,233],"class_list":{"0":"post-6873","1":"product","2":"type-product","3":"status-publish","4":"has-post-thumbnail","6":"product_cat-chirurgie-plastique","7":"product_tag-implantation-de-la-machoire","8":"product_tag-implantation-du-menton","9":"product_tag-istanbul-fr","10":"product_tag-turquie","12":"first","13":"instock","14":"shipping-taxable","15":"product-type-simple"},"yoast_head":"<!-- This site is optimized with the Yoast SEO Premium plugin v22.1 (Yoast SEO v27.2) - https:\/\/yoast.com\/product\/yoast-seo-premium-wordpress\/ -->\n<title>Implant du menton et de la m\u00e2choire Chirurgie - Best Medical Packages (10.100&#036;)<\/title>\n<meta name=\"description\" content=\"Vous pouvez trouver des informations sur Implant du menton et de la m\u00e2choire - Best Medical Packages (10.100&#036;)\" \/>\n<meta name=\"robots\" content=\"index, follow, max-snippet:-1, max-image-preview:large, max-video-preview:-1\" \/>\n<link rel=\"canonical\" href=\"https:\/\/bestmedicalpackages.com\/fr\/produit\/implant-du-menton-et-de-la-machoire\/\" \/>\n<meta property=\"og:locale\" content=\"fr_FR\" \/>\n<meta property=\"og:type\" content=\"article\" \/>\n<meta property=\"og:title\" content=\"Implant du menton et de la m\u00e2choire\" \/>\n<meta property=\"og:description\" content=\"Vous pouvez trouver des informations sur Implant du menton et de la m\u00e2choire - Best Medical Packages (10.100&#036;)\" \/>\n<meta property=\"og:url\" content=\"https:\/\/bestmedicalpackages.com\/fr\/produit\/implant-du-menton-et-de-la-machoire\/\" \/>\n<meta property=\"og:site_name\" content=\"Best Medical Packages\" \/>\n<meta property=\"article:modified_time\" content=\"2025-08-26T15:47:45+00:00\" \/>\n<meta property=\"og:image\" content=\"https:\/\/bestmedicalpackages.com\/wp-content\/uploads\/2024\/01\/chin-jaw-implant-2.jpg\" \/>\n\t<meta property=\"og:image:width\" content=\"800\" \/>\n\t<meta property=\"og:image:height\" content=\"800\" \/>\n\t<meta property=\"og:image:type\" content=\"image\/jpeg\" \/>\n<meta name=\"twitter:card\" content=\"summary_large_image\" \/>\n<meta name=\"twitter:label1\" content=\"Prix\" \/>\n\t<meta name=\"twitter:data1\" content=\"10.100&#036;\" \/>\n\t<meta name=\"twitter:label2\" content=\"Disponibilit\u00e9\" \/>\n\t<meta name=\"twitter:data2\" content=\"En stock\" \/>\n<script type=\"application\/ld+json\" class=\"yoast-schema-graph\">{\"@context\":\"https:\/\/schema.org\",\"@graph\":[{\"@type\":\"WebPage\",\"@id\":\"https:\/\/bestmedicalpackages.com\/fr\/produit\/implant-du-menton-et-de-la-machoire\/\",\"url\":\"https:\/\/bestmedicalpackages.com\/fr\/produit\/implant-du-menton-et-de-la-machoire\/\",\"name\":\"Implant du menton et de la m\u00e2choire Chirurgie - Best Medical Packages (10.100&#36;)\",\"isPartOf\":{\"@id\":\"https:\/\/bestmedicalpackages.com\/fr\/#website\"},\"primaryImageOfPage\":{\"@id\":\"https:\/\/bestmedicalpackages.com\/fr\/produit\/implant-du-menton-et-de-la-machoire\/#primaryimage\"},\"image\":{\"@id\":\"https:\/\/bestmedicalpackages.com\/fr\/produit\/implant-du-menton-et-de-la-machoire\/#primaryimage\"},\"thumbnailUrl\":\"https:\/\/bestmedical.b-cdn.net\/wp-content\/uploads\/2024\/01\/chin-jaw-implant-2.jpg\",\"datePublished\":\"2025-07-23T11:23:07+00:00\",\"dateModified\":\"2025-08-26T15:47:45+00:00\",\"description\":\"Vous pouvez trouver des informations sur Implant du menton et de la m\u00e2choire - Best Medical Packages (10.100&#36;)\",\"breadcrumb\":{\"@id\":\"https:\/\/bestmedicalpackages.com\/fr\/produit\/implant-du-menton-et-de-la-machoire\/#breadcrumb\"},\"inLanguage\":\"fr-FR\",\"potentialAction\":[{\"@type\":\"ReadAction\",\"target\":[\"https:\/\/bestmedicalpackages.com\/fr\/produit\/implant-du-menton-et-de-la-machoire\/\"]}]},{\"@type\":\"ImageObject\",\"inLanguage\":\"fr-FR\",\"@id\":\"https:\/\/bestmedicalpackages.com\/fr\/produit\/implant-du-menton-et-de-la-machoire\/#primaryimage\",\"url\":\"https:\/\/bestmedical.b-cdn.net\/wp-content\/uploads\/2024\/01\/chin-jaw-implant-2.jpg\",\"contentUrl\":\"https:\/\/bestmedical.b-cdn.net\/wp-content\/uploads\/2024\/01\/chin-jaw-implant-2.jpg\",\"width\":800,\"height\":800,\"caption\":\"chin jaw implant 2\"},{\"@type\":\"BreadcrumbList\",\"@id\":\"https:\/\/bestmedicalpackages.com\/fr\/produit\/implant-du-menton-et-de-la-machoire\/#breadcrumb\",\"itemListElement\":[{\"@type\":\"ListItem\",\"position\":1,\"name\":\"Home of Best Medical Packages\",\"item\":\"https:\/\/bestmedicalpackages.com\/fr\/accueil\/\"},{\"@type\":\"ListItem\",\"position\":2,\"name\":\"Procedures\",\"item\":\"https:\/\/bestmedicalpackages.com\/procedures\/\"},{\"@type\":\"ListItem\",\"position\":3,\"name\":\"Implant du menton et de la m\u00e2choire\"}]},{\"@type\":\"WebSite\",\"@id\":\"https:\/\/bestmedicalpackages.com\/fr\/#website\",\"url\":\"https:\/\/bestmedicalpackages.com\/fr\/\",\"name\":\"Best Medical Packages\",\"description\":\"Best medical packages for male and female patients.\",\"publisher\":{\"@id\":\"https:\/\/bestmedicalpackages.com\/fr\/#organization\"},\"potentialAction\":[{\"@type\":\"SearchAction\",\"target\":{\"@type\":\"EntryPoint\",\"urlTemplate\":\"https:\/\/bestmedicalpackages.com\/fr\/?s={search_term_string}\"},\"query-input\":{\"@type\":\"PropertyValueSpecification\",\"valueRequired\":true,\"valueName\":\"search_term_string\"}}],\"inLanguage\":\"fr-FR\"},{\"@type\":\"Organization\",\"@id\":\"https:\/\/bestmedicalpackages.com\/fr\/#organization\",\"name\":\"Best Medical Packages\",\"url\":\"https:\/\/bestmedicalpackages.com\/fr\/\",\"logo\":{\"@type\":\"ImageObject\",\"inLanguage\":\"fr-FR\",\"@id\":\"https:\/\/bestmedicalpackages.com\/fr\/#\/schema\/logo\/image\/\",\"url\":\"https:\/\/bestmedicalpackages.com\/wp-content\/uploads\/2023\/02\/logo.png\",\"contentUrl\":\"https:\/\/bestmedicalpackages.com\/wp-content\/uploads\/2023\/02\/logo.png\",\"width\":308,\"height\":106,\"caption\":\"Best Medical Packages\"},\"image\":{\"@id\":\"https:\/\/bestmedicalpackages.com\/fr\/#\/schema\/logo\/image\/\"},\"sameAs\":[\"https:\/\/www.instagram.com\/medicalpackages\/\"]}]}<\/script>\n<meta property=\"product:price:amount\" content=\"10100\" \/>\n<meta property=\"product:price:currency\" content=\"USD\" \/>\n<meta property=\"og:availability\" content=\"instock\" \/>\n<meta property=\"product:availability\" content=\"instock\" \/>\n<meta property=\"product:condition\" content=\"new\" \/>\n<!-- \/ Yoast SEO Premium plugin. -->","yoast_head_json":{"title":"Implant du menton et de la m\u00e2choire Chirurgie - Best Medical Packages (10.100&#36;)","description":"Vous pouvez trouver des informations sur Implant du menton et de la m\u00e2choire - Best Medical Packages (10.100&#36;)","robots":{"index":"index","follow":"follow","max-snippet":"max-snippet:-1","max-image-preview":"max-image-preview:large","max-video-preview":"max-video-preview:-1"},"canonical":"https:\/\/bestmedicalpackages.com\/fr\/produit\/implant-du-menton-et-de-la-machoire\/","og_locale":"fr_FR","og_type":"article","og_title":"Implant du menton et de la m\u00e2choire","og_description":"Vous pouvez trouver des informations sur Implant du menton et de la m\u00e2choire - Best Medical Packages (10.100&#36;)","og_url":"https:\/\/bestmedicalpackages.com\/fr\/produit\/implant-du-menton-et-de-la-machoire\/","og_site_name":"Best Medical Packages","article_modified_time":"2025-08-26T15:47:45+00:00","og_image":[{"width":800,"height":800,"url":"https:\/\/bestmedicalpackages.com\/wp-content\/uploads\/2024\/01\/chin-jaw-implant-2.jpg","type":"image\/jpeg"}],"twitter_card":"summary_large_image","twitter_misc":{"Prix":"10.100&#36;","Disponibilit\u00e9":"En stock"},"schema":{"@context":"https:\/\/schema.org","@graph":[{"@type":"WebPage","@id":"https:\/\/bestmedicalpackages.com\/fr\/produit\/implant-du-menton-et-de-la-machoire\/","url":"https:\/\/bestmedicalpackages.com\/fr\/produit\/implant-du-menton-et-de-la-machoire\/","name":"Implant du menton et de la m\u00e2choire Chirurgie - Best Medical Packages (10.100&#36;)","isPartOf":{"@id":"https:\/\/bestmedicalpackages.com\/fr\/#website"},"primaryImageOfPage":{"@id":"https:\/\/bestmedicalpackages.com\/fr\/produit\/implant-du-menton-et-de-la-machoire\/#primaryimage"},"image":{"@id":"https:\/\/bestmedicalpackages.com\/fr\/produit\/implant-du-menton-et-de-la-machoire\/#primaryimage"},"thumbnailUrl":"https:\/\/bestmedical.b-cdn.net\/wp-content\/uploads\/2024\/01\/chin-jaw-implant-2.jpg","datePublished":"2025-07-23T11:23:07+00:00","dateModified":"2025-08-26T15:47:45+00:00","description":"Vous pouvez trouver des informations sur Implant du menton et de la m\u00e2choire - Best Medical Packages (10.100&#36;)","breadcrumb":{"@id":"https:\/\/bestmedicalpackages.com\/fr\/produit\/implant-du-menton-et-de-la-machoire\/#breadcrumb"},"inLanguage":"fr-FR","potentialAction":[{"@type":"ReadAction","target":["https:\/\/bestmedicalpackages.com\/fr\/produit\/implant-du-menton-et-de-la-machoire\/"]}]},{"@type":"ImageObject","inLanguage":"fr-FR","@id":"https:\/\/bestmedicalpackages.com\/fr\/produit\/implant-du-menton-et-de-la-machoire\/#primaryimage","url":"https:\/\/bestmedical.b-cdn.net\/wp-content\/uploads\/2024\/01\/chin-jaw-implant-2.jpg","contentUrl":"https:\/\/bestmedical.b-cdn.net\/wp-content\/uploads\/2024\/01\/chin-jaw-implant-2.jpg","width":800,"height":800,"caption":"chin jaw implant 2"},{"@type":"BreadcrumbList","@id":"https:\/\/bestmedicalpackages.com\/fr\/produit\/implant-du-menton-et-de-la-machoire\/#breadcrumb","itemListElement":[{"@type":"ListItem","position":1,"name":"Home of Best Medical Packages","item":"https:\/\/bestmedicalpackages.com\/fr\/accueil\/"},{"@type":"ListItem","position":2,"name":"Procedures","item":"https:\/\/bestmedicalpackages.com\/procedures\/"},{"@type":"ListItem","position":3,"name":"Implant du menton et de la m\u00e2choire"}]},{"@type":"WebSite","@id":"https:\/\/bestmedicalpackages.com\/fr\/#website","url":"https:\/\/bestmedicalpackages.com\/fr\/","name":"Best Medical Packages","description":"Best medical packages for male and female patients.","publisher":{"@id":"https:\/\/bestmedicalpackages.com\/fr\/#organization"},"potentialAction":[{"@type":"SearchAction","target":{"@type":"EntryPoint","urlTemplate":"https:\/\/bestmedicalpackages.com\/fr\/?s={search_term_string}"},"query-input":{"@type":"PropertyValueSpecification","valueRequired":true,"valueName":"search_term_string"}}],"inLanguage":"fr-FR"},{"@type":"Organization","@id":"https:\/\/bestmedicalpackages.com\/fr\/#organization","name":"Best Medical Packages","url":"https:\/\/bestmedicalpackages.com\/fr\/","logo":{"@type":"ImageObject","inLanguage":"fr-FR","@id":"https:\/\/bestmedicalpackages.com\/fr\/#\/schema\/logo\/image\/","url":"https:\/\/bestmedicalpackages.com\/wp-content\/uploads\/2023\/02\/logo.png","contentUrl":"https:\/\/bestmedicalpackages.com\/wp-content\/uploads\/2023\/02\/logo.png","width":308,"height":106,"caption":"Best Medical Packages"},"image":{"@id":"https:\/\/bestmedicalpackages.com\/fr\/#\/schema\/logo\/image\/"},"sameAs":["https:\/\/www.instagram.com\/medicalpackages\/"]}]},"product_price_amount":"10100","product_price_currency":"USD","og_availability":"instock","product_availability":"instock","product_condition":"new"},"_links":{"self":[{"href":"https:\/\/bestmedicalpackages.com\/fr\/wp-json\/wp\/v2\/product\/6873","targetHints":{"allow":["GET"]}}],"collection":[{"href":"https:\/\/bestmedicalpackages.com\/fr\/wp-json\/wp\/v2\/product"}],"about":[{"href":"https:\/\/bestmedicalpackages.com\/fr\/wp-json\/wp\/v2\/types\/product"}],"replies":[{"embeddable":true,"href":"https:\/\/bestmedicalpackages.com\/fr\/wp-json\/wp\/v2\/comments?post=6873"}],"wp:featuredmedia":[{"embeddable":true,"href":"https:\/\/bestmedicalpackages.com\/fr\/wp-json\/wp\/v2\/media\/6636"}],"wp:attachment":[{"href":"https:\/\/bestmedicalpackages.com\/fr\/wp-json\/wp\/v2\/media?parent=6873"}],"wp:term":[{"taxonomy":"product_brand","embeddable":true,"href":"https:\/\/bestmedicalpackages.com\/fr\/wp-json\/wp\/v2\/product_brand?post=6873"},{"taxonomy":"product_cat","embeddable":true,"href":"https:\/\/bestmedicalpackages.com\/fr\/wp-json\/wp\/v2\/product_cat?post=6873"},{"taxonomy":"product_tag","embeddable":true,"href":"https:\/\/bestmedicalpackages.com\/fr\/wp-json\/wp\/v2\/product_tag?post=6873"}],"curies":[{"name":"wp","href":"https:\/\/api.w.org\/{rel}","templated":true}]}}