{"id":6884,"date":"2025-07-25T18:00:44","date_gmt":"2025-07-25T15:00:44","guid":{"rendered":"https:\/\/new.bestmedicalpackages.com\/package\/gynecomastie-avec-excision\/"},"modified":"2025-08-26T18:46:27","modified_gmt":"2025-08-26T15:46:27","slug":"gynecomastie-avec-excision","status":"publish","type":"product","link":"https:\/\/bestmedicalpackages.com\/fr\/produit\/gynecomastie-avec-excision\/","title":{"rendered":"Gyn\u00e9comastie avec excision"},"content":{"rendered":"<p>La gyn\u00e9comastie avec excision est une intervention chirurgicale au cours de laquelle l&rsquo;exc\u00e8s de tissu mammaire glandulaire, de graisse et de peau est retir\u00e9 de la r\u00e9gion de la poitrine afin de corriger le tissu mammaire masculin pro\u00e9minent appel\u00e9 gyn\u00e9comastie. Cette intervention est le plus souvent pratiqu\u00e9e sur des adolescents et des adultes dont la gyn\u00e9comastie a \u00e9t\u00e9 diagnostiqu\u00e9e.<\/p>\n","protected":false},"excerpt":{"rendered":"<ul>\n<li>Chirurgien certifi\u00e9 membre du conseil d&rsquo;administration<\/li>\n<li>Consultation pr\u00e9-op\u00e9ratoire en ligne<\/li>\n<li>Consultation physique<\/li>\n<li>Num\u00e9ration formule sanguine<\/li>\n<li>Anesth\u00e9sie g\u00e9n\u00e9rale<\/li>\n<li>M\u00e9dicaments<\/li>\n<li>Contr\u00f4les post-op\u00e9ratoires, Kit m\u00e9dical post-op\u00e9ratoire<\/li>\n<li>Un service personnalis\u00e9 pour les patients<\/li>\n<li>(anglais, fran\u00e7ais, espagnol, italien)<\/li>\n<li>Assistance en ligne 24\/7<\/li>\n<\/ul>\n","protected":false},"featured_media":8605,"comment_status":"closed","ping_status":"closed","template":"","meta":[],"product_brand":[],"product_cat":[992],"product_tag":[245,232,243,233],"class_list":{"0":"post-6884","1":"product","2":"type-product","3":"status-publish","4":"has-post-thumbnail","6":"product_cat-chirurgie-plastique","7":"product_tag-gynecomastie","8":"product_tag-istanbul-fr","9":"product_tag-liposuccion","10":"product_tag-turquie","12":"first","13":"instock","14":"shipping-taxable","15":"product-type-simple"},"yoast_head":"<!-- This site is optimized with the Yoast SEO Premium plugin v22.1 (Yoast SEO v27.2) - https:\/\/yoast.com\/product\/yoast-seo-premium-wordpress\/ -->\n<title>Gyn\u00e9comastie avec excision Chirurgie - Best Medical Packages (4.500&#036;)<\/title>\n<meta name=\"description\" content=\"Vous pouvez trouver des informations sur Gyn\u00e9comastie avec excision - Best Medical Packages (4.500&#036;)\" \/>\n<meta name=\"robots\" content=\"index, follow, max-snippet:-1, max-image-preview:large, max-video-preview:-1\" \/>\n<link rel=\"canonical\" href=\"https:\/\/bestmedicalpackages.com\/fr\/produit\/gynecomastie-avec-excision\/\" \/>\n<meta property=\"og:locale\" content=\"fr_FR\" \/>\n<meta property=\"og:type\" content=\"article\" \/>\n<meta property=\"og:title\" content=\"Gyn\u00e9comastie avec excision\" \/>\n<meta property=\"og:description\" content=\"Vous pouvez trouver des informations sur Gyn\u00e9comastie avec excision - Best Medical Packages (4.500&#036;)\" \/>\n<meta property=\"og:url\" content=\"https:\/\/bestmedicalpackages.com\/fr\/produit\/gynecomastie-avec-excision\/\" \/>\n<meta property=\"og:site_name\" content=\"Best Medical Packages\" \/>\n<meta property=\"article:modified_time\" content=\"2025-08-26T15:46:27+00:00\" \/>\n<meta property=\"og:image\" content=\"https:\/\/bestmedicalpackages.com\/wp-content\/uploads\/2025\/07\/GynecomastiawithExcision.jpg\" \/>\n\t<meta property=\"og:image:width\" content=\"1220\" \/>\n\t<meta property=\"og:image:height\" content=\"1220\" \/>\n\t<meta property=\"og:image:type\" content=\"image\/jpeg\" \/>\n<meta name=\"twitter:card\" content=\"summary_large_image\" \/>\n<meta name=\"twitter:label1\" content=\"Prix\" \/>\n\t<meta name=\"twitter:data1\" content=\"4.500&#036;\" \/>\n\t<meta name=\"twitter:label2\" content=\"Disponibilit\u00e9\" \/>\n\t<meta name=\"twitter:data2\" content=\"En stock\" \/>\n<script type=\"application\/ld+json\" class=\"yoast-schema-graph\">{\"@context\":\"https:\/\/schema.org\",\"@graph\":[{\"@type\":\"WebPage\",\"@id\":\"https:\/\/bestmedicalpackages.com\/fr\/produit\/gynecomastie-avec-excision\/\",\"url\":\"https:\/\/bestmedicalpackages.com\/fr\/produit\/gynecomastie-avec-excision\/\",\"name\":\"Gyn\u00e9comastie avec excision Chirurgie - Best Medical Packages (4.500&#36;)\",\"isPartOf\":{\"@id\":\"https:\/\/bestmedicalpackages.com\/fr\/#website\"},\"primaryImageOfPage\":{\"@id\":\"https:\/\/bestmedicalpackages.com\/fr\/produit\/gynecomastie-avec-excision\/#primaryimage\"},\"image\":{\"@id\":\"https:\/\/bestmedicalpackages.com\/fr\/produit\/gynecomastie-avec-excision\/#primaryimage\"},\"thumbnailUrl\":\"https:\/\/bestmedical.b-cdn.net\/wp-content\/uploads\/2025\/07\/GynecomastiawithExcision2.jpg\",\"datePublished\":\"2025-07-25T15:00:44+00:00\",\"dateModified\":\"2025-08-26T15:46:27+00:00\",\"description\":\"Vous pouvez trouver des informations sur Gyn\u00e9comastie avec excision - Best Medical Packages (4.500&#36;)\",\"breadcrumb\":{\"@id\":\"https:\/\/bestmedicalpackages.com\/fr\/produit\/gynecomastie-avec-excision\/#breadcrumb\"},\"inLanguage\":\"fr-FR\",\"potentialAction\":[{\"@type\":\"ReadAction\",\"target\":[\"https:\/\/bestmedicalpackages.com\/fr\/produit\/gynecomastie-avec-excision\/\"]}]},{\"@type\":\"ImageObject\",\"inLanguage\":\"fr-FR\",\"@id\":\"https:\/\/bestmedicalpackages.com\/fr\/produit\/gynecomastie-avec-excision\/#primaryimage\",\"url\":\"https:\/\/bestmedical.b-cdn.net\/wp-content\/uploads\/2025\/07\/GynecomastiawithExcision2.jpg\",\"contentUrl\":\"https:\/\/bestmedical.b-cdn.net\/wp-content\/uploads\/2025\/07\/GynecomastiawithExcision2.jpg\",\"width\":702,\"height\":702,\"caption\":\"GynecomastiawithExcision2\"},{\"@type\":\"BreadcrumbList\",\"@id\":\"https:\/\/bestmedicalpackages.com\/fr\/produit\/gynecomastie-avec-excision\/#breadcrumb\",\"itemListElement\":[{\"@type\":\"ListItem\",\"position\":1,\"name\":\"Home of Best Medical Packages\",\"item\":\"https:\/\/bestmedicalpackages.com\/fr\/accueil\/\"},{\"@type\":\"ListItem\",\"position\":2,\"name\":\"Procedures\",\"item\":\"https:\/\/bestmedicalpackages.com\/procedures\/\"},{\"@type\":\"ListItem\",\"position\":3,\"name\":\"Gyn\u00e9comastie avec excision\"}]},{\"@type\":\"WebSite\",\"@id\":\"https:\/\/bestmedicalpackages.com\/fr\/#website\",\"url\":\"https:\/\/bestmedicalpackages.com\/fr\/\",\"name\":\"Best Medical Packages\",\"description\":\"Best medical packages for male and female patients.\",\"publisher\":{\"@id\":\"https:\/\/bestmedicalpackages.com\/fr\/#organization\"},\"potentialAction\":[{\"@type\":\"SearchAction\",\"target\":{\"@type\":\"EntryPoint\",\"urlTemplate\":\"https:\/\/bestmedicalpackages.com\/fr\/?s={search_term_string}\"},\"query-input\":{\"@type\":\"PropertyValueSpecification\",\"valueRequired\":true,\"valueName\":\"search_term_string\"}}],\"inLanguage\":\"fr-FR\"},{\"@type\":\"Organization\",\"@id\":\"https:\/\/bestmedicalpackages.com\/fr\/#organization\",\"name\":\"Best Medical Packages\",\"url\":\"https:\/\/bestmedicalpackages.com\/fr\/\",\"logo\":{\"@type\":\"ImageObject\",\"inLanguage\":\"fr-FR\",\"@id\":\"https:\/\/bestmedicalpackages.com\/fr\/#\/schema\/logo\/image\/\",\"url\":\"https:\/\/bestmedicalpackages.com\/wp-content\/uploads\/2023\/02\/logo.png\",\"contentUrl\":\"https:\/\/bestmedicalpackages.com\/wp-content\/uploads\/2023\/02\/logo.png\",\"width\":308,\"height\":106,\"caption\":\"Best Medical Packages\"},\"image\":{\"@id\":\"https:\/\/bestmedicalpackages.com\/fr\/#\/schema\/logo\/image\/\"},\"sameAs\":[\"https:\/\/www.instagram.com\/medicalpackages\/\"]}]}<\/script>\n<meta property=\"product:price:amount\" content=\"4500\" \/>\n<meta property=\"product:price:currency\" content=\"USD\" \/>\n<meta property=\"og:availability\" content=\"instock\" \/>\n<meta property=\"product:availability\" content=\"instock\" \/>\n<meta property=\"product:condition\" content=\"new\" \/>\n<!-- \/ Yoast SEO Premium plugin. -->","yoast_head_json":{"title":"Gyn\u00e9comastie avec excision Chirurgie - Best Medical Packages (4.500&#36;)","description":"Vous pouvez trouver des informations sur Gyn\u00e9comastie avec excision - Best Medical Packages (4.500&#36;)","robots":{"index":"index","follow":"follow","max-snippet":"max-snippet:-1","max-image-preview":"max-image-preview:large","max-video-preview":"max-video-preview:-1"},"canonical":"https:\/\/bestmedicalpackages.com\/fr\/produit\/gynecomastie-avec-excision\/","og_locale":"fr_FR","og_type":"article","og_title":"Gyn\u00e9comastie avec excision","og_description":"Vous pouvez trouver des informations sur Gyn\u00e9comastie avec excision - Best Medical Packages (4.500&#36;)","og_url":"https:\/\/bestmedicalpackages.com\/fr\/produit\/gynecomastie-avec-excision\/","og_site_name":"Best Medical Packages","article_modified_time":"2025-08-26T15:46:27+00:00","og_image":[{"width":1220,"height":1220,"url":"https:\/\/bestmedicalpackages.com\/wp-content\/uploads\/2025\/07\/GynecomastiawithExcision.jpg","type":"image\/jpeg"}],"twitter_card":"summary_large_image","twitter_misc":{"Prix":"4.500&#36;","Disponibilit\u00e9":"En stock"},"schema":{"@context":"https:\/\/schema.org","@graph":[{"@type":"WebPage","@id":"https:\/\/bestmedicalpackages.com\/fr\/produit\/gynecomastie-avec-excision\/","url":"https:\/\/bestmedicalpackages.com\/fr\/produit\/gynecomastie-avec-excision\/","name":"Gyn\u00e9comastie avec excision Chirurgie - Best Medical Packages (4.500&#36;)","isPartOf":{"@id":"https:\/\/bestmedicalpackages.com\/fr\/#website"},"primaryImageOfPage":{"@id":"https:\/\/bestmedicalpackages.com\/fr\/produit\/gynecomastie-avec-excision\/#primaryimage"},"image":{"@id":"https:\/\/bestmedicalpackages.com\/fr\/produit\/gynecomastie-avec-excision\/#primaryimage"},"thumbnailUrl":"https:\/\/bestmedical.b-cdn.net\/wp-content\/uploads\/2025\/07\/GynecomastiawithExcision2.jpg","datePublished":"2025-07-25T15:00:44+00:00","dateModified":"2025-08-26T15:46:27+00:00","description":"Vous pouvez trouver des informations sur Gyn\u00e9comastie avec excision - Best Medical Packages (4.500&#36;)","breadcrumb":{"@id":"https:\/\/bestmedicalpackages.com\/fr\/produit\/gynecomastie-avec-excision\/#breadcrumb"},"inLanguage":"fr-FR","potentialAction":[{"@type":"ReadAction","target":["https:\/\/bestmedicalpackages.com\/fr\/produit\/gynecomastie-avec-excision\/"]}]},{"@type":"ImageObject","inLanguage":"fr-FR","@id":"https:\/\/bestmedicalpackages.com\/fr\/produit\/gynecomastie-avec-excision\/#primaryimage","url":"https:\/\/bestmedical.b-cdn.net\/wp-content\/uploads\/2025\/07\/GynecomastiawithExcision2.jpg","contentUrl":"https:\/\/bestmedical.b-cdn.net\/wp-content\/uploads\/2025\/07\/GynecomastiawithExcision2.jpg","width":702,"height":702,"caption":"GynecomastiawithExcision2"},{"@type":"BreadcrumbList","@id":"https:\/\/bestmedicalpackages.com\/fr\/produit\/gynecomastie-avec-excision\/#breadcrumb","itemListElement":[{"@type":"ListItem","position":1,"name":"Home of Best Medical Packages","item":"https:\/\/bestmedicalpackages.com\/fr\/accueil\/"},{"@type":"ListItem","position":2,"name":"Procedures","item":"https:\/\/bestmedicalpackages.com\/procedures\/"},{"@type":"ListItem","position":3,"name":"Gyn\u00e9comastie avec excision"}]},{"@type":"WebSite","@id":"https:\/\/bestmedicalpackages.com\/fr\/#website","url":"https:\/\/bestmedicalpackages.com\/fr\/","name":"Best Medical Packages","description":"Best medical packages for male and female patients.","publisher":{"@id":"https:\/\/bestmedicalpackages.com\/fr\/#organization"},"potentialAction":[{"@type":"SearchAction","target":{"@type":"EntryPoint","urlTemplate":"https:\/\/bestmedicalpackages.com\/fr\/?s={search_term_string}"},"query-input":{"@type":"PropertyValueSpecification","valueRequired":true,"valueName":"search_term_string"}}],"inLanguage":"fr-FR"},{"@type":"Organization","@id":"https:\/\/bestmedicalpackages.com\/fr\/#organization","name":"Best Medical Packages","url":"https:\/\/bestmedicalpackages.com\/fr\/","logo":{"@type":"ImageObject","inLanguage":"fr-FR","@id":"https:\/\/bestmedicalpackages.com\/fr\/#\/schema\/logo\/image\/","url":"https:\/\/bestmedicalpackages.com\/wp-content\/uploads\/2023\/02\/logo.png","contentUrl":"https:\/\/bestmedicalpackages.com\/wp-content\/uploads\/2023\/02\/logo.png","width":308,"height":106,"caption":"Best Medical Packages"},"image":{"@id":"https:\/\/bestmedicalpackages.com\/fr\/#\/schema\/logo\/image\/"},"sameAs":["https:\/\/www.instagram.com\/medicalpackages\/"]}]},"product_price_amount":"4500","product_price_currency":"USD","og_availability":"instock","product_availability":"instock","product_condition":"new"},"_links":{"self":[{"href":"https:\/\/bestmedicalpackages.com\/fr\/wp-json\/wp\/v2\/product\/6884","targetHints":{"allow":["GET"]}}],"collection":[{"href":"https:\/\/bestmedicalpackages.com\/fr\/wp-json\/wp\/v2\/product"}],"about":[{"href":"https:\/\/bestmedicalpackages.com\/fr\/wp-json\/wp\/v2\/types\/product"}],"replies":[{"embeddable":true,"href":"https:\/\/bestmedicalpackages.com\/fr\/wp-json\/wp\/v2\/comments?post=6884"}],"wp:featuredmedia":[{"embeddable":true,"href":"https:\/\/bestmedicalpackages.com\/fr\/wp-json\/wp\/v2\/media\/8605"}],"wp:attachment":[{"href":"https:\/\/bestmedicalpackages.com\/fr\/wp-json\/wp\/v2\/media?parent=6884"}],"wp:term":[{"taxonomy":"product_brand","embeddable":true,"href":"https:\/\/bestmedicalpackages.com\/fr\/wp-json\/wp\/v2\/product_brand?post=6884"},{"taxonomy":"product_cat","embeddable":true,"href":"https:\/\/bestmedicalpackages.com\/fr\/wp-json\/wp\/v2\/product_cat?post=6884"},{"taxonomy":"product_tag","embeddable":true,"href":"https:\/\/bestmedicalpackages.com\/fr\/wp-json\/wp\/v2\/product_tag?post=6884"}],"curies":[{"name":"wp","href":"https:\/\/api.w.org\/{rel}","templated":true}]}}