{"id":6893,"date":"2025-07-26T21:26:50","date_gmt":"2025-07-26T18:26:50","guid":{"rendered":"https:\/\/new.bestmedicalpackages.com\/package\/lifting-du-front\/"},"modified":"2025-08-27T10:37:26","modified_gmt":"2025-08-27T07:37:26","slug":"lifting-du-front","status":"publish","type":"product","link":"https:\/\/bestmedicalpackages.com\/fr\/produit\/lifting-du-front\/","title":{"rendered":"Lifting du front"},"content":{"rendered":"<p>La r\u00e9duction du front, \u00e9galement connue sous le nom d&rsquo;abaissement de la ligne des cheveux ou chirurgie d&rsquo;avancement du cuir chevelu, est une proc\u00e9dure esth\u00e9tique visant \u00e0 r\u00e9duire la taille du front. Cette intervention chirurgicale est g\u00e9n\u00e9ralement r\u00e9alis\u00e9e pour rem\u00e9dier \u00e0 une ligne de cheveux haute ou \u00e0 un front large, ce qui peut \u00eatre une source de complexe pour certains individus.<\/p>\n<p>Au cours de l&rsquo;intervention, le chirurgien retire une bande de tissu du cuir chevelu dans la zone frontale, puis fait avancer la ligne des cheveux vers l&rsquo;avant afin de cr\u00e9er une apparence plus \u00e9quilibr\u00e9e et proportionn\u00e9e. L&rsquo;incision est habituellement pratiqu\u00e9e le long de la ligne des cheveux afin de minimiser les cicatrices visibles. L&rsquo;intervention peut \u00e9galement impliquer le remodelage de la structure osseuse sous-jacente si n\u00e9cessaire.<\/p>\n<p>La chirurgie de r\u00e9duction du front est souvent recherch\u00e9e par les personnes estimant que leur front large affecte n\u00e9gativement leur sym\u00e9trie faciale ou leur apparence globale. Elle peut \u00eatre r\u00e9alis\u00e9e en tant que proc\u00e9dure autonome ou en conjonction avec d&rsquo;autres chirurgies plastiques faciales, telles qu&rsquo;un lifting frontal ou une greffe de cheveux, afin d&rsquo;obtenir le r\u00e9sultat esth\u00e9tique souhait\u00e9.<\/p>\n<p>Comme pour toute intervention chirurgicale, il existe des risques et des complications potentielles associ\u00e9s \u00e0 la chirurgie de r\u00e9duction du front, notamment des cicatrices, une perte de sensibilit\u00e9, une perte de cheveux et une asym\u00e9trie. Par cons\u00e9quent, il est crucial que les personnes envisageant cette intervention discutent en d\u00e9tail de leurs attentes, de leurs pr\u00e9occupations et de leurs ant\u00e9c\u00e9dents m\u00e9dicaux avec un chirurgien plasticien qualifi\u00e9 avant de proc\u00e9der.<\/p>\n","protected":false},"excerpt":{"rendered":"<ul>\n<li>Chirurgien certifi\u00e9 membre du conseil d&rsquo;administration<\/li>\n<li>Consultation pr\u00e9-op\u00e9ratoire en ligne<\/li>\n<li>Consultation physique<\/li>\n<li>Num\u00e9ration formule sanguine<\/li>\n<li>Anesth\u00e9sie g\u00e9n\u00e9rale<\/li>\n<li>M\u00e9dicaments<\/li>\n<li>Contr\u00f4les post-op\u00e9ratoires, Kit m\u00e9dical post-op\u00e9ratoire<\/li>\n<li>Un service personnalis\u00e9 pour les patients<\/li>\n<li>(anglais, fran\u00e7ais, espagnol, italien)<\/li>\n<li>Assistance en ligne 24\/7<\/li>\n<\/ul>\n","protected":false},"featured_media":6429,"comment_status":"open","ping_status":"closed","template":"","meta":[],"product_brand":[],"product_cat":[992],"product_tag":[232,1075,233,305],"class_list":{"0":"post-6893","1":"product","2":"type-product","3":"status-publish","4":"has-post-thumbnail","6":"product_cat-chirurgie-plastique","7":"product_tag-istanbul-fr","8":"product_tag-lifting-frontal-fr","9":"product_tag-turquie","10":"product_tag-visage","12":"first","13":"instock","14":"shipping-taxable","15":"product-type-simple"},"yoast_head":"<!-- This site is optimized with the Yoast SEO Premium plugin v22.1 (Yoast SEO v27.2) - https:\/\/yoast.com\/product\/yoast-seo-premium-wordpress\/ -->\n<title>Lifting du front Chirurgie - Best Medical Packages (3.500&#036;)<\/title>\n<meta name=\"description\" content=\"(3.500&#036;) \ud83c\udfe8 - \ud83d\ude90 Transfert a\u00e9roportuaire et \u00e0 l&#039;arriv\u00e9e - \ud83c\udf81 Tout compris - Les chirurgiens plasticiens utilisent des implants jugaux comme type de chirurgie esth\u00e9tique.\" \/>\n<meta name=\"robots\" content=\"index, follow, max-snippet:-1, max-image-preview:large, max-video-preview:-1\" \/>\n<link rel=\"canonical\" href=\"https:\/\/bestmedicalpackages.com\/fr\/produit\/lifting-du-front\/\" \/>\n<meta property=\"og:locale\" content=\"fr_FR\" \/>\n<meta property=\"og:type\" content=\"article\" \/>\n<meta property=\"og:title\" content=\"Lifting du front\" \/>\n<meta property=\"og:description\" content=\"(3.500&#036;) \ud83c\udfe8 - \ud83d\ude90 Transfert a\u00e9roportuaire et \u00e0 l&#039;arriv\u00e9e - \ud83c\udf81 Tout compris - Les chirurgiens plasticiens utilisent des implants jugaux comme type de chirurgie esth\u00e9tique.\" \/>\n<meta property=\"og:url\" content=\"https:\/\/bestmedicalpackages.com\/fr\/produit\/lifting-du-front\/\" \/>\n<meta property=\"og:site_name\" content=\"Best Medical Packages\" \/>\n<meta property=\"article:modified_time\" content=\"2025-08-27T07:37:26+00:00\" \/>\n<meta property=\"og:image\" content=\"https:\/\/bestmedicalpackages.com\/wp-content\/uploads\/2024\/03\/forehead-1-e1756210847392.jpg\" \/>\n\t<meta property=\"og:image:width\" content=\"1920\" \/>\n\t<meta property=\"og:image:height\" content=\"1080\" \/>\n\t<meta property=\"og:image:type\" content=\"image\/jpeg\" \/>\n<meta name=\"twitter:card\" content=\"summary_large_image\" \/>\n<meta name=\"twitter:label1\" content=\"Prix\" \/>\n\t<meta name=\"twitter:data1\" content=\"3.500&#036;\" \/>\n\t<meta name=\"twitter:label2\" content=\"Disponibilit\u00e9\" \/>\n\t<meta name=\"twitter:data2\" content=\"En stock\" \/>\n<script type=\"application\/ld+json\" class=\"yoast-schema-graph\">{\"@context\":\"https:\/\/schema.org\",\"@graph\":[{\"@type\":\"WebPage\",\"@id\":\"https:\/\/bestmedicalpackages.com\/fr\/produit\/lifting-du-front\/\",\"url\":\"https:\/\/bestmedicalpackages.com\/fr\/produit\/lifting-du-front\/\",\"name\":\"Lifting du front Chirurgie - Best Medical Packages (3.500&#36;)\",\"isPartOf\":{\"@id\":\"https:\/\/bestmedicalpackages.com\/fr\/#website\"},\"primaryImageOfPage\":{\"@id\":\"https:\/\/bestmedicalpackages.com\/fr\/produit\/lifting-du-front\/#primaryimage\"},\"image\":{\"@id\":\"https:\/\/bestmedicalpackages.com\/fr\/produit\/lifting-du-front\/#primaryimage\"},\"thumbnailUrl\":\"https:\/\/bestmedical.b-cdn.net\/wp-content\/uploads\/2024\/03\/forehead-1-e1756210847392.jpg\",\"datePublished\":\"2025-07-26T18:26:50+00:00\",\"dateModified\":\"2025-08-27T07:37:26+00:00\",\"description\":\"(3.500&#36;) \ud83c\udfe8 - \ud83d\ude90 Transfert a\u00e9roportuaire et \u00e0 l'arriv\u00e9e - \ud83c\udf81 Tout compris - Les chirurgiens plasticiens utilisent des implants jugaux comme type de chirurgie esth\u00e9tique.\",\"breadcrumb\":{\"@id\":\"https:\/\/bestmedicalpackages.com\/fr\/produit\/lifting-du-front\/#breadcrumb\"},\"inLanguage\":\"fr-FR\",\"potentialAction\":[{\"@type\":\"ReadAction\",\"target\":[\"https:\/\/bestmedicalpackages.com\/fr\/produit\/lifting-du-front\/\"]}]},{\"@type\":\"ImageObject\",\"inLanguage\":\"fr-FR\",\"@id\":\"https:\/\/bestmedicalpackages.com\/fr\/produit\/lifting-du-front\/#primaryimage\",\"url\":\"https:\/\/bestmedical.b-cdn.net\/wp-content\/uploads\/2024\/03\/forehead-1-e1756210847392.jpg\",\"contentUrl\":\"https:\/\/bestmedical.b-cdn.net\/wp-content\/uploads\/2024\/03\/forehead-1-e1756210847392.jpg\",\"width\":1079,\"height\":1079,\"caption\":\"forehead 1 e1756210847392\"},{\"@type\":\"BreadcrumbList\",\"@id\":\"https:\/\/bestmedicalpackages.com\/fr\/produit\/lifting-du-front\/#breadcrumb\",\"itemListElement\":[{\"@type\":\"ListItem\",\"position\":1,\"name\":\"Home of Best Medical Packages\",\"item\":\"https:\/\/bestmedicalpackages.com\/fr\/accueil\/\"},{\"@type\":\"ListItem\",\"position\":2,\"name\":\"Procedures\",\"item\":\"https:\/\/bestmedicalpackages.com\/procedures\/\"},{\"@type\":\"ListItem\",\"position\":3,\"name\":\"Lifting du front\"}]},{\"@type\":\"WebSite\",\"@id\":\"https:\/\/bestmedicalpackages.com\/fr\/#website\",\"url\":\"https:\/\/bestmedicalpackages.com\/fr\/\",\"name\":\"Best Medical Packages\",\"description\":\"Best medical packages for male and female patients.\",\"publisher\":{\"@id\":\"https:\/\/bestmedicalpackages.com\/fr\/#organization\"},\"potentialAction\":[{\"@type\":\"SearchAction\",\"target\":{\"@type\":\"EntryPoint\",\"urlTemplate\":\"https:\/\/bestmedicalpackages.com\/fr\/?s={search_term_string}\"},\"query-input\":{\"@type\":\"PropertyValueSpecification\",\"valueRequired\":true,\"valueName\":\"search_term_string\"}}],\"inLanguage\":\"fr-FR\"},{\"@type\":\"Organization\",\"@id\":\"https:\/\/bestmedicalpackages.com\/fr\/#organization\",\"name\":\"Best Medical Packages\",\"url\":\"https:\/\/bestmedicalpackages.com\/fr\/\",\"logo\":{\"@type\":\"ImageObject\",\"inLanguage\":\"fr-FR\",\"@id\":\"https:\/\/bestmedicalpackages.com\/fr\/#\/schema\/logo\/image\/\",\"url\":\"https:\/\/bestmedicalpackages.com\/wp-content\/uploads\/2023\/02\/logo.png\",\"contentUrl\":\"https:\/\/bestmedicalpackages.com\/wp-content\/uploads\/2023\/02\/logo.png\",\"width\":308,\"height\":106,\"caption\":\"Best Medical Packages\"},\"image\":{\"@id\":\"https:\/\/bestmedicalpackages.com\/fr\/#\/schema\/logo\/image\/\"},\"sameAs\":[\"https:\/\/www.instagram.com\/medicalpackages\/\"]}]}<\/script>\n<meta property=\"product:price:amount\" content=\"3500\" \/>\n<meta property=\"product:price:currency\" content=\"USD\" \/>\n<meta property=\"og:availability\" content=\"instock\" \/>\n<meta property=\"product:availability\" content=\"instock\" \/>\n<meta property=\"product:condition\" content=\"new\" \/>\n<!-- \/ Yoast SEO Premium plugin. -->","yoast_head_json":{"title":"Lifting du front Chirurgie - Best Medical Packages (3.500&#36;)","description":"(3.500&#36;) \ud83c\udfe8 - \ud83d\ude90 Transfert a\u00e9roportuaire et \u00e0 l'arriv\u00e9e - \ud83c\udf81 Tout compris - Les chirurgiens plasticiens utilisent des implants jugaux comme type de chirurgie esth\u00e9tique.","robots":{"index":"index","follow":"follow","max-snippet":"max-snippet:-1","max-image-preview":"max-image-preview:large","max-video-preview":"max-video-preview:-1"},"canonical":"https:\/\/bestmedicalpackages.com\/fr\/produit\/lifting-du-front\/","og_locale":"fr_FR","og_type":"article","og_title":"Lifting du front","og_description":"(3.500&#36;) \ud83c\udfe8 - \ud83d\ude90 Transfert a\u00e9roportuaire et \u00e0 l'arriv\u00e9e - \ud83c\udf81 Tout compris - Les chirurgiens plasticiens utilisent des implants jugaux comme type de chirurgie esth\u00e9tique.","og_url":"https:\/\/bestmedicalpackages.com\/fr\/produit\/lifting-du-front\/","og_site_name":"Best Medical Packages","article_modified_time":"2025-08-27T07:37:26+00:00","og_image":[{"width":1920,"height":1080,"url":"https:\/\/bestmedicalpackages.com\/wp-content\/uploads\/2024\/03\/forehead-1-e1756210847392.jpg","type":"image\/jpeg"}],"twitter_card":"summary_large_image","twitter_misc":{"Prix":"3.500&#36;","Disponibilit\u00e9":"En stock"},"schema":{"@context":"https:\/\/schema.org","@graph":[{"@type":"WebPage","@id":"https:\/\/bestmedicalpackages.com\/fr\/produit\/lifting-du-front\/","url":"https:\/\/bestmedicalpackages.com\/fr\/produit\/lifting-du-front\/","name":"Lifting du front Chirurgie - Best Medical Packages (3.500&#36;)","isPartOf":{"@id":"https:\/\/bestmedicalpackages.com\/fr\/#website"},"primaryImageOfPage":{"@id":"https:\/\/bestmedicalpackages.com\/fr\/produit\/lifting-du-front\/#primaryimage"},"image":{"@id":"https:\/\/bestmedicalpackages.com\/fr\/produit\/lifting-du-front\/#primaryimage"},"thumbnailUrl":"https:\/\/bestmedical.b-cdn.net\/wp-content\/uploads\/2024\/03\/forehead-1-e1756210847392.jpg","datePublished":"2025-07-26T18:26:50+00:00","dateModified":"2025-08-27T07:37:26+00:00","description":"(3.500&#36;) \ud83c\udfe8 - \ud83d\ude90 Transfert a\u00e9roportuaire et \u00e0 l'arriv\u00e9e - \ud83c\udf81 Tout compris - Les chirurgiens plasticiens utilisent des implants jugaux comme type de chirurgie esth\u00e9tique.","breadcrumb":{"@id":"https:\/\/bestmedicalpackages.com\/fr\/produit\/lifting-du-front\/#breadcrumb"},"inLanguage":"fr-FR","potentialAction":[{"@type":"ReadAction","target":["https:\/\/bestmedicalpackages.com\/fr\/produit\/lifting-du-front\/"]}]},{"@type":"ImageObject","inLanguage":"fr-FR","@id":"https:\/\/bestmedicalpackages.com\/fr\/produit\/lifting-du-front\/#primaryimage","url":"https:\/\/bestmedical.b-cdn.net\/wp-content\/uploads\/2024\/03\/forehead-1-e1756210847392.jpg","contentUrl":"https:\/\/bestmedical.b-cdn.net\/wp-content\/uploads\/2024\/03\/forehead-1-e1756210847392.jpg","width":1079,"height":1079,"caption":"forehead 1 e1756210847392"},{"@type":"BreadcrumbList","@id":"https:\/\/bestmedicalpackages.com\/fr\/produit\/lifting-du-front\/#breadcrumb","itemListElement":[{"@type":"ListItem","position":1,"name":"Home of Best Medical Packages","item":"https:\/\/bestmedicalpackages.com\/fr\/accueil\/"},{"@type":"ListItem","position":2,"name":"Procedures","item":"https:\/\/bestmedicalpackages.com\/procedures\/"},{"@type":"ListItem","position":3,"name":"Lifting du front"}]},{"@type":"WebSite","@id":"https:\/\/bestmedicalpackages.com\/fr\/#website","url":"https:\/\/bestmedicalpackages.com\/fr\/","name":"Best Medical Packages","description":"Best medical packages for male and female patients.","publisher":{"@id":"https:\/\/bestmedicalpackages.com\/fr\/#organization"},"potentialAction":[{"@type":"SearchAction","target":{"@type":"EntryPoint","urlTemplate":"https:\/\/bestmedicalpackages.com\/fr\/?s={search_term_string}"},"query-input":{"@type":"PropertyValueSpecification","valueRequired":true,"valueName":"search_term_string"}}],"inLanguage":"fr-FR"},{"@type":"Organization","@id":"https:\/\/bestmedicalpackages.com\/fr\/#organization","name":"Best Medical Packages","url":"https:\/\/bestmedicalpackages.com\/fr\/","logo":{"@type":"ImageObject","inLanguage":"fr-FR","@id":"https:\/\/bestmedicalpackages.com\/fr\/#\/schema\/logo\/image\/","url":"https:\/\/bestmedicalpackages.com\/wp-content\/uploads\/2023\/02\/logo.png","contentUrl":"https:\/\/bestmedicalpackages.com\/wp-content\/uploads\/2023\/02\/logo.png","width":308,"height":106,"caption":"Best Medical Packages"},"image":{"@id":"https:\/\/bestmedicalpackages.com\/fr\/#\/schema\/logo\/image\/"},"sameAs":["https:\/\/www.instagram.com\/medicalpackages\/"]}]},"product_price_amount":"3500","product_price_currency":"USD","og_availability":"instock","product_availability":"instock","product_condition":"new"},"_links":{"self":[{"href":"https:\/\/bestmedicalpackages.com\/fr\/wp-json\/wp\/v2\/product\/6893","targetHints":{"allow":["GET"]}}],"collection":[{"href":"https:\/\/bestmedicalpackages.com\/fr\/wp-json\/wp\/v2\/product"}],"about":[{"href":"https:\/\/bestmedicalpackages.com\/fr\/wp-json\/wp\/v2\/types\/product"}],"replies":[{"embeddable":true,"href":"https:\/\/bestmedicalpackages.com\/fr\/wp-json\/wp\/v2\/comments?post=6893"}],"wp:featuredmedia":[{"embeddable":true,"href":"https:\/\/bestmedicalpackages.com\/fr\/wp-json\/wp\/v2\/media\/6429"}],"wp:attachment":[{"href":"https:\/\/bestmedicalpackages.com\/fr\/wp-json\/wp\/v2\/media?parent=6893"}],"wp:term":[{"taxonomy":"product_brand","embeddable":true,"href":"https:\/\/bestmedicalpackages.com\/fr\/wp-json\/wp\/v2\/product_brand?post=6893"},{"taxonomy":"product_cat","embeddable":true,"href":"https:\/\/bestmedicalpackages.com\/fr\/wp-json\/wp\/v2\/product_cat?post=6893"},{"taxonomy":"product_tag","embeddable":true,"href":"https:\/\/bestmedicalpackages.com\/fr\/wp-json\/wp\/v2\/product_tag?post=6893"}],"curies":[{"name":"wp","href":"https:\/\/api.w.org\/{rel}","templated":true}]}}