{"id":6931,"date":"2025-08-01T18:00:45","date_gmt":"2025-08-01T15:00:45","guid":{"rendered":"https:\/\/new.bestmedicalpackages.com\/package\/gynecomastie\/"},"modified":"2025-08-26T18:42:12","modified_gmt":"2025-08-26T15:42:12","slug":"gynecomastie","status":"publish","type":"product","link":"https:\/\/bestmedicalpackages.com\/fr\/produit\/gynecomastie\/","title":{"rendered":"Gyn\u00e9comastie"},"content":{"rendered":"<p><strong>La chirurgie de la gyn\u00e9comastie<\/strong> est une intervention destin\u00e9e \u00e0 r\u00e9duire le tissu mammaire masculin hypertrophi\u00e9, afin de cr\u00e9er un contour de poitrine plus plat et plus masculin. Cette condition, souvent caus\u00e9e par des d\u00e9s\u00e9quilibres hormonaux, la g\u00e9n\u00e9tique ou certains m\u00e9dicaments, peut \u00eatre source de g\u00eane et d&rsquo;inconfort. L&rsquo;intervention consiste g\u00e9n\u00e9ralement en une <strong>liposuccion<\/strong> pour \u00e9liminer l&rsquo;exc\u00e8s de graisse, en une <strong>excision<\/strong> pour \u00e9liminer le tissu glandulaire ou en une combinaison des deux, adapt\u00e9e \u00e0 vos besoins sp\u00e9cifiques. La convalescence dure g\u00e9n\u00e9ralement <strong>une \u00e0 deux semaines<\/strong>. Il est conseill\u00e9 aux patients de porter un v\u00eatement de compression pour r\u00e9duire l&rsquo;enflure et favoriser la cicatrisation. La plupart des hommes reprennent des activit\u00e9s l\u00e9g\u00e8res en l&rsquo;espace d&rsquo;une semaine, mais il est conseill\u00e9 d&rsquo;\u00e9viter tout exercice physique intense pendant <strong>3 \u00e0 4 semaines<\/strong>. Les candidats id\u00e9aux sont des personnes en bonne sant\u00e9 dont la croissance mammaire est stabilis\u00e9e (non caus\u00e9e par des changements hormonaux temporaires) et qui ont des attentes r\u00e9alistes. Le choix d&rsquo;un <strong>chirurgien plasticien certifi\u00e9<\/strong> et exp\u00e9riment\u00e9 dans la correction de la gyn\u00e9comastie permet d&rsquo;obtenir des r\u00e9sultats naturels et durables.      <\/p>\n","protected":false},"excerpt":{"rendered":"<ul>\n<li>Chirurgien certifi\u00e9 membre du conseil d&rsquo;administration<\/li>\n<li>Consultation pr\u00e9-op\u00e9ratoire en ligne<\/li>\n<li>Consultation physique<\/li>\n<li>Num\u00e9ration formule sanguine<\/li>\n<li>Anesth\u00e9sie g\u00e9n\u00e9rale<\/li>\n<li>M\u00e9dicaments<\/li>\n<li>Contr\u00f4les post-op\u00e9ratoires, Kit m\u00e9dical post-op\u00e9ratoire<\/li>\n<li>Un service personnalis\u00e9 pour les patients<\/li>\n<li>(anglais, fran\u00e7ais, espagnol, italien)<\/li>\n<li>Assistance en ligne 24\/7<\/li>\n<\/ul>\n","protected":false},"featured_media":7370,"comment_status":"closed","ping_status":"closed","template":"","meta":[],"product_brand":[],"product_cat":[992],"product_tag":[245,232,243,233],"class_list":{"0":"post-6931","1":"product","2":"type-product","3":"status-publish","4":"has-post-thumbnail","6":"product_cat-chirurgie-plastique","7":"product_tag-gynecomastie","8":"product_tag-istanbul-fr","9":"product_tag-liposuccion","10":"product_tag-turquie","12":"first","13":"instock","14":"shipping-taxable","15":"product-type-simple"},"yoast_head":"<!-- This site is optimized with the Yoast SEO Premium plugin v22.1 (Yoast SEO v27.2) - https:\/\/yoast.com\/product\/yoast-seo-premium-wordpress\/ -->\n<title>Gyn\u00e9comastie Chirurgie - Best Medical Packages (4.000&#036;)<\/title>\n<meta name=\"description\" content=\"Vous pouvez trouver des informations sur Gyn\u00e9comastie - Best Medical Packages (4.000&#036;)\" \/>\n<meta name=\"robots\" content=\"index, follow, max-snippet:-1, max-image-preview:large, max-video-preview:-1\" \/>\n<link rel=\"canonical\" href=\"https:\/\/bestmedicalpackages.com\/fr\/produit\/gynecomastie\/\" \/>\n<meta property=\"og:locale\" content=\"fr_FR\" \/>\n<meta property=\"og:type\" content=\"article\" \/>\n<meta property=\"og:title\" content=\"Gyn\u00e9comastie\" \/>\n<meta property=\"og:description\" content=\"Vous pouvez trouver des informations sur Gyn\u00e9comastie - Best Medical Packages (4.000&#036;)\" \/>\n<meta property=\"og:url\" content=\"https:\/\/bestmedicalpackages.com\/fr\/produit\/gynecomastie\/\" \/>\n<meta property=\"og:site_name\" content=\"Best Medical Packages\" \/>\n<meta property=\"article:modified_time\" content=\"2025-08-26T15:42:12+00:00\" \/>\n<meta property=\"og:image\" content=\"https:\/\/bestmedicalpackages.com\/wp-content\/uploads\/2025\/08\/gynecomastia.jpg\" \/>\n\t<meta property=\"og:image:width\" content=\"846\" \/>\n\t<meta property=\"og:image:height\" content=\"846\" \/>\n\t<meta property=\"og:image:type\" content=\"image\/jpeg\" \/>\n<meta name=\"twitter:card\" content=\"summary_large_image\" \/>\n<meta name=\"twitter:label1\" content=\"Prix\" \/>\n\t<meta name=\"twitter:data1\" content=\"4.000&#036;\" \/>\n\t<meta name=\"twitter:label2\" content=\"Disponibilit\u00e9\" \/>\n\t<meta name=\"twitter:data2\" content=\"En stock\" \/>\n<script type=\"application\/ld+json\" class=\"yoast-schema-graph\">{\"@context\":\"https:\/\/schema.org\",\"@graph\":[{\"@type\":\"WebPage\",\"@id\":\"https:\/\/bestmedicalpackages.com\/fr\/produit\/gynecomastie\/\",\"url\":\"https:\/\/bestmedicalpackages.com\/fr\/produit\/gynecomastie\/\",\"name\":\"Gyn\u00e9comastie Chirurgie - Best Medical Packages (4.000&#36;)\",\"isPartOf\":{\"@id\":\"https:\/\/bestmedicalpackages.com\/fr\/#website\"},\"primaryImageOfPage\":{\"@id\":\"https:\/\/bestmedicalpackages.com\/fr\/produit\/gynecomastie\/#primaryimage\"},\"image\":{\"@id\":\"https:\/\/bestmedicalpackages.com\/fr\/produit\/gynecomastie\/#primaryimage\"},\"thumbnailUrl\":\"https:\/\/bestmedical.b-cdn.net\/wp-content\/uploads\/2025\/08\/gynecomastia.jpg\",\"datePublished\":\"2025-08-01T15:00:45+00:00\",\"dateModified\":\"2025-08-26T15:42:12+00:00\",\"description\":\"Vous pouvez trouver des informations sur Gyn\u00e9comastie - Best Medical Packages (4.000&#36;)\",\"breadcrumb\":{\"@id\":\"https:\/\/bestmedicalpackages.com\/fr\/produit\/gynecomastie\/#breadcrumb\"},\"inLanguage\":\"fr-FR\",\"potentialAction\":[{\"@type\":\"ReadAction\",\"target\":[\"https:\/\/bestmedicalpackages.com\/fr\/produit\/gynecomastie\/\"]}]},{\"@type\":\"ImageObject\",\"inLanguage\":\"fr-FR\",\"@id\":\"https:\/\/bestmedicalpackages.com\/fr\/produit\/gynecomastie\/#primaryimage\",\"url\":\"https:\/\/bestmedical.b-cdn.net\/wp-content\/uploads\/2025\/08\/gynecomastia.jpg\",\"contentUrl\":\"https:\/\/bestmedical.b-cdn.net\/wp-content\/uploads\/2025\/08\/gynecomastia.jpg\",\"width\":846,\"height\":846,\"caption\":\"gynecomastia\"},{\"@type\":\"BreadcrumbList\",\"@id\":\"https:\/\/bestmedicalpackages.com\/fr\/produit\/gynecomastie\/#breadcrumb\",\"itemListElement\":[{\"@type\":\"ListItem\",\"position\":1,\"name\":\"Home of Best Medical Packages\",\"item\":\"https:\/\/bestmedicalpackages.com\/fr\/accueil\/\"},{\"@type\":\"ListItem\",\"position\":2,\"name\":\"Procedures\",\"item\":\"https:\/\/bestmedicalpackages.com\/procedures\/\"},{\"@type\":\"ListItem\",\"position\":3,\"name\":\"Gyn\u00e9comastie\"}]},{\"@type\":\"WebSite\",\"@id\":\"https:\/\/bestmedicalpackages.com\/fr\/#website\",\"url\":\"https:\/\/bestmedicalpackages.com\/fr\/\",\"name\":\"Best Medical Packages\",\"description\":\"Best medical packages for male and female patients.\",\"publisher\":{\"@id\":\"https:\/\/bestmedicalpackages.com\/fr\/#organization\"},\"potentialAction\":[{\"@type\":\"SearchAction\",\"target\":{\"@type\":\"EntryPoint\",\"urlTemplate\":\"https:\/\/bestmedicalpackages.com\/fr\/?s={search_term_string}\"},\"query-input\":{\"@type\":\"PropertyValueSpecification\",\"valueRequired\":true,\"valueName\":\"search_term_string\"}}],\"inLanguage\":\"fr-FR\"},{\"@type\":\"Organization\",\"@id\":\"https:\/\/bestmedicalpackages.com\/fr\/#organization\",\"name\":\"Best Medical Packages\",\"url\":\"https:\/\/bestmedicalpackages.com\/fr\/\",\"logo\":{\"@type\":\"ImageObject\",\"inLanguage\":\"fr-FR\",\"@id\":\"https:\/\/bestmedicalpackages.com\/fr\/#\/schema\/logo\/image\/\",\"url\":\"https:\/\/bestmedicalpackages.com\/wp-content\/uploads\/2023\/02\/logo.png\",\"contentUrl\":\"https:\/\/bestmedicalpackages.com\/wp-content\/uploads\/2023\/02\/logo.png\",\"width\":308,\"height\":106,\"caption\":\"Best Medical Packages\"},\"image\":{\"@id\":\"https:\/\/bestmedicalpackages.com\/fr\/#\/schema\/logo\/image\/\"},\"sameAs\":[\"https:\/\/www.instagram.com\/medicalpackages\/\"]}]}<\/script>\n<meta property=\"product:price:amount\" content=\"4000\" \/>\n<meta property=\"product:price:currency\" content=\"USD\" \/>\n<meta property=\"og:availability\" content=\"instock\" \/>\n<meta property=\"product:availability\" content=\"instock\" \/>\n<meta property=\"product:condition\" content=\"new\" \/>\n<!-- \/ Yoast SEO Premium plugin. -->","yoast_head_json":{"title":"Gyn\u00e9comastie Chirurgie - Best Medical Packages (4.000&#36;)","description":"Vous pouvez trouver des informations sur Gyn\u00e9comastie - Best Medical Packages (4.000&#36;)","robots":{"index":"index","follow":"follow","max-snippet":"max-snippet:-1","max-image-preview":"max-image-preview:large","max-video-preview":"max-video-preview:-1"},"canonical":"https:\/\/bestmedicalpackages.com\/fr\/produit\/gynecomastie\/","og_locale":"fr_FR","og_type":"article","og_title":"Gyn\u00e9comastie","og_description":"Vous pouvez trouver des informations sur Gyn\u00e9comastie - Best Medical Packages (4.000&#36;)","og_url":"https:\/\/bestmedicalpackages.com\/fr\/produit\/gynecomastie\/","og_site_name":"Best Medical Packages","article_modified_time":"2025-08-26T15:42:12+00:00","og_image":[{"width":846,"height":846,"url":"https:\/\/bestmedicalpackages.com\/wp-content\/uploads\/2025\/08\/gynecomastia.jpg","type":"image\/jpeg"}],"twitter_card":"summary_large_image","twitter_misc":{"Prix":"4.000&#36;","Disponibilit\u00e9":"En stock"},"schema":{"@context":"https:\/\/schema.org","@graph":[{"@type":"WebPage","@id":"https:\/\/bestmedicalpackages.com\/fr\/produit\/gynecomastie\/","url":"https:\/\/bestmedicalpackages.com\/fr\/produit\/gynecomastie\/","name":"Gyn\u00e9comastie Chirurgie - Best Medical Packages (4.000&#36;)","isPartOf":{"@id":"https:\/\/bestmedicalpackages.com\/fr\/#website"},"primaryImageOfPage":{"@id":"https:\/\/bestmedicalpackages.com\/fr\/produit\/gynecomastie\/#primaryimage"},"image":{"@id":"https:\/\/bestmedicalpackages.com\/fr\/produit\/gynecomastie\/#primaryimage"},"thumbnailUrl":"https:\/\/bestmedical.b-cdn.net\/wp-content\/uploads\/2025\/08\/gynecomastia.jpg","datePublished":"2025-08-01T15:00:45+00:00","dateModified":"2025-08-26T15:42:12+00:00","description":"Vous pouvez trouver des informations sur Gyn\u00e9comastie - Best Medical Packages (4.000&#36;)","breadcrumb":{"@id":"https:\/\/bestmedicalpackages.com\/fr\/produit\/gynecomastie\/#breadcrumb"},"inLanguage":"fr-FR","potentialAction":[{"@type":"ReadAction","target":["https:\/\/bestmedicalpackages.com\/fr\/produit\/gynecomastie\/"]}]},{"@type":"ImageObject","inLanguage":"fr-FR","@id":"https:\/\/bestmedicalpackages.com\/fr\/produit\/gynecomastie\/#primaryimage","url":"https:\/\/bestmedical.b-cdn.net\/wp-content\/uploads\/2025\/08\/gynecomastia.jpg","contentUrl":"https:\/\/bestmedical.b-cdn.net\/wp-content\/uploads\/2025\/08\/gynecomastia.jpg","width":846,"height":846,"caption":"gynecomastia"},{"@type":"BreadcrumbList","@id":"https:\/\/bestmedicalpackages.com\/fr\/produit\/gynecomastie\/#breadcrumb","itemListElement":[{"@type":"ListItem","position":1,"name":"Home of Best Medical Packages","item":"https:\/\/bestmedicalpackages.com\/fr\/accueil\/"},{"@type":"ListItem","position":2,"name":"Procedures","item":"https:\/\/bestmedicalpackages.com\/procedures\/"},{"@type":"ListItem","position":3,"name":"Gyn\u00e9comastie"}]},{"@type":"WebSite","@id":"https:\/\/bestmedicalpackages.com\/fr\/#website","url":"https:\/\/bestmedicalpackages.com\/fr\/","name":"Best Medical Packages","description":"Best medical packages for male and female patients.","publisher":{"@id":"https:\/\/bestmedicalpackages.com\/fr\/#organization"},"potentialAction":[{"@type":"SearchAction","target":{"@type":"EntryPoint","urlTemplate":"https:\/\/bestmedicalpackages.com\/fr\/?s={search_term_string}"},"query-input":{"@type":"PropertyValueSpecification","valueRequired":true,"valueName":"search_term_string"}}],"inLanguage":"fr-FR"},{"@type":"Organization","@id":"https:\/\/bestmedicalpackages.com\/fr\/#organization","name":"Best Medical Packages","url":"https:\/\/bestmedicalpackages.com\/fr\/","logo":{"@type":"ImageObject","inLanguage":"fr-FR","@id":"https:\/\/bestmedicalpackages.com\/fr\/#\/schema\/logo\/image\/","url":"https:\/\/bestmedicalpackages.com\/wp-content\/uploads\/2023\/02\/logo.png","contentUrl":"https:\/\/bestmedicalpackages.com\/wp-content\/uploads\/2023\/02\/logo.png","width":308,"height":106,"caption":"Best Medical Packages"},"image":{"@id":"https:\/\/bestmedicalpackages.com\/fr\/#\/schema\/logo\/image\/"},"sameAs":["https:\/\/www.instagram.com\/medicalpackages\/"]}]},"product_price_amount":"4000","product_price_currency":"USD","og_availability":"instock","product_availability":"instock","product_condition":"new"},"_links":{"self":[{"href":"https:\/\/bestmedicalpackages.com\/fr\/wp-json\/wp\/v2\/product\/6931","targetHints":{"allow":["GET"]}}],"collection":[{"href":"https:\/\/bestmedicalpackages.com\/fr\/wp-json\/wp\/v2\/product"}],"about":[{"href":"https:\/\/bestmedicalpackages.com\/fr\/wp-json\/wp\/v2\/types\/product"}],"replies":[{"embeddable":true,"href":"https:\/\/bestmedicalpackages.com\/fr\/wp-json\/wp\/v2\/comments?post=6931"}],"wp:featuredmedia":[{"embeddable":true,"href":"https:\/\/bestmedicalpackages.com\/fr\/wp-json\/wp\/v2\/media\/7370"}],"wp:attachment":[{"href":"https:\/\/bestmedicalpackages.com\/fr\/wp-json\/wp\/v2\/media?parent=6931"}],"wp:term":[{"taxonomy":"product_brand","embeddable":true,"href":"https:\/\/bestmedicalpackages.com\/fr\/wp-json\/wp\/v2\/product_brand?post=6931"},{"taxonomy":"product_cat","embeddable":true,"href":"https:\/\/bestmedicalpackages.com\/fr\/wp-json\/wp\/v2\/product_cat?post=6931"},{"taxonomy":"product_tag","embeddable":true,"href":"https:\/\/bestmedicalpackages.com\/fr\/wp-json\/wp\/v2\/product_tag?post=6931"}],"curies":[{"name":"wp","href":"https:\/\/api.w.org\/{rel}","templated":true}]}}