{"id":7000,"date":"2025-08-13T15:14:37","date_gmt":"2025-08-13T12:14:37","guid":{"rendered":"https:\/\/new.bestmedicalpackages.com\/package\/lifting-de-la-face-mediane\/"},"modified":"2025-12-01T13:17:34","modified_gmt":"2025-12-01T10:17:34","slug":"lifting-mediofacial","status":"publish","type":"product","link":"https:\/\/bestmedicalpackages.com\/fr\/produit\/lifting-mediofacial\/","title":{"rendered":"Lifting m\u00e9diofacial"},"content":{"rendered":"<p>Un <strong>lifting du visage (rhytidectomie)<\/strong> est une intervention chirurgicale qui vise \u00e0 \u00e9liminer les signes visibles du vieillissement en raffermissant la peau flasque, en lissant les rides profondes et en restaurant un contour du visage plus jeune. Cette intervention cible les probl\u00e8mes tels que <strong>les joues, le rel\u00e2chement de la peau du cou et les rides de la marionnette<\/strong>, pour un aspect rafra\u00eechi et naturel. Le chirurgien d\u00e9place les tissus sous-jacents, \u00e9limine l&rsquo;exc\u00e8s de peau et peut combiner le lifting avec une <strong>greffe de graisse ou une liposuccion du cou<\/strong> pour am\u00e9liorer le r\u00e9sultat. La convalescence s&rsquo;accompagne g\u00e9n\u00e9ralement de <strong>1 \u00e0 2 semaines<\/strong> de gonflement et d&rsquo;ecchymoses. La plupart des patients peuvent reprendre leurs activit\u00e9s sociales en <strong>2-3 semaines<\/strong> et le r\u00e9sultat complet est visible apr\u00e8s quelques mois. Les candidats id\u00e9aux sont des non-fumeurs en bonne sant\u00e9 avec des attentes r\u00e9alistes et un vieillissement du visage perceptible qui ne r\u00e9pond plus aux traitements non chirurgicaux. Si vous choisissez un <strong>chirurgien plasticien certifi\u00e9<\/strong>, vous pouvez \u00eatre s\u00fbr que les techniques utilis\u00e9es pour un rajeunissement subtil et durable sont adapt\u00e9es \u00e0 votre cas.<\/p>\n","protected":false},"excerpt":{"rendered":"<ul>\n<li>Membre certifi\u00e9 du conseil d&rsquo;administration Chirurgien<\/li>\n<li>Consultation en ligne avant l&rsquo;op\u00e9ration<\/li>\n<li>Conseil physique<\/li>\n<li>Num\u00e9ration sanguine compl\u00e8te<\/li>\n<li>Anesth\u00e9sie g\u00e9n\u00e9rale<\/li>\n<li>M\u00e9dicaments<\/li>\n<li>Contr\u00f4les post-op\u00e9ratoires, Kit m\u00e9dical post-op\u00e9ratoire<\/li>\n<li>Un service sur mesure pour les patients<\/li>\n<li>(anglais, fran\u00e7ais, espagnol, italien)<\/li>\n<li>Assistance en ligne 24h\/24 et 7j\/7<\/li>\n<\/ul>\n","protected":false},"featured_media":7325,"comment_status":"closed","ping_status":"closed","template":"","meta":[],"product_brand":[],"product_cat":[992],"product_tag":[232,315,320,233,305],"class_list":{"0":"post-7000","1":"product","2":"type-product","3":"status-publish","4":"has-post-thumbnail","6":"product_cat-chirurgie-plastique","7":"product_tag-istanbul-fr","8":"product_tag-lifting-du-visage","9":"product_tag-macs-fr","10":"product_tag-turquie","11":"product_tag-visage","13":"first","14":"instock","15":"shipping-taxable","16":"product-type-simple"},"yoast_head":"<!-- This site is optimized with the Yoast SEO Premium plugin v22.1 (Yoast SEO v27.2) - https:\/\/yoast.com\/product\/yoast-seo-premium-wordpress\/ -->\n<title>Lifting m\u00e9diofacial Chirurgie - Best Medical Packages (4.600&#036;)<\/title>\n<meta name=\"description\" content=\"Vous pouvez trouver des informations sur Lifting m\u00e9diofacial - Best Medical Packages (4.600&#036;)\" \/>\n<meta name=\"robots\" content=\"index, follow, max-snippet:-1, max-image-preview:large, max-video-preview:-1\" \/>\n<link rel=\"canonical\" href=\"https:\/\/bestmedicalpackages.com\/fr\/produit\/lifting-mediofacial\/\" \/>\n<meta property=\"og:locale\" content=\"fr_FR\" \/>\n<meta property=\"og:type\" content=\"article\" \/>\n<meta property=\"og:title\" content=\"Lifting m\u00e9diofacial\" \/>\n<meta property=\"og:description\" content=\"Vous pouvez trouver des informations sur Lifting m\u00e9diofacial - Best Medical Packages (4.600&#036;)\" \/>\n<meta property=\"og:url\" content=\"https:\/\/bestmedicalpackages.com\/fr\/produit\/lifting-mediofacial\/\" \/>\n<meta property=\"og:site_name\" content=\"Best Medical Packages\" \/>\n<meta property=\"article:modified_time\" content=\"2025-12-01T10:17:34+00:00\" \/>\n<meta property=\"og:image\" content=\"https:\/\/bestmedicalpackages.com\/wp-content\/uploads\/2025\/08\/MidFaceLift.jpg\" \/>\n\t<meta property=\"og:image:width\" content=\"990\" \/>\n\t<meta property=\"og:image:height\" content=\"990\" \/>\n\t<meta property=\"og:image:type\" content=\"image\/jpeg\" \/>\n<meta name=\"twitter:card\" content=\"summary_large_image\" \/>\n<meta name=\"twitter:label1\" content=\"Prix\" \/>\n\t<meta name=\"twitter:data1\" content=\"4.600&#036;\" \/>\n\t<meta name=\"twitter:label2\" content=\"Disponibilit\u00e9\" \/>\n\t<meta name=\"twitter:data2\" content=\"En stock\" \/>\n<script type=\"application\/ld+json\" class=\"yoast-schema-graph\">{\"@context\":\"https:\/\/schema.org\",\"@graph\":[{\"@type\":\"WebPage\",\"@id\":\"https:\/\/bestmedicalpackages.com\/fr\/produit\/lifting-mediofacial\/\",\"url\":\"https:\/\/bestmedicalpackages.com\/fr\/produit\/lifting-mediofacial\/\",\"name\":\"Lifting m\u00e9diofacial Chirurgie - Best Medical Packages (4.600&#36;)\",\"isPartOf\":{\"@id\":\"https:\/\/bestmedicalpackages.com\/fr\/#website\"},\"primaryImageOfPage\":{\"@id\":\"https:\/\/bestmedicalpackages.com\/fr\/produit\/lifting-mediofacial\/#primaryimage\"},\"image\":{\"@id\":\"https:\/\/bestmedicalpackages.com\/fr\/produit\/lifting-mediofacial\/#primaryimage\"},\"thumbnailUrl\":\"https:\/\/bestmedical.b-cdn.net\/wp-content\/uploads\/2025\/08\/MidFaceLift.jpg\",\"datePublished\":\"2025-08-13T12:14:37+00:00\",\"dateModified\":\"2025-12-01T10:17:34+00:00\",\"description\":\"Vous pouvez trouver des informations sur Lifting m\u00e9diofacial - Best Medical Packages (4.600&#36;)\",\"breadcrumb\":{\"@id\":\"https:\/\/bestmedicalpackages.com\/fr\/produit\/lifting-mediofacial\/#breadcrumb\"},\"inLanguage\":\"fr-FR\",\"potentialAction\":[{\"@type\":\"ReadAction\",\"target\":[\"https:\/\/bestmedicalpackages.com\/fr\/produit\/lifting-mediofacial\/\"]}]},{\"@type\":\"ImageObject\",\"inLanguage\":\"fr-FR\",\"@id\":\"https:\/\/bestmedicalpackages.com\/fr\/produit\/lifting-mediofacial\/#primaryimage\",\"url\":\"https:\/\/bestmedical.b-cdn.net\/wp-content\/uploads\/2025\/08\/MidFaceLift.jpg\",\"contentUrl\":\"https:\/\/bestmedical.b-cdn.net\/wp-content\/uploads\/2025\/08\/MidFaceLift.jpg\",\"width\":990,\"height\":990,\"caption\":\"MidFaceLift\"},{\"@type\":\"BreadcrumbList\",\"@id\":\"https:\/\/bestmedicalpackages.com\/fr\/produit\/lifting-mediofacial\/#breadcrumb\",\"itemListElement\":[{\"@type\":\"ListItem\",\"position\":1,\"name\":\"Home of Best Medical Packages\",\"item\":\"https:\/\/bestmedicalpackages.com\/fr\/accueil\/\"},{\"@type\":\"ListItem\",\"position\":2,\"name\":\"Procedures\",\"item\":\"https:\/\/bestmedicalpackages.com\/procedures\/\"},{\"@type\":\"ListItem\",\"position\":3,\"name\":\"Lifting m\u00e9diofacial\"}]},{\"@type\":\"WebSite\",\"@id\":\"https:\/\/bestmedicalpackages.com\/fr\/#website\",\"url\":\"https:\/\/bestmedicalpackages.com\/fr\/\",\"name\":\"Best Medical Packages\",\"description\":\"Best medical packages for male and female patients.\",\"publisher\":{\"@id\":\"https:\/\/bestmedicalpackages.com\/fr\/#organization\"},\"potentialAction\":[{\"@type\":\"SearchAction\",\"target\":{\"@type\":\"EntryPoint\",\"urlTemplate\":\"https:\/\/bestmedicalpackages.com\/fr\/?s={search_term_string}\"},\"query-input\":{\"@type\":\"PropertyValueSpecification\",\"valueRequired\":true,\"valueName\":\"search_term_string\"}}],\"inLanguage\":\"fr-FR\"},{\"@type\":\"Organization\",\"@id\":\"https:\/\/bestmedicalpackages.com\/fr\/#organization\",\"name\":\"Best Medical Packages\",\"url\":\"https:\/\/bestmedicalpackages.com\/fr\/\",\"logo\":{\"@type\":\"ImageObject\",\"inLanguage\":\"fr-FR\",\"@id\":\"https:\/\/bestmedicalpackages.com\/fr\/#\/schema\/logo\/image\/\",\"url\":\"https:\/\/bestmedicalpackages.com\/wp-content\/uploads\/2023\/02\/logo.png\",\"contentUrl\":\"https:\/\/bestmedicalpackages.com\/wp-content\/uploads\/2023\/02\/logo.png\",\"width\":308,\"height\":106,\"caption\":\"Best Medical Packages\"},\"image\":{\"@id\":\"https:\/\/bestmedicalpackages.com\/fr\/#\/schema\/logo\/image\/\"},\"sameAs\":[\"https:\/\/www.instagram.com\/medicalpackages\/\"]}]}<\/script>\n<meta property=\"product:price:amount\" content=\"4600\" \/>\n<meta property=\"product:price:currency\" content=\"USD\" \/>\n<meta property=\"og:availability\" content=\"instock\" \/>\n<meta property=\"product:availability\" content=\"instock\" \/>\n<meta property=\"product:condition\" content=\"new\" \/>\n<!-- \/ Yoast SEO Premium plugin. -->","yoast_head_json":{"title":"Lifting m\u00e9diofacial Chirurgie - Best Medical Packages (4.600&#36;)","description":"Vous pouvez trouver des informations sur Lifting m\u00e9diofacial - Best Medical Packages (4.600&#36;)","robots":{"index":"index","follow":"follow","max-snippet":"max-snippet:-1","max-image-preview":"max-image-preview:large","max-video-preview":"max-video-preview:-1"},"canonical":"https:\/\/bestmedicalpackages.com\/fr\/produit\/lifting-mediofacial\/","og_locale":"fr_FR","og_type":"article","og_title":"Lifting m\u00e9diofacial","og_description":"Vous pouvez trouver des informations sur Lifting m\u00e9diofacial - Best Medical Packages (4.600&#36;)","og_url":"https:\/\/bestmedicalpackages.com\/fr\/produit\/lifting-mediofacial\/","og_site_name":"Best Medical Packages","article_modified_time":"2025-12-01T10:17:34+00:00","og_image":[{"width":990,"height":990,"url":"https:\/\/bestmedicalpackages.com\/wp-content\/uploads\/2025\/08\/MidFaceLift.jpg","type":"image\/jpeg"}],"twitter_card":"summary_large_image","twitter_misc":{"Prix":"4.600&#36;","Disponibilit\u00e9":"En stock"},"schema":{"@context":"https:\/\/schema.org","@graph":[{"@type":"WebPage","@id":"https:\/\/bestmedicalpackages.com\/fr\/produit\/lifting-mediofacial\/","url":"https:\/\/bestmedicalpackages.com\/fr\/produit\/lifting-mediofacial\/","name":"Lifting m\u00e9diofacial Chirurgie - Best Medical Packages (4.600&#36;)","isPartOf":{"@id":"https:\/\/bestmedicalpackages.com\/fr\/#website"},"primaryImageOfPage":{"@id":"https:\/\/bestmedicalpackages.com\/fr\/produit\/lifting-mediofacial\/#primaryimage"},"image":{"@id":"https:\/\/bestmedicalpackages.com\/fr\/produit\/lifting-mediofacial\/#primaryimage"},"thumbnailUrl":"https:\/\/bestmedical.b-cdn.net\/wp-content\/uploads\/2025\/08\/MidFaceLift.jpg","datePublished":"2025-08-13T12:14:37+00:00","dateModified":"2025-12-01T10:17:34+00:00","description":"Vous pouvez trouver des informations sur Lifting m\u00e9diofacial - Best Medical Packages (4.600&#36;)","breadcrumb":{"@id":"https:\/\/bestmedicalpackages.com\/fr\/produit\/lifting-mediofacial\/#breadcrumb"},"inLanguage":"fr-FR","potentialAction":[{"@type":"ReadAction","target":["https:\/\/bestmedicalpackages.com\/fr\/produit\/lifting-mediofacial\/"]}]},{"@type":"ImageObject","inLanguage":"fr-FR","@id":"https:\/\/bestmedicalpackages.com\/fr\/produit\/lifting-mediofacial\/#primaryimage","url":"https:\/\/bestmedical.b-cdn.net\/wp-content\/uploads\/2025\/08\/MidFaceLift.jpg","contentUrl":"https:\/\/bestmedical.b-cdn.net\/wp-content\/uploads\/2025\/08\/MidFaceLift.jpg","width":990,"height":990,"caption":"MidFaceLift"},{"@type":"BreadcrumbList","@id":"https:\/\/bestmedicalpackages.com\/fr\/produit\/lifting-mediofacial\/#breadcrumb","itemListElement":[{"@type":"ListItem","position":1,"name":"Home of Best Medical Packages","item":"https:\/\/bestmedicalpackages.com\/fr\/accueil\/"},{"@type":"ListItem","position":2,"name":"Procedures","item":"https:\/\/bestmedicalpackages.com\/procedures\/"},{"@type":"ListItem","position":3,"name":"Lifting m\u00e9diofacial"}]},{"@type":"WebSite","@id":"https:\/\/bestmedicalpackages.com\/fr\/#website","url":"https:\/\/bestmedicalpackages.com\/fr\/","name":"Best Medical Packages","description":"Best medical packages for male and female patients.","publisher":{"@id":"https:\/\/bestmedicalpackages.com\/fr\/#organization"},"potentialAction":[{"@type":"SearchAction","target":{"@type":"EntryPoint","urlTemplate":"https:\/\/bestmedicalpackages.com\/fr\/?s={search_term_string}"},"query-input":{"@type":"PropertyValueSpecification","valueRequired":true,"valueName":"search_term_string"}}],"inLanguage":"fr-FR"},{"@type":"Organization","@id":"https:\/\/bestmedicalpackages.com\/fr\/#organization","name":"Best Medical Packages","url":"https:\/\/bestmedicalpackages.com\/fr\/","logo":{"@type":"ImageObject","inLanguage":"fr-FR","@id":"https:\/\/bestmedicalpackages.com\/fr\/#\/schema\/logo\/image\/","url":"https:\/\/bestmedicalpackages.com\/wp-content\/uploads\/2023\/02\/logo.png","contentUrl":"https:\/\/bestmedicalpackages.com\/wp-content\/uploads\/2023\/02\/logo.png","width":308,"height":106,"caption":"Best Medical Packages"},"image":{"@id":"https:\/\/bestmedicalpackages.com\/fr\/#\/schema\/logo\/image\/"},"sameAs":["https:\/\/www.instagram.com\/medicalpackages\/"]}]},"product_price_amount":"4600","product_price_currency":"USD","og_availability":"instock","product_availability":"instock","product_condition":"new"},"_links":{"self":[{"href":"https:\/\/bestmedicalpackages.com\/fr\/wp-json\/wp\/v2\/product\/7000","targetHints":{"allow":["GET"]}}],"collection":[{"href":"https:\/\/bestmedicalpackages.com\/fr\/wp-json\/wp\/v2\/product"}],"about":[{"href":"https:\/\/bestmedicalpackages.com\/fr\/wp-json\/wp\/v2\/types\/product"}],"replies":[{"embeddable":true,"href":"https:\/\/bestmedicalpackages.com\/fr\/wp-json\/wp\/v2\/comments?post=7000"}],"wp:featuredmedia":[{"embeddable":true,"href":"https:\/\/bestmedicalpackages.com\/fr\/wp-json\/wp\/v2\/media\/7325"}],"wp:attachment":[{"href":"https:\/\/bestmedicalpackages.com\/fr\/wp-json\/wp\/v2\/media?parent=7000"}],"wp:term":[{"taxonomy":"product_brand","embeddable":true,"href":"https:\/\/bestmedicalpackages.com\/fr\/wp-json\/wp\/v2\/product_brand?post=7000"},{"taxonomy":"product_cat","embeddable":true,"href":"https:\/\/bestmedicalpackages.com\/fr\/wp-json\/wp\/v2\/product_cat?post=7000"},{"taxonomy":"product_tag","embeddable":true,"href":"https:\/\/bestmedicalpackages.com\/fr\/wp-json\/wp\/v2\/product_tag?post=7000"}],"curies":[{"name":"wp","href":"https:\/\/api.w.org\/{rel}","templated":true}]}}