{"id":1726,"date":"2023-02-16T14:43:03","date_gmt":"2023-02-16T11:43:03","guid":{"rendered":"https:\/\/bestmedicalpackages.com\/ospedale-acibadem-fulya\/"},"modified":"2023-02-27T12:30:02","modified_gmt":"2023-02-27T12:30:02","slug":"ospedale-acibadem-fulya","status":"publish","type":"page","link":"https:\/\/bestmedicalpackages.com\/it\/ospedale-acibadem-fulya\/","title":{"rendered":"Ospedale Ac\u0131badem Fulya"},"content":{"rendered":"\n\n  <div class=\"banner has-hover\" id=\"banner-22580025\">\n          <div class=\"banner-inner fill\">\n        <div class=\"banner-bg fill\" >\n            <img loading=\"lazy\" decoding=\"async\" width=\"1020\" height=\"638\" src=\"https:\/\/bestmedical.b-cdn.net\/wp-content\/uploads\/2023\/02\/fulya-acibadem-1280x800.jpeg\" class=\"bg attachment-large size-large\" alt=\"fulya acibadem\" \/>                        <div class=\"overlay\"><\/div>            \n                    <\/div>\n\t\t\n        <div class=\"banner-layers container\">\n            <div class=\"fill banner-link\"><\/div>            \n\n   <div id=\"text-box-1640973584\" class=\"text-box banner-layer x50 md-x5 lg-x5 y50 md-y50 lg-y50 res-text\">\n                                <div class=\"text-box-content text dark\">\n              \n              <div class=\"text-inner text-center\">\n                  \n\n\t<div id=\"text-2210577612\" class=\"text\">\n\t\t\n\n<h3 class=\"uppercase\">Ac\u0131badem hosp\u0131tal fulya<\/h3>\n<p>Ac\u0131badem Health Group \u00e8 stato fondato come ospedale distrettuale nel 1991 ed \u00e8 cresciuto fino a creare con successo un eco-sistema nella sanit\u00e0. Ac\u0131badem Health Group fornisce servizi sanitari in 23 ospedali e 14 centri medici in 5 Paesi e adotta un approccio di servizio &#8220;a 360 gradi&#8221; in tutti gli aspetti della sanit\u00e0 attraverso societ\u00e0 affiliate per i servizi di supporto e l&#8217;Universit\u00e0 Ac\u0131badem.<\/p>\n\t\t\n<style>\n#text-2210577612 {\n  font-size: 1rem;\n}\n<\/style>\n\t<\/div>\n\t\n\n              <\/div>\n           <\/div>\n                            \n<style>\n#text-box-1640973584 .text-box-content {\n  background-color: rgba(0, 0, 0, 0.576);\n  font-size: 100%;\n}\n#text-box-1640973584 .text-inner {\n  padding: 20px 20px 20px 20px;\n}\n#text-box-1640973584 {\n  width: 92%;\n}\n@media (min-width:550px) {\n  #text-box-1640973584 {\n    width: 40%;\n  }\n}\n<\/style>\n    <\/div>\n \n\n        <\/div>\n      <\/div>\n\n            \n<style>\n#banner-22580025 {\n  padding-top: 500px;\n}\n#banner-22580025 .overlay {\n  background-color: rgba(0, 0, 0, 0.31);\n}\n<\/style>\n  <\/div>\n\n\n<div class=\"row\"  id=\"row-991782023\">\n\n\n\t<div id=\"col-2043320797\" class=\"col medium-8 small-12 large-8\"  >\n\t\t\t\t<div class=\"col-inner\"  >\n\t\t\t\n\t\t\t\n\n<div>L&#8217;ospedale Ac\u0131badem Fulya serve i pazienti in tutti i reparti di medicina dal 2010 a Be\u015fikta\u015f, uno dei quartieri pi\u00f9 popolati di Istanbul.<\/div>\n<div> <\/div>\n<h3>7 sale operatorie e 16 unit\u00e0 di terapia intensiva  <\/h3>\n<div>L&#8217;ospedale Ac\u0131badem Fulya comprende 124 unit\u00e0 di degenza, 7 sale operatorie e 16 unit\u00e0 di terapia intensiva in un&#8217;area interna di 22.000 m2. L&#8217;ospedale compie sforzi ragionevoli per garantire la privacy dei pazienti e dei familiari durante gli incontri con i medici.  <\/div>\n<div> <\/div>\n<div>\n<h3>Avvertenze<\/h3>\n<p><strong>Fiori: <\/strong>Non sono ammessi fiori nelle stanze e nei piani dei pazienti per evitare il rischio di infezioni. I fiori vengono prima accettati dal nostro personale e poi consegnati al momento del congedo.  <br><strong>Orari di visita: <\/strong>L&#8217;orario di visita \u00e8 dalle 10.00 alle 22.00 tutti i giorni. Si prega di non accettare bambini di et\u00e0 inferiore ai 6 anni a causa dei potenziali rischi per la salute.  <br><strong>Accompagnatore: <\/strong>I pazienti possono avere un solo accompagnatore. I visitatori che si trovano nelle stanze dei pazienti dopo le 22.00 sono accettati come accompagnatori.  <br><strong>Fumo: <\/strong>\u00c8 vietato fumare nelle aree interne dell&#8217;ospedale.<\/p>\n<\/div>\n<div> <\/div>\n<div> <\/div>\n<a href=\"https:\/\/www.acibadem.com.tr\/en\/\" target=\"_blank\" class=\"button primary\" rel=\"noopener\" >\n\t\t<span>Cliccare per le pagine web ac\u0131bademiche<\/span>\n\t<i class=\"icon-angle-right\" aria-hidden=\"true\"><\/i><\/a>\n\n\n\n\t\t<\/div>\n\t\t\t\t\t<\/div>\n\n\t\n\n\t<div id=\"col-1277076332\" class=\"col medium-4 small-12 large-4\"  >\n\t\t\t\t<div class=\"col-inner\"  >\n\t\t\t\n\t\t\t\n\n\t<div class=\"img has-hover x md-x lg-x y md-y lg-y\" id=\"image_1878812979\">\n\t\t\t\t\t\t\t\t<div class=\"img-inner dark\" >\n\t\t\t<img loading=\"lazy\" decoding=\"async\" width=\"1020\" height=\"638\" src=\"https:\/\/bestmedical.b-cdn.net\/wp-content\/uploads\/2023\/02\/acibadem-fulya-hastanesi-180220191058510489757.png\" class=\"attachment-large size-large\" alt=\"acibadem fulya hastanesi 180220191058510489757\" srcset=\"https:\/\/bestmedical.b-cdn.net\/wp-content\/uploads\/2023\/02\/acibadem-fulya-hastanesi-180220191058510489757.png 1096w, https:\/\/bestmedical.b-cdn.net\/wp-content\/uploads\/2023\/02\/acibadem-fulya-hastanesi-180220191058510489757-1027x642.png 1027w, https:\/\/bestmedical.b-cdn.net\/wp-content\/uploads\/2023\/02\/acibadem-fulya-hastanesi-180220191058510489757-640x400.png 640w, https:\/\/bestmedical.b-cdn.net\/wp-content\/uploads\/2023\/02\/acibadem-fulya-hastanesi-180220191058510489757-768x480.png 768w\" sizes=\"auto, (max-width: 1020px) 100vw, 1020px\" \/>\t\t\t\t\t\t\n\t\t\t\t\t<\/div>\n\t\t\t\t\t\t\t\t\n<style>\n#image_1878812979 {\n  width: 100%;\n}\n<\/style>\n\t<\/div>\n\t\n\n\t<div class=\"img has-hover x md-x lg-x y md-y lg-y\" id=\"image_1795332848\">\n\t\t\t\t\t\t\t\t<div class=\"img-inner dark\" >\n\t\t\t<img loading=\"lazy\" decoding=\"async\" width=\"1020\" height=\"638\" src=\"https:\/\/bestmedical.b-cdn.net\/wp-content\/uploads\/2023\/02\/acibadem-fulya-hastanesi-180220191058578830228.png\" class=\"attachment-large size-large\" alt=\"acibadem fulya hastanesi 180220191058578830228\" srcset=\"https:\/\/bestmedical.b-cdn.net\/wp-content\/uploads\/2023\/02\/acibadem-fulya-hastanesi-180220191058578830228.png 1096w, https:\/\/bestmedical.b-cdn.net\/wp-content\/uploads\/2023\/02\/acibadem-fulya-hastanesi-180220191058578830228-1027x642.png 1027w, https:\/\/bestmedical.b-cdn.net\/wp-content\/uploads\/2023\/02\/acibadem-fulya-hastanesi-180220191058578830228-640x400.png 640w, https:\/\/bestmedical.b-cdn.net\/wp-content\/uploads\/2023\/02\/acibadem-fulya-hastanesi-180220191058578830228-768x480.png 768w\" sizes=\"auto, (max-width: 1020px) 100vw, 1020px\" \/>\t\t\t\t\t\t\n\t\t\t\t\t<\/div>\n\t\t\t\t\t\t\t\t\n<style>\n#image_1795332848 {\n  width: 100%;\n}\n<\/style>\n\t<\/div>\n\t\n\n\t<div class=\"img has-hover x md-x lg-x y md-y lg-y\" id=\"image_2078995307\">\n\t\t\t\t\t\t\t\t<div class=\"img-inner dark\" >\n\t\t\t<img loading=\"lazy\" decoding=\"async\" width=\"720\" height=\"510\" src=\"https:\/\/bestmedical.b-cdn.net\/wp-content\/uploads\/2023\/02\/acibadem-fulya-hastanesi-180220191114230893897.png\" class=\"attachment-large size-large\" alt=\"acibadem fulya hastanesi 180220191114230893897\" srcset=\"https:\/\/bestmedical.b-cdn.net\/wp-content\/uploads\/2023\/02\/acibadem-fulya-hastanesi-180220191114230893897.png 720w, https:\/\/bestmedical.b-cdn.net\/wp-content\/uploads\/2023\/02\/acibadem-fulya-hastanesi-180220191114230893897-600x425.png 600w, https:\/\/bestmedical.b-cdn.net\/wp-content\/uploads\/2023\/02\/acibadem-fulya-hastanesi-180220191114230893897-565x400.png 565w\" sizes=\"auto, (max-width: 720px) 100vw, 720px\" \/>\t\t\t\t\t\t\n\t\t\t\t\t<\/div>\n\t\t\t\t\t\t\t\t\n<style>\n#image_2078995307 {\n  width: 100%;\n}\n<\/style>\n\t<\/div>\n\t\n\n\n\t\t<\/div>\n\t\t\t\t\t<\/div>\n\n\t\n\n<\/div>\n\n","protected":false},"excerpt":{"rendered":"","protected":false},"author":1,"featured_media":0,"parent":0,"menu_order":0,"comment_status":"closed","ping_status":"closed","template":"","meta":{"footnotes":""},"class_list":["post-1726","page","type-page","status-publish","hentry"],"yoast_head":"<!-- This site is optimized with the Yoast SEO Premium plugin v22.1 (Yoast SEO v27.2) - https:\/\/yoast.com\/product\/yoast-seo-premium-wordpress\/ -->\n<title>Ospedale Ac\u0131badem Fulya - Best Medical Packages<\/title>\n<meta name=\"robots\" content=\"index, follow, max-snippet:-1, max-image-preview:large, max-video-preview:-1\" \/>\n<link rel=\"canonical\" href=\"https:\/\/bestmedicalpackages.com\/it\/ospedale-acibadem-fulya\/\" \/>\n<meta property=\"og:locale\" content=\"it_IT\" \/>\n<meta property=\"og:type\" content=\"article\" \/>\n<meta property=\"og:title\" content=\"Ospedale Ac\u0131badem Fulya\" \/>\n<meta property=\"og:url\" content=\"https:\/\/bestmedicalpackages.com\/it\/ospedale-acibadem-fulya\/\" \/>\n<meta property=\"og:site_name\" content=\"Best Medical Packages\" \/>\n<meta property=\"article:modified_time\" content=\"2023-02-27T12:30:02+00:00\" \/>\n<meta property=\"og:image\" content=\"https:\/\/bestmedical.b-cdn.net\/wp-content\/uploads\/2023\/02\/slider-new-03-1.jpg\" \/>\n\t<meta property=\"og:image:width\" content=\"1600\" \/>\n\t<meta property=\"og:image:height\" content=\"991\" \/>\n\t<meta property=\"og:image:type\" content=\"image\/jpeg\" \/>\n<meta name=\"twitter:card\" content=\"summary_large_image\" \/>\n<meta name=\"twitter:label1\" content=\"Tempo di lettura stimato\" \/>\n\t<meta name=\"twitter:data1\" content=\"2 minuti\" \/>\n<script type=\"application\/ld+json\" class=\"yoast-schema-graph\">{\"@context\":\"https:\/\/schema.org\",\"@graph\":[{\"@type\":\"WebPage\",\"@id\":\"https:\/\/bestmedicalpackages.com\/it\/ospedale-acibadem-fulya\/\",\"url\":\"https:\/\/bestmedicalpackages.com\/it\/ospedale-acibadem-fulya\/\",\"name\":\"Ospedale Ac\u0131badem Fulya - Best Medical Packages\",\"isPartOf\":{\"@id\":\"https:\/\/bestmedicalpackages.com\/it\/#website\"},\"datePublished\":\"2023-02-16T11:43:03+00:00\",\"dateModified\":\"2023-02-27T12:30:02+00:00\",\"breadcrumb\":{\"@id\":\"https:\/\/bestmedicalpackages.com\/it\/ospedale-acibadem-fulya\/#breadcrumb\"},\"inLanguage\":\"it-IT\",\"potentialAction\":[{\"@type\":\"ReadAction\",\"target\":[\"https:\/\/bestmedicalpackages.com\/it\/ospedale-acibadem-fulya\/\"]}]},{\"@type\":\"BreadcrumbList\",\"@id\":\"https:\/\/bestmedicalpackages.com\/it\/ospedale-acibadem-fulya\/#breadcrumb\",\"itemListElement\":[{\"@type\":\"ListItem\",\"position\":1,\"name\":\"Home of Best Medical Packages\",\"item\":\"https:\/\/bestmedicalpackages.com\/it\/casa\/\"},{\"@type\":\"ListItem\",\"position\":2,\"name\":\"Ospedale Ac\u0131badem Fulya\"}]},{\"@type\":\"WebSite\",\"@id\":\"https:\/\/bestmedicalpackages.com\/it\/#website\",\"url\":\"https:\/\/bestmedicalpackages.com\/it\/\",\"name\":\"Best Medical Packages\",\"description\":\"Best medical packages for male and female patients.\",\"publisher\":{\"@id\":\"https:\/\/bestmedicalpackages.com\/it\/#organization\"},\"potentialAction\":[{\"@type\":\"SearchAction\",\"target\":{\"@type\":\"EntryPoint\",\"urlTemplate\":\"https:\/\/bestmedicalpackages.com\/it\/?s={search_term_string}\"},\"query-input\":{\"@type\":\"PropertyValueSpecification\",\"valueRequired\":true,\"valueName\":\"search_term_string\"}}],\"inLanguage\":\"it-IT\"},{\"@type\":\"Organization\",\"@id\":\"https:\/\/bestmedicalpackages.com\/it\/#organization\",\"name\":\"Best Medical Packages\",\"url\":\"https:\/\/bestmedicalpackages.com\/it\/\",\"logo\":{\"@type\":\"ImageObject\",\"inLanguage\":\"it-IT\",\"@id\":\"https:\/\/bestmedicalpackages.com\/it\/#\/schema\/logo\/image\/\",\"url\":\"https:\/\/bestmedicalpackages.com\/wp-content\/uploads\/2023\/02\/logo.png\",\"contentUrl\":\"https:\/\/bestmedicalpackages.com\/wp-content\/uploads\/2023\/02\/logo.png\",\"width\":308,\"height\":106,\"caption\":\"Best Medical Packages\"},\"image\":{\"@id\":\"https:\/\/bestmedicalpackages.com\/it\/#\/schema\/logo\/image\/\"},\"sameAs\":[\"https:\/\/www.instagram.com\/medicalpackages\/\"]}]}<\/script>\n<!-- \/ Yoast SEO Premium plugin. -->","yoast_head_json":{"title":"Ospedale Ac\u0131badem Fulya - Best Medical Packages","robots":{"index":"index","follow":"follow","max-snippet":"max-snippet:-1","max-image-preview":"max-image-preview:large","max-video-preview":"max-video-preview:-1"},"canonical":"https:\/\/bestmedicalpackages.com\/it\/ospedale-acibadem-fulya\/","og_locale":"it_IT","og_type":"article","og_title":"Ospedale Ac\u0131badem Fulya","og_url":"https:\/\/bestmedicalpackages.com\/it\/ospedale-acibadem-fulya\/","og_site_name":"Best Medical Packages","article_modified_time":"2023-02-27T12:30:02+00:00","og_image":[{"width":1600,"height":991,"url":"https:\/\/bestmedical.b-cdn.net\/wp-content\/uploads\/2023\/02\/slider-new-03-1.jpg","type":"image\/jpeg"}],"twitter_card":"summary_large_image","twitter_misc":{"Tempo di lettura stimato":"2 minuti"},"schema":{"@context":"https:\/\/schema.org","@graph":[{"@type":"WebPage","@id":"https:\/\/bestmedicalpackages.com\/it\/ospedale-acibadem-fulya\/","url":"https:\/\/bestmedicalpackages.com\/it\/ospedale-acibadem-fulya\/","name":"Ospedale Ac\u0131badem Fulya - Best Medical Packages","isPartOf":{"@id":"https:\/\/bestmedicalpackages.com\/it\/#website"},"datePublished":"2023-02-16T11:43:03+00:00","dateModified":"2023-02-27T12:30:02+00:00","breadcrumb":{"@id":"https:\/\/bestmedicalpackages.com\/it\/ospedale-acibadem-fulya\/#breadcrumb"},"inLanguage":"it-IT","potentialAction":[{"@type":"ReadAction","target":["https:\/\/bestmedicalpackages.com\/it\/ospedale-acibadem-fulya\/"]}]},{"@type":"BreadcrumbList","@id":"https:\/\/bestmedicalpackages.com\/it\/ospedale-acibadem-fulya\/#breadcrumb","itemListElement":[{"@type":"ListItem","position":1,"name":"Home of Best Medical Packages","item":"https:\/\/bestmedicalpackages.com\/it\/casa\/"},{"@type":"ListItem","position":2,"name":"Ospedale Ac\u0131badem Fulya"}]},{"@type":"WebSite","@id":"https:\/\/bestmedicalpackages.com\/it\/#website","url":"https:\/\/bestmedicalpackages.com\/it\/","name":"Best Medical Packages","description":"Best medical packages for male and female patients.","publisher":{"@id":"https:\/\/bestmedicalpackages.com\/it\/#organization"},"potentialAction":[{"@type":"SearchAction","target":{"@type":"EntryPoint","urlTemplate":"https:\/\/bestmedicalpackages.com\/it\/?s={search_term_string}"},"query-input":{"@type":"PropertyValueSpecification","valueRequired":true,"valueName":"search_term_string"}}],"inLanguage":"it-IT"},{"@type":"Organization","@id":"https:\/\/bestmedicalpackages.com\/it\/#organization","name":"Best Medical Packages","url":"https:\/\/bestmedicalpackages.com\/it\/","logo":{"@type":"ImageObject","inLanguage":"it-IT","@id":"https:\/\/bestmedicalpackages.com\/it\/#\/schema\/logo\/image\/","url":"https:\/\/bestmedicalpackages.com\/wp-content\/uploads\/2023\/02\/logo.png","contentUrl":"https:\/\/bestmedicalpackages.com\/wp-content\/uploads\/2023\/02\/logo.png","width":308,"height":106,"caption":"Best Medical Packages"},"image":{"@id":"https:\/\/bestmedicalpackages.com\/it\/#\/schema\/logo\/image\/"},"sameAs":["https:\/\/www.instagram.com\/medicalpackages\/"]}]}},"_links":{"self":[{"href":"https:\/\/bestmedicalpackages.com\/it\/wp-json\/wp\/v2\/pages\/1726","targetHints":{"allow":["GET"]}}],"collection":[{"href":"https:\/\/bestmedicalpackages.com\/it\/wp-json\/wp\/v2\/pages"}],"about":[{"href":"https:\/\/bestmedicalpackages.com\/it\/wp-json\/wp\/v2\/types\/page"}],"author":[{"embeddable":true,"href":"https:\/\/bestmedicalpackages.com\/it\/wp-json\/wp\/v2\/users\/1"}],"replies":[{"embeddable":true,"href":"https:\/\/bestmedicalpackages.com\/it\/wp-json\/wp\/v2\/comments?post=1726"}],"version-history":[{"count":0,"href":"https:\/\/bestmedicalpackages.com\/it\/wp-json\/wp\/v2\/pages\/1726\/revisions"}],"wp:attachment":[{"href":"https:\/\/bestmedicalpackages.com\/it\/wp-json\/wp\/v2\/media?parent=1726"}],"curies":[{"name":"wp","href":"https:\/\/api.w.org\/{rel}","templated":true}]}}