{"id":2177,"date":"2013-08-11T19:06:15","date_gmt":"2013-08-11T16:06:15","guid":{"rendered":"https:\/\/bestmedicalpackages.com\/chi-siamo\/"},"modified":"2025-12-11T11:29:05","modified_gmt":"2025-12-11T08:29:05","slug":"chi-siamo","status":"publish","type":"page","link":"https:\/\/bestmedicalpackages.com\/it\/chi-siamo\/","title":{"rendered":"Chi siamo"},"content":{"rendered":"\n\n  <div class=\"banner has-hover has-parallax\" id=\"banner-1420284377\">\n          <div class=\"banner-inner fill\">\n        <div class=\"banner-bg fill\" data-parallax=\"-3\" data-parallax-container=\".banner\" data-parallax-background>\n            <img loading=\"lazy\" decoding=\"async\" width=\"1020\" height=\"354\" src=\"https:\/\/bestmedical.b-cdn.net\/wp-content\/uploads\/2023\/02\/about-us-1-1400x486.jpg\" class=\"bg attachment-large size-large\" alt=\"about us 1\" \/>                        <div class=\"overlay\"><\/div>            \n                    <\/div>\n\t\t\n        <div class=\"banner-layers container\">\n            <div class=\"fill banner-link\"><\/div>            \n\n   <div id=\"text-box-359991408\" class=\"text-box banner-layer x50 md-x50 lg-x50 y80 md-y80 lg-y80 res-text\">\n                                <div class=\"text-box-content text dark\">\n              \n              <div class=\"text-inner text-center\">\n                  \n\n<h1 class=\"lead\">Chi siamo<\/h1>\n<p class=\"lead\">Forniamo servizi completi di turismo medico a coloro che cercano trattamenti e procedure mediche all&#8217;estero.<\/p>\n\n              <\/div>\n           <\/div>\n                            \n<style>\n#text-box-359991408 {\n  width: 60%;\n}\n#text-box-359991408 .text-box-content {\n  font-size: 100%;\n}\n<\/style>\n    <\/div>\n \n\n        <\/div>\n      <\/div>\n\n            \n<style>\n#banner-1420284377 {\n  padding-top: 507px;\n}\n#banner-1420284377 .overlay {\n  background-color: rgba(0, 0, 0, 0.49);\n}\n<\/style>\n  <\/div>\n\n\n<div class=\"row\"  id=\"row-1668257168\">\n\n\n\t<div id=\"col-1092582872\" class=\"col small-12 large-12\"  >\n\t\t\t\t<div class=\"col-inner\"  >\n\t\t\t\n\t\t\t\n\n<div class=\"text-center\"><div class=\"is-divider divider clearfix\" ><\/div><\/div>\n\n\n\t\t<\/div>\n\t\t\t\t\t<\/div>\n\n\t\n\n<\/div>\n<div class=\"row align-middle\"  id=\"row-131369430\">\n\n\n\t<div id=\"col-1792734030\" class=\"col medium-7 small-12 large-7\"  >\n\t\t\t\t<div class=\"col-inner\"  >\n\t\t\t\n\t\t\t\n\n\t<div id=\"text-3205499017\" class=\"text\">\n\t\t\n\n<p>Benvenuto su Best Medical Packages, il tuo partner di fiducia per la chirurgia estetica e cosmetica di alto livello a Istanbul, in Turchia. Siamo specializzati nell&#8217;offerta di pacchetti medici completi e personalizzati in base alle tue esigenze, combinando procedure all&#8217;avanguardia con un&#8217;assistenza personalizzata per assicurarti un&#8217;esperienza perfetta e trasformativa.   <\/p>\n<p>Grazie al nostro impegno per l&#8217;eccellenza, offriamo l&#8217;accesso a chirurghi di prim&#8217;ordine e a strutture all&#8217;avanguardia per un&#8217;ampia gamma di interventi, tra cui la chirurgia estetica a Istanbul e la chirurgia estetica in Turchia. Che tu stia pensando a un lifting, a una rinoplastica, a un aumento del seno o a un rimodellamento del corpo, i nostri pacchetti sono pensati per aiutarti a raggiungere i tuoi obiettivi estetici mentre ti godi la vibrante cultura di Istanbul.   <\/p>\n<p>Oltre alla chirurgia plastica, offriamo anche trattamenti dentali di alto livello a Istanbul, tra cui il famoso Hollywood Smile in Turchia. I nostri esperti odontoiatri utilizzano tecniche e tecnologie avanzate per ottenere risultati sorprendenti, aumentando la tua sicurezza con un sorriso radioso.   <\/p>\n<p>In Best Medical Packages la soddisfazione del paziente \u00e8 la nostra priorit\u00e0. Dal momento in cui ci contatti, il nostro team dedicato ti assister\u00e0 in ogni dettaglio del tuo viaggio, dalla scelta della procedura migliore all&#8217;organizzazione del viaggio, dell&#8217;alloggio e dell&#8217;assistenza post-operatoria. Siamo orgogliosi di offrire prezzi trasparenti, un servizio eccezionale e risultati che superano le aspettative.    <\/p>\n<p>La Turchia, e in particolare Istanbul, \u00e8 diventata un centro di riferimento mondiale per la chirurgia estetica e cosmetica grazie alla sua rinomata esperienza medica e alla sua convenienza. Scegliendo Best Medical Packages, non solo investirai in cure di livello mondiale, ma anche in un viaggio che unisce bellezza, fiducia ed esplorazione culturale.   <\/p>\n<p>Lascia che ti aiutiamo a trasformare i tuoi sogni in realt\u00e0. Contattaci oggi stesso per saperne di pi\u00f9 sui nostri pacchetti personalizzati di chirurgia estetica in Turchia e inizia il tuo viaggio verso una maggiore bellezza e benessere. <\/p>\n\t\t\n<style>\n#text-3205499017 {\n  text-align: left;\n}\n<\/style>\n\t<\/div>\n\t\n<a href=\"https:\/\/bestmedicalpackages.com\/it\/contatto\/\" class=\"button primary is-large\" style=\"border-radius:20px;\">\n\t\t<span>Vai a Contatti<\/span>\n\t<\/a>\n\n\n\n\t\t<\/div>\n\t\t\t\t\t<\/div>\n\n\t\n\n<\/div>\n\n","protected":false},"excerpt":{"rendered":"","protected":false},"author":1,"featured_media":493,"parent":0,"menu_order":0,"comment_status":"closed","ping_status":"closed","template":"page-transparent-header-light.php","meta":{"footnotes":""},"class_list":["post-2177","page","type-page","status-publish","has-post-thumbnail","hentry"],"yoast_head":"<!-- This site is optimized with the Yoast SEO Premium plugin v22.1 (Yoast SEO v27.2) - https:\/\/yoast.com\/product\/yoast-seo-premium-wordpress\/ -->\n<title>Chi siamo - Best Medical Packages<\/title>\n<meta name=\"description\" content=\"siamo il tuo partner di fiducia per la chirurgia estetica e cosmetica di alto livello a Istanbul, in Turchia. Offriamo pacchetti completi.\" \/>\n<meta name=\"robots\" content=\"index, follow, max-snippet:-1, max-image-preview:large, max-video-preview:-1\" \/>\n<link rel=\"canonical\" href=\"https:\/\/bestmedicalpackages.com\/it\/chi-siamo\/\" \/>\n<meta property=\"og:locale\" content=\"it_IT\" \/>\n<meta property=\"og:type\" content=\"article\" \/>\n<meta property=\"og:title\" content=\"Chi siamo\" \/>\n<meta property=\"og:description\" content=\"siamo il tuo partner di fiducia per la chirurgia estetica e cosmetica di alto livello a Istanbul, in Turchia. Offriamo pacchetti completi.\" \/>\n<meta property=\"og:url\" content=\"https:\/\/bestmedicalpackages.com\/it\/chi-siamo\/\" \/>\n<meta property=\"og:site_name\" content=\"Best Medical Packages\" \/>\n<meta property=\"article:modified_time\" content=\"2025-12-11T08:29:05+00:00\" \/>\n<meta property=\"og:image\" content=\"https:\/\/bestmedical.b-cdn.net\/wp-content\/uploads\/2016\/08\/dummy-1.jpg\" \/>\n\t<meta property=\"og:image:width\" content=\"400\" \/>\n\t<meta property=\"og:image:height\" content=\"260\" \/>\n\t<meta property=\"og:image:type\" content=\"image\/jpeg\" \/>\n<meta name=\"twitter:card\" content=\"summary_large_image\" \/>\n<meta name=\"twitter:label1\" content=\"Tempo di lettura stimato\" \/>\n\t<meta name=\"twitter:data1\" content=\"2 minuti\" \/>\n<script type=\"application\/ld+json\" class=\"yoast-schema-graph\">{\"@context\":\"https:\/\/schema.org\",\"@graph\":[{\"@type\":\"WebPage\",\"@id\":\"https:\/\/bestmedicalpackages.com\/it\/chi-siamo\/\",\"url\":\"https:\/\/bestmedicalpackages.com\/it\/chi-siamo\/\",\"name\":\"Chi siamo - Best Medical Packages\",\"isPartOf\":{\"@id\":\"https:\/\/bestmedicalpackages.com\/it\/#website\"},\"primaryImageOfPage\":{\"@id\":\"https:\/\/bestmedicalpackages.com\/it\/chi-siamo\/#primaryimage\"},\"image\":{\"@id\":\"https:\/\/bestmedicalpackages.com\/it\/chi-siamo\/#primaryimage\"},\"thumbnailUrl\":\"https:\/\/bestmedical.b-cdn.net\/wp-content\/uploads\/2016\/08\/dummy-1.jpg\",\"datePublished\":\"2013-08-11T16:06:15+00:00\",\"dateModified\":\"2025-12-11T08:29:05+00:00\",\"description\":\"siamo il tuo partner di fiducia per la chirurgia estetica e cosmetica di alto livello a Istanbul, in Turchia. Offriamo pacchetti completi.\",\"breadcrumb\":{\"@id\":\"https:\/\/bestmedicalpackages.com\/it\/chi-siamo\/#breadcrumb\"},\"inLanguage\":\"it-IT\",\"potentialAction\":[{\"@type\":\"ReadAction\",\"target\":[\"https:\/\/bestmedicalpackages.com\/it\/chi-siamo\/\"]}]},{\"@type\":\"ImageObject\",\"inLanguage\":\"it-IT\",\"@id\":\"https:\/\/bestmedicalpackages.com\/it\/chi-siamo\/#primaryimage\",\"url\":\"https:\/\/bestmedical.b-cdn.net\/wp-content\/uploads\/2016\/08\/dummy-1.jpg\",\"contentUrl\":\"https:\/\/bestmedical.b-cdn.net\/wp-content\/uploads\/2016\/08\/dummy-1.jpg\",\"width\":400,\"height\":260,\"caption\":\"dummy 1\"},{\"@type\":\"BreadcrumbList\",\"@id\":\"https:\/\/bestmedicalpackages.com\/it\/chi-siamo\/#breadcrumb\",\"itemListElement\":[{\"@type\":\"ListItem\",\"position\":1,\"name\":\"Home of Best Medical Packages\",\"item\":\"https:\/\/bestmedicalpackages.com\/it\/casa\/\"},{\"@type\":\"ListItem\",\"position\":2,\"name\":\"Chi siamo\"}]},{\"@type\":\"WebSite\",\"@id\":\"https:\/\/bestmedicalpackages.com\/it\/#website\",\"url\":\"https:\/\/bestmedicalpackages.com\/it\/\",\"name\":\"Best Medical Packages\",\"description\":\"Best medical packages for male and female patients.\",\"publisher\":{\"@id\":\"https:\/\/bestmedicalpackages.com\/it\/#organization\"},\"potentialAction\":[{\"@type\":\"SearchAction\",\"target\":{\"@type\":\"EntryPoint\",\"urlTemplate\":\"https:\/\/bestmedicalpackages.com\/it\/?s={search_term_string}\"},\"query-input\":{\"@type\":\"PropertyValueSpecification\",\"valueRequired\":true,\"valueName\":\"search_term_string\"}}],\"inLanguage\":\"it-IT\"},{\"@type\":\"Organization\",\"@id\":\"https:\/\/bestmedicalpackages.com\/it\/#organization\",\"name\":\"Best Medical Packages\",\"url\":\"https:\/\/bestmedicalpackages.com\/it\/\",\"logo\":{\"@type\":\"ImageObject\",\"inLanguage\":\"it-IT\",\"@id\":\"https:\/\/bestmedicalpackages.com\/it\/#\/schema\/logo\/image\/\",\"url\":\"https:\/\/bestmedicalpackages.com\/wp-content\/uploads\/2023\/02\/logo.png\",\"contentUrl\":\"https:\/\/bestmedicalpackages.com\/wp-content\/uploads\/2023\/02\/logo.png\",\"width\":308,\"height\":106,\"caption\":\"Best Medical Packages\"},\"image\":{\"@id\":\"https:\/\/bestmedicalpackages.com\/it\/#\/schema\/logo\/image\/\"},\"sameAs\":[\"https:\/\/www.instagram.com\/medicalpackages\/\"]}]}<\/script>\n<!-- \/ Yoast SEO Premium plugin. -->","yoast_head_json":{"title":"Chi siamo - Best Medical Packages","description":"siamo il tuo partner di fiducia per la chirurgia estetica e cosmetica di alto livello a Istanbul, in Turchia. Offriamo pacchetti completi.","robots":{"index":"index","follow":"follow","max-snippet":"max-snippet:-1","max-image-preview":"max-image-preview:large","max-video-preview":"max-video-preview:-1"},"canonical":"https:\/\/bestmedicalpackages.com\/it\/chi-siamo\/","og_locale":"it_IT","og_type":"article","og_title":"Chi siamo","og_description":"siamo il tuo partner di fiducia per la chirurgia estetica e cosmetica di alto livello a Istanbul, in Turchia. Offriamo pacchetti completi.","og_url":"https:\/\/bestmedicalpackages.com\/it\/chi-siamo\/","og_site_name":"Best Medical Packages","article_modified_time":"2025-12-11T08:29:05+00:00","og_image":[{"width":400,"height":260,"url":"https:\/\/bestmedical.b-cdn.net\/wp-content\/uploads\/2016\/08\/dummy-1.jpg","type":"image\/jpeg"}],"twitter_card":"summary_large_image","twitter_misc":{"Tempo di lettura stimato":"2 minuti"},"schema":{"@context":"https:\/\/schema.org","@graph":[{"@type":"WebPage","@id":"https:\/\/bestmedicalpackages.com\/it\/chi-siamo\/","url":"https:\/\/bestmedicalpackages.com\/it\/chi-siamo\/","name":"Chi siamo - Best Medical Packages","isPartOf":{"@id":"https:\/\/bestmedicalpackages.com\/it\/#website"},"primaryImageOfPage":{"@id":"https:\/\/bestmedicalpackages.com\/it\/chi-siamo\/#primaryimage"},"image":{"@id":"https:\/\/bestmedicalpackages.com\/it\/chi-siamo\/#primaryimage"},"thumbnailUrl":"https:\/\/bestmedical.b-cdn.net\/wp-content\/uploads\/2016\/08\/dummy-1.jpg","datePublished":"2013-08-11T16:06:15+00:00","dateModified":"2025-12-11T08:29:05+00:00","description":"siamo il tuo partner di fiducia per la chirurgia estetica e cosmetica di alto livello a Istanbul, in Turchia. Offriamo pacchetti completi.","breadcrumb":{"@id":"https:\/\/bestmedicalpackages.com\/it\/chi-siamo\/#breadcrumb"},"inLanguage":"it-IT","potentialAction":[{"@type":"ReadAction","target":["https:\/\/bestmedicalpackages.com\/it\/chi-siamo\/"]}]},{"@type":"ImageObject","inLanguage":"it-IT","@id":"https:\/\/bestmedicalpackages.com\/it\/chi-siamo\/#primaryimage","url":"https:\/\/bestmedical.b-cdn.net\/wp-content\/uploads\/2016\/08\/dummy-1.jpg","contentUrl":"https:\/\/bestmedical.b-cdn.net\/wp-content\/uploads\/2016\/08\/dummy-1.jpg","width":400,"height":260,"caption":"dummy 1"},{"@type":"BreadcrumbList","@id":"https:\/\/bestmedicalpackages.com\/it\/chi-siamo\/#breadcrumb","itemListElement":[{"@type":"ListItem","position":1,"name":"Home of Best Medical Packages","item":"https:\/\/bestmedicalpackages.com\/it\/casa\/"},{"@type":"ListItem","position":2,"name":"Chi siamo"}]},{"@type":"WebSite","@id":"https:\/\/bestmedicalpackages.com\/it\/#website","url":"https:\/\/bestmedicalpackages.com\/it\/","name":"Best Medical Packages","description":"Best medical packages for male and female patients.","publisher":{"@id":"https:\/\/bestmedicalpackages.com\/it\/#organization"},"potentialAction":[{"@type":"SearchAction","target":{"@type":"EntryPoint","urlTemplate":"https:\/\/bestmedicalpackages.com\/it\/?s={search_term_string}"},"query-input":{"@type":"PropertyValueSpecification","valueRequired":true,"valueName":"search_term_string"}}],"inLanguage":"it-IT"},{"@type":"Organization","@id":"https:\/\/bestmedicalpackages.com\/it\/#organization","name":"Best Medical Packages","url":"https:\/\/bestmedicalpackages.com\/it\/","logo":{"@type":"ImageObject","inLanguage":"it-IT","@id":"https:\/\/bestmedicalpackages.com\/it\/#\/schema\/logo\/image\/","url":"https:\/\/bestmedicalpackages.com\/wp-content\/uploads\/2023\/02\/logo.png","contentUrl":"https:\/\/bestmedicalpackages.com\/wp-content\/uploads\/2023\/02\/logo.png","width":308,"height":106,"caption":"Best Medical Packages"},"image":{"@id":"https:\/\/bestmedicalpackages.com\/it\/#\/schema\/logo\/image\/"},"sameAs":["https:\/\/www.instagram.com\/medicalpackages\/"]}]}},"_links":{"self":[{"href":"https:\/\/bestmedicalpackages.com\/it\/wp-json\/wp\/v2\/pages\/2177","targetHints":{"allow":["GET"]}}],"collection":[{"href":"https:\/\/bestmedicalpackages.com\/it\/wp-json\/wp\/v2\/pages"}],"about":[{"href":"https:\/\/bestmedicalpackages.com\/it\/wp-json\/wp\/v2\/types\/page"}],"author":[{"embeddable":true,"href":"https:\/\/bestmedicalpackages.com\/it\/wp-json\/wp\/v2\/users\/1"}],"replies":[{"embeddable":true,"href":"https:\/\/bestmedicalpackages.com\/it\/wp-json\/wp\/v2\/comments?post=2177"}],"version-history":[{"count":8,"href":"https:\/\/bestmedicalpackages.com\/it\/wp-json\/wp\/v2\/pages\/2177\/revisions"}],"predecessor-version":[{"id":8793,"href":"https:\/\/bestmedicalpackages.com\/it\/wp-json\/wp\/v2\/pages\/2177\/revisions\/8793"}],"wp:featuredmedia":[{"embeddable":true,"href":"https:\/\/bestmedicalpackages.com\/it\/wp-json\/wp\/v2\/media\/493"}],"wp:attachment":[{"href":"https:\/\/bestmedicalpackages.com\/it\/wp-json\/wp\/v2\/media?parent=2177"}],"curies":[{"name":"wp","href":"https:\/\/api.w.org\/{rel}","templated":true}]}}