{"id":6792,"date":"2025-04-07T13:12:03","date_gmt":"2025-04-07T10:12:03","guid":{"rendered":"https:\/\/new.bestmedicalpackages.com\/package\/odontoiatria-estetica\/"},"modified":"2025-08-26T18:47:56","modified_gmt":"2025-08-26T15:47:56","slug":"odontoiatria-estetica","status":"publish","type":"product","link":"https:\/\/bestmedicalpackages.com\/it\/prodotto\/odontoiatria-estetica\/","title":{"rendered":"Odontoiatria estetica"},"content":{"rendered":"<p>L<strong>&#8216;odontoiatria estetica<\/strong> comprende una serie di procedure dentali avanzate che mirano a migliorare l&#8217;aspetto del tuo sorriso risolvendo le imperfezioni del colore, della forma, della dimensione o dell&#8217;allineamento dei denti. I trattamenti pi\u00f9 diffusi includono lo <strong>sbiancamento dei denti<\/strong> per schiarire le macchie, le <strong>faccette in porcellana<\/strong> per correggere le scheggiature o le lacune e gli <strong>allineatori trasparenti<\/strong> per raddrizzare i denti in modo discreto. Sia che tu voglia riparare un singolo dente o ottenere una trasformazione completa del sorriso, queste procedure possono aumentare notevolmente la tua fiducia e creare un aspetto pi\u00f9 giovane e vivace. Le tecniche moderne danno priorit\u00e0 sia all&#8217;estetica che alla funzionalit\u00e0, garantendo risultati non solo belli ma anche sani e duraturi. I candidati ideali sono persone con una buona salute orale che hanno aspettative realistiche per il miglioramento del loro sorriso.    <\/p>\n","protected":false},"excerpt":{"rendered":"<ul>\n<li>Specialista in odontoiatria<\/li>\n<li>Consultazione online pre-operatoria<\/li>\n<li>Consultazione fisica<\/li>\n<li>Anestesia locale<\/li>\n<li>Controlli post-operatori<\/li>\n<li>Servizio personalizzato per il paziente<\/li>\n<li>(inglese, francese, spagnolo, italiano)<\/li>\n<li>Assistenza online 24\/7<\/li>\n<li><strong>Richiedi un preventivo<\/strong><\/li>\n<\/ul>\n","protected":false},"featured_media":6733,"comment_status":"open","ping_status":"closed","template":"","meta":[],"product_brand":[],"product_cat":[1029],"product_tag":[1103,224,1030,1104,225],"class_list":{"0":"post-6792","1":"product","2":"type-product","3":"status-publish","4":"has-post-thumbnail","6":"product_cat-odontoiatria","7":"product_tag-cosmetici","8":"product_tag-istanbul-it","9":"product_tag-odontoiatria","10":"product_tag-odontoiatria-estetica","11":"product_tag-turchia","13":"first","14":"instock","15":"shipping-taxable","16":"product-type-simple"},"yoast_head":"<!-- This site is optimized with the Yoast SEO Premium plugin v22.1 (Yoast SEO v27.2) - https:\/\/yoast.com\/product\/yoast-seo-premium-wordpress\/ -->\n<title>Odontoiatria estetica Chirurgia - Best Medical Packages ()<\/title>\n<meta name=\"description\" content=\"Puoi trovare informazioni su Odontoiatria estetica - Best Medical Packages ()\" \/>\n<meta name=\"robots\" content=\"index, follow, max-snippet:-1, max-image-preview:large, max-video-preview:-1\" \/>\n<link rel=\"canonical\" href=\"https:\/\/bestmedicalpackages.com\/it\/prodotto\/odontoiatria-estetica\/\" \/>\n<meta property=\"og:locale\" content=\"it_IT\" \/>\n<meta property=\"og:type\" content=\"article\" \/>\n<meta property=\"og:title\" content=\"Odontoiatria estetica\" \/>\n<meta property=\"og:description\" content=\"Puoi trovare informazioni su Odontoiatria estetica - Best Medical Packages ()\" \/>\n<meta property=\"og:url\" content=\"https:\/\/bestmedicalpackages.com\/it\/prodotto\/odontoiatria-estetica\/\" \/>\n<meta property=\"og:site_name\" content=\"Best Medical Packages\" \/>\n<meta property=\"article:modified_time\" content=\"2025-08-26T15:47:56+00:00\" \/>\n<meta property=\"og:image\" content=\"https:\/\/bestmedicalpackages.com\/wp-content\/uploads\/2025\/08\/cosmetic-dentistry.jpg\" \/>\n\t<meta property=\"og:image:width\" content=\"800\" \/>\n\t<meta property=\"og:image:height\" content=\"800\" \/>\n\t<meta property=\"og:image:type\" content=\"image\/jpeg\" \/>\n<meta name=\"twitter:card\" content=\"summary_large_image\" \/>\n<meta name=\"twitter:label1\" content=\"Prezzo\" \/>\n\t<meta name=\"twitter:data1\" content=\"\" \/>\n\t<meta name=\"twitter:label2\" content=\"Disponibilit\u00e0\" \/>\n\t<meta name=\"twitter:data2\" content=\"In stock\" \/>\n<script type=\"application\/ld+json\" class=\"yoast-schema-graph\">{\"@context\":\"https:\/\/schema.org\",\"@graph\":[{\"@type\":\"WebPage\",\"@id\":\"https:\/\/bestmedicalpackages.com\/it\/prodotto\/odontoiatria-estetica\/\",\"url\":\"https:\/\/bestmedicalpackages.com\/it\/prodotto\/odontoiatria-estetica\/\",\"name\":\"Odontoiatria estetica Chirurgia - Best Medical Packages ()\",\"isPartOf\":{\"@id\":\"https:\/\/bestmedicalpackages.com\/it\/#website\"},\"primaryImageOfPage\":{\"@id\":\"https:\/\/bestmedicalpackages.com\/it\/prodotto\/odontoiatria-estetica\/#primaryimage\"},\"image\":{\"@id\":\"https:\/\/bestmedicalpackages.com\/it\/prodotto\/odontoiatria-estetica\/#primaryimage\"},\"thumbnailUrl\":\"https:\/\/bestmedical.b-cdn.net\/wp-content\/uploads\/2025\/08\/cosmetic-dentistry.jpg\",\"datePublished\":\"2025-04-07T10:12:03+00:00\",\"dateModified\":\"2025-08-26T15:47:56+00:00\",\"description\":\"Puoi trovare informazioni su Odontoiatria estetica - Best Medical Packages ()\",\"breadcrumb\":{\"@id\":\"https:\/\/bestmedicalpackages.com\/it\/prodotto\/odontoiatria-estetica\/#breadcrumb\"},\"inLanguage\":\"it-IT\",\"potentialAction\":[{\"@type\":\"ReadAction\",\"target\":[\"https:\/\/bestmedicalpackages.com\/it\/prodotto\/odontoiatria-estetica\/\"]}]},{\"@type\":\"ImageObject\",\"inLanguage\":\"it-IT\",\"@id\":\"https:\/\/bestmedicalpackages.com\/it\/prodotto\/odontoiatria-estetica\/#primaryimage\",\"url\":\"https:\/\/bestmedical.b-cdn.net\/wp-content\/uploads\/2025\/08\/cosmetic-dentistry.jpg\",\"contentUrl\":\"https:\/\/bestmedical.b-cdn.net\/wp-content\/uploads\/2025\/08\/cosmetic-dentistry.jpg\",\"width\":800,\"height\":800,\"caption\":\"cosmetic dentistry\"},{\"@type\":\"BreadcrumbList\",\"@id\":\"https:\/\/bestmedicalpackages.com\/it\/prodotto\/odontoiatria-estetica\/#breadcrumb\",\"itemListElement\":[{\"@type\":\"ListItem\",\"position\":1,\"name\":\"Home of Best Medical Packages\",\"item\":\"https:\/\/bestmedicalpackages.com\/it\/casa\/\"},{\"@type\":\"ListItem\",\"position\":2,\"name\":\"Procedures\",\"item\":\"https:\/\/bestmedicalpackages.com\/procedures\/\"},{\"@type\":\"ListItem\",\"position\":3,\"name\":\"Odontoiatria estetica\"}]},{\"@type\":\"WebSite\",\"@id\":\"https:\/\/bestmedicalpackages.com\/it\/#website\",\"url\":\"https:\/\/bestmedicalpackages.com\/it\/\",\"name\":\"Best Medical Packages\",\"description\":\"Best medical packages for male and female patients.\",\"publisher\":{\"@id\":\"https:\/\/bestmedicalpackages.com\/it\/#organization\"},\"potentialAction\":[{\"@type\":\"SearchAction\",\"target\":{\"@type\":\"EntryPoint\",\"urlTemplate\":\"https:\/\/bestmedicalpackages.com\/it\/?s={search_term_string}\"},\"query-input\":{\"@type\":\"PropertyValueSpecification\",\"valueRequired\":true,\"valueName\":\"search_term_string\"}}],\"inLanguage\":\"it-IT\"},{\"@type\":\"Organization\",\"@id\":\"https:\/\/bestmedicalpackages.com\/it\/#organization\",\"name\":\"Best Medical Packages\",\"url\":\"https:\/\/bestmedicalpackages.com\/it\/\",\"logo\":{\"@type\":\"ImageObject\",\"inLanguage\":\"it-IT\",\"@id\":\"https:\/\/bestmedicalpackages.com\/it\/#\/schema\/logo\/image\/\",\"url\":\"https:\/\/bestmedicalpackages.com\/wp-content\/uploads\/2023\/02\/logo.png\",\"contentUrl\":\"https:\/\/bestmedicalpackages.com\/wp-content\/uploads\/2023\/02\/logo.png\",\"width\":308,\"height\":106,\"caption\":\"Best Medical Packages\"},\"image\":{\"@id\":\"https:\/\/bestmedicalpackages.com\/it\/#\/schema\/logo\/image\/\"},\"sameAs\":[\"https:\/\/www.instagram.com\/medicalpackages\/\"]}]}<\/script>\n<meta property=\"product:price:currency\" content=\"USD\" \/>\n<meta property=\"og:availability\" content=\"instock\" \/>\n<meta property=\"product:availability\" content=\"instock\" \/>\n<meta property=\"product:condition\" content=\"new\" \/>\n<!-- \/ Yoast SEO Premium plugin. -->","yoast_head_json":{"title":"Odontoiatria estetica Chirurgia - Best Medical Packages ()","description":"Puoi trovare informazioni su Odontoiatria estetica - Best Medical Packages ()","robots":{"index":"index","follow":"follow","max-snippet":"max-snippet:-1","max-image-preview":"max-image-preview:large","max-video-preview":"max-video-preview:-1"},"canonical":"https:\/\/bestmedicalpackages.com\/it\/prodotto\/odontoiatria-estetica\/","og_locale":"it_IT","og_type":"article","og_title":"Odontoiatria estetica","og_description":"Puoi trovare informazioni su Odontoiatria estetica - Best Medical Packages ()","og_url":"https:\/\/bestmedicalpackages.com\/it\/prodotto\/odontoiatria-estetica\/","og_site_name":"Best Medical Packages","article_modified_time":"2025-08-26T15:47:56+00:00","og_image":[{"width":800,"height":800,"url":"https:\/\/bestmedicalpackages.com\/wp-content\/uploads\/2025\/08\/cosmetic-dentistry.jpg","type":"image\/jpeg"}],"twitter_card":"summary_large_image","twitter_misc":{"Prezzo":"","Disponibilit\u00e0":"In stock"},"schema":{"@context":"https:\/\/schema.org","@graph":[{"@type":"WebPage","@id":"https:\/\/bestmedicalpackages.com\/it\/prodotto\/odontoiatria-estetica\/","url":"https:\/\/bestmedicalpackages.com\/it\/prodotto\/odontoiatria-estetica\/","name":"Odontoiatria estetica Chirurgia - Best Medical Packages ()","isPartOf":{"@id":"https:\/\/bestmedicalpackages.com\/it\/#website"},"primaryImageOfPage":{"@id":"https:\/\/bestmedicalpackages.com\/it\/prodotto\/odontoiatria-estetica\/#primaryimage"},"image":{"@id":"https:\/\/bestmedicalpackages.com\/it\/prodotto\/odontoiatria-estetica\/#primaryimage"},"thumbnailUrl":"https:\/\/bestmedical.b-cdn.net\/wp-content\/uploads\/2025\/08\/cosmetic-dentistry.jpg","datePublished":"2025-04-07T10:12:03+00:00","dateModified":"2025-08-26T15:47:56+00:00","description":"Puoi trovare informazioni su Odontoiatria estetica - Best Medical Packages ()","breadcrumb":{"@id":"https:\/\/bestmedicalpackages.com\/it\/prodotto\/odontoiatria-estetica\/#breadcrumb"},"inLanguage":"it-IT","potentialAction":[{"@type":"ReadAction","target":["https:\/\/bestmedicalpackages.com\/it\/prodotto\/odontoiatria-estetica\/"]}]},{"@type":"ImageObject","inLanguage":"it-IT","@id":"https:\/\/bestmedicalpackages.com\/it\/prodotto\/odontoiatria-estetica\/#primaryimage","url":"https:\/\/bestmedical.b-cdn.net\/wp-content\/uploads\/2025\/08\/cosmetic-dentistry.jpg","contentUrl":"https:\/\/bestmedical.b-cdn.net\/wp-content\/uploads\/2025\/08\/cosmetic-dentistry.jpg","width":800,"height":800,"caption":"cosmetic dentistry"},{"@type":"BreadcrumbList","@id":"https:\/\/bestmedicalpackages.com\/it\/prodotto\/odontoiatria-estetica\/#breadcrumb","itemListElement":[{"@type":"ListItem","position":1,"name":"Home of Best Medical Packages","item":"https:\/\/bestmedicalpackages.com\/it\/casa\/"},{"@type":"ListItem","position":2,"name":"Procedures","item":"https:\/\/bestmedicalpackages.com\/procedures\/"},{"@type":"ListItem","position":3,"name":"Odontoiatria estetica"}]},{"@type":"WebSite","@id":"https:\/\/bestmedicalpackages.com\/it\/#website","url":"https:\/\/bestmedicalpackages.com\/it\/","name":"Best Medical Packages","description":"Best medical packages for male and female patients.","publisher":{"@id":"https:\/\/bestmedicalpackages.com\/it\/#organization"},"potentialAction":[{"@type":"SearchAction","target":{"@type":"EntryPoint","urlTemplate":"https:\/\/bestmedicalpackages.com\/it\/?s={search_term_string}"},"query-input":{"@type":"PropertyValueSpecification","valueRequired":true,"valueName":"search_term_string"}}],"inLanguage":"it-IT"},{"@type":"Organization","@id":"https:\/\/bestmedicalpackages.com\/it\/#organization","name":"Best Medical Packages","url":"https:\/\/bestmedicalpackages.com\/it\/","logo":{"@type":"ImageObject","inLanguage":"it-IT","@id":"https:\/\/bestmedicalpackages.com\/it\/#\/schema\/logo\/image\/","url":"https:\/\/bestmedicalpackages.com\/wp-content\/uploads\/2023\/02\/logo.png","contentUrl":"https:\/\/bestmedicalpackages.com\/wp-content\/uploads\/2023\/02\/logo.png","width":308,"height":106,"caption":"Best Medical Packages"},"image":{"@id":"https:\/\/bestmedicalpackages.com\/it\/#\/schema\/logo\/image\/"},"sameAs":["https:\/\/www.instagram.com\/medicalpackages\/"]}]},"product_price_currency":"USD","og_availability":"instock","product_availability":"instock","product_condition":"new"},"_links":{"self":[{"href":"https:\/\/bestmedicalpackages.com\/it\/wp-json\/wp\/v2\/product\/6792","targetHints":{"allow":["GET"]}}],"collection":[{"href":"https:\/\/bestmedicalpackages.com\/it\/wp-json\/wp\/v2\/product"}],"about":[{"href":"https:\/\/bestmedicalpackages.com\/it\/wp-json\/wp\/v2\/types\/product"}],"replies":[{"embeddable":true,"href":"https:\/\/bestmedicalpackages.com\/it\/wp-json\/wp\/v2\/comments?post=6792"}],"wp:featuredmedia":[{"embeddable":true,"href":"https:\/\/bestmedicalpackages.com\/it\/wp-json\/wp\/v2\/media\/6733"}],"wp:attachment":[{"href":"https:\/\/bestmedicalpackages.com\/it\/wp-json\/wp\/v2\/media?parent=6792"}],"wp:term":[{"taxonomy":"product_brand","embeddable":true,"href":"https:\/\/bestmedicalpackages.com\/it\/wp-json\/wp\/v2\/product_brand?post=6792"},{"taxonomy":"product_cat","embeddable":true,"href":"https:\/\/bestmedicalpackages.com\/it\/wp-json\/wp\/v2\/product_cat?post=6792"},{"taxonomy":"product_tag","embeddable":true,"href":"https:\/\/bestmedicalpackages.com\/it\/wp-json\/wp\/v2\/product_tag?post=6792"}],"curies":[{"name":"wp","href":"https:\/\/api.w.org\/{rel}","templated":true}]}}