{"id":7004,"date":"2025-08-14T15:14:35","date_gmt":"2025-08-14T12:14:35","guid":{"rendered":"https:\/\/new.bestmedicalpackages.com\/package\/lifting-e-lipo-del-braccio\/"},"modified":"2025-08-27T11:26:38","modified_gmt":"2025-08-27T08:26:38","slug":"lifting-e-lipo-del-braccio","status":"publish","type":"product","link":"https:\/\/bestmedicalpackages.com\/it\/prodotto\/lifting-e-lipo-del-braccio\/","title":{"rendered":"Lifting e lipo del braccio"},"content":{"rendered":"<p>Il lifting del braccio, noto anche come brachioplastica, \u00e8 un intervento chirurgico usato per rimodellare e ridurre l&#8217;aspetto della pelle cadente sulla parte superiore delle braccia. Questa procedura pu\u00f2 essere usata per ridurre il grasso in eccesso e la pelle nella zona, dando alle braccia un aspetto pi\u00f9 tonico e scolpito. La liposuzione pu\u00f2 essere usata insieme al lifting del braccio per rimuovere eventuali depositi di grasso ostinati che possono essere resistenti alla dieta e all&#8217;esercizio fisico.<\/p>\n","protected":false},"excerpt":{"rendered":"<ul>\n<li>Chirurgo certificato membro del consiglio di amministrazione<\/li>\n<li>Consultazione online pre-operatoria<\/li>\n<li>Consultazione fisica<\/li>\n<li>Emocromo completo<\/li>\n<li>Anestesia generale<\/li>\n<li>Farmaci<\/li>\n<li>Controlli post operatori,Kit medico post operatorio<\/li>\n<li>Servizio personalizzato per il paziente<\/li>\n<li>(inglese, francese, spagnolo, italiano)<\/li>\n<li>Assistenza online 24\/7<\/li>\n<\/ul>\n","protected":false},"featured_media":8516,"comment_status":"open","ping_status":"closed","template":"","meta":[],"product_brand":[],"product_cat":[994],"product_tag":[340,224,367,225],"class_list":{"0":"post-7004","1":"product","2":"type-product","3":"status-publish","4":"has-post-thumbnail","6":"product_cat-chirurgia-plastica","7":"product_tag-braccio","8":"product_tag-istanbul-it","9":"product_tag-sollevamento-del-braccio","10":"product_tag-turchia","12":"first","13":"instock","14":"shipping-taxable","15":"product-type-simple"},"yoast_head":"<!-- This site is optimized with the Yoast SEO Premium plugin v22.1 (Yoast SEO v27.2) - https:\/\/yoast.com\/product\/yoast-seo-premium-wordpress\/ -->\n<title>Lifting e lipo del braccio Chirurgia - Best Medical Packages (4.700&#036;)<\/title>\n<meta name=\"description\" content=\"Puoi trovare informazioni su Lifting e lipo del braccio - Best Medical Packages (4.700&#036;)\" \/>\n<meta name=\"robots\" content=\"index, follow, max-snippet:-1, max-image-preview:large, max-video-preview:-1\" \/>\n<link rel=\"canonical\" href=\"https:\/\/bestmedicalpackages.com\/it\/prodotto\/lifting-e-lipo-del-braccio\/\" \/>\n<meta property=\"og:locale\" content=\"it_IT\" \/>\n<meta property=\"og:type\" content=\"article\" \/>\n<meta property=\"og:title\" content=\"Lifting e lipo del braccio\" \/>\n<meta property=\"og:description\" content=\"Puoi trovare informazioni su Lifting e lipo del braccio - Best Medical Packages (4.700&#036;)\" \/>\n<meta property=\"og:url\" content=\"https:\/\/bestmedicalpackages.com\/it\/prodotto\/lifting-e-lipo-del-braccio\/\" \/>\n<meta property=\"og:site_name\" content=\"Best Medical Packages\" \/>\n<meta property=\"article:modified_time\" content=\"2025-08-27T08:26:38+00:00\" \/>\n<meta property=\"og:image\" content=\"https:\/\/bestmedicalpackages.com\/wp-content\/uploads\/2025\/08\/armlift.jpg\" \/>\n\t<meta property=\"og:image:width\" content=\"800\" \/>\n\t<meta property=\"og:image:height\" content=\"800\" \/>\n\t<meta property=\"og:image:type\" content=\"image\/jpeg\" \/>\n<meta name=\"twitter:card\" content=\"summary_large_image\" \/>\n<meta name=\"twitter:label1\" content=\"Prezzo\" \/>\n\t<meta name=\"twitter:data1\" content=\"4.700&#036;\" \/>\n\t<meta name=\"twitter:label2\" content=\"Disponibilit\u00e0\" \/>\n\t<meta name=\"twitter:data2\" content=\"In stock\" \/>\n<script type=\"application\/ld+json\" class=\"yoast-schema-graph\">{\"@context\":\"https:\/\/schema.org\",\"@graph\":[{\"@type\":\"WebPage\",\"@id\":\"https:\/\/bestmedicalpackages.com\/it\/prodotto\/lifting-e-lipo-del-braccio\/\",\"url\":\"https:\/\/bestmedicalpackages.com\/it\/prodotto\/lifting-e-lipo-del-braccio\/\",\"name\":\"Lifting e lipo del braccio Chirurgia - Best Medical Packages (4.700&#36;)\",\"isPartOf\":{\"@id\":\"https:\/\/bestmedicalpackages.com\/it\/#website\"},\"primaryImageOfPage\":{\"@id\":\"https:\/\/bestmedicalpackages.com\/it\/prodotto\/lifting-e-lipo-del-braccio\/#primaryimage\"},\"image\":{\"@id\":\"https:\/\/bestmedicalpackages.com\/it\/prodotto\/lifting-e-lipo-del-braccio\/#primaryimage\"},\"thumbnailUrl\":\"https:\/\/bestmedical.b-cdn.net\/wp-content\/uploads\/2025\/08\/armlift.jpg\",\"datePublished\":\"2025-08-14T12:14:35+00:00\",\"dateModified\":\"2025-08-27T08:26:38+00:00\",\"description\":\"Puoi trovare informazioni su Lifting e lipo del braccio - Best Medical Packages (4.700&#36;)\",\"breadcrumb\":{\"@id\":\"https:\/\/bestmedicalpackages.com\/it\/prodotto\/lifting-e-lipo-del-braccio\/#breadcrumb\"},\"inLanguage\":\"it-IT\",\"potentialAction\":[{\"@type\":\"ReadAction\",\"target\":[\"https:\/\/bestmedicalpackages.com\/it\/prodotto\/lifting-e-lipo-del-braccio\/\"]}]},{\"@type\":\"ImageObject\",\"inLanguage\":\"it-IT\",\"@id\":\"https:\/\/bestmedicalpackages.com\/it\/prodotto\/lifting-e-lipo-del-braccio\/#primaryimage\",\"url\":\"https:\/\/bestmedical.b-cdn.net\/wp-content\/uploads\/2025\/08\/armlift.jpg\",\"contentUrl\":\"https:\/\/bestmedical.b-cdn.net\/wp-content\/uploads\/2025\/08\/armlift.jpg\",\"width\":800,\"height\":800,\"caption\":\"armlift\"},{\"@type\":\"BreadcrumbList\",\"@id\":\"https:\/\/bestmedicalpackages.com\/it\/prodotto\/lifting-e-lipo-del-braccio\/#breadcrumb\",\"itemListElement\":[{\"@type\":\"ListItem\",\"position\":1,\"name\":\"Home of Best Medical Packages\",\"item\":\"https:\/\/bestmedicalpackages.com\/it\/casa\/\"},{\"@type\":\"ListItem\",\"position\":2,\"name\":\"Procedures\",\"item\":\"https:\/\/bestmedicalpackages.com\/procedures\/\"},{\"@type\":\"ListItem\",\"position\":3,\"name\":\"Lifting e lipo del braccio\"}]},{\"@type\":\"WebSite\",\"@id\":\"https:\/\/bestmedicalpackages.com\/it\/#website\",\"url\":\"https:\/\/bestmedicalpackages.com\/it\/\",\"name\":\"Best Medical Packages\",\"description\":\"Best medical packages for male and female patients.\",\"publisher\":{\"@id\":\"https:\/\/bestmedicalpackages.com\/it\/#organization\"},\"potentialAction\":[{\"@type\":\"SearchAction\",\"target\":{\"@type\":\"EntryPoint\",\"urlTemplate\":\"https:\/\/bestmedicalpackages.com\/it\/?s={search_term_string}\"},\"query-input\":{\"@type\":\"PropertyValueSpecification\",\"valueRequired\":true,\"valueName\":\"search_term_string\"}}],\"inLanguage\":\"it-IT\"},{\"@type\":\"Organization\",\"@id\":\"https:\/\/bestmedicalpackages.com\/it\/#organization\",\"name\":\"Best Medical Packages\",\"url\":\"https:\/\/bestmedicalpackages.com\/it\/\",\"logo\":{\"@type\":\"ImageObject\",\"inLanguage\":\"it-IT\",\"@id\":\"https:\/\/bestmedicalpackages.com\/it\/#\/schema\/logo\/image\/\",\"url\":\"https:\/\/bestmedicalpackages.com\/wp-content\/uploads\/2023\/02\/logo.png\",\"contentUrl\":\"https:\/\/bestmedicalpackages.com\/wp-content\/uploads\/2023\/02\/logo.png\",\"width\":308,\"height\":106,\"caption\":\"Best Medical Packages\"},\"image\":{\"@id\":\"https:\/\/bestmedicalpackages.com\/it\/#\/schema\/logo\/image\/\"},\"sameAs\":[\"https:\/\/www.instagram.com\/medicalpackages\/\"]}]}<\/script>\n<meta property=\"product:price:amount\" content=\"4700\" \/>\n<meta property=\"product:price:currency\" content=\"USD\" \/>\n<meta property=\"og:availability\" content=\"instock\" \/>\n<meta property=\"product:availability\" content=\"instock\" \/>\n<meta property=\"product:condition\" content=\"new\" \/>\n<!-- \/ Yoast SEO Premium plugin. -->","yoast_head_json":{"title":"Lifting e lipo del braccio Chirurgia - Best Medical Packages (4.700&#36;)","description":"Puoi trovare informazioni su Lifting e lipo del braccio - Best Medical Packages (4.700&#36;)","robots":{"index":"index","follow":"follow","max-snippet":"max-snippet:-1","max-image-preview":"max-image-preview:large","max-video-preview":"max-video-preview:-1"},"canonical":"https:\/\/bestmedicalpackages.com\/it\/prodotto\/lifting-e-lipo-del-braccio\/","og_locale":"it_IT","og_type":"article","og_title":"Lifting e lipo del braccio","og_description":"Puoi trovare informazioni su Lifting e lipo del braccio - Best Medical Packages (4.700&#36;)","og_url":"https:\/\/bestmedicalpackages.com\/it\/prodotto\/lifting-e-lipo-del-braccio\/","og_site_name":"Best Medical Packages","article_modified_time":"2025-08-27T08:26:38+00:00","og_image":[{"width":800,"height":800,"url":"https:\/\/bestmedicalpackages.com\/wp-content\/uploads\/2025\/08\/armlift.jpg","type":"image\/jpeg"}],"twitter_card":"summary_large_image","twitter_misc":{"Prezzo":"4.700&#36;","Disponibilit\u00e0":"In stock"},"schema":{"@context":"https:\/\/schema.org","@graph":[{"@type":"WebPage","@id":"https:\/\/bestmedicalpackages.com\/it\/prodotto\/lifting-e-lipo-del-braccio\/","url":"https:\/\/bestmedicalpackages.com\/it\/prodotto\/lifting-e-lipo-del-braccio\/","name":"Lifting e lipo del braccio Chirurgia - Best Medical Packages (4.700&#36;)","isPartOf":{"@id":"https:\/\/bestmedicalpackages.com\/it\/#website"},"primaryImageOfPage":{"@id":"https:\/\/bestmedicalpackages.com\/it\/prodotto\/lifting-e-lipo-del-braccio\/#primaryimage"},"image":{"@id":"https:\/\/bestmedicalpackages.com\/it\/prodotto\/lifting-e-lipo-del-braccio\/#primaryimage"},"thumbnailUrl":"https:\/\/bestmedical.b-cdn.net\/wp-content\/uploads\/2025\/08\/armlift.jpg","datePublished":"2025-08-14T12:14:35+00:00","dateModified":"2025-08-27T08:26:38+00:00","description":"Puoi trovare informazioni su Lifting e lipo del braccio - Best Medical Packages (4.700&#36;)","breadcrumb":{"@id":"https:\/\/bestmedicalpackages.com\/it\/prodotto\/lifting-e-lipo-del-braccio\/#breadcrumb"},"inLanguage":"it-IT","potentialAction":[{"@type":"ReadAction","target":["https:\/\/bestmedicalpackages.com\/it\/prodotto\/lifting-e-lipo-del-braccio\/"]}]},{"@type":"ImageObject","inLanguage":"it-IT","@id":"https:\/\/bestmedicalpackages.com\/it\/prodotto\/lifting-e-lipo-del-braccio\/#primaryimage","url":"https:\/\/bestmedical.b-cdn.net\/wp-content\/uploads\/2025\/08\/armlift.jpg","contentUrl":"https:\/\/bestmedical.b-cdn.net\/wp-content\/uploads\/2025\/08\/armlift.jpg","width":800,"height":800,"caption":"armlift"},{"@type":"BreadcrumbList","@id":"https:\/\/bestmedicalpackages.com\/it\/prodotto\/lifting-e-lipo-del-braccio\/#breadcrumb","itemListElement":[{"@type":"ListItem","position":1,"name":"Home of Best Medical Packages","item":"https:\/\/bestmedicalpackages.com\/it\/casa\/"},{"@type":"ListItem","position":2,"name":"Procedures","item":"https:\/\/bestmedicalpackages.com\/procedures\/"},{"@type":"ListItem","position":3,"name":"Lifting e lipo del braccio"}]},{"@type":"WebSite","@id":"https:\/\/bestmedicalpackages.com\/it\/#website","url":"https:\/\/bestmedicalpackages.com\/it\/","name":"Best Medical Packages","description":"Best medical packages for male and female patients.","publisher":{"@id":"https:\/\/bestmedicalpackages.com\/it\/#organization"},"potentialAction":[{"@type":"SearchAction","target":{"@type":"EntryPoint","urlTemplate":"https:\/\/bestmedicalpackages.com\/it\/?s={search_term_string}"},"query-input":{"@type":"PropertyValueSpecification","valueRequired":true,"valueName":"search_term_string"}}],"inLanguage":"it-IT"},{"@type":"Organization","@id":"https:\/\/bestmedicalpackages.com\/it\/#organization","name":"Best Medical Packages","url":"https:\/\/bestmedicalpackages.com\/it\/","logo":{"@type":"ImageObject","inLanguage":"it-IT","@id":"https:\/\/bestmedicalpackages.com\/it\/#\/schema\/logo\/image\/","url":"https:\/\/bestmedicalpackages.com\/wp-content\/uploads\/2023\/02\/logo.png","contentUrl":"https:\/\/bestmedicalpackages.com\/wp-content\/uploads\/2023\/02\/logo.png","width":308,"height":106,"caption":"Best Medical Packages"},"image":{"@id":"https:\/\/bestmedicalpackages.com\/it\/#\/schema\/logo\/image\/"},"sameAs":["https:\/\/www.instagram.com\/medicalpackages\/"]}]},"product_price_amount":"4700","product_price_currency":"USD","og_availability":"instock","product_availability":"instock","product_condition":"new"},"_links":{"self":[{"href":"https:\/\/bestmedicalpackages.com\/it\/wp-json\/wp\/v2\/product\/7004","targetHints":{"allow":["GET"]}}],"collection":[{"href":"https:\/\/bestmedicalpackages.com\/it\/wp-json\/wp\/v2\/product"}],"about":[{"href":"https:\/\/bestmedicalpackages.com\/it\/wp-json\/wp\/v2\/types\/product"}],"replies":[{"embeddable":true,"href":"https:\/\/bestmedicalpackages.com\/it\/wp-json\/wp\/v2\/comments?post=7004"}],"wp:featuredmedia":[{"embeddable":true,"href":"https:\/\/bestmedicalpackages.com\/it\/wp-json\/wp\/v2\/media\/8516"}],"wp:attachment":[{"href":"https:\/\/bestmedicalpackages.com\/it\/wp-json\/wp\/v2\/media?parent=7004"}],"wp:term":[{"taxonomy":"product_brand","embeddable":true,"href":"https:\/\/bestmedicalpackages.com\/it\/wp-json\/wp\/v2\/product_brand?post=7004"},{"taxonomy":"product_cat","embeddable":true,"href":"https:\/\/bestmedicalpackages.com\/it\/wp-json\/wp\/v2\/product_cat?post=7004"},{"taxonomy":"product_tag","embeddable":true,"href":"https:\/\/bestmedicalpackages.com\/it\/wp-json\/wp\/v2\/product_tag?post=7004"}],"curies":[{"name":"wp","href":"https:\/\/api.w.org\/{rel}","templated":true}]}}