{"id":7007,"date":"2025-08-16T15:14:42","date_gmt":"2025-08-16T12:14:42","guid":{"rendered":"https:\/\/new.bestmedicalpackages.com\/package\/aumento-dei-glutei\/"},"modified":"2025-08-27T17:50:44","modified_gmt":"2025-08-27T14:50:44","slug":"aumento-dei-glutei","status":"publish","type":"product","link":"https:\/\/bestmedicalpackages.com\/it\/prodotto\/aumento-dei-glutei\/","title":{"rendered":"Aumento dei glutei"},"content":{"rendered":"<p>L&#8217;aumento dei glutei, noto anche come aumento dei glutei, \u00e8 una procedura chirurgica che prevede l&#8217;utilizzo di impianti per ingrandire e modellare i glutei. Gli impianti vengono inseriti nei glutei per creare un aspetto pi\u00f9 pieno e voluttuoso. L&#8217;intervento pu\u00f2 essere utilizzato anche per migliorare la simmetria dei glutei e per correggere le deformit\u00e0 causate da lesioni o malattie.    <\/p>\n","protected":false},"excerpt":{"rendered":"<ul>\n<li>Chirurgo certificato membro del consiglio di amministrazione<\/li>\n<li>Consulenza online prima dell&#8217;operazione<\/li>\n<li>Consulenza fisica<\/li>\n<li>Emocromo completo<\/li>\n<li>Anestesia generale<\/li>\n<li>Farmaci<\/li>\n<li>Controlli post-operatori, kit medico post-operatorio<\/li>\n<li>Servizio personalizzato per i pazienti<\/li>\n<li>(inglese, francese, spagnolo, italiano)<\/li>\n<li>Assistenza online 24\/7<\/li>\n<\/ul>\n","protected":false},"featured_media":7342,"comment_status":"closed","ping_status":"closed","template":"","meta":[],"product_brand":[],"product_cat":[994],"product_tag":[1094,1092,1093,224,359,225],"class_list":{"0":"post-7007","1":"product","2":"type-product","3":"status-publish","4":"has-post-thumbnail","6":"product_cat-chirurgia-plastica","7":"product_tag-aumento-dei-glutei","8":"product_tag-il-culo","9":"product_tag-impianto-di-protesi-addominale","10":"product_tag-istanbul-it","11":"product_tag-nascondiglio","12":"product_tag-turchia","14":"first","15":"instock","16":"shipping-taxable","17":"product-type-simple"},"yoast_head":"<!-- This site is optimized with the Yoast SEO Premium plugin v22.1 (Yoast SEO v27.2) - https:\/\/yoast.com\/product\/yoast-seo-premium-wordpress\/ -->\n<title>Aumento dei glutei Chirurgia - Best Medical Packages (7.500&#036;)<\/title>\n<meta name=\"description\" content=\"Puoi trovare informazioni su Aumento dei glutei - Best Medical Packages (7.500&#036;)\" \/>\n<meta name=\"robots\" content=\"index, follow, max-snippet:-1, max-image-preview:large, max-video-preview:-1\" \/>\n<link rel=\"canonical\" href=\"https:\/\/bestmedicalpackages.com\/it\/prodotto\/aumento-dei-glutei\/\" \/>\n<meta property=\"og:locale\" content=\"it_IT\" \/>\n<meta property=\"og:type\" content=\"article\" \/>\n<meta property=\"og:title\" content=\"Aumento dei glutei\" \/>\n<meta property=\"og:description\" content=\"Puoi trovare informazioni su Aumento dei glutei - Best Medical Packages (7.500&#036;)\" \/>\n<meta property=\"og:url\" content=\"https:\/\/bestmedicalpackages.com\/it\/prodotto\/aumento-dei-glutei\/\" \/>\n<meta property=\"og:site_name\" content=\"Best Medical Packages\" \/>\n<meta property=\"article:modified_time\" content=\"2025-08-27T14:50:44+00:00\" \/>\n<meta property=\"og:image\" content=\"https:\/\/bestmedicalpackages.com\/wp-content\/uploads\/2025\/08\/ButtockAugmentation.jpg\" \/>\n\t<meta property=\"og:image:width\" content=\"791\" \/>\n\t<meta property=\"og:image:height\" content=\"791\" \/>\n\t<meta property=\"og:image:type\" content=\"image\/jpeg\" \/>\n<meta name=\"twitter:card\" content=\"summary_large_image\" \/>\n<meta name=\"twitter:label1\" content=\"Prezzo\" \/>\n\t<meta name=\"twitter:data1\" content=\"7.500&#036;\" \/>\n\t<meta name=\"twitter:label2\" content=\"Disponibilit\u00e0\" \/>\n\t<meta name=\"twitter:data2\" content=\"In stock\" \/>\n<script type=\"application\/ld+json\" class=\"yoast-schema-graph\">{\"@context\":\"https:\/\/schema.org\",\"@graph\":[{\"@type\":\"WebPage\",\"@id\":\"https:\/\/bestmedicalpackages.com\/it\/prodotto\/aumento-dei-glutei\/\",\"url\":\"https:\/\/bestmedicalpackages.com\/it\/prodotto\/aumento-dei-glutei\/\",\"name\":\"Aumento dei glutei Chirurgia - Best Medical Packages (7.500&#36;)\",\"isPartOf\":{\"@id\":\"https:\/\/bestmedicalpackages.com\/it\/#website\"},\"primaryImageOfPage\":{\"@id\":\"https:\/\/bestmedicalpackages.com\/it\/prodotto\/aumento-dei-glutei\/#primaryimage\"},\"image\":{\"@id\":\"https:\/\/bestmedicalpackages.com\/it\/prodotto\/aumento-dei-glutei\/#primaryimage\"},\"thumbnailUrl\":\"https:\/\/bestmedical.b-cdn.net\/wp-content\/uploads\/2025\/08\/ButtockAugmentation.jpg\",\"datePublished\":\"2025-08-16T12:14:42+00:00\",\"dateModified\":\"2025-08-27T14:50:44+00:00\",\"description\":\"Puoi trovare informazioni su Aumento dei glutei - Best Medical Packages (7.500&#36;)\",\"breadcrumb\":{\"@id\":\"https:\/\/bestmedicalpackages.com\/it\/prodotto\/aumento-dei-glutei\/#breadcrumb\"},\"inLanguage\":\"it-IT\",\"potentialAction\":[{\"@type\":\"ReadAction\",\"target\":[\"https:\/\/bestmedicalpackages.com\/it\/prodotto\/aumento-dei-glutei\/\"]}]},{\"@type\":\"ImageObject\",\"inLanguage\":\"it-IT\",\"@id\":\"https:\/\/bestmedicalpackages.com\/it\/prodotto\/aumento-dei-glutei\/#primaryimage\",\"url\":\"https:\/\/bestmedical.b-cdn.net\/wp-content\/uploads\/2025\/08\/ButtockAugmentation.jpg\",\"contentUrl\":\"https:\/\/bestmedical.b-cdn.net\/wp-content\/uploads\/2025\/08\/ButtockAugmentation.jpg\",\"width\":791,\"height\":791,\"caption\":\"ButtockAugmentation\"},{\"@type\":\"BreadcrumbList\",\"@id\":\"https:\/\/bestmedicalpackages.com\/it\/prodotto\/aumento-dei-glutei\/#breadcrumb\",\"itemListElement\":[{\"@type\":\"ListItem\",\"position\":1,\"name\":\"Home of Best Medical Packages\",\"item\":\"https:\/\/bestmedicalpackages.com\/it\/casa\/\"},{\"@type\":\"ListItem\",\"position\":2,\"name\":\"Procedures\",\"item\":\"https:\/\/bestmedicalpackages.com\/procedures\/\"},{\"@type\":\"ListItem\",\"position\":3,\"name\":\"Aumento dei glutei\"}]},{\"@type\":\"WebSite\",\"@id\":\"https:\/\/bestmedicalpackages.com\/it\/#website\",\"url\":\"https:\/\/bestmedicalpackages.com\/it\/\",\"name\":\"Best Medical Packages\",\"description\":\"Best medical packages for male and female patients.\",\"publisher\":{\"@id\":\"https:\/\/bestmedicalpackages.com\/it\/#organization\"},\"potentialAction\":[{\"@type\":\"SearchAction\",\"target\":{\"@type\":\"EntryPoint\",\"urlTemplate\":\"https:\/\/bestmedicalpackages.com\/it\/?s={search_term_string}\"},\"query-input\":{\"@type\":\"PropertyValueSpecification\",\"valueRequired\":true,\"valueName\":\"search_term_string\"}}],\"inLanguage\":\"it-IT\"},{\"@type\":\"Organization\",\"@id\":\"https:\/\/bestmedicalpackages.com\/it\/#organization\",\"name\":\"Best Medical Packages\",\"url\":\"https:\/\/bestmedicalpackages.com\/it\/\",\"logo\":{\"@type\":\"ImageObject\",\"inLanguage\":\"it-IT\",\"@id\":\"https:\/\/bestmedicalpackages.com\/it\/#\/schema\/logo\/image\/\",\"url\":\"https:\/\/bestmedicalpackages.com\/wp-content\/uploads\/2023\/02\/logo.png\",\"contentUrl\":\"https:\/\/bestmedicalpackages.com\/wp-content\/uploads\/2023\/02\/logo.png\",\"width\":308,\"height\":106,\"caption\":\"Best Medical Packages\"},\"image\":{\"@id\":\"https:\/\/bestmedicalpackages.com\/it\/#\/schema\/logo\/image\/\"},\"sameAs\":[\"https:\/\/www.instagram.com\/medicalpackages\/\"]}]}<\/script>\n<meta property=\"product:price:amount\" content=\"7500\" \/>\n<meta property=\"product:price:currency\" content=\"USD\" \/>\n<meta property=\"og:availability\" content=\"instock\" \/>\n<meta property=\"product:availability\" content=\"instock\" \/>\n<meta property=\"product:condition\" content=\"new\" \/>\n<!-- \/ Yoast SEO Premium plugin. -->","yoast_head_json":{"title":"Aumento dei glutei Chirurgia - Best Medical Packages (7.500&#36;)","description":"Puoi trovare informazioni su Aumento dei glutei - Best Medical Packages (7.500&#36;)","robots":{"index":"index","follow":"follow","max-snippet":"max-snippet:-1","max-image-preview":"max-image-preview:large","max-video-preview":"max-video-preview:-1"},"canonical":"https:\/\/bestmedicalpackages.com\/it\/prodotto\/aumento-dei-glutei\/","og_locale":"it_IT","og_type":"article","og_title":"Aumento dei glutei","og_description":"Puoi trovare informazioni su Aumento dei glutei - Best Medical Packages (7.500&#36;)","og_url":"https:\/\/bestmedicalpackages.com\/it\/prodotto\/aumento-dei-glutei\/","og_site_name":"Best Medical Packages","article_modified_time":"2025-08-27T14:50:44+00:00","og_image":[{"width":791,"height":791,"url":"https:\/\/bestmedicalpackages.com\/wp-content\/uploads\/2025\/08\/ButtockAugmentation.jpg","type":"image\/jpeg"}],"twitter_card":"summary_large_image","twitter_misc":{"Prezzo":"7.500&#36;","Disponibilit\u00e0":"In stock"},"schema":{"@context":"https:\/\/schema.org","@graph":[{"@type":"WebPage","@id":"https:\/\/bestmedicalpackages.com\/it\/prodotto\/aumento-dei-glutei\/","url":"https:\/\/bestmedicalpackages.com\/it\/prodotto\/aumento-dei-glutei\/","name":"Aumento dei glutei Chirurgia - Best Medical Packages (7.500&#36;)","isPartOf":{"@id":"https:\/\/bestmedicalpackages.com\/it\/#website"},"primaryImageOfPage":{"@id":"https:\/\/bestmedicalpackages.com\/it\/prodotto\/aumento-dei-glutei\/#primaryimage"},"image":{"@id":"https:\/\/bestmedicalpackages.com\/it\/prodotto\/aumento-dei-glutei\/#primaryimage"},"thumbnailUrl":"https:\/\/bestmedical.b-cdn.net\/wp-content\/uploads\/2025\/08\/ButtockAugmentation.jpg","datePublished":"2025-08-16T12:14:42+00:00","dateModified":"2025-08-27T14:50:44+00:00","description":"Puoi trovare informazioni su Aumento dei glutei - Best Medical Packages (7.500&#36;)","breadcrumb":{"@id":"https:\/\/bestmedicalpackages.com\/it\/prodotto\/aumento-dei-glutei\/#breadcrumb"},"inLanguage":"it-IT","potentialAction":[{"@type":"ReadAction","target":["https:\/\/bestmedicalpackages.com\/it\/prodotto\/aumento-dei-glutei\/"]}]},{"@type":"ImageObject","inLanguage":"it-IT","@id":"https:\/\/bestmedicalpackages.com\/it\/prodotto\/aumento-dei-glutei\/#primaryimage","url":"https:\/\/bestmedical.b-cdn.net\/wp-content\/uploads\/2025\/08\/ButtockAugmentation.jpg","contentUrl":"https:\/\/bestmedical.b-cdn.net\/wp-content\/uploads\/2025\/08\/ButtockAugmentation.jpg","width":791,"height":791,"caption":"ButtockAugmentation"},{"@type":"BreadcrumbList","@id":"https:\/\/bestmedicalpackages.com\/it\/prodotto\/aumento-dei-glutei\/#breadcrumb","itemListElement":[{"@type":"ListItem","position":1,"name":"Home of Best Medical Packages","item":"https:\/\/bestmedicalpackages.com\/it\/casa\/"},{"@type":"ListItem","position":2,"name":"Procedures","item":"https:\/\/bestmedicalpackages.com\/procedures\/"},{"@type":"ListItem","position":3,"name":"Aumento dei glutei"}]},{"@type":"WebSite","@id":"https:\/\/bestmedicalpackages.com\/it\/#website","url":"https:\/\/bestmedicalpackages.com\/it\/","name":"Best Medical Packages","description":"Best medical packages for male and female patients.","publisher":{"@id":"https:\/\/bestmedicalpackages.com\/it\/#organization"},"potentialAction":[{"@type":"SearchAction","target":{"@type":"EntryPoint","urlTemplate":"https:\/\/bestmedicalpackages.com\/it\/?s={search_term_string}"},"query-input":{"@type":"PropertyValueSpecification","valueRequired":true,"valueName":"search_term_string"}}],"inLanguage":"it-IT"},{"@type":"Organization","@id":"https:\/\/bestmedicalpackages.com\/it\/#organization","name":"Best Medical Packages","url":"https:\/\/bestmedicalpackages.com\/it\/","logo":{"@type":"ImageObject","inLanguage":"it-IT","@id":"https:\/\/bestmedicalpackages.com\/it\/#\/schema\/logo\/image\/","url":"https:\/\/bestmedicalpackages.com\/wp-content\/uploads\/2023\/02\/logo.png","contentUrl":"https:\/\/bestmedicalpackages.com\/wp-content\/uploads\/2023\/02\/logo.png","width":308,"height":106,"caption":"Best Medical Packages"},"image":{"@id":"https:\/\/bestmedicalpackages.com\/it\/#\/schema\/logo\/image\/"},"sameAs":["https:\/\/www.instagram.com\/medicalpackages\/"]}]},"product_price_amount":"7500","product_price_currency":"USD","og_availability":"instock","product_availability":"instock","product_condition":"new"},"_links":{"self":[{"href":"https:\/\/bestmedicalpackages.com\/it\/wp-json\/wp\/v2\/product\/7007","targetHints":{"allow":["GET"]}}],"collection":[{"href":"https:\/\/bestmedicalpackages.com\/it\/wp-json\/wp\/v2\/product"}],"about":[{"href":"https:\/\/bestmedicalpackages.com\/it\/wp-json\/wp\/v2\/types\/product"}],"replies":[{"embeddable":true,"href":"https:\/\/bestmedicalpackages.com\/it\/wp-json\/wp\/v2\/comments?post=7007"}],"wp:featuredmedia":[{"embeddable":true,"href":"https:\/\/bestmedicalpackages.com\/it\/wp-json\/wp\/v2\/media\/7342"}],"wp:attachment":[{"href":"https:\/\/bestmedicalpackages.com\/it\/wp-json\/wp\/v2\/media?parent=7007"}],"wp:term":[{"taxonomy":"product_brand","embeddable":true,"href":"https:\/\/bestmedicalpackages.com\/it\/wp-json\/wp\/v2\/product_brand?post=7007"},{"taxonomy":"product_cat","embeddable":true,"href":"https:\/\/bestmedicalpackages.com\/it\/wp-json\/wp\/v2\/product_cat?post=7007"},{"taxonomy":"product_tag","embeddable":true,"href":"https:\/\/bestmedicalpackages.com\/it\/wp-json\/wp\/v2\/product_tag?post=7007"}],"curies":[{"name":"wp","href":"https:\/\/api.w.org\/{rel}","templated":true}]}}